{"id":175,"date":"2024-07-06T16:13:49","date_gmt":"2024-07-06T16:13:49","guid":{"rendered":"https:\/\/www.fpmislata.com\/mujeresfpstem\/?page_id=175"},"modified":"2024-07-06T16:15:14","modified_gmt":"2024-07-06T16:15:14","slug":"quienes-somos","status":"publish","type":"page","link":"https:\/\/www.fpmislata.com\/mujeresfpstem\/inicio\/quienes-somos\/","title":{"rendered":"\u00bfQuienes somos?"},"content":{"rendered":"\n<style>\n      .page-header{\n      display: none;\n}\n#primary{\n padding-top:50px;\n} \n.centered #primary{\n     max-width: 80%;\n  margin-left: auto;\n  margin-right: auto;\n}\n.container{\nmargin-left: auto;\n  margin-right: auto;\n}\n\n.entry-content p {\n  padding-top: 10px;\n}\nh2{\n color: #3b0a84;\n}\n<\/style>\n\n\n\n<p><\/p>\n\n\n\n<div class=\"wp-block-columns\">\n<div class=\"wp-block-column\">\n<figure class=\"wp-block-image size-large\"><img loading=\"lazy\" width=\"768\" height=\"1024\" src=\"https:\/\/www.fpmislata.com\/mujeresfpstem\/wp-content\/uploads\/2024\/07\/photo2-1-768x1024.jpeg\" alt=\"\" class=\"wp-image-182\" srcset=\"https:\/\/www.fpmislata.com\/mujeresfpstem\/wp-content\/uploads\/2024\/07\/photo2-1-768x1024.jpeg 768w, https:\/\/www.fpmislata.com\/mujeresfpstem\/wp-content\/uploads\/2024\/07\/photo2-1-225x300.jpeg 225w, https:\/\/www.fpmislata.com\/mujeresfpstem\/wp-content\/uploads\/2024\/07\/photo2-1-45x60.jpeg 45w, https:\/\/www.fpmislata.com\/mujeresfpstem\/wp-content\/uploads\/2024\/07\/photo2-1.jpeg 960w\" sizes=\"(max-width: 768px) 100vw, 768px\" \/><\/figure>\n<\/div>\n\n\n\n<div class=\"wp-block-column\">\n<p><\/p>\n\n\n\n<p><\/p>\n\n\n\n<p><\/p>\n\n\n\n<p><\/p>\n\n\n\n<p>El proyecto MujeresFPSTEM surge como una iniciativa con el objetivo de incrementar la matr\u00edcula femenina en ciclos STEM (Ciencia, Tecnolog\u00eda, Ingenier\u00eda y Matem\u00e1ticas). <\/p>\n\n\n\n<p>Participamos tres centros educativos comprometidos con la promoci\u00f3n de la igualdad de g\u00e9nero en la educaci\u00f3n y el \u00e1mbito laboral:<\/p>\n\n\n\n<p><strong>CIPFP Mislata<\/strong>  <a href=\"http:\/\/www.fpmislata.com\" data-type=\"URL\" data-id=\"www.fpmislata.com\">www.fpmislata.com<\/a><\/p>\n\n\n\n<p><strong>ITB<\/strong> <a href=\"http:\/\/www.itb.cat\" data-type=\"URL\" data-id=\"www.itb.cat\">https:\/\/itb.cat<\/a><\/p>\n\n\n\n<p><strong>Maristak<\/strong> <a href=\"https:\/\/maristak.com\/\">https:\/\/maristak.com\/<\/a><\/p>\n<\/div>\n<\/div>\n\n\n\n<p><\/p>\n\n\n\n<h2 style=\"font-size:26px\">Trabajo realizado<\/h2>\n\n\n\n<div class=\"wp-block-columns\">\n<div class=\"wp-block-column\">\n<ul><li>Realizaci\u00f3n de v\u00eddeos testimoniales de mujeres profesionales en el sector STEM para inspirar a futuras estudiantes.<\/li><li>Creaci\u00f3n de una red de mentor\u00eda para alumnas en ciclos STEM.<\/li><li>Desarrollo de materiales educativos y recursos para promover la diversidad en STEM.<\/li><li>Dise\u00f1o de espacios seguros y metodolog\u00edas inclusivas en centros educativos.<\/li><li>Organizaci\u00f3n de talleres y eventos de sensibilizaci\u00f3n sobre la igualdad de g\u00e9nero en STEM.<\/li><\/ul>\n<\/div>\n\n\n\n<div class=\"wp-block-column\">\n<ul><li>Encuestas y formularios para identificar barreras y motivaciones de las alumnas en la elecci\u00f3n de ciclos formativos.<\/li><li>Colaboraci\u00f3n con empresas y profesionales del sector para la creaci\u00f3n de contenido inspirador.<\/li><li>Difusi\u00f3n del proyecto a trav\u00e9s de redes sociales y otros medios de comunicaci\u00f3n.<\/li><li>Elaboraci\u00f3n de un checklist de buenas pr\u00e1cticas docentes para fomentar la inclusi\u00f3n.<\/li><li>Desarrollo de una p\u00e1gina web dedicada a la promoci\u00f3n del proyecto y sus iniciativas.<\/li><\/ul>\n<\/div>\n<\/div>\n\n\n\n<div class=\"wp-block-columns\">\n<div class=\"wp-block-column\">\n<figure class=\"wp-block-image size-large\"><img loading=\"lazy\" width=\"1024\" height=\"220\" src=\"https:\/\/www.fpmislata.com\/mujeresfpstem\/wp-content\/uploads\/2024\/07\/logos-1024x220.png\" alt=\"\" class=\"wp-image-209\" srcset=\"https:\/\/www.fpmislata.com\/mujeresfpstem\/wp-content\/uploads\/2024\/07\/logos-1024x220.png 1024w, https:\/\/www.fpmislata.com\/mujeresfpstem\/wp-content\/uploads\/2024\/07\/logos-300x64.png 300w, https:\/\/www.fpmislata.com\/mujeresfpstem\/wp-content\/uploads\/2024\/07\/logos-768x165.png 768w, https:\/\/www.fpmislata.com\/mujeresfpstem\/wp-content\/uploads\/2024\/07\/logos-1536x330.png 1536w, https:\/\/www.fpmislata.com\/mujeresfpstem\/wp-content\/uploads\/2024\/07\/logos-2048x440.png 2048w, https:\/\/www.fpmislata.com\/mujeresfpstem\/wp-content\/uploads\/2024\/07\/logos-279x60.png 279w\" sizes=\"(max-width: 1024px) 100vw, 1024px\" \/><\/figure>\n<\/div>\n<\/div>\n\n\n\n<p><\/p>\n","protected":false},"excerpt":{"rendered":"<p>El proyecto MujeresFPSTEM surge como una iniciativa con el objetivo de incrementar la matr\u00edcula femenina en ciclos STEM (Ciencia, Tecnolog\u00eda, Ingenier\u00eda y Matem\u00e1ticas). Participamos tres centros educativos comprometidos con la &hellip; <\/p>\n","protected":false},"author":1,"featured_media":0,"parent":13,"menu_order":0,"comment_status":"closed","ping_status":"closed","template":"","meta":[],"_links":{"self":[{"href":"https:\/\/www.fpmislata.com\/mujeresfpstem\/wp-json\/wp\/v2\/pages\/175"}],"collection":[{"href":"https:\/\/www.fpmislata.com\/mujeresfpstem\/wp-json\/wp\/v2\/pages"}],"about":[{"href":"https:\/\/www.fpmislata.com\/mujeresfpstem\/wp-json\/wp\/v2\/types\/page"}],"author":[{"embeddable":true,"href":"https:\/\/www.fpmislata.com\/mujeresfpstem\/wp-json\/wp\/v2\/users\/1"}],"replies":[{"embeddable":true,"href":"https:\/\/www.fpmislata.com\/mujeresfpstem\/wp-json\/wp\/v2\/comments?post=175"}],"version-history":[{"count":42,"href":"https:\/\/www.fpmislata.com\/mujeresfpstem\/wp-json\/wp\/v2\/pages\/175\/revisions"}],"predecessor-version":[{"id":225,"href":"https:\/\/www.fpmislata.com\/mujeresfpstem\/wp-json\/wp\/v2\/pages\/175\/revisions\/225"}],"up":[{"embeddable":true,"href":"https:\/\/www.fpmislata.com\/mujeresfpstem\/wp-json\/wp\/v2\/pages\/13"}],"wp:attachment":[{"href":"https:\/\/www.fpmislata.com\/mujeresfpstem\/wp-json\/wp\/v2\/media?parent=175"}],"curies":[{"name":"wp","href":"https:\/\/api.w.org\/{rel}","templated":true}]}}