{"id":337,"date":"2025-05-22T18:21:58","date_gmt":"2025-05-22T18:21:58","guid":{"rendered":"https:\/\/www.fpmislata.com\/mujeresfpstem\/?page_id=337"},"modified":"2025-05-22T18:27:07","modified_gmt":"2025-05-22T18:27:07","slug":"partners","status":"publish","type":"page","link":"https:\/\/www.fpmislata.com\/mujeresfpstem\/partners\/","title":{"rendered":"Partners"},"content":{"rendered":"\n<div style=\"height:100px\" aria-hidden=\"true\" class=\"wp-block-spacer\"><\/div>\n\n\n\n<p>El proyecto MujeresFPSTEM no ser\u00eda posible sin el respaldo y compromiso de organizaciones que comparten nuestra visi\u00f3n: <strong>acercar los ciclos STEM  a m\u00e1s mujeres<\/strong>, creando un futuro m\u00e1s inclusivo e innovador.<\/p>\n\n\n\n<div style=\"height:100px\" aria-hidden=\"true\" class=\"wp-block-spacer\"><\/div>\n\n\n\n<p><\/p>\n\n\n\n<h4>\u00bfQui\u00e9nes nos acompa\u00f1an?<\/h4>\n\n\n\n<div style=\"height:100px\" aria-hidden=\"true\" class=\"wp-block-spacer\"><\/div>\n\n\n\n<p><\/p>\n\n\n\n<div class=\"wp-block-columns\">\n<div class=\"wp-block-column\">\n<figure class=\"wp-block-image size-large is-resized\"><img loading=\"lazy\" src=\"https:\/\/www.fpmislata.com\/mujeresfpstem\/wp-content\/uploads\/2025\/05\/imagen1.png\" alt=\"\" class=\"wp-image-339\" width=\"272\" height=\"151\" srcset=\"https:\/\/www.fpmislata.com\/mujeresfpstem\/wp-content\/uploads\/2025\/05\/imagen1.png 900w, https:\/\/www.fpmislata.com\/mujeresfpstem\/wp-content\/uploads\/2025\/05\/imagen1-300x167.png 300w, https:\/\/www.fpmislata.com\/mujeresfpstem\/wp-content\/uploads\/2025\/05\/imagen1-768x427.png 768w, https:\/\/www.fpmislata.com\/mujeresfpstem\/wp-content\/uploads\/2025\/05\/imagen1-108x60.png 108w\" sizes=\"(max-width: 272px) 100vw, 272px\" \/><figcaption>https:\/\/careers.edicomgroup.com\/category\/noticias\/womenstem-es\/<\/figcaption><\/figure>\n\n\n\n<p><\/p>\n<\/div>\n\n\n\n<div class=\"wp-block-column\">\n<p><strong>EDICOM<\/strong> es una empresa l\u00edder en soluciones de integraci\u00f3n de datos y facturaci\u00f3n electr\u00f3nica a nivel internacional.<\/p>\n\n\n\n<p>Como aliado estrat\u00e9gico de nuestro proyecto, impulsa iniciativas que fomentan el acceso de m\u00e1s mujeres a carreras t\u00e9cnicas. Su compromiso con la igualdad y la formaci\u00f3n STEM es una pieza clave para construir un futuro m\u00e1s inclusivo.<\/p>\n<\/div>\n<\/div>\n\n\n\n<div style=\"height:100px\" aria-hidden=\"true\" class=\"wp-block-spacer\"><\/div>\n\n\n\n<div class=\"wp-block-columns\">\n<div class=\"wp-block-column\">\n<p><strong>Talent Growth Management<\/strong> es una firma especializada en el desarrollo estrat\u00e9gico del talento, con un enfoque claro en la diversidad y la inclusi\u00f3n.<\/p>\n\n\n\n<p>Como partner de este proyecto, su compromiso se refleja en la promoci\u00f3n activa del liderazgo femenino y la creaci\u00f3n de entornos donde las mujeres puedan crecer, innovar y liderar en sectores STEM. <\/p>\n<\/div>\n\n\n\n<div class=\"wp-block-column\">\n<figure class=\"wp-block-image size-large is-resized\"><img loading=\"lazy\" src=\"https:\/\/www.fpmislata.com\/mujeresfpstem\/wp-content\/uploads\/2025\/05\/logo-1024x512.png\" alt=\"\" class=\"wp-image-338\" width=\"274\" height=\"137\" srcset=\"https:\/\/www.fpmislata.com\/mujeresfpstem\/wp-content\/uploads\/2025\/05\/logo-1024x512.png 1024w, https:\/\/www.fpmislata.com\/mujeresfpstem\/wp-content\/uploads\/2025\/05\/logo-300x150.png 300w, https:\/\/www.fpmislata.com\/mujeresfpstem\/wp-content\/uploads\/2025\/05\/logo-768x384.png 768w, https:\/\/www.fpmislata.com\/mujeresfpstem\/wp-content\/uploads\/2025\/05\/logo-1536x768.png 1536w, https:\/\/www.fpmislata.com\/mujeresfpstem\/wp-content\/uploads\/2025\/05\/logo-2048x1024.png 2048w, https:\/\/www.fpmislata.com\/mujeresfpstem\/wp-content\/uploads\/2025\/05\/logo-120x60.png 120w\" sizes=\"(max-width: 274px) 100vw, 274px\" \/><figcaption><br>https:\/\/tgmbp.com\/<\/figcaption><\/figure>\n<\/div>\n<\/div>\n\n\n\n<div style=\"height:100px\" aria-hidden=\"true\" class=\"wp-block-spacer\"><\/div>\n\n\n\n<div class=\"wp-block-columns\">\n<div class=\"wp-block-column\">\n<figure class=\"wp-block-image size-large is-resized\"><img loading=\"lazy\" src=\"https:\/\/www.fpmislata.com\/mujeresfpstem\/wp-content\/uploads\/2025\/05\/logo-girls-2048x497-1-1024x249.png\" alt=\"\" class=\"wp-image-340\" width=\"270\" height=\"65\" srcset=\"https:\/\/www.fpmislata.com\/mujeresfpstem\/wp-content\/uploads\/2025\/05\/logo-girls-2048x497-1-1024x249.png 1024w, https:\/\/www.fpmislata.com\/mujeresfpstem\/wp-content\/uploads\/2025\/05\/logo-girls-2048x497-1-300x73.png 300w, https:\/\/www.fpmislata.com\/mujeresfpstem\/wp-content\/uploads\/2025\/05\/logo-girls-2048x497-1-768x186.png 768w, https:\/\/www.fpmislata.com\/mujeresfpstem\/wp-content\/uploads\/2025\/05\/logo-girls-2048x497-1-1536x373.png 1536w, https:\/\/www.fpmislata.com\/mujeresfpstem\/wp-content\/uploads\/2025\/05\/logo-girls-2048x497-1-247x60.png 247w, https:\/\/www.fpmislata.com\/mujeresfpstem\/wp-content\/uploads\/2025\/05\/logo-girls-2048x497-1.png 2048w\" sizes=\"(max-width: 270px) 100vw, 270px\" \/><figcaption><a rel=\"noreferrer noopener\" href=\"https:\/\/technovation.tgmbp.com\/\" target=\"_blank\">https:\/\/technovation.tgmbp.com\/<\/a><\/figcaption><\/figure>\n<\/div>\n\n\n\n<div class=\"wp-block-column\">\n<p><strong>Technovation Girls CV<\/strong> es la secci\u00f3n regional del programa internacional Technovation Girls, que inspira y capacita a chicas a convertirse en l\u00edderes y emprendedoras tecnol\u00f3gicas. <\/p>\n\n\n\n<p>Como partner, aporta su amplia experiencia en educaci\u00f3n tecnol\u00f3gica con perspectiva de g\u00e9nero, acercando los valores STEM a nuevas generaciones de chicas. <\/p>\n<\/div>\n<\/div>\n\n\n\n<style>\n      .page-header{\n      display: none;\n}\n<\/style>\n\n\n\n<div style=\"height:100px\" aria-hidden=\"true\" class=\"wp-block-spacer\"><\/div>\n\n\n\n<div style=\"height:100px\" aria-hidden=\"true\" class=\"wp-block-spacer\"><\/div>\n","protected":false},"excerpt":{"rendered":"<p>El proyecto MujeresFPSTEM no ser\u00eda posible sin el respaldo y compromiso de organizaciones que comparten nuestra visi\u00f3n: acercar los ciclos STEM a m\u00e1s mujeres, creando un futuro m\u00e1s inclusivo e &hellip; <\/p>\n","protected":false},"author":1,"featured_media":0,"parent":0,"menu_order":0,"comment_status":"closed","ping_status":"closed","template":"","meta":[],"_links":{"self":[{"href":"https:\/\/www.fpmislata.com\/mujeresfpstem\/wp-json\/wp\/v2\/pages\/337"}],"collection":[{"href":"https:\/\/www.fpmislata.com\/mujeresfpstem\/wp-json\/wp\/v2\/pages"}],"about":[{"href":"https:\/\/www.fpmislata.com\/mujeresfpstem\/wp-json\/wp\/v2\/types\/page"}],"author":[{"embeddable":true,"href":"https:\/\/www.fpmislata.com\/mujeresfpstem\/wp-json\/wp\/v2\/users\/1"}],"replies":[{"embeddable":true,"href":"https:\/\/www.fpmislata.com\/mujeresfpstem\/wp-json\/wp\/v2\/comments?post=337"}],"version-history":[{"count":8,"href":"https:\/\/www.fpmislata.com\/mujeresfpstem\/wp-json\/wp\/v2\/pages\/337\/revisions"}],"predecessor-version":[{"id":351,"href":"https:\/\/www.fpmislata.com\/mujeresfpstem\/wp-json\/wp\/v2\/pages\/337\/revisions\/351"}],"wp:attachment":[{"href":"https:\/\/www.fpmislata.com\/mujeresfpstem\/wp-json\/wp\/v2\/media?parent=337"}],"curies":[{"name":"wp","href":"https:\/\/api.w.org\/{rel}","templated":true}]}}