{"id":1007,"date":"2018-05-03T13:21:23","date_gmt":"2018-05-03T17:21:23","guid":{"rendered":"http:\/\/www.fpmislata.com\/wordpress\/?page_id=1007"},"modified":"2026-04-26T14:16:54","modified_gmt":"2026-04-26T18:16:54","slug":"contacto","status":"publish","type":"page","link":"https:\/\/www.fpmislata.com\/wordpress\/contacto\/","title":{"rendered":"Contacto"},"content":{"rendered":"\t\t<div data-elementor-type=\"wp-page\" data-elementor-id=\"1007\" class=\"elementor elementor-1007\" data-elementor-settings=\"[]\">\n\t\t\t\t\t\t<div class=\"elementor-inner\">\n\t\t\t\t\t\t\t<div class=\"elementor-section-wrap\">\n\t\t\t\t\t\t\t<section class=\"elementor-section elementor-top-section elementor-element elementor-element-49c6bd05 elementor-hidden-desktop elementor-hidden-tablet elementor-hidden-phone elementor-section-boxed elementor-section-height-default elementor-section-height-default\" data-id=\"49c6bd05\" data-element_type=\"section\">\n\t\t\t\t\t\t<div class=\"elementor-container elementor-column-gap-default\">\n\t\t\t\t\t\t\t<div class=\"elementor-row\">\n\t\t\t\t\t<div class=\"elementor-column elementor-col-100 elementor-top-column elementor-element elementor-element-7267fda3\" data-id=\"7267fda3\" data-element_type=\"column\">\n\t\t\t<div class=\"elementor-column-wrap elementor-element-populated\">\n\t\t\t\t\t\t\t<div class=\"elementor-widget-wrap\">\n\t\t\t\t\t\t<div class=\"elementor-element elementor-element-12008d94 elementor-widget elementor-widget-shortcode\" data-id=\"12008d94\" data-element_type=\"widget\" data-widget_type=\"shortcode.default\">\n\t\t\t\t<div class=\"elementor-widget-container\">\n\t\t\t\t\t<div class=\"elementor-shortcode\"><div class=\"su-tabs su-tabs-style-default su-tabs-mobile-stack\" data-active=\"1\" data-scroll-offset=\"0\" data-anchor-in-url=\"no\"><div class=\"su-tabs-nav\"><span class=\"\" data-url=\"\" data-target=\"blank\" tabindex=\"0\" role=\"button\">Contacto<\/span><span class=\"\" data-url=\"\" data-target=\"blank\" tabindex=\"0\" role=\"button\">Contacto con departamentos<\/span><span class=\"\" data-url=\"\" data-target=\"blank\" tabindex=\"0\" role=\"button\">Incidencias<\/span><\/div><div class=\"su-tabs-panes\"><div class=\"su-tabs-pane su-u-clearfix su-u-trim\" data-title=\"Contacto\">\n\n<span style=\"font-size: 10pt;\">Contacta con nosotros a trav\u00e9s del formulario &nbsp;de abajo, o si lo prefieres env\u00edanos directamente un mail a <strong>46019660@edu.gva.es<\/strong>.\n<\/span>\n\n<div role=\"form\" class=\"wpcf7\" id=\"wpcf7-f1006-o1\" lang=\"es-ES\" dir=\"ltr\">\n<div class=\"screen-reader-response\"><p role=\"status\" aria-live=\"polite\" aria-atomic=\"true\"><\/p> <ul><\/ul><\/div>\n<form action=\"\/wordpress\/wp-json\/wp\/v2\/pages\/1007#wpcf7-f1006-o1\" method=\"post\" class=\"wpcf7-form init\" novalidate=\"novalidate\" data-status=\"init\">\n<div style=\"display: none;\">\n<input type=\"hidden\" name=\"_wpcf7\" value=\"1006\" \/>\n<input type=\"hidden\" name=\"_wpcf7_version\" value=\"5.4.1\" \/>\n<input type=\"hidden\" name=\"_wpcf7_locale\" value=\"es_ES\" \/>\n<input type=\"hidden\" name=\"_wpcf7_unit_tag\" value=\"wpcf7-f1006-o1\" \/>\n<input type=\"hidden\" name=\"_wpcf7_container_post\" value=\"0\" \/>\n<input type=\"hidden\" name=\"_wpcf7_posted_data_hash\" value=\"\" \/>\n<\/div>\n<p><label> Nombre (*)<br \/>\n    <span class=\"wpcf7-form-control-wrap your-name\"><input type=\"text\" name=\"your-name\" value=\"\" size=\"40\" class=\"wpcf7-form-control wpcf7-text wpcf7-validates-as-required\" aria-required=\"true\" aria-invalid=\"false\" \/><\/span> <\/label><\/p>\n<p><label> Tu correo electr\u00f3nico (*)<br \/>\n    <span class=\"wpcf7-form-control-wrap your-email\"><input type=\"email\" name=\"your-email\" value=\"\" size=\"40\" class=\"wpcf7-form-control wpcf7-text wpcf7-email wpcf7-validates-as-required wpcf7-validates-as-email\" aria-required=\"true\" aria-invalid=\"false\" \/><\/span> <\/label><br \/>\n<label> tel\u00e9fono (*)<br \/>\n    <span class=\"wpcf7-form-control-wrap your-telefono\"><input type=\"text\" name=\"your-telefono\" value=\"\" size=\"40\" class=\"wpcf7-form-control wpcf7-text wpcf7-validates-as-required\" aria-required=\"true\" aria-invalid=\"false\" \/><\/span> <\/label><br \/>\n<label> Asunto<br \/>\n    <span class=\"wpcf7-form-control-wrap your-subject\"><input type=\"text\" name=\"your-subject\" value=\"\" size=\"40\" class=\"wpcf7-form-control wpcf7-text\" aria-invalid=\"false\" \/><\/span> <\/label><\/p>\n<p><label> Mensaje<br \/>\n    <span class=\"wpcf7-form-control-wrap your-message\"><textarea name=\"your-message\" cols=\"40\" rows=\"10\" class=\"wpcf7-form-control wpcf7-textarea\" aria-invalid=\"false\"><\/textarea><\/span> <\/label><\/p>\n<p><input type=\"submit\" value=\"Enviar\" class=\"wpcf7-form-control wpcf7-submit\" \/><\/p>\n<div class=\"wpcf7-response-output\" aria-hidden=\"true\"><\/div><\/form><\/div>\n\n<\/div>\n<div class=\"su-tabs-pane su-u-clearfix su-u-trim\" data-title=\"Contacto con departamentos\">\n\nSi deseas comunicarte con alg\u00fan <strong>departamento<\/strong> del centro, aqu\u00ed tienes una lista de correos para poder hacerlo:\n<ul>\n \t<li><strong>Administraci\u00f3n:<\/strong> <a href=\"mailto:ade@fpmislata.com\">ade@fpmislata.com<\/a><\/li>\n \t<li><strong>Comercio y Marketing:<\/strong> <a href=\"mailto:marketing@fpmislata.com\">marketing@fpmislata.com<\/a><\/li>\n \t<li><strong>Inform\u00e1tica:<\/strong> <a href=\"mailto:informatica@fpmislata.com\">informatica@fpmislata.com<\/a><\/li>\n \t<li><strong>Sanidad:<\/strong> <a href=\"mailto:sanitat@fpmislata.com\">sanitat@fpmislata.com<\/a><\/li>\n \t<li><strong>Turismo:<\/strong> <a href=\"mailto:turisme@fpmislata.com\">turisme@fpmislata.com<\/a><\/li>\n \t<li><strong>\u00d3ptica:<\/strong> <a href=\"mailto:optica@fpmislata.com\">optica@fpmislata.com<\/a><\/li>\n<\/ul>\n<\/div>\n<div class=\"su-tabs-pane su-u-clearfix su-u-trim\" data-title=\"Incidencias\">\nSi lo que quieres es comunicar una <span style=\"font-size: 14pt;\"><strong>incidencia, sugerencia, o hacer una reclamaci\u00f3n<\/strong><\/span>&nbsp;del centro. puedes utilizar el formulario de aqu\u00ed abajo o enviar un mail a <strong>qualitat@fpmislata.com<\/strong>, o rellena el siguiente <a href=\"https:\/\/goo.gl\/forms\/H1hySaA4oO2ozPEj1\">formulario de Google Docs:<\/a>&nbsp;(pulsa en la imagen)\n\n<a href=\"https:\/\/goo.gl\/forms\/H1hySaA4oO2ozPEj1\"><img loading=\"lazy\" class=\"wp-image-1173 aligncenter lazyload\" src=\"data:image\/gif;base64,R0lGODlhAQABAAAAACH5BAEKAAEALAAAAAABAAEAAAICTAEAOw==\" alt=\"\" width=\"417\" height=\"278\" sizes=\"(max-width: 417px) 100vw, 417px\" data-src=\"http:\/\/www.fpmislata.com\/wordpress\/wp-content\/uploads\/form-1264999__480-1.jpg\" data-srcset=\"https:\/\/www.fpmislata.com\/wordpress\/wp-content\/uploads\/form-1264999__480-1.jpg 720w, https:\/\/www.fpmislata.com\/wordpress\/wp-content\/uploads\/form-1264999__480-1-300x200.jpg 300w\"><\/a>\n\n<\/div><\/div><\/div><\/div>\n\t\t\t\t<\/div>\n\t\t\t\t<\/div>\n\t\t\t\t\t\t<\/div>\n\t\t\t\t\t<\/div>\n\t\t<\/div>\n\t\t\t\t\t\t\t\t<\/div>\n\t\t\t\t\t<\/div>\n\t\t<\/section>\n\t\t\t\t<section class=\"elementor-section elementor-top-section elementor-element elementor-element-6b2482e elementor-section-boxed elementor-section-height-default elementor-section-height-default\" data-id=\"6b2482e\" data-element_type=\"section\">\n\t\t\t\t\t\t<div class=\"elementor-container elementor-column-gap-default\">\n\t\t\t\t\t\t\t<div class=\"elementor-row\">\n\t\t\t\t\t<div class=\"elementor-column elementor-col-100 elementor-top-column elementor-element elementor-element-e3f81bb\" data-id=\"e3f81bb\" data-element_type=\"column\">\n\t\t\t<div class=\"elementor-column-wrap elementor-element-populated\">\n\t\t\t\t\t\t\t<div class=\"elementor-widget-wrap\">\n\t\t\t\t\t\t<div class=\"elementor-element elementor-element-aae972a elementor-widget elementor-widget-text-editor\" data-id=\"aae972a\" data-element_type=\"widget\" data-widget_type=\"text-editor.default\">\n\t\t\t\t<div class=\"elementor-widget-container\">\n\t\t\t\t\t\t\t\t<div class=\"elementor-text-editor elementor-clearfix\">\n\t\t\t\t\t<p>Env\u00edanos directamente un mail a <strong>46019660@edu.gva.es<\/strong>.<\/p><p>Si es relacionado con secretaria, dir\u00edgete al email <b>46019660.secretaria@edu.gva.es<\/b><\/p>\n<p>O si deseas comunicarte con alg\u00fan <strong>departamento<\/strong>&nbsp;del centro, aqu\u00ed tienes una lista de correos para poder hacerlo:<\/p>\n<ul>\n<li><strong>Administraci\u00f3n:<\/strong>&nbsp;<a href=\"mailto:ade@fpmislata.com\">ade@fpmislata.com<\/a><\/li>\n<li><strong>Comercio y Marketing:<\/strong>&nbsp;<a href=\"mailto:marketing@fpmislata.com\">marketing@fpmislata.com<\/a><\/li>\n<li><strong>Inform\u00e1tica:<\/strong>&nbsp;<a href=\"mailto:informatica@fpmislata.com\">informatica@fpmislata.com<\/a><\/li>\n<li><strong>Sanidad:<\/strong>&nbsp;<a href=\"mailto:sanitat@fpmislata.com\">sanitat@fpmislata.com<\/a><\/li>\n<li><strong>Turismo:<\/strong>&nbsp;<a href=\"mailto:turisme@fpmislata.com\">turisme@fpmislata.com<\/a><\/li>\n<li><strong>\u00d3ptica:<\/strong>&nbsp;<a href=\"mailto:optica@fpmislata.com\">optica@fpmislata.com<\/a><\/li>\n<\/ul>\t\t\t\t\t<\/div>\n\t\t\t\t\t\t<\/div>\n\t\t\t\t<\/div>\n\t\t\t\t\t\t<\/div>\n\t\t\t\t\t<\/div>\n\t\t<\/div>\n\t\t\t\t\t\t\t\t<\/div>\n\t\t\t\t\t<\/div>\n\t\t<\/section>\n\t\t\t\t\t\t<\/div>\n\t\t\t\t\t\t<\/div>\n\t\t\t\t\t<\/div>\n\t\t","protected":false},"excerpt":{"rendered":"<p>Env\u00edanos directamente un mail a 46019660@edu.gva.es. Si es relacionado con secretaria, dir\u00edgete al email 46019660.secretaria@edu.gva.es O si deseas comunicarte con alg\u00fan departamento&nbsp;del centro, aqu\u00ed tienes una lista de correos para poder hacerlo: Administraci\u00f3n:&nbsp;ade@fpmislata.com Comercio y Marketing:&nbsp;marketing@fpmislata.com Inform\u00e1tica:&nbsp;informatica@fpmislata.com Sanidad:&nbsp;sanitat@fpmislata.com Turismo:&nbsp;turisme@fpmislata.com \u00d3ptica:&nbsp;optica@fpmislata.com<\/p>\n","protected":false},"author":1,"featured_media":0,"parent":0,"menu_order":0,"comment_status":"closed","ping_status":"closed","template":"","meta":{"ngg_post_thumbnail":0},"_links":{"self":[{"href":"https:\/\/www.fpmislata.com\/wordpress\/wp-json\/wp\/v2\/pages\/1007"}],"collection":[{"href":"https:\/\/www.fpmislata.com\/wordpress\/wp-json\/wp\/v2\/pages"}],"about":[{"href":"https:\/\/www.fpmislata.com\/wordpress\/wp-json\/wp\/v2\/types\/page"}],"author":[{"embeddable":true,"href":"https:\/\/www.fpmislata.com\/wordpress\/wp-json\/wp\/v2\/users\/1"}],"replies":[{"embeddable":true,"href":"https:\/\/www.fpmislata.com\/wordpress\/wp-json\/wp\/v2\/comments?post=1007"}],"version-history":[{"count":10,"href":"https:\/\/www.fpmislata.com\/wordpress\/wp-json\/wp\/v2\/pages\/1007\/revisions"}],"predecessor-version":[{"id":17718,"href":"https:\/\/www.fpmislata.com\/wordpress\/wp-json\/wp\/v2\/pages\/1007\/revisions\/17718"}],"wp:attachment":[{"href":"https:\/\/www.fpmislata.com\/wordpress\/wp-json\/wp\/v2\/media?parent=1007"}],"curies":[{"name":"wp","href":"https:\/\/api.w.org\/{rel}","templated":true}]}}