{"id":10380,"date":"2022-06-02T12:44:30","date_gmt":"2022-06-02T16:44:30","guid":{"rendered":"https:\/\/www.fpmislata.com\/wordpress\/?page_id=10380"},"modified":"2025-07-04T09:36:12","modified_gmt":"2025-07-04T13:36:12","slug":"prof-especialistas","status":"publish","type":"page","link":"https:\/\/www.fpmislata.com\/wordpress\/prof-especialistas\/","title":{"rendered":"Prof. Especialistas"},"content":{"rendered":"\t\t<div data-elementor-type=\"wp-page\" data-elementor-id=\"10380\" class=\"elementor elementor-10380\" data-elementor-settings=\"[]\">\n\t\t\t\t\t\t<div class=\"elementor-inner\">\n\t\t\t\t\t\t\t<div class=\"elementor-section-wrap\">\n\t\t\t\t\t\t\t<section class=\"elementor-section elementor-top-section elementor-element elementor-element-72b51d9 elementor-section-boxed elementor-section-height-default elementor-section-height-default\" data-id=\"72b51d9\" data-element_type=\"section\">\n\t\t\t\t\t\t<div class=\"elementor-container elementor-column-gap-default\">\n\t\t\t\t\t\t\t<div class=\"elementor-row\">\n\t\t\t\t\t<div class=\"elementor-column elementor-col-100 elementor-top-column elementor-element elementor-element-cf9c0b3\" data-id=\"cf9c0b3\" data-element_type=\"column\">\n\t\t\t<div class=\"elementor-column-wrap elementor-element-populated\">\n\t\t\t\t\t\t\t<div class=\"elementor-widget-wrap\">\n\t\t\t\t\t\t<div class=\"elementor-element elementor-element-15fdad5 elementor-widget elementor-widget-text-editor\" data-id=\"15fdad5\" data-element_type=\"widget\" data-widget_type=\"text-editor.default\">\n\t\t\t\t<div class=\"elementor-widget-container\">\n\t\t\t\t\t\t\t\t<div class=\"elementor-text-editor elementor-clearfix\">\n\t\t\t\t\t<p><em><b>Los especialistas, dentro del\u00a0<\/b><\/em><b>\u00a0<\/b><em><b>profesorado de formaci\u00f3n profesional , son profesionales que,\u00a0<\/b><\/em><em>excepcionalmente, para la impartici\u00f3n de m\u00f3dulos formativos en determinadas especialidades, se podr\u00e1n incorporar, como expertos del sector productivo, atendiendo a su cualificaci\u00f3n y a las necesidades del sistema educativo, no necesariamente titulados, que desarrollen su actividad en el \u00e1mbito laboral. Dicha incorporaci\u00f3n se realizar\u00e1 en r\u00e9gimen laboral, de acuerdo con la normativa que resulte de aplicaci\u00f3n.<\/em><\/p><p><em>De conformidad con nuestra oferta formativa, precisamos especialistas de las modalidades relacionadas en nuestra Oferta P\u00fablica.<\/em><\/p><p><em style=\"color: var( --e-global-color-text ); font-weight: var( --e-global-typography-text-font-weight );\">Para participar, sigue las bases establecidas en nuestras ofertas activas y cumplimenta la solicitud acorde a la especialidad correspondiente: CETI, IABD u \u00d3ptica.<\/em><\/p><p><em>Recuerda adjuntar a tu solicitud la Declaraci\u00f3n cuyo modelo se encuentra en Documentos a Aportar.<\/em><\/p>\t\t\t\t\t<\/div>\n\t\t\t\t\t\t<\/div>\n\t\t\t\t<\/div>\n\t\t\t\t\t\t<\/div>\n\t\t\t\t\t<\/div>\n\t\t<\/div>\n\t\t\t\t\t\t\t\t<\/div>\n\t\t\t\t\t<\/div>\n\t\t<\/section>\n\t\t\t\t<section class=\"elementor-section elementor-top-section elementor-element elementor-element-ca7c237 elementor-section-boxed elementor-section-height-default elementor-section-height-default\" data-id=\"ca7c237\" data-element_type=\"section\">\n\t\t\t\t\t\t<div class=\"elementor-container elementor-column-gap-default\">\n\t\t\t\t\t\t\t<div class=\"elementor-row\">\n\t\t\t\t\t<div class=\"elementor-column elementor-col-100 elementor-top-column elementor-element elementor-element-09cf944\" data-id=\"09cf944\" data-element_type=\"column\">\n\t\t\t<div class=\"elementor-column-wrap elementor-element-populated\">\n\t\t\t\t\t\t\t<div class=\"elementor-widget-wrap\">\n\t\t\t\t\t\t<div class=\"elementor-element elementor-element-6339faa elementor-widget elementor-widget-accordion\" data-id=\"6339faa\" data-element_type=\"widget\" data-widget_type=\"accordion.default\">\n\t\t\t\t<div class=\"elementor-widget-container\">\n\t\t\t\t\t<div class=\"elementor-accordion\" role=\"tablist\">\n\t\t\t\t\t\t\t<div class=\"elementor-accordion-item\">\n\t\t\t\t\t<h1 id=\"elementor-tab-title-1041\" class=\"elementor-tab-title\" data-tab=\"1\" role=\"tab\" aria-controls=\"elementor-tab-content-1041\" aria-expanded=\"false\">\n\t\t\t\t\t\t\t\t\t\t\t\t\t<span class=\"elementor-accordion-icon elementor-accordion-icon-left\" aria-hidden=\"true\">\n\t\t\t\t\t\t\t\t\t\t\t\t\t\t\t<span class=\"elementor-accordion-icon-closed\"><i class=\"fas fa-angle-double-down\"><\/i><\/span>\n\t\t\t\t\t\t\t\t<span class=\"elementor-accordion-icon-opened\"><i class=\"fas fa-minus\"><\/i><\/span>\n\t\t\t\t\t\t\t\t\t\t\t\t\t\t<\/span>\n\t\t\t\t\t\t\t\t\t\t\t\t<a class=\"elementor-accordion-title\" href=\"\">Oferta Activa<\/a>\n\t\t\t\t\t<\/h1>\n\t\t\t\t\t<div id=\"elementor-tab-content-1041\" class=\"elementor-tab-content elementor-clearfix\" data-tab=\"1\" role=\"tabpanel\" aria-labelledby=\"elementor-tab-title-1041\"><ul><li><a href=\"https:\/\/www.fpmislata.com\/wordpress\/wp-content\/uploads\/01.-OFERTA-EMPLEO-ESPECIALISTAS-2022_PROCED.-URGENCIA_SUSTITUCION.pdf\">01. OFERTA EMPLEO ESPECIALISTAS 2022. PROC URGENCIA<\/a><\/li><\/ul><\/div>\n\t\t\t\t<\/div>\n\t\t\t\t\t\t\t<div class=\"elementor-accordion-item\">\n\t\t\t\t\t<h1 id=\"elementor-tab-title-1042\" class=\"elementor-tab-title\" data-tab=\"2\" role=\"tab\" aria-controls=\"elementor-tab-content-1042\" aria-expanded=\"false\">\n\t\t\t\t\t\t\t\t\t\t\t\t\t<span class=\"elementor-accordion-icon elementor-accordion-icon-left\" aria-hidden=\"true\">\n\t\t\t\t\t\t\t\t\t\t\t\t\t\t\t<span class=\"elementor-accordion-icon-closed\"><i class=\"fas fa-angle-double-down\"><\/i><\/span>\n\t\t\t\t\t\t\t\t<span class=\"elementor-accordion-icon-opened\"><i class=\"fas fa-minus\"><\/i><\/span>\n\t\t\t\t\t\t\t\t\t\t\t\t\t\t<\/span>\n\t\t\t\t\t\t\t\t\t\t\t\t<a class=\"elementor-accordion-title\" href=\"\">Solicitud<\/a>\n\t\t\t\t\t<\/h1>\n\t\t\t\t\t<div id=\"elementor-tab-content-1042\" class=\"elementor-tab-content elementor-clearfix\" data-tab=\"2\" role=\"tabpanel\" aria-labelledby=\"elementor-tab-title-1042\"><ul><li><a href=\"https:\/\/www.fpmislata.com\/wordpress\/wp-content\/uploads\/SOLICITUD_-OPTICA_PROF.-ESPECIALISTA_-modulo-ACEP.pdf\">MODELO SOLICITUD \u00d3PTICA_PROF. ESPECIALISTA<\/a><\/li><li><a href=\"https:\/\/www.fpmislata.com\/wordpress\/wp-content\/uploads\/MODELO-SOLICITUD_-CETI_PROF.-ESPECIALISTA_septiembre-2022.pdf\">MODELO SOLICITUD CETI PROF. ESPECIALISTA.SEPT 2022<\/a><\/li><li><a href=\"https:\/\/www.fpmislata.com\/wordpress\/wp-content\/uploads\/MODELO-SOLICITUD-IABD-PROF.-ESPECIALISTA-OCT-2022-.pdf\">MODELO SOLICITUD IABD PROF. ESPECIALISTA<\/a><\/li><\/ul><\/div>\n\t\t\t\t<\/div>\n\t\t\t\t\t\t\t<div class=\"elementor-accordion-item\">\n\t\t\t\t\t<h1 id=\"elementor-tab-title-1043\" class=\"elementor-tab-title\" data-tab=\"3\" role=\"tab\" aria-controls=\"elementor-tab-content-1043\" aria-expanded=\"false\">\n\t\t\t\t\t\t\t\t\t\t\t\t\t<span class=\"elementor-accordion-icon elementor-accordion-icon-left\" aria-hidden=\"true\">\n\t\t\t\t\t\t\t\t\t\t\t\t\t\t\t<span class=\"elementor-accordion-icon-closed\"><i class=\"fas fa-angle-double-down\"><\/i><\/span>\n\t\t\t\t\t\t\t\t<span class=\"elementor-accordion-icon-opened\"><i class=\"fas fa-minus\"><\/i><\/span>\n\t\t\t\t\t\t\t\t\t\t\t\t\t\t<\/span>\n\t\t\t\t\t\t\t\t\t\t\t\t<a class=\"elementor-accordion-title\" href=\"\">Documentaci\u00f3n a aportar<\/a>\n\t\t\t\t\t<\/h1>\n\t\t\t\t\t<div id=\"elementor-tab-content-1043\" class=\"elementor-tab-content elementor-clearfix\" data-tab=\"3\" role=\"tabpanel\" aria-labelledby=\"elementor-tab-title-1043\"><p><em>Junto con la Solicitud cumplimentada,\u00a0\u00a0y los documentos que la misma pide, se debe aportar el siguiente modelo de Declaraci\u00f3n jurada.<\/em><\/p><p><em>Todo ello, seg\u00fan lo indicado en la Oferta Activa, se remitir\u00e1 en formato comprimido al mail: <a href=\"mailto:46019660@edu.gva.es\">46019660@edu.gva.es<\/a><\/em><\/p><ul><li><a href=\"https:\/\/www.fpmislata.com\/wordpress\/wp-content\/uploads\/Modelo_declaracion_responsble_RD_27-2007-1.pdf\">Modelo declaraci\u00f3n responsable RD 27-2007<\/a><\/li><\/ul><\/div>\n\t\t\t\t<\/div>\n\t\t\t\t\t\t\t\t<\/div>\n\t\t\t\t<\/div>\n\t\t\t\t<\/div>\n\t\t\t\t\t\t<\/div>\n\t\t\t\t\t<\/div>\n\t\t<\/div>\n\t\t\t\t\t\t\t\t<\/div>\n\t\t\t\t\t<\/div>\n\t\t<\/section>\n\t\t\t\t<section class=\"elementor-section elementor-top-section elementor-element elementor-element-9c1d985 elementor-section-boxed elementor-section-height-default elementor-section-height-default\" data-id=\"9c1d985\" data-element_type=\"section\">\n\t\t\t\t\t\t<div class=\"elementor-container elementor-column-gap-default\">\n\t\t\t\t\t\t\t<div class=\"elementor-row\">\n\t\t\t\t\t<div class=\"elementor-column elementor-col-100 elementor-top-column elementor-element elementor-element-21b3506\" data-id=\"21b3506\" data-element_type=\"column\">\n\t\t\t<div class=\"elementor-column-wrap\">\n\t\t\t\t\t\t\t<div class=\"elementor-widget-wrap\">\n\t\t\t\t\t\t\t\t<\/div>\n\t\t\t\t\t<\/div>\n\t\t<\/div>\n\t\t\t\t\t\t\t\t<\/div>\n\t\t\t\t\t<\/div>\n\t\t<\/section>\n\t\t\t\t\t\t<\/div>\n\t\t\t\t\t\t<\/div>\n\t\t\t\t\t<\/div>\n\t\t","protected":false},"excerpt":{"rendered":"<p>Los especialistas, dentro del\u00a0\u00a0profesorado de formaci\u00f3n profesional , son profesionales que,\u00a0excepcionalmente, para la impartici\u00f3n de m\u00f3dulos formativos en determinadas especialidades, se podr\u00e1n incorporar, como expertos del sector productivo, atendiendo a su cualificaci\u00f3n y a las necesidades del sistema educativo, no necesariamente titulados, que desarrollen su actividad en el \u00e1mbito laboral. Dicha incorporaci\u00f3n se realizar\u00e1 en&hellip;<\/p>\n","protected":false},"author":1,"featured_media":10384,"parent":0,"menu_order":0,"comment_status":"closed","ping_status":"closed","template":"","meta":{"ngg_post_thumbnail":0},"_links":{"self":[{"href":"https:\/\/www.fpmislata.com\/wordpress\/wp-json\/wp\/v2\/pages\/10380"}],"collection":[{"href":"https:\/\/www.fpmislata.com\/wordpress\/wp-json\/wp\/v2\/pages"}],"about":[{"href":"https:\/\/www.fpmislata.com\/wordpress\/wp-json\/wp\/v2\/types\/page"}],"author":[{"embeddable":true,"href":"https:\/\/www.fpmislata.com\/wordpress\/wp-json\/wp\/v2\/users\/1"}],"replies":[{"embeddable":true,"href":"https:\/\/www.fpmislata.com\/wordpress\/wp-json\/wp\/v2\/comments?post=10380"}],"version-history":[{"count":29,"href":"https:\/\/www.fpmislata.com\/wordpress\/wp-json\/wp\/v2\/pages\/10380\/revisions"}],"predecessor-version":[{"id":15964,"href":"https:\/\/www.fpmislata.com\/wordpress\/wp-json\/wp\/v2\/pages\/10380\/revisions\/15964"}],"wp:featuredmedia":[{"embeddable":true,"href":"https:\/\/www.fpmislata.com\/wordpress\/wp-json\/wp\/v2\/media\/10384"}],"wp:attachment":[{"href":"https:\/\/www.fpmislata.com\/wordpress\/wp-json\/wp\/v2\/media?parent=10380"}],"curies":[{"name":"wp","href":"https:\/\/api.w.org\/{rel}","templated":true}]}}