{"id":1083,"date":"2018-05-07T10:13:52","date_gmt":"2018-05-07T14:13:52","guid":{"rendered":"http:\/\/www.fpmislata.com\/wordpress\/?page_id=1083"},"modified":"2018-05-12T10:05:23","modified_gmt":"2018-05-12T14:05:23","slug":"consejo-social","status":"publish","type":"page","link":"https:\/\/www.fpmislata.com\/wordpress\/secretaria\/legislacion\/consejo-social\/","title":{"rendered":"Consejo social"},"content":{"rendered":"<p align=\"left\"><span style=\"font-size: 12pt; color: #000000;\">En estos enlaces encontraras informaci\u00f3n sobre el Consejo Social.<\/span><\/p>\n<ul>\n<li><span style=\"font-size: 12pt; color: #0000ff;\"><a style=\"color: #0000ff;\" href=\"http:\/\/www.fpmislata.com\/joomla\/images\/stories\/departamentos\/secretaria\/legislacion\/orden%201_2010%20regulaci%C3%B3n%20consejo%20social%20centros%20integrados.pdf\" target=\"_blank\" rel=\"noopener\">Orden 1_2010 regulaci\u00f3n consejo social centros integrados<\/a><\/span><\/li>\n<\/ul>\n<ul>\n<li><span style=\"font-size: 12pt; color: #0000ff;\"><a style=\"color: #0000ff;\" href=\"http:\/\/www.fpmislata.com\/joomla\/images\/stories\/departamentos\/secretaria\/legislacion\/resoluci%C3%B3n%209_nov_09%20delegan%20atribuciones%20en%20directores%20centros%20integrados.pdf\" target=\"_blank\" rel=\"noopener\">Resoluci\u00f3n 9_nov_09 delegan atribuciones en directores centros integrados<\/a>.<\/span><\/li>\n<\/ul>\n<ul>\n<li><span style=\"font-size: 12pt; color: #0000ff;\"><a style=\"color: #0000ff;\" href=\"http:\/\/www.fpmislata.com\/joomla\/images\/stories\/departamentos\/secretaria\/legislacion\/resoluci%C3%B3n%208_jun_2010%20%20eleccion%20vocales%20consejo%20social.pdf\" target=\"_blank\" rel=\"noopener\">Resoluci\u00f3n 8_jun_2010 eleccion vocales consejo social<\/a>.<\/span><\/li>\n<\/ul>\n<ul>\n<li><span style=\"font-size: 12pt; color: #0000ff;\"><a style=\"color: #0000ff;\" href=\"http:\/\/www.fpmislata.com\/joomla\/images\/stories\/departamentos\/secretaria\/legislacion\/resolucion%2013%20sep%202010%20nombra%20vocales%20consejo%20social%20cipfp%20mislata.pdf\" target=\"_blank\" rel=\"noopener\">Resolucion 13 sep 2010 nombra vocales consejo social CIPFP mislata<\/a>.<\/span><\/li>\n<\/ul>\n","protected":false},"excerpt":{"rendered":"<p>En estos enlaces encontraras informaci\u00f3n sobre el Consejo Social. Orden 1_2010 regulaci\u00f3n consejo social centros integrados Resoluci\u00f3n 9_nov_09 delegan atribuciones en directores centros integrados. Resoluci\u00f3n 8_jun_2010 eleccion vocales consejo social. Resolucion 13 sep 2010 nombra vocales consejo social CIPFP mislata.<\/p>\n","protected":false},"author":1,"featured_media":0,"parent":526,"menu_order":0,"comment_status":"closed","ping_status":"closed","template":"","meta":{"ngg_post_thumbnail":0},"_links":{"self":[{"href":"https:\/\/www.fpmislata.com\/wordpress\/wp-json\/wp\/v2\/pages\/1083"}],"collection":[{"href":"https:\/\/www.fpmislata.com\/wordpress\/wp-json\/wp\/v2\/pages"}],"about":[{"href":"https:\/\/www.fpmislata.com\/wordpress\/wp-json\/wp\/v2\/types\/page"}],"author":[{"embeddable":true,"href":"https:\/\/www.fpmislata.com\/wordpress\/wp-json\/wp\/v2\/users\/1"}],"replies":[{"embeddable":true,"href":"https:\/\/www.fpmislata.com\/wordpress\/wp-json\/wp\/v2\/comments?post=1083"}],"version-history":[{"count":0,"href":"https:\/\/www.fpmislata.com\/wordpress\/wp-json\/wp\/v2\/pages\/1083\/revisions"}],"up":[{"embeddable":true,"href":"https:\/\/www.fpmislata.com\/wordpress\/wp-json\/wp\/v2\/pages\/526"}],"wp:attachment":[{"href":"https:\/\/www.fpmislata.com\/wordpress\/wp-json\/wp\/v2\/media?parent=1083"}],"curies":[{"name":"wp","href":"https:\/\/api.w.org\/{rel}","templated":true}]}}