{"id":1143,"date":"2018-05-08T11:32:08","date_gmt":"2018-05-08T15:32:08","guid":{"rendered":"http:\/\/www.fpmislata.com\/wordpress\/?page_id=1143"},"modified":"2025-05-12T14:31:23","modified_gmt":"2025-05-12T18:31:23","slug":"convocatoria-ordinaria-universidad","status":"publish","type":"page","link":"https:\/\/www.fpmislata.com\/wordpress\/convocatoria-ordinaria-universidad\/","title":{"rendered":"PAU. Convocatoria Ordinaria"},"content":{"rendered":"<p align=\"center\"><span style=\"font-size: 12pt; color: #0000ff;\"><strong>PRUEBAS DE ACCESO A LA UNIVERSIDAD<\/strong><\/span><\/p>\n<p align=\"center\"><span style=\"font-size: 12pt; color: #0000ff;\"><strong>CONVOCATORIA ORDINARIA<\/strong><\/span><\/p>\n<hr>\n<p align=\"center\"><span style=\"font-size: 12pt; color: #ff0000;\"><i><strong>CONVOCATORIA ORDINARIA 2025<\/strong><\/i><\/span><\/p>\n<p><span style=\"font-size: 10pt; color: #000000;\">Las pruebas se realizar\u00e1n los d\u00edas <strong>3, 4 y&nbsp; 5 de junio de 2025<\/strong>&nbsp; o <strong>1 ,2 y 3 de julio 2025 <\/strong>(convocatoria ordinaria) seg\u00fan el horario expuesto m\u00e1s adelante. Para poder presentarse, es necesario realizar la inscripci\u00f3n:<\/span><\/p>\n<p><a href=\"http:\/\/www.fpmislata.com\/wordpress\/secretaria\/pruebas\/pruebas-de-acceso-universidad-inscripcion-ordinaria\/\" target=\"_blank\" rel=\"noopener noreferrer\">INSCRIPCI\u00d3N ALUMNOS DEL CENTRO<\/a>&nbsp;<strong><span style=\"font-size: 10pt;\"><span style=\"color: #000000;\">(Del 19 al 23 de mayo de 2025 antes de las 14:00h)<\/span><\/span><\/strong><\/p>\n<ul style=\"list-style-type: circle;\">\n<li>EL ESTUDIANTADO DE CICLOS FORMATIVOS INSCRITO EN LA PAU, SE PRESENTAR\u00c1 EL PRIMER D\u00cdA DE LAS PRUEBAS ANTE LOS VOCALES DEL <span style=\"text-decoration: underline;\">TRIBUNAL N\u00ba 6 &#8211; AULARIO INTERFACULTATIVO BURJASOT<\/span> , a las 11 HORAS, PARA RECOGER LAS ETIQUETAS Y LOS HORARIOS PERSONALIZADOS<\/li>\n<li>ES IMPRESCINDIBLE QUE EN CADA UNO DE LOS EJERCICIOS EL ESTUDIANTADO ACREDITE SU IDENTIDAD ANTE EL TRIBUNAL PRESENTANDO SU DNI<\/li>\n<\/ul>\n<p><span style=\"font-size: 10pt; color: #000000;\"><strong>Entrega de resultados<\/strong>: 13 de junio de 2025 (A partir de las 13 horas) <\/span><\/p>\n<p><span style=\"font-size: 10pt;\"><span style=\"color: #000000;\">(Se podr\u00e1n conocer las calificaciones a trav\u00e9s del portal del alumno PASEU, en la URL<\/span><\/span>&nbsp;<a href=\"https:\/\/appweb.edu.gva.es\/paseu\/\">https:\/\/appweb.edu.gva.es\/paseu\/<\/a>&nbsp;<span style=\"font-size: 10pt;\"><span style=\"color: #000000;\">con la clave que se le facilitar\u00e1 el primer d\u00eda de realizaci\u00f3n de las pruebas)<\/span><\/span><\/p>\n<p><span style=\"font-size: 10pt; color: #000000;\"><strong>Petici\u00f3n revisi\u00f3n calificaciones<\/strong>: 16, 17 y 18 de junio (El plazo finaliza a las 14 horas del d\u00eda 18)<\/span><\/p>\n<p><span style=\"font-size: 10pt;\"><span style=\"color: #000000;\">M\u00e1s informaci\u00f3n el la&nbsp;<\/span><\/span><a href=\"https:\/\/universitats.gva.es\/es\/prova-acces-universitat-pau\" target=\"_blank\" rel=\"noopener noreferrer\">web de la Conseller\u00eda de Educaci\u00f3n<\/a><\/p>\n<p><span style=\"font-size: 10pt; color: #000000;\">Los ex\u00e1menes coincidir\u00e1n en contenido y en fecha de realizaci\u00f3n con los de la fase espec\u00edfica de la prueba de acceso a la universidad (PAU) para bachillerato y tendr\u00e1n validez para los dos cursos siguientes a su realizaci\u00f3n.<\/span><\/p>\n<hr>\n<p><span style=\"font-size: 10pt; color: #000000;\"><strong>Otra informaci\u00f3n de inter\u00e9s:<\/strong><\/span><\/p>\n<p><a href=\"https:\/\/www.fpmislata.com\/wordpress\/wp-content\/uploads\/Horari_PAU_2024.pdf\">Horario de las Pruebas<\/a> (Curso 2024\/25 &#8211; Actualizado a 12\/05\/25)<\/p>\n<p><a href=\"https:\/\/www.fpmislata.com\/wordpress\/wp-content\/uploads\/Calendari_PAU-2024.pdf\">Calendario<\/a> (Curso 2024\/25 &#8211; Actualizado a 12\/05\/25)<\/p>\n<p><a href=\"https:\/\/www.fpmislata.com\/wordpress\/wp-content\/uploads\/Preguntas-Frecuentes-PAU-2024-29022024.pdf\">Preguntas frecuentes<\/a> (Actualizado a 12\/08\/25)<\/p>\n<hr>\n<p align=\"center\"><span style=\"font-size: 10pt;\"><span style=\"color: #000000;\">La web&nbsp;<\/span><\/span><a href=\"https:\/\/uvapp.uv.es\/\">https:\/\/uvapp.uv.es<\/a>&nbsp;<span style=\"font-size: 10pt;\"><span style=\"color: #000000;\">describe la aplicaci\u00f3n para m\u00f3viles de la Universidad de Valencia. Desde esta direcci\u00f3n se pueden descargar las versiones para Android y para iPhone. Esta aplicaci\u00f3n, de inter\u00e9s para los estudiantes de nuevo ingreso, permite obtener informaci\u00f3n sobre la UV y recibir avisos sobre datos de inter\u00e9s relacionados con la PAU: publicaci\u00f3n de calificaciones, resultados de admisi\u00f3n, datos de matr\u00edcula, adjudicaciones de listas de espera, etc<\/span><\/span><\/p>\n\n","protected":false},"excerpt":{"rendered":"<p>PRUEBAS DE ACCESO A LA UNIVERSIDAD CONVOCATORIA ORDINARIA CONVOCATORIA ORDINARIA 2025 Las pruebas se realizar\u00e1n los d\u00edas 3, 4 y&nbsp; 5 de junio de 2025&nbsp; o 1 ,2 y 3 de julio 2025 (convocatoria ordinaria) seg\u00fan el horario expuesto m\u00e1s adelante. Para poder presentarse, es necesario realizar la inscripci\u00f3n: INSCRIPCI\u00d3N ALUMNOS DEL CENTRO&nbsp;(Del 19 al&hellip;<\/p>\n","protected":false},"author":1,"featured_media":7949,"parent":0,"menu_order":0,"comment_status":"closed","ping_status":"closed","template":"","meta":{"ngg_post_thumbnail":0},"_links":{"self":[{"href":"https:\/\/www.fpmislata.com\/wordpress\/wp-json\/wp\/v2\/pages\/1143"}],"collection":[{"href":"https:\/\/www.fpmislata.com\/wordpress\/wp-json\/wp\/v2\/pages"}],"about":[{"href":"https:\/\/www.fpmislata.com\/wordpress\/wp-json\/wp\/v2\/types\/page"}],"author":[{"embeddable":true,"href":"https:\/\/www.fpmislata.com\/wordpress\/wp-json\/wp\/v2\/users\/1"}],"replies":[{"embeddable":true,"href":"https:\/\/www.fpmislata.com\/wordpress\/wp-json\/wp\/v2\/comments?post=1143"}],"version-history":[{"count":27,"href":"https:\/\/www.fpmislata.com\/wordpress\/wp-json\/wp\/v2\/pages\/1143\/revisions"}],"predecessor-version":[{"id":15686,"href":"https:\/\/www.fpmislata.com\/wordpress\/wp-json\/wp\/v2\/pages\/1143\/revisions\/15686"}],"wp:featuredmedia":[{"embeddable":true,"href":"https:\/\/www.fpmislata.com\/wordpress\/wp-json\/wp\/v2\/media\/7949"}],"wp:attachment":[{"href":"https:\/\/www.fpmislata.com\/wordpress\/wp-json\/wp\/v2\/media?parent=1143"}],"curies":[{"name":"wp","href":"https:\/\/api.w.org\/{rel}","templated":true}]}}