{"id":115,"date":"2018-03-10T11:46:32","date_gmt":"2018-03-10T11:46:32","guid":{"rendered":"http:\/\/www.fpmislata.com\/wordpress\/?page_id=115"},"modified":"2023-01-10T08:15:16","modified_gmt":"2023-01-10T12:15:16","slug":"idiomas","status":"publish","type":"page","link":"https:\/\/www.fpmislata.com\/wordpress\/departamentos\/idiomas\/","title":{"rendered":"Departamento de Idiomas"},"content":{"rendered":"<p style=\"text-align: center;\">Bienvenidos a la web del Departamento de Idiomas del CIPFP Mislata.<\/p>\n<figure id=\"attachment_116\" aria-describedby=\"caption-attachment-116\" style=\"width: 383px\" class=\"wp-caption aligncenter\"><a href=\"http:\/\/www.fpmislata.com\/wordpress\/wp-content\/uploads\/CIPFP-MISLATA-VALENCIA-Departamento-Idiomas.jpg\" target=\"_blank\" rel=\"noopener\"><img loading=\"lazy\" class=\"wp-image-116 size-full lazyload\" title=\"CIPFP-MISLATA-VALENCIA-Departamento-Idiomas\" src=\"data:image\/gif;base64,R0lGODlhAQABAAAAACH5BAEKAAEALAAAAAABAAEAAAICTAEAOw==\" alt=\"CIPFP-MISLATA-VALENCIA-Departamento-Idiomas\" width=\"383\" height=\"274\" sizes=\"(max-width: 383px) 100vw, 383px\" data-src=\"http:\/\/www.fpmislata.com\/wordpress\/wp-content\/uploads\/CIPFP-MISLATA-VALENCIA-Departamento-Idiomas.jpg\" data-srcset=\"https:\/\/www.fpmislata.com\/wordpress\/wp-content\/uploads\/CIPFP-MISLATA-VALENCIA-Departamento-Idiomas.jpg 383w, https:\/\/www.fpmislata.com\/wordpress\/wp-content\/uploads\/CIPFP-MISLATA-VALENCIA-Departamento-Idiomas-300x215.jpg 300w\"><\/a><figcaption id=\"caption-attachment-116\" class=\"wp-caption-text\">Informaci\u00f3n sobre el Departamento de Idiomas del Centro CIPFP Mislata Valencia<\/figcaption><\/figure>\n<p style=\"text-align: justify;\">Desde esta ventana al mundo queremos ofrecer toda la informaci\u00f3n sobre los servicios y actividades que ofrecemos a nuestros alumnos y a todo el que quiera acercarse a nuestra instituci\u00f3n.<\/p>\n<p style=\"text-align: justify;\">El ingl\u00e9s y el franc\u00e9s son indispensables hoy en d\u00eda para muchas de nuestras actividades diarias y el mundo laboral demanda el dominio de lenguas extranjeras como instrumento de comunicaci\u00f3n; adem\u00e1s, la informaci\u00f3n y las nuevas tecnolog\u00edas se transmiten a trav\u00e9s de \u00e9l, tanto en publicaciones como por la red.<\/p>\n<p style=\"text-align: justify;\">El departamento est\u00e1 formado en su totalidad por profesorado especialista en ingl\u00e9s y franc\u00e9s que impartimos ense\u00f1anzas en las familias profesionales:<\/p>\n<ul style=\"text-align: justify;\">\n<li>Familia de Comercio<\/li>\n<li>Familia de Inform\u00e1tica<\/li>\n<li>Familia de Turismo<\/li>\n<li>Familia de Administraci\u00f3n<\/li>\n<li>Familia de Sanidad<\/li>\n<\/ul>\n<p style=\"text-align: justify;\">Actualmente contamos con seis profesores: cinco de ingl\u00e9s y una de franc\u00e9s, y todo el departamento es consciente y asume la responsabilidad de impulsar, desarrollar y dinamizar la ense\u00f1anza de estas lenguas extranjeras. Pero no s\u00f3lo impulsamos el aprendizaje del ingl\u00e9s de forma curricular sino que nos hemos planteado hacerlo tambi\u00e9n a trav\u00e9s de la red y con una cobertura global para todo el que est\u00e9 interesado en su aprendizaje.<\/p>\n<p style=\"text-align: justify;\">En el Departamento de Ingl\u00e9s, intentamos ofrecer opciones de aprendizaje y refuerzo \u00abdiferentes\u00bb a las tradicionales, y os invitamos a ampliar vuestras posibilidades de estudio utilizando nuestro espacio en la web del centro.<\/p>\n<p><a href=\"http:\/\/www.fpmislata.com\/wordpress\/wp-content\/uploads\/CIPFP-MISLATA-VALENCIA-Departamento-Idiomas-help-assist.jpg\" target=\"_blank\" rel=\"noopener\"><img loading=\"lazy\" class=\"wp-image-119 size-full lazyload\" title=\"CIPFP-MISLATA-VALENCIA-Departamento-Idiomas-help-assist\" src=\"data:image\/gif;base64,R0lGODlhAQABAAAAACH5BAEKAAEALAAAAAABAAEAAAICTAEAOw==\" alt=\"CIPFP-MISLATA-VALENCIA-Departamento-Idiomas-help-assist\" width=\"420\" height=\"70\" sizes=\"(max-width: 420px) 100vw, 420px\" data-src=\"http:\/\/www.fpmislata.com\/wordpress\/wp-content\/uploads\/CIPFP-MISLATA-VALENCIA-Departamento-Idiomas-help-assist.jpg\" data-srcset=\"https:\/\/www.fpmislata.com\/wordpress\/wp-content\/uploads\/CIPFP-MISLATA-VALENCIA-Departamento-Idiomas-help-assist.jpg 420w, https:\/\/www.fpmislata.com\/wordpress\/wp-content\/uploads\/CIPFP-MISLATA-VALENCIA-Departamento-Idiomas-help-assist-300x50.jpg 300w\"><\/a><\/p>\n<p><a href=\"http:\/\/www.fpmislata.com\/wordpress\/departamentos\/idiomas\/enlaces-recursos-skills\/\"><strong>Insteresting links to improve your skills<\/strong><\/a><\/p>\n<p>&nbsp;<\/p>\n<p><a href=\"http:\/\/www.fpmislata.com\/wordpress\/wp-content\/uploads\/cipfp-mislata-valencia-recursos-ling\u00fcisticos.png\"><img loading=\"lazy\" class=\"aligncenter wp-image-683 size-full lazyload\" src=\"data:image\/gif;base64,R0lGODlhAQABAAAAACH5BAEKAAEALAAAAAABAAEAAAICTAEAOw==\" alt=\"Rercusos Ling\u00fc\u00edsticos\" width=\"160\" height=\"40\" data-src=\"http:\/\/www.fpmislata.com\/wordpress\/wp-content\/uploads\/cipfp-mislata-valencia-recursos-ling\u00fcisticos.png\"><\/a><\/p>\n","protected":false},"excerpt":{"rendered":"<p>Bienvenidos a la web del Departamento de Idiomas del CIPFP Mislata. Desde esta ventana al mundo queremos ofrecer toda la informaci\u00f3n sobre los servicios y actividades que ofrecemos a nuestros alumnos y a todo el que quiera acercarse a nuestra instituci\u00f3n. El ingl\u00e9s y el franc\u00e9s son indispensables hoy en d\u00eda para muchas de nuestras&hellip;<\/p>\n","protected":false},"author":1,"featured_media":1712,"parent":61,"menu_order":0,"comment_status":"closed","ping_status":"closed","template":"","meta":{"ngg_post_thumbnail":0},"_links":{"self":[{"href":"https:\/\/www.fpmislata.com\/wordpress\/wp-json\/wp\/v2\/pages\/115"}],"collection":[{"href":"https:\/\/www.fpmislata.com\/wordpress\/wp-json\/wp\/v2\/pages"}],"about":[{"href":"https:\/\/www.fpmislata.com\/wordpress\/wp-json\/wp\/v2\/types\/page"}],"author":[{"embeddable":true,"href":"https:\/\/www.fpmislata.com\/wordpress\/wp-json\/wp\/v2\/users\/1"}],"replies":[{"embeddable":true,"href":"https:\/\/www.fpmislata.com\/wordpress\/wp-json\/wp\/v2\/comments?post=115"}],"version-history":[{"count":2,"href":"https:\/\/www.fpmislata.com\/wordpress\/wp-json\/wp\/v2\/pages\/115\/revisions"}],"predecessor-version":[{"id":11139,"href":"https:\/\/www.fpmislata.com\/wordpress\/wp-json\/wp\/v2\/pages\/115\/revisions\/11139"}],"up":[{"embeddable":true,"href":"https:\/\/www.fpmislata.com\/wordpress\/wp-json\/wp\/v2\/pages\/61"}],"wp:featuredmedia":[{"embeddable":true,"href":"https:\/\/www.fpmislata.com\/wordpress\/wp-json\/wp\/v2\/media\/1712"}],"wp:attachment":[{"href":"https:\/\/www.fpmislata.com\/wordpress\/wp-json\/wp\/v2\/media?parent=115"}],"curies":[{"name":"wp","href":"https:\/\/api.w.org\/{rel}","templated":true}]}}