{"id":12147,"date":"2023-06-12T05:46:54","date_gmt":"2023-06-12T09:46:54","guid":{"rendered":"https:\/\/www.fpmislata.com\/wordpress\/?page_id=12147"},"modified":"2023-09-06T04:50:43","modified_gmt":"2023-09-06T08:50:43","slug":"curso-de-operaciones-de-ciberseguridad-i","status":"publish","type":"page","link":"https:\/\/www.fpmislata.com\/wordpress\/curso-de-operaciones-de-ciberseguridad-i\/","title":{"rendered":"Curso de Operaciones de Ciberseguridad I"},"content":{"rendered":"\t\t<div data-elementor-type=\"wp-page\" data-elementor-id=\"12147\" class=\"elementor elementor-12147\" data-elementor-settings=\"[]\">\n\t\t\t\t\t\t<div class=\"elementor-inner\">\n\t\t\t\t\t\t\t<div class=\"elementor-section-wrap\">\n\t\t\t\t\t\t\t<section class=\"elementor-section elementor-top-section elementor-element elementor-element-2fbd843f elementor-section-boxed elementor-section-height-default elementor-section-height-default\" data-id=\"2fbd843f\" data-element_type=\"section\">\n\t\t\t\t\t\t<div class=\"elementor-container elementor-column-gap-default\">\n\t\t\t\t\t\t\t<div class=\"elementor-row\">\n\t\t\t\t\t<div class=\"elementor-column elementor-col-100 elementor-top-column elementor-element elementor-element-f1f2336\" data-id=\"f1f2336\" data-element_type=\"column\">\n\t\t\t<div class=\"elementor-column-wrap\">\n\t\t\t\t\t\t\t<div class=\"elementor-widget-wrap\">\n\t\t\t\t\t\t\t\t<\/div>\n\t\t\t\t\t<\/div>\n\t\t<\/div>\n\t\t\t\t\t\t\t\t<\/div>\n\t\t\t\t\t<\/div>\n\t\t<\/section>\n\t\t\t\t<section class=\"elementor-section elementor-top-section elementor-element elementor-element-a8a91ce elementor-section-boxed elementor-section-height-default elementor-section-height-default\" data-id=\"a8a91ce\" data-element_type=\"section\">\n\t\t\t\t\t\t<div class=\"elementor-container elementor-column-gap-default\">\n\t\t\t\t\t\t\t<div class=\"elementor-row\">\n\t\t\t\t\t<div class=\"elementor-column elementor-col-100 elementor-top-column elementor-element elementor-element-815bf09\" data-id=\"815bf09\" data-element_type=\"column\">\n\t\t\t<div class=\"elementor-column-wrap elementor-element-populated\">\n\t\t\t\t\t\t\t<div class=\"elementor-widget-wrap\">\n\t\t\t\t\t\t<div class=\"elementor-element elementor-element-c28031d elementor-widget elementor-widget-text-editor\" data-id=\"c28031d\" data-element_type=\"widget\" data-widget_type=\"text-editor.default\">\n\t\t\t\t<div class=\"elementor-widget-container\">\n\t\t\t\t\t\t\t\t<div class=\"elementor-text-editor elementor-clearfix\">\n\t\t\t\t\t<p>En el marco de la Red de Centros de Excelencia de Formaci\u00f3n Profesional en el sector de la Ciberseguridad, el <strong>CIPFP Mislata<\/strong> organiza el <strong>curso de Operaciones de Ciberseguridad I<\/strong> en Mislata (Valencia) en modalidad presencial.<\/p><p>El curso va<strong> dirigido<\/strong> en orden preferente <strong>a docentes<\/strong> que est\u00e9n impartiendo o vayan a impartir docencia en el Curso de Especializaci\u00f3n en Ciberseguridad en Entornos de las Tecnolog\u00edas de la Informaci\u00f3n o en el Curso de Especializaci\u00f3n en Ciberseguridad en Entornos de las Tecnolog\u00edas de Operaci\u00f3n y en segundo lugar al resto de docentes de la familia profesional de Inform\u00e1tica y Comunicaciones que impartan o vayan a impartir m\u00f3dulos profesionales relacionados con la seguridad inform\u00e1tica.<\/p><p>Este curso pretende introducir al asistente en los conocimientos y competencias necesarios para <strong>realizar las funciones de analista de ciberseguridad en un Centro de Operaciones de Seguridad (SOC)<\/strong>, as\u00ed como a conocer algunas de las herramientas m\u00e1s utilizadas en estos entornos profesionales y que permitir\u00e1n al docente aplicarlas en el aula e implementar su propio SOC como entorno de aprendizaje para el alumnado de los ciclos y m\u00f3dulos relacionados con la seguridad inform\u00e1tica.<\/p>\t\t\t\t\t<\/div>\n\t\t\t\t\t\t<\/div>\n\t\t\t\t<\/div>\n\t\t\t\t\t\t<\/div>\n\t\t\t\t\t<\/div>\n\t\t<\/div>\n\t\t\t\t\t\t\t\t<\/div>\n\t\t\t\t\t<\/div>\n\t\t<\/section>\n\t\t\t\t<section class=\"elementor-section elementor-top-section elementor-element elementor-element-22f18a2 elementor-section-boxed elementor-section-height-default elementor-section-height-default\" data-id=\"22f18a2\" data-element_type=\"section\">\n\t\t\t\t\t\t<div class=\"elementor-container elementor-column-gap-default\">\n\t\t\t\t\t\t\t<div class=\"elementor-row\">\n\t\t\t\t\t<div class=\"elementor-column elementor-col-25 elementor-top-column elementor-element elementor-element-a0ff90e\" data-id=\"a0ff90e\" data-element_type=\"column\">\n\t\t\t<div class=\"elementor-column-wrap\">\n\t\t\t\t\t\t\t<div class=\"elementor-widget-wrap\">\n\t\t\t\t\t\t\t\t<\/div>\n\t\t\t\t\t<\/div>\n\t\t<\/div>\n\t\t\t\t<div class=\"elementor-column elementor-col-50 elementor-top-column elementor-element elementor-element-9aad423\" data-id=\"9aad423\" data-element_type=\"column\">\n\t\t\t<div class=\"elementor-column-wrap elementor-element-populated\">\n\t\t\t\t\t\t\t<div class=\"elementor-widget-wrap\">\n\t\t\t\t\t\t<div class=\"elementor-element elementor-element-88542c6 elementor-widget elementor-widget-image\" data-id=\"88542c6\" data-element_type=\"widget\" data-widget_type=\"image.default\">\n\t\t\t\t<div class=\"elementor-widget-container\">\n\t\t\t\t\t\t\t\t<div class=\"elementor-image\">\n\t\t\t\t\t\t\t\t\t\t\t\t<img width=\"640\" height=\"360\" src=\"data:image\/gif;base64,R0lGODlhAQABAAAAACH5BAEKAAEALAAAAAABAAEAAAICTAEAOw==\" class=\"attachment-large size-large lazyload\" alt=\"\" loading=\"lazy\" sizes=\"(max-width: 640px) 100vw, 640px\" data-src=\"https:\/\/www.fpmislata.com\/wordpress\/wp-content\/uploads\/curso-operaciones-ciberseguridad-1920x1080-V2-800x450.png\" data-srcset=\"https:\/\/www.fpmislata.com\/wordpress\/wp-content\/uploads\/curso-operaciones-ciberseguridad-1920x1080-V2-800x450.png 800w, https:\/\/www.fpmislata.com\/wordpress\/wp-content\/uploads\/curso-operaciones-ciberseguridad-1920x1080-V2-300x169.png 300w, https:\/\/www.fpmislata.com\/wordpress\/wp-content\/uploads\/curso-operaciones-ciberseguridad-1920x1080-V2-768x432.png 768w, https:\/\/www.fpmislata.com\/wordpress\/wp-content\/uploads\/curso-operaciones-ciberseguridad-1920x1080-V2-1536x864.png 1536w, https:\/\/www.fpmislata.com\/wordpress\/wp-content\/uploads\/curso-operaciones-ciberseguridad-1920x1080-V2.png 1920w\">\t\t\t\t\t\t\t\t\t\t\t\t\t\t<\/div>\n\t\t\t\t\t\t<\/div>\n\t\t\t\t<\/div>\n\t\t\t\t\t\t<\/div>\n\t\t\t\t\t<\/div>\n\t\t<\/div>\n\t\t\t\t<div class=\"elementor-column elementor-col-25 elementor-top-column elementor-element elementor-element-2217883\" data-id=\"2217883\" data-element_type=\"column\">\n\t\t\t<div class=\"elementor-column-wrap\">\n\t\t\t\t\t\t\t<div class=\"elementor-widget-wrap\">\n\t\t\t\t\t\t\t\t<\/div>\n\t\t\t\t\t<\/div>\n\t\t<\/div>\n\t\t\t\t\t\t\t\t<\/div>\n\t\t\t\t\t<\/div>\n\t\t<\/section>\n\t\t\t\t<section class=\"elementor-section elementor-top-section elementor-element elementor-element-24d66d8 elementor-section-boxed elementor-section-height-default elementor-section-height-default\" data-id=\"24d66d8\" data-element_type=\"section\">\n\t\t\t\t\t\t<div class=\"elementor-container elementor-column-gap-default\">\n\t\t\t\t\t\t\t<div class=\"elementor-row\">\n\t\t\t\t\t<div class=\"elementor-column elementor-col-100 elementor-top-column elementor-element elementor-element-2d82001\" data-id=\"2d82001\" data-element_type=\"column\">\n\t\t\t<div class=\"elementor-column-wrap elementor-element-populated\">\n\t\t\t\t\t\t\t<div class=\"elementor-widget-wrap\">\n\t\t\t\t\t\t<div class=\"elementor-element elementor-element-ffd225e elementor-widget elementor-widget-text-editor\" data-id=\"ffd225e\" data-element_type=\"widget\" data-widget_type=\"text-editor.default\">\n\t\t\t\t<div class=\"elementor-widget-container\">\n\t\t\t\t\t\t\t\t<div class=\"elementor-text-editor elementor-clearfix\">\n\t\t\t\t\t<p><strong>Objetivos:<\/strong><\/p><ul><li>Conocer los Centros de Operaciones de Seguridad (SOC) y las funciones de un\/a analista de ciberseguridad<\/li><li>Utilizar herramientas y metodolog\u00edas para el an\u00e1lisis de incidentes<\/li><li>Emplear herramientas para identificar ataques<\/li><li>Conocer las t\u00e1cticas, t\u00e9cnicas y procedimientos de los actores de amenazas<\/li><li>Evaluar alertas de seguridad<\/li><li>Investigar incidentes de ciberseguridad<\/li><li>Analizar datos de intrusiones para identificar dispositivos afectados<\/li><\/ul><p><strong>Contenidos:<\/strong><\/p><ul><li>El Centro de Operaciones de Seguridad<\/li><li>Actores de amenazas y ataques comunes<\/li><li>Herramientas de monitorizaci\u00f3n de red<\/li><li>Ataques a protocolos, servicios y aplicaciones<\/li><li>Fundamentos de defensa ante ciberataques<\/li><li>Inteligencia de amenazas<\/li><li>Protecci\u00f3n de endpoints<\/li><li>Evaluaci\u00f3n de vulnerabilidades<\/li><li>Fuentes de alertas de seguridad<\/li><li>Interpretaci\u00f3n y an\u00e1lisis de alertas<\/li><li>An\u00e1lisis y respuesta a incidentes<\/li><\/ul><p><strong>Destinatarios y requisitos de admisi\u00f3n:<\/strong><\/p><p>El curso est\u00e1 dirigido a profesorado de todo el estado espa\u00f1ol, estando limitada la inscripci\u00f3n a un m\u00e1ximo del 20% de las plazas para docentes de la Comunidad Valenciana..<\/p><ol><li>Admisi\u00f3n por orden preferente:<br \/>Profesorado que est\u00e9 impartiendo actualmente o tenga previsto impartir en el curso 2023\/24 alg\u00fan m\u00f3dulo en los Cursos de Especializaci\u00f3n en Ciberseguridad.<\/li><li>Profesorado de la Familia Profesional de Inform\u00e1tica y Comunicaciones que est\u00e9 impartiendo actualmente o tenga previsto impartir en el curso 2023\/24 alg\u00fan m\u00f3dulo profesional relacionado con la seguridad inform\u00e1tica.<\/li><li>Las solicitudes se procesar\u00e1n por orden de recepci\u00f3n.<\/li><\/ol><div><span style=\"color: #ff0000;\"><strong>Observaciones:<\/strong> es altamente recomendable que los asistentes acudan con su propio port\u00e1til<\/span><\/div><div>\u00a0<\/div>\t\t\t\t\t<\/div>\n\t\t\t\t\t\t<\/div>\n\t\t\t\t<\/div>\n\t\t\t\t\t\t<\/div>\n\t\t\t\t\t<\/div>\n\t\t<\/div>\n\t\t\t\t\t\t\t\t<\/div>\n\t\t\t\t\t<\/div>\n\t\t<\/section>\n\t\t\t\t<section class=\"elementor-section elementor-top-section elementor-element elementor-element-e897587 elementor-section-boxed elementor-section-height-default elementor-section-height-default\" data-id=\"e897587\" data-element_type=\"section\">\n\t\t\t\t\t\t<div class=\"elementor-container elementor-column-gap-default\">\n\t\t\t\t\t\t\t<div class=\"elementor-row\">\n\t\t\t\t\t<div class=\"elementor-column elementor-col-25 elementor-top-column elementor-element elementor-element-b481c54\" data-id=\"b481c54\" data-element_type=\"column\">\n\t\t\t<div class=\"elementor-column-wrap\">\n\t\t\t\t\t\t\t<div class=\"elementor-widget-wrap\">\n\t\t\t\t\t\t\t\t<\/div>\n\t\t\t\t\t<\/div>\n\t\t<\/div>\n\t\t\t\t<div class=\"elementor-column elementor-col-50 elementor-top-column elementor-element elementor-element-e52b297\" data-id=\"e52b297\" data-element_type=\"column\">\n\t\t\t<div class=\"elementor-column-wrap elementor-element-populated\">\n\t\t\t\t\t\t\t<div class=\"elementor-widget-wrap\">\n\t\t\t\t\t\t<div class=\"elementor-element elementor-element-52d7b56 elementor-widget elementor-widget-image\" data-id=\"52d7b56\" data-element_type=\"widget\" data-widget_type=\"image.default\">\n\t\t\t\t<div class=\"elementor-widget-container\">\n\t\t\t\t\t\t\t\t<div class=\"elementor-image\">\n\t\t\t\t\t\t\t\t\t\t\t\t<img width=\"640\" height=\"355\" src=\"data:image\/gif;base64,R0lGODlhAQABAAAAACH5BAEKAAEALAAAAAABAAEAAAICTAEAOw==\" class=\"attachment-large size-large lazyload\" alt=\"\" loading=\"lazy\" sizes=\"(max-width: 640px) 100vw, 640px\" data-src=\"https:\/\/www.fpmislata.com\/wordpress\/wp-content\/uploads\/Logotipos-800x444.png\" data-srcset=\"https:\/\/www.fpmislata.com\/wordpress\/wp-content\/uploads\/Logotipos-800x444.png 800w, https:\/\/www.fpmislata.com\/wordpress\/wp-content\/uploads\/Logotipos-300x166.png 300w, https:\/\/www.fpmislata.com\/wordpress\/wp-content\/uploads\/Logotipos-768x426.png 768w, https:\/\/www.fpmislata.com\/wordpress\/wp-content\/uploads\/Logotipos.png 1040w\">\t\t\t\t\t\t\t\t\t\t\t\t\t\t<\/div>\n\t\t\t\t\t\t<\/div>\n\t\t\t\t<\/div>\n\t\t\t\t\t\t<\/div>\n\t\t\t\t\t<\/div>\n\t\t<\/div>\n\t\t\t\t<div class=\"elementor-column elementor-col-25 elementor-top-column elementor-element elementor-element-01f6fea\" data-id=\"01f6fea\" data-element_type=\"column\">\n\t\t\t<div class=\"elementor-column-wrap\">\n\t\t\t\t\t\t\t<div class=\"elementor-widget-wrap\">\n\t\t\t\t\t\t\t\t<\/div>\n\t\t\t\t\t<\/div>\n\t\t<\/div>\n\t\t\t\t\t\t\t\t<\/div>\n\t\t\t\t\t<\/div>\n\t\t<\/section>\n\t\t\t\t<section class=\"elementor-section elementor-top-section elementor-element elementor-element-e9d1296 elementor-section-boxed elementor-section-height-default elementor-section-height-default\" data-id=\"e9d1296\" data-element_type=\"section\">\n\t\t\t\t\t\t<div class=\"elementor-container elementor-column-gap-default\">\n\t\t\t\t\t\t\t<div class=\"elementor-row\">\n\t\t\t\t\t<div class=\"elementor-column elementor-col-100 elementor-top-column elementor-element elementor-element-158e5ef\" data-id=\"158e5ef\" data-element_type=\"column\">\n\t\t\t<div class=\"elementor-column-wrap elementor-element-populated\">\n\t\t\t\t\t\t\t<div class=\"elementor-widget-wrap\">\n\t\t\t\t\t\t<div class=\"elementor-element elementor-element-2334bcd elementor-widget elementor-widget-text-editor\" data-id=\"2334bcd\" data-element_type=\"widget\" data-widget_type=\"text-editor.default\">\n\t\t\t\t<div class=\"elementor-widget-container\">\n\t\t\t\t\t\t\t\t<div class=\"elementor-text-editor elementor-clearfix\">\n\t\t\t\t\t<p><strong>Duraci\u00f3n:<\/strong> 30 horas<\/p><p><strong>N\u00famero de plazas:<\/strong> 25<\/p><p><strong>Modalidad:<\/strong> El curso se realiza de forma presencial<\/p><p><strong>Lugar de realizaci\u00f3n: <\/strong>Aula 2A3 ubicada en la segunda planta del CIPFP Mislata. C\/Dolores Ibarruri 32, 46920 Mislata, Valencia<\/p><p><strong>Gastos y dietas:<\/strong> Las dietas de desplazamiento, alojamiento y dietas debidamente justificadas durante los d\u00edas de duraci\u00f3n del curso, correr\u00e1n a cargo del CIPFP Mislata con las cuant\u00edas m\u00e1ximas establecidas en el Decreto 7\/2023 del Consell, por el que se modifica el anexo del Decreto 24\/1997, sobre indemnizaciones por raz\u00f3n de servicio y gratificaciones por servicios extraordinarios.<\/p><p><span style=\"color: #ff0000;\"><strong>Fechas de inscripci\u00f3n y confirmaci\u00f3n de plaza:<\/strong><\/span><\/p><p><span style=\"color: #ff0000;\">Inscripci\u00f3n: del 15 de junio al 7 de julio ambos inclusive<\/span><br \/><span style=\"color: #ff0000;\">Confirmaci\u00f3n de plaza por correo electr\u00f3nico: a partir del 10 de julio<\/span><\/p><p><strong>Fechas de realizaci\u00f3n y horarios:<\/strong> El curso se realizar\u00e1 entre el 4 y 7 de septiembre de 2023 en el siguiente horario:<\/p><p style=\"padding-left: 40px;\">Lunes 4 de septiembre: 15:00 \u2013 21:00<br \/>Martes 5, mi\u00e9rcoles 6 y jueves 7 de septiembre: 9:00 \u2013 14:00 y 15:00 \u2013 18:00<\/p><p><strong>Ponentes:<\/strong><\/p><p style=\"padding-left: 40px;\"><span style=\"color: #ff9900;\"><strong>RAM\u00d3N ONRUBIA P\u00c9REZ:<\/strong><\/span><\/p><p style=\"padding-left: 40px;\">Ingeniero Superior de Telecomunicaciones por la UPV y docente en la Comunidad Valenciana. Coordinador de Curso de Especializaci\u00f3n en Ciberseguridad en Entornos de las Tecnolog\u00edas de la Informaci\u00f3n en el CIPFP Mislata desde el a\u00f1o 2020.<br \/>Instructor y formador de instructores Cisco Systems certificado, desde el a\u00f1o 2006.<br \/>M\u00e1s informaci\u00f3n: <a href=\"https:\/\/www.linkedin.com\/in\/ram%C3%B3n-onrubia-p%C3%A9rez-675ba51\/\">https:\/\/www.linkedin.com\/in\/ram%C3%B3n-onrubia-p%C3%A9rez-675ba51\/<\/a><\/p><p style=\"padding-left: 40px;\"><span style=\"color: #ff9900;\"><strong>ALBERTO APARICIO VILA:<\/strong><\/span><br \/>Ingeniero Superior de Inform\u00e1tica por la UPV y docente en la Comunidad Valenciana.<br \/>Instructor certificado por Cisco Systems con experiencia de varios a\u00f1os impartiendo formaci\u00f3n.<br \/>M\u00e1s informaci\u00f3n: <a href=\"https:\/\/www.linkedin.com\/in\/alberto-aparicio-vila-26923753\/\">https:\/\/www.linkedin.com\/in\/alberto-aparicio-vila-26923753\/<\/a><\/p><p><strong>Instrucciones de inscripci\u00f3n:<\/strong><\/p><p>La inscripci\u00f3n y matriculaci\u00f3n al curso se gestionar\u00e1 rellenando el siguiente formulario de solicitud de inscripci\u00f3n y envi\u00e1ndolo por email a la direcci\u00f3n 46019660@edu.gva.es, debidamente cumplimentado y firmado digitalmente por el\/la secretario\/a y\/o director\/a del centro de la persona inscrita para certificar la condici\u00f3n de docente cumpliendo los requisitos de inscripci\u00f3n.<br \/>No se tramitar\u00e1n solicitudes que no est\u00e9n debidamente firmadas digitalmente o que no cumplan los requisitos de inscripci\u00f3n.<\/p><p>El curso tambi\u00e9n se imparte presencialmente en los otros dos centros de excelencia nacional en ciberseguridad, por lo tanto es posible indicar en el formulario el centro de preferencia de realizaci\u00f3n del curso si se desea.\u00a0<\/p><p><a href=\"https:\/\/www.fpmislata.com\/wordpress\/wp-content\/uploads\/Formulario-solicitud-de-inscripcion-curso-Centro-Nacional-de-Excelencia-en-Ciberseguridad.pdf\">Formulario de inscripci\u00f3n<\/a><\/p><p><a href=\"https:\/\/informatica.iesvalledeljerteplasencia.es\/curso-operaciones-de-ciberseguridad-i\/\" target=\"_blank\" rel=\"noopener\">https:\/\/informatica.iesvalledeljerteplasencia.es\/curso-operaciones-de-ciberseguridad-i\/<\/a><\/p><p><a href=\"https:\/\/www.cifpaviles.net\/excelencia\/\" target=\"_blank\" rel=\"noopener\">https:\/\/www.cifpaviles.net\/excelencia\/<\/a><\/p><p><strong>Informaci\u00f3n sobre protecci\u00f3n de datos:<\/strong><\/p><p>En cumplimiento de la normativa de protecci\u00f3n de datos personales, le informamos de que tiene la condici\u00f3n de responsable del tratamiento la Conselleria de Educaci\u00f3n, Cultura y Deporte de la Generalitat Valenciana.<\/p><p>Sus datos ser\u00e1n incorporados al tratamiento denominado \u00abActividades y Cursos de Formaci\u00f3n para el Profesorado \u00ab, cuya finalidad es el control, organizaci\u00f3n, gesti\u00f3n y celebraci\u00f3n de actividades y cursos de formaci\u00f3n para el personal docente.<\/p><p>La legitimaci\u00f3n del tratamiento se basa en el consentimiento, art\u00edculo 6.1. c) y 6.1. e) del RGPD, Reglamento UE 2016\/679.<\/p><p>La persona interesada est\u00e1 obligada a facilitar los datos personales, en caso de no hacerlo no se tramitar\u00e1 su inscripci\u00f3n al curso.<\/p><p>Puede usted ejercitar los derechos de acceso, rectificaci\u00f3n, oposici\u00f3n, supresi\u00f3n (\u00abderecho al olvido\u00bb), limitaci\u00f3n de tratamiento y portabilidad y a no ser objeto de decisiones individuales automatizadas, de forma presencial o telem\u00e1tica, de conformidad con<br \/>lo previsto en el siguiente enlace: <a href=\"http:\/\/sede.gva.es\/es\/proc19970\">http:\/\/sede.gva.es\/es\/proc19970<\/a><\/p><p>Puede obtener informaci\u00f3n m\u00e1s detallada en el siguiente enlace: <a href=\"https:\/\/ceice.gva.es\/documents\/161634279\/172734302\/Actividades+y+Cursos+de+Formaci%C3%B3n+para+el+Profesorado.pdf\/4114ba79-4624-b694-7541-9b68fc7a4c2a?t=1686311009244\">[descarga de pdf]<\/a><\/p>\t\t\t\t\t<\/div>\n\t\t\t\t\t\t<\/div>\n\t\t\t\t<\/div>\n\t\t\t\t\t\t<\/div>\n\t\t\t\t\t<\/div>\n\t\t<\/div>\n\t\t\t\t\t\t\t\t<\/div>\n\t\t\t\t\t<\/div>\n\t\t<\/section>\n\t\t\t\t<section class=\"elementor-section elementor-top-section elementor-element elementor-element-c751152 elementor-section-boxed elementor-section-height-default elementor-section-height-default\" data-id=\"c751152\" data-element_type=\"section\">\n\t\t\t\t\t\t<div class=\"elementor-container elementor-column-gap-default\">\n\t\t\t\t\t\t\t<div class=\"elementor-row\">\n\t\t\t\t\t<div class=\"elementor-column elementor-col-100 elementor-top-column elementor-element elementor-element-a9db0cf\" data-id=\"a9db0cf\" data-element_type=\"column\">\n\t\t\t<div class=\"elementor-column-wrap elementor-element-populated\">\n\t\t\t\t\t\t\t<div class=\"elementor-widget-wrap\">\n\t\t\t\t\t\t<div class=\"elementor-element elementor-element-51bc2e7 elementor-widget elementor-widget-text-editor\" data-id=\"51bc2e7\" data-element_type=\"widget\" data-widget_type=\"text-editor.default\">\n\t\t\t\t<div class=\"elementor-widget-container\">\n\t\t\t\t\t\t\t\t<div class=\"elementor-text-editor elementor-clearfix\">\n\t\t\t\t\t<h1><strong>NOVEDAD<\/strong><\/h1><h4><a href=\"https:\/\/www.fpmislata.com\/wordpress\/wp-content\/uploads\/Lista-admitidos-firmada-Curso-Ciberseguridad-I.pdf\" target=\"_blank\" rel=\"noopener\">CONSULTA LA LISTA DE ADMITIDOS\/AS<\/a><\/h4>\t\t\t\t\t<\/div>\n\t\t\t\t\t\t<\/div>\n\t\t\t\t<\/div>\n\t\t\t\t\t\t<\/div>\n\t\t\t\t\t<\/div>\n\t\t<\/div>\n\t\t\t\t\t\t\t\t<\/div>\n\t\t\t\t\t<\/div>\n\t\t<\/section>\n\t\t\t\t\t\t<\/div>\n\t\t\t\t\t\t<\/div>\n\t\t\t\t\t<\/div>\n\t\t","protected":false},"excerpt":{"rendered":"<p>En el marco de la Red de Centros de Excelencia de Formaci\u00f3n Profesional en el sector de la Ciberseguridad, el CIPFP Mislata organiza el curso de Operaciones de Ciberseguridad I en Mislata (Valencia) en modalidad presencial. El curso va dirigido en orden preferente a docentes que est\u00e9n impartiendo o vayan a impartir docencia en el&hellip;<\/p>\n","protected":false},"author":13,"featured_media":7220,"parent":0,"menu_order":0,"comment_status":"closed","ping_status":"closed","template":"","meta":{"ngg_post_thumbnail":0},"_links":{"self":[{"href":"https:\/\/www.fpmislata.com\/wordpress\/wp-json\/wp\/v2\/pages\/12147"}],"collection":[{"href":"https:\/\/www.fpmislata.com\/wordpress\/wp-json\/wp\/v2\/pages"}],"about":[{"href":"https:\/\/www.fpmislata.com\/wordpress\/wp-json\/wp\/v2\/types\/page"}],"author":[{"embeddable":true,"href":"https:\/\/www.fpmislata.com\/wordpress\/wp-json\/wp\/v2\/users\/13"}],"replies":[{"embeddable":true,"href":"https:\/\/www.fpmislata.com\/wordpress\/wp-json\/wp\/v2\/comments?post=12147"}],"version-history":[{"count":53,"href":"https:\/\/www.fpmislata.com\/wordpress\/wp-json\/wp\/v2\/pages\/12147\/revisions"}],"predecessor-version":[{"id":12560,"href":"https:\/\/www.fpmislata.com\/wordpress\/wp-json\/wp\/v2\/pages\/12147\/revisions\/12560"}],"wp:featuredmedia":[{"embeddable":true,"href":"https:\/\/www.fpmislata.com\/wordpress\/wp-json\/wp\/v2\/media\/7220"}],"wp:attachment":[{"href":"https:\/\/www.fpmislata.com\/wordpress\/wp-json\/wp\/v2\/media?parent=12147"}],"curies":[{"name":"wp","href":"https:\/\/api.w.org\/{rel}","templated":true}]}}