{"id":1228,"date":"2018-05-12T10:48:48","date_gmt":"2018-05-12T14:48:48","guid":{"rendered":"http:\/\/www.fpmislata.com\/wordpress\/?page_id=1228"},"modified":"2018-08-28T06:38:10","modified_gmt":"2018-08-28T10:38:10","slug":"convocatorias","status":"publish","type":"page","link":"https:\/\/www.fpmislata.com\/wordpress\/secretaria\/tramites\/convocatorias\/","title":{"rendered":"Convocatorias"},"content":{"rendered":"<p><strong>MATR\u00cdCULA Y CONVOCATORIAS<\/strong><\/p>\n<hr>\n<p><a href=\"http:\/\/www.fpmislata.com\/wordpress\/wp-content\/uploads\/Matr\u00edculas-y-convocatorias-p\u00e1gina-web-ok.pdf\" target=\"_blank\" rel=\"noopener\">Informaci\u00f3n matr\u00edcula y convocatorias<\/a><\/p>\n<p><a href=\"http:\/\/www.fpmislata.com\/wordpress\/wp-content\/uploads\/Convocatorias-agotadas-p\u00e1gina-web-ok.pdf\" target=\"_blank\" rel=\"noopener\">Instrucciones convocatoria agotadas<\/a><\/p>\n<hr>\n<p><a href=\"http:\/\/www.fpmislata.com\/joomla\/images\/stories\/departamentos\/secretaria\/convocatorias\/14_15%20Convocatorias%20agotadas%20p%C3%A1gina%20web%20ok.pdf\" target=\"_blank\" rel=\"noopener\">&nbsp;<\/a><\/p>\n<p><strong>OTRA INFORMACI\u00d3N DE INTER\u00c9S<\/strong><\/p>\n<p><a href=\"http:\/\/www.fpmislata.com\/wordpress\/wp-content\/uploads\/Acceso-a-la-convocatoria-extraordinaria.pdf\" target=\"_blank\" rel=\"noopener\">Acceso a la convocatoria extraordinaria<\/a><\/p>\n<p><a href=\"http:\/\/www.fpmislata.com\/wordpress\/wp-content\/uploads\/Promoci\u00f3n-a-segundo-curso.pdf\" target=\"_blank\" rel=\"noopener\">Promoci\u00f3n a segundo curso (Ciclos presenciales)<\/a><\/p>\n<p><a href=\"http:\/\/www.fpmislata.com\/wordpress\/wp-content\/uploads\/Acceso-al-m\u00f3dulo-profesional-de-FCT.pdf\" target=\"_blank\" rel=\"noopener\">Acceso al m\u00f3dulo profesional de FCT (Ciclos presenciales)<\/a><\/p>\n<p><a href=\"http:\/\/www.fpmislata.com\/wordpress\/wp-content\/uploads\/Matr\u00edcula-y-promoci\u00f3n-al-m\u00f3dulo-profesional-de-FCT-en-r\u00e9gimen-semipresencial-o-a-distancia.pdf\" target=\"_blank\" rel=\"noopener\">Matr\u00edcula y promoci\u00f3n a FCT en r\u00e9gimen semipresencial<\/a><\/p>\n","protected":false},"excerpt":{"rendered":"<p>MATR\u00cdCULA Y CONVOCATORIAS Informaci\u00f3n matr\u00edcula y convocatorias Instrucciones convocatoria agotadas &nbsp; OTRA INFORMACI\u00d3N DE INTER\u00c9S Acceso a la convocatoria extraordinaria Promoci\u00f3n a segundo curso (Ciclos presenciales) Acceso al m\u00f3dulo profesional de FCT (Ciclos presenciales) Matr\u00edcula y promoci\u00f3n a FCT en r\u00e9gimen semipresencial<\/p>\n","protected":false},"author":1,"featured_media":0,"parent":522,"menu_order":0,"comment_status":"closed","ping_status":"closed","template":"","meta":{"ngg_post_thumbnail":0},"_links":{"self":[{"href":"https:\/\/www.fpmislata.com\/wordpress\/wp-json\/wp\/v2\/pages\/1228"}],"collection":[{"href":"https:\/\/www.fpmislata.com\/wordpress\/wp-json\/wp\/v2\/pages"}],"about":[{"href":"https:\/\/www.fpmislata.com\/wordpress\/wp-json\/wp\/v2\/types\/page"}],"author":[{"embeddable":true,"href":"https:\/\/www.fpmislata.com\/wordpress\/wp-json\/wp\/v2\/users\/1"}],"replies":[{"embeddable":true,"href":"https:\/\/www.fpmislata.com\/wordpress\/wp-json\/wp\/v2\/comments?post=1228"}],"version-history":[{"count":0,"href":"https:\/\/www.fpmislata.com\/wordpress\/wp-json\/wp\/v2\/pages\/1228\/revisions"}],"up":[{"embeddable":true,"href":"https:\/\/www.fpmislata.com\/wordpress\/wp-json\/wp\/v2\/pages\/522"}],"wp:attachment":[{"href":"https:\/\/www.fpmislata.com\/wordpress\/wp-json\/wp\/v2\/media?parent=1228"}],"curies":[{"name":"wp","href":"https:\/\/api.w.org\/{rel}","templated":true}]}}