{"id":1254,"date":"2018-05-12T11:00:25","date_gmt":"2018-05-12T15:00:25","guid":{"rendered":"http:\/\/www.fpmislata.com\/wordpress\/?page_id=1254"},"modified":"2022-04-26T07:40:59","modified_gmt":"2022-04-26T11:40:59","slug":"anulacion-matricula","status":"publish","type":"page","link":"https:\/\/www.fpmislata.com\/wordpress\/secretaria\/tramites\/anulacion-matricula\/","title":{"rendered":"Anulaci\u00f3n Matr\u00edcula"},"content":{"rendered":"<p><strong>ANULACI\u00d3N DE MATR\u00cdCULA<\/strong><\/p>\n<hr>\n<p>A continuaci\u00f3n encontrar\u00e1s una serie de enlaces a documentos para gestionar la anulaci\u00f3n de la matr\u00edcula.<\/p>\n<hr>\n<p><a href=\"https:\/\/www.fpmislata.com\/wordpress\/wp-content\/uploads\/Anulacion-matricula-a-instancia-del-interesado-web-ok.pdf\" target=\"_blank\" rel=\"noopener\">&nbsp;Instrucciones y plazos de anulaci\u00f3n de matr\u00edcula a instancia del interesado<\/a><\/p>\n<p><a href=\"https:\/\/www.fpmislata.com\/wordpress\/wp-content\/uploads\/Anulacion-matricula-por-inasistencia-ok.pdf\" target=\"_blank\" rel=\"noopener\">Informaci\u00f3n anulaci\u00f3n de matr\u00edcula por inasistencia<\/a><\/p>\n<hr>\n<p><strong><a href=\"http:\/\/www.fpmislata.com\/joomla\/images\/stories\/departamentos\/secretaria\/anulacion_matricula\/14_15%20Anulaci%C3%B3n%20matricula%20a%20instancia%20del%20interesado%20web%20ok.pdf\" target=\"_blank\" rel=\"noopener\">&nbsp;<\/a>IMPRESOS<\/strong><\/p>\n<p><a href=\"http:\/\/www.fpmislata.com\/wordpress\/wp-content\/uploads\/solicitud_anulaci\u00f3n_de_matr\u00edcula.pdf\">Solicitud de anulaci\u00f3n de matr\u00edcula completa<\/a><\/p>\n<p><a href=\"http:\/\/www.fpmislata.com\/wordpress\/wp-content\/uploads\/anulaci\u00f3n-por-m\u00f3dulos-semipresencial.pdf\">Solicitud anulaci\u00f3n de m\u00f3dulos<\/a> (S\u00f3lo ciclos semipresenciales)<\/p>\n","protected":false},"excerpt":{"rendered":"<p>ANULACI\u00d3N DE MATR\u00cdCULA A continuaci\u00f3n encontrar\u00e1s una serie de enlaces a documentos para gestionar la anulaci\u00f3n de la matr\u00edcula. &nbsp;Instrucciones y plazos de anulaci\u00f3n de matr\u00edcula a instancia del interesado Informaci\u00f3n anulaci\u00f3n de matr\u00edcula por inasistencia &nbsp;IMPRESOS Solicitud de anulaci\u00f3n de matr\u00edcula completa Solicitud anulaci\u00f3n de m\u00f3dulos (S\u00f3lo ciclos semipresenciales)<\/p>\n","protected":false},"author":1,"featured_media":0,"parent":522,"menu_order":0,"comment_status":"closed","ping_status":"closed","template":"","meta":{"ngg_post_thumbnail":0},"_links":{"self":[{"href":"https:\/\/www.fpmislata.com\/wordpress\/wp-json\/wp\/v2\/pages\/1254"}],"collection":[{"href":"https:\/\/www.fpmislata.com\/wordpress\/wp-json\/wp\/v2\/pages"}],"about":[{"href":"https:\/\/www.fpmislata.com\/wordpress\/wp-json\/wp\/v2\/types\/page"}],"author":[{"embeddable":true,"href":"https:\/\/www.fpmislata.com\/wordpress\/wp-json\/wp\/v2\/users\/1"}],"replies":[{"embeddable":true,"href":"https:\/\/www.fpmislata.com\/wordpress\/wp-json\/wp\/v2\/comments?post=1254"}],"version-history":[{"count":3,"href":"https:\/\/www.fpmislata.com\/wordpress\/wp-json\/wp\/v2\/pages\/1254\/revisions"}],"predecessor-version":[{"id":9728,"href":"https:\/\/www.fpmislata.com\/wordpress\/wp-json\/wp\/v2\/pages\/1254\/revisions\/9728"}],"up":[{"embeddable":true,"href":"https:\/\/www.fpmislata.com\/wordpress\/wp-json\/wp\/v2\/pages\/522"}],"wp:attachment":[{"href":"https:\/\/www.fpmislata.com\/wordpress\/wp-json\/wp\/v2\/media?parent=1254"}],"curies":[{"name":"wp","href":"https:\/\/api.w.org\/{rel}","templated":true}]}}