{"id":12569,"date":"2023-09-06T05:27:04","date_gmt":"2023-09-06T09:27:04","guid":{"rendered":"https:\/\/www.fpmislata.com\/wordpress\/?page_id=12569"},"modified":"2024-04-18T05:31:51","modified_gmt":"2024-04-18T09:31:51","slug":"proyecto-ka-171","status":"publish","type":"page","link":"https:\/\/www.fpmislata.com\/wordpress\/proyecto-ka-171\/","title":{"rendered":"Proyecto KA 171"},"content":{"rendered":"\t\t<div data-elementor-type=\"wp-page\" data-elementor-id=\"12569\" class=\"elementor elementor-12569\" data-elementor-settings=\"[]\">\n\t\t\t\t\t\t<div class=\"elementor-inner\">\n\t\t\t\t\t\t\t<div class=\"elementor-section-wrap\">\n\t\t\t\t\t\t\t<section class=\"elementor-section elementor-top-section elementor-element elementor-element-5c35767 elementor-section-boxed elementor-section-height-default elementor-section-height-default\" data-id=\"5c35767\" data-element_type=\"section\">\n\t\t\t\t\t\t<div class=\"elementor-container elementor-column-gap-default\">\n\t\t\t\t\t\t\t<div class=\"elementor-row\">\n\t\t\t\t\t<div class=\"elementor-column elementor-col-33 elementor-top-column elementor-element elementor-element-ffbbb73\" data-id=\"ffbbb73\" data-element_type=\"column\">\n\t\t\t<div class=\"elementor-column-wrap\">\n\t\t\t\t\t\t\t<div class=\"elementor-widget-wrap\">\n\t\t\t\t\t\t\t\t<\/div>\n\t\t\t\t\t<\/div>\n\t\t<\/div>\n\t\t\t\t<div class=\"elementor-column elementor-col-33 elementor-top-column elementor-element elementor-element-5d8ac5f\" data-id=\"5d8ac5f\" data-element_type=\"column\">\n\t\t\t<div class=\"elementor-column-wrap elementor-element-populated\">\n\t\t\t\t\t\t\t<div class=\"elementor-widget-wrap\">\n\t\t\t\t\t\t<div class=\"elementor-element elementor-element-a960a7a elementor-widget elementor-widget-text-editor\" data-id=\"a960a7a\" data-element_type=\"widget\" data-widget_type=\"text-editor.default\">\n\t\t\t\t<div class=\"elementor-widget-container\">\n\t\t\t\t\t\t\t\t<div class=\"elementor-text-editor elementor-clearfix\">\n\t\t\t\t\t<table style=\"border-collapse: collapse; width: 100%; height: 74px;\"><tbody><tr style=\"height: 74px;\"><td style=\"width: 78.3302%; height: 74px;\"><p><strong>Proyecto KA 171\u00a0<\/strong><\/p><p><strong>Erasmus+ Project<\/strong> 2023-1-ES01-KA171-HED-000150127<\/p><\/td><td style=\"width: 21.6698%; height: 74px;\">\u00a0<\/td><\/tr><\/tbody><\/table><p class=\"MsoNormal\" style=\"mso-margin-top-alt: auto; mso-margin-bottom-alt: auto; text-align: justify; line-height: normal; mso-outline-level: 2;\">Proyectos de movilidad de estudiantes para realizar sus pr\u00e1cticas formativas y movilidades para el personal de Educaci\u00f3n Superior financiada con fondos de pol\u00edtica exterior en pa\u00edses terceros.<\/p><p class=\"MsoNormal\" style=\"mso-margin-top-alt: auto; mso-margin-bottom-alt: auto; text-align: justify; line-height: normal; mso-outline-level: 2;\"><br \/>CIPFP Mislata participa en un consorcio de centros de formaci\u00f3n profesional de la Comunidad Valenciana.<\/p><p class=\"MsoNormal\" style=\"mso-margin-top-alt: auto; mso-margin-bottom-alt: auto; text-align: justify; line-height: normal; mso-outline-level: 2;\"><br \/>En el curso 2023-24 tenemos dos movilidades para alumnado y dos movilidades para profesorado.<\/p><p class=\"MsoNormal\" style=\"mso-margin-top-alt: auto; mso-margin-bottom-alt: auto; text-align: justify; line-height: normal; mso-outline-level: 2;\"><br \/>Dos alumnas del CFGS Gesti\u00f3n de Alojamientos Tur\u00edsticos est\u00e1n realizando sus pr\u00e1cticas formativas en Tirana (Albania).<\/p><p><img loading=\"lazy\" class=\"size-full wp-image-13531 aligncenter lazyload\" src=\"data:image\/gif;base64,R0lGODlhAQABAAAAACH5BAEKAAEALAAAAAABAAEAAAICTAEAOw==\" alt=\"KA171 Estudiantes\" width=\"554\" height=\"514\" data-src=\"https:\/\/www.fpmislata.com\/wordpress\/wp-content\/uploads\/KA171-Estudiantes.jpg\"><\/p><p>Dos profesores del departamento de Turismo realizar\u00e1n una movilidad de formaci\u00f3n para el personal en la Universidad de Mostar.<\/p>\t\t\t\t\t<\/div>\n\t\t\t\t\t\t<\/div>\n\t\t\t\t<\/div>\n\t\t\t\t\t\t<\/div>\n\t\t\t\t\t<\/div>\n\t\t<\/div>\n\t\t\t\t<div class=\"elementor-column elementor-col-33 elementor-top-column elementor-element elementor-element-24efd70\" data-id=\"24efd70\" data-element_type=\"column\">\n\t\t\t<div class=\"elementor-column-wrap\">\n\t\t\t\t\t\t\t<div class=\"elementor-widget-wrap\">\n\t\t\t\t\t\t\t\t<\/div>\n\t\t\t\t\t<\/div>\n\t\t<\/div>\n\t\t\t\t\t\t\t\t<\/div>\n\t\t\t\t\t<\/div>\n\t\t<\/section>\n\t\t\t\t\t\t<\/div>\n\t\t\t\t\t\t<\/div>\n\t\t\t\t\t<\/div>\n\t\t","protected":false},"excerpt":{"rendered":"<p>Proyecto KA 171\u00a0 Erasmus+ Project 2023-1-ES01-KA171-HED-000150127 \u00a0 Proyectos de movilidad de estudiantes para realizar sus pr\u00e1cticas formativas y movilidades para el personal de Educaci\u00f3n Superior financiada con fondos de pol\u00edtica exterior en pa\u00edses terceros. CIPFP Mislata participa en un consorcio de centros de formaci\u00f3n profesional de la Comunidad Valenciana. En el curso 2023-24 tenemos dos&hellip;<\/p>\n","protected":false},"author":13,"featured_media":0,"parent":0,"menu_order":0,"comment_status":"closed","ping_status":"closed","template":"","meta":{"ngg_post_thumbnail":0},"_links":{"self":[{"href":"https:\/\/www.fpmislata.com\/wordpress\/wp-json\/wp\/v2\/pages\/12569"}],"collection":[{"href":"https:\/\/www.fpmislata.com\/wordpress\/wp-json\/wp\/v2\/pages"}],"about":[{"href":"https:\/\/www.fpmislata.com\/wordpress\/wp-json\/wp\/v2\/types\/page"}],"author":[{"embeddable":true,"href":"https:\/\/www.fpmislata.com\/wordpress\/wp-json\/wp\/v2\/users\/13"}],"replies":[{"embeddable":true,"href":"https:\/\/www.fpmislata.com\/wordpress\/wp-json\/wp\/v2\/comments?post=12569"}],"version-history":[{"count":16,"href":"https:\/\/www.fpmislata.com\/wordpress\/wp-json\/wp\/v2\/pages\/12569\/revisions"}],"predecessor-version":[{"id":13534,"href":"https:\/\/www.fpmislata.com\/wordpress\/wp-json\/wp\/v2\/pages\/12569\/revisions\/13534"}],"wp:attachment":[{"href":"https:\/\/www.fpmislata.com\/wordpress\/wp-json\/wp\/v2\/media?parent=12569"}],"curies":[{"name":"wp","href":"https:\/\/api.w.org\/{rel}","templated":true}]}}