{"id":1271,"date":"2018-05-12T11:13:19","date_gmt":"2018-05-12T15:13:19","guid":{"rendered":"http:\/\/www.fpmislata.com\/wordpress\/?page_id=1271"},"modified":"2025-06-13T06:41:16","modified_gmt":"2025-06-13T10:41:16","slug":"solicitud-de-titulo-de-tecnico-superior-grado-superior-cfgs","status":"publish","type":"page","link":"https:\/\/www.fpmislata.com\/wordpress\/secretaria\/tramites\/solicitud-de-titulo-de-tecnico-superior-grado-superior-cfgs\/","title":{"rendered":"Solicitud de T\u00edtulo de T\u00e9cnico Superior (Grado Superior) CFGS"},"content":{"rendered":"\t\t<div data-elementor-type=\"wp-page\" data-elementor-id=\"1271\" class=\"elementor elementor-1271\" data-elementor-settings=\"[]\">\n\t\t\t\t\t\t<div class=\"elementor-inner\">\n\t\t\t\t\t\t\t<div class=\"elementor-section-wrap\">\n\t\t\t\t\t\t\t<section class=\"elementor-section elementor-top-section elementor-element elementor-element-7064411a elementor-section-boxed elementor-section-height-default elementor-section-height-default\" data-id=\"7064411a\" data-element_type=\"section\">\n\t\t\t\t\t\t<div class=\"elementor-container elementor-column-gap-default\">\n\t\t\t\t\t\t\t<div class=\"elementor-row\">\n\t\t\t\t\t<div class=\"elementor-column elementor-col-100 elementor-top-column elementor-element elementor-element-6a6d5634\" data-id=\"6a6d5634\" data-element_type=\"column\">\n\t\t\t<div class=\"elementor-column-wrap elementor-element-populated\">\n\t\t\t\t\t\t\t<div class=\"elementor-widget-wrap\">\n\t\t\t\t\t\t<div class=\"elementor-element elementor-element-54dd85a3 elementor-widget elementor-widget-text-editor\" data-id=\"54dd85a3\" data-element_type=\"widget\" data-widget_type=\"text-editor.default\">\n\t\t\t\t<div class=\"elementor-widget-container\">\n\t\t\t\t\t\t\t\t<div class=\"elementor-text-editor elementor-clearfix\">\n\t\t\t\t\t<p align=\"center\"><span style=\"font-size: 14pt; color: #000000;\">\ud83d\udcdd <strong data-start=\"213\" data-end=\"268\">Solicitud de T\u00edtulo Grado Superior y Certificado Acad\u00e9mico Oficial<\/strong><\/span><\/p><hr \/><p><span style=\"font-weight: 400;\">Una vez <\/span><b>finalizados los estudios<\/b><span style=\"font-weight: 400;\"> y <\/span><b>realizada la evaluaci\u00f3n final del ciclo formativo<\/b><span style=\"font-weight: 400;\"> (\u26a0\ufe0f <\/span><span style=\"text-decoration: underline;\"><i><span style=\"font-weight: 400;\">no se pueden pagar las tasas antes de esta evaluaci\u00f3n, que ser\u00e1 comunicada por el tutor\/a<\/span><\/i><\/span><span style=\"font-weight: 400;\"><span style=\"text-decoration: underline;\">)<\/span>, se recomienda iniciar el tr\u00e1mite de:<\/span><\/p><ul><li style=\"font-weight: 400;\" aria-level=\"1\"><span style=\"font-weight: 400;\">\u2705 <\/span><b>T\u00edtulo oficial<\/b><span style=\"font-weight: 400;\"> del ciclo formativo<\/span><\/li><li style=\"font-weight: 400;\" aria-level=\"1\"><span style=\"font-weight: 400;\">\u2705 <\/span><b>Certificado acad\u00e9mico oficial<\/b><span style=\"font-weight: 400;\"> con la nota media<\/span><\/li><\/ul><h2><b>\ud83d\udd39 <strong data-start=\"610\" data-end=\"644\">Pasos para realizar el tr\u00e1mite<\/strong><\/b><\/h2><h3><span style=\"font-size: 12pt;\"><b>1. Rellenar la solicitud de t\u00edtulo<\/b><\/span><\/h3><ul><li style=\"font-weight: 400;\" aria-level=\"1\"><span style=\"font-weight: 400;\">Descarga y cumplimenta el<\/span><a href=\"https:\/\/www.fpmislata.com\/wordpress\/wp-content\/uploads\/2122-FORMULARIO-SOLICITUD-TITULO-WEB.pdf\"> <b>impreso de solicitud de t\u00edtulo<\/b><\/a> <i><span style=\"font-weight: 400;\">(en may\u00fasculas)<\/span><\/i><span style=\"font-weight: 400;\">.<\/span><span style=\"font-weight: 400;\"><br \/><\/span><\/li><li style=\"font-weight: 400;\" aria-level=\"1\"><b>Imprime 2 copias.<\/b><b><br \/><\/b><\/li><li style=\"font-weight: 400;\" aria-level=\"1\"><span style=\"font-weight: 400;\">No es necesario indicar el NIA ni la nota media si no se conocen.<\/span><\/li><\/ul><h3><span style=\"font-size: 12pt;\"><b>2. Generar la tasa del t\u00edtulo de T\u00e9cnico Superior<\/b><\/span><\/h3><ul><li style=\"font-weight: 400;\" aria-level=\"1\"><span style=\"font-weight: 400;\">Accede al enlace:<\/span><span style=\"font-weight: 400;\"><br \/><\/span><span style=\"font-weight: 400;\"> \ud83d\udc49<\/span><a href=\"http:\/\/www.ceice.gva.es\/doc046\/gen\/es\/tasas.asp?idf=TITULOS\"> <b>Generar tasa de expedici\u00f3n del t\u00edtulo<\/b><b><\/b><\/a><\/li><li style=\"font-weight: 400;\" aria-level=\"1\"><span style=\"font-weight: 400;\">Selecciona:<\/span><span style=\"font-weight: 400;\"><br \/><\/span><ul><li style=\"font-weight: 400;\" aria-level=\"2\"><b>\u00d3rgano gestor<\/b><span style=\"font-weight: 400;\">: <\/span><i><span style=\"font-weight: 400;\">\u00abInstitutos de Valencia\u00bb<\/span><\/i><\/li><li style=\"font-weight: 400;\" aria-level=\"2\"><b>Tipo de tasa<\/b><span style=\"font-weight: 400;\">: <\/span><i><span style=\"font-weight: 400;\">T\u00edtulo de T\u00e9cnico Superior<\/span><\/i><i> <\/i><\/li><\/ul><\/li><li style=\"font-weight: 400;\" aria-level=\"1\"><span style=\"font-weight: 400;\">Sigue los pasos del asistente y genera el impreso con <\/span><b>c\u00f3digo de barras<\/b><span style=\"font-weight: 400;\">.<\/span><\/li><li style=\"font-weight: 400;\" aria-level=\"1\"><span style=\"font-weight: 400;\">Se generan <\/span><b>3 copias<\/b><span style=\"font-weight: 400;\">: para el banco, la administraci\u00f3n y el interesado\/a.<\/span><\/li><li style=\"font-weight: 400;\" aria-level=\"1\"><span style=\"font-weight: 400;\">Si dispones de:<\/span><span style=\"font-weight: 400;\"><br \/><\/span><ul><li style=\"font-weight: 400;\" aria-level=\"2\"><span style=\"font-weight: 400;\">\ud83d\udc68\u200d\ud83d\udc69\u200d\ud83d\udc67 <\/span><b>Carnet de familia numerosa<\/b><b><br \/><\/b><\/li><li style=\"font-weight: 400;\" aria-level=\"2\"><span style=\"font-weight: 400;\">\u267f <\/span><b>Certificado de discapacidad (\u226533%)<\/b><b><br \/><\/b><span style=\"font-weight: 400;\"> ind\u00edcalo al generar la tasa.<\/span><\/li><\/ul><\/li><\/ul><p><span style=\"font-weight: 400;\">\ud83d\udcb3 Puedes pagar en cajeros de las entidades indicadas o <\/span><b>telem\u00e1ticamente<\/b><span style=\"font-weight: 400;\">.<\/span><\/p><p><span style=\"text-decoration: underline;\"><em><b>\u00bfProblemas al generar la tasa?<\/b><\/em><\/span><b><br \/><\/b><span style=\"font-weight: 400;\"> Consulta el documento <\/span><b>\u00ab<\/b><a href=\"http:\/\/www.hisenda.gva.es\/documents\/90598172\/91214219\/Importante_formulario_046_c.pdf\/d9434e1e-de15-41cc-9d99-cbfc09d43feb\"><b>Cuestiones t\u00e9cnicas<\/b><\/a><b>\u00ab<\/b><span style=\"font-weight: 400;\"> o acude a Secretar\u00eda para obtener el impreso.<\/span><\/p><h3><span style=\"font-size: 12pt;\"><b>3. Generar la tasa del certificado acad\u00e9mico<\/b><\/span><\/h3><ul><li style=\"font-weight: 400;\" aria-level=\"1\"><span style=\"font-weight: 400;\">Accede al enlace:<\/span><span style=\"font-weight: 400;\"><br \/><\/span><span style=\"font-weight: 400;\"> \ud83d\udc49<\/span><a href=\"http:\/\/www.ceice.gva.es\/doc046\/gen\/es\/tasas.asp?idf=ADMIN\"> <b>Generar tasa de certificado acad\u00e9mico<\/b><b> <\/b><\/a><\/li><li style=\"font-weight: 400;\" aria-level=\"1\"><span style=\"font-weight: 400;\">Selecciona:<\/span><span style=\"font-weight: 400;\"><br \/><\/span><ul><li style=\"font-weight: 400;\" aria-level=\"2\"><b>\u00d3rgano gestor<\/b><span style=\"font-weight: 400;\">: <\/span><i><span style=\"font-weight: 400;\">\u00abInstitutos de Valencia\u00bb<\/span><\/i><\/li><li style=\"font-weight: 400;\" aria-level=\"2\"><b>Tipo de tasa<\/b><span style=\"font-weight: 400;\">: <\/span><i><span style=\"font-weight: 400;\">Certificaciones acad\u00e9micas<\/span><\/i><\/li><\/ul><\/li><li style=\"font-weight: 400;\" aria-level=\"1\"><span style=\"font-weight: 400;\">Repite el mismo proceso anterior (3 copias + pago en cajero o online).<\/span><\/li><\/ul><h3><span style=\"font-size: 12pt;\"><b>4. Entregar la documentaci\u00f3n en Secretar\u00eda<\/b><\/span><\/h3><p><span style=\"font-weight: 400;\">\ud83d\uddd3 <\/span><b>Presenta todo el tr\u00e1mite el d\u00eda y hora que te indique tu tutor\/a.<\/b><\/p><p><span style=\"font-weight: 400;\">Si no puedes asistir personalmente, puedes autorizar a otra persona para que realice el tr\u00e1mite en tu lugar.<\/span><span style=\"font-weight: 400;\"><br \/><\/span><span style=\"font-weight: 400;\">Tambi\u00e9n tienes la opci\u00f3n de hacerlo en septiembre, una vez se hayan retomado las clases.<\/span><\/p><p><span style=\"font-weight: 400;\">\u00a0<\/span><b>Documentaci\u00f3n obligatoria:<\/b><\/p><ul><li style=\"font-weight: 400;\" aria-level=\"1\"><span style=\"font-weight: 400;\">\ud83d\udcc4 <\/span><b>2 copias de la solicitud de t\u00edtulo<\/b><b><br \/><\/b><\/li><li style=\"font-weight: 400;\" aria-level=\"1\"><span style=\"font-weight: 400;\">\ud83d\udcb0 <\/span><b>Tasas abonadas del t\u00edtulo<\/b><span style=\"font-weight: 400;\">:<\/span><span style=\"font-weight: 400;\"><br \/><\/span><ul><li style=\"font-weight: 400;\" aria-level=\"2\"><span style=\"font-weight: 400;\">Ejemplar para la Administraci\u00f3n + solicitud<\/span><span style=\"font-weight: 400;\"><br \/><\/span><\/li><li style=\"font-weight: 400;\" aria-level=\"2\"><span style=\"font-weight: 400;\">Ejemplar para el interesado + solicitud<\/span><span style=\"font-weight: 400;\"><br \/><\/span><\/li><li style=\"font-weight: 400;\" aria-level=\"2\"><i><span style=\"font-weight: 400;\">Si pagaste online o en cajero: lleva 2 justificantes de pago<\/span><\/i><\/li><\/ul><\/li><li style=\"font-weight: 400;\" aria-level=\"1\"><span style=\"font-weight: 400;\">\ud83d\udcb0 <\/span><b>Tasa del certificado acad\u00e9mico<\/b><span style=\"font-weight: 400;\">:<\/span><span style=\"font-weight: 400;\"><br \/><\/span><ul><li style=\"font-weight: 400;\" aria-level=\"2\"><span style=\"font-weight: 400;\">Ejemplar para la Administraci\u00f3n (<\/span><i><span style=\"font-weight: 400;\">con justificante si es online<\/span><\/i><span style=\"font-weight: 400;\">)<\/span><span style=\"font-weight: 400;\"><br \/><\/span><\/li><\/ul><\/li><li style=\"font-weight: 400;\" aria-level=\"1\"><span style=\"font-weight: 400;\">\ud83e\udeaa <\/span><b>Original y copia del DNI<\/b><span style=\"font-weight: 400;\"> (o <\/span><b>NIE<\/b><span style=\"font-weight: 400;\"> en caso de alumnado extranjero)<\/span><\/li><li style=\"font-weight: 400;\" aria-level=\"1\"><span style=\"font-weight: 400;\">\ud83d\udc68\u200d\ud83d\udc69\u200d\ud83d\udc67 <\/span><b>Carnet de familia numerosa<\/b><span style=\"font-weight: 400;\">: original + copia<\/span><\/li><li style=\"font-weight: 400;\" aria-level=\"1\"><span style=\"font-weight: 400;\">\u267f <\/span><b>Certificado de discapacidad \u226533%<\/b><span style=\"font-weight: 400;\">: original + copia<\/span><\/li><\/ul><h3><span style=\"color: #ff0000;\"><b>\u00a1 Importante !<\/b><\/span><\/h3><p><span style=\"font-weight: 400;\">Guarda una copia de:<\/span><\/p><ul><li style=\"font-weight: 400;\" aria-level=\"1\"><span style=\"font-weight: 400;\">La <\/span><b>solicitud de t\u00edtulo<\/b><span style=\"font-weight: 400;\"> y su tasa<\/span><span style=\"font-weight: 400;\"><br \/><\/span><\/li><li style=\"font-weight: 400;\" aria-level=\"1\"><span style=\"font-weight: 400;\">El <\/span><b>certificado acad\u00e9mico oficial con nota media<\/b><b><br \/>\ud83d\udc49 Te servir\u00e1n como <b>justificante provisional<\/b><span style=\"font-weight: 400;\"> hasta que llegue el t\u00edtulo definitivo.<\/span><\/b><\/li><\/ul><h3><span style=\"font-size: 12pt;\"><b>5. Recogida del t\u00edtulo<\/b><\/span><\/h3><p><span style=\"font-weight: 400;\">\ud83d\udcec El t\u00edtulo tarda aproximadamente <\/span><b>2-3 a\u00f1os<\/b><span style=\"font-weight: 400;\"> en llegar. Se notificar\u00e1 por carta.<\/span><\/p><p><span style=\"font-weight: 400;\">Para recogerlo:<\/span><\/p><ul><li style=\"font-weight: 400;\" aria-level=\"1\"><span style=\"font-weight: 400;\">\ud83d\udc64 Debe acudir el\/la interesado\/a con su <\/span><b>DNI<\/b><b><br \/><\/b><\/li><li style=\"font-weight: 400;\" aria-level=\"1\"><span style=\"font-weight: 400;\">\ud83d\udcc4 Si acude otra persona:<\/span><span style=\"font-weight: 400;\"><br \/><\/span><ul><li style=\"font-weight: 400;\" aria-level=\"2\"><a href=\"http:\/\/www.fpmislata.com\/wordpress\/wp-content\/uploads\/Autorizaci%C3%B3n-RECOGIDA-DE-T%C3%8DTULO.pdf\"><span style=\"font-weight: 400;\">Autorizaci\u00f3n<\/span><\/a><span style=\"font-weight: 400;\"> firmada<\/span><span style=\"font-weight: 400;\"><br \/><\/span><\/li><li style=\"font-weight: 400;\" aria-level=\"2\"><span style=\"font-weight: 400;\">Fotocopia del DNI de quien autoriza<\/span><span style=\"font-weight: 400;\"><br \/><\/span><\/li><li style=\"font-weight: 400;\" aria-level=\"2\"><span style=\"font-weight: 400;\">DNI original de la persona autorizad<\/span><\/li><\/ul><\/li><\/ul>\t\t\t\t\t<\/div>\n\t\t\t\t\t\t<\/div>\n\t\t\t\t<\/div>\n\t\t\t\t\t\t<\/div>\n\t\t\t\t\t<\/div>\n\t\t<\/div>\n\t\t\t\t\t\t\t\t<\/div>\n\t\t\t\t\t<\/div>\n\t\t<\/section>\n\t\t\t\t\t\t<\/div>\n\t\t\t\t\t\t<\/div>\n\t\t\t\t\t<\/div>\n\t\t","protected":false},"excerpt":{"rendered":"<p>SOLICITUD DE T\u00cdTULO DE T\u00c9CNICO SUPERIOR (GRADO SUPERIOR) Una vez finalizados los estudios y realizada la evaluaci\u00f3n final de ciclo formativo (no es posible pagar las tasas de la solicitud de t\u00edtulo si previamente no se ha realizado la evaluaci\u00f3n final de ciclo formativo, lo cu\u00e1l comunicar\u00e1 el tutor del grupo),&nbsp;es conveniente solicitar el t\u00edtulo&hellip;<\/p>\n","protected":false},"author":1,"featured_media":0,"parent":522,"menu_order":0,"comment_status":"closed","ping_status":"closed","template":"","meta":{"ngg_post_thumbnail":0},"_links":{"self":[{"href":"https:\/\/www.fpmislata.com\/wordpress\/wp-json\/wp\/v2\/pages\/1271"}],"collection":[{"href":"https:\/\/www.fpmislata.com\/wordpress\/wp-json\/wp\/v2\/pages"}],"about":[{"href":"https:\/\/www.fpmislata.com\/wordpress\/wp-json\/wp\/v2\/types\/page"}],"author":[{"embeddable":true,"href":"https:\/\/www.fpmislata.com\/wordpress\/wp-json\/wp\/v2\/users\/1"}],"replies":[{"embeddable":true,"href":"https:\/\/www.fpmislata.com\/wordpress\/wp-json\/wp\/v2\/comments?post=1271"}],"version-history":[{"count":12,"href":"https:\/\/www.fpmislata.com\/wordpress\/wp-json\/wp\/v2\/pages\/1271\/revisions"}],"predecessor-version":[{"id":15950,"href":"https:\/\/www.fpmislata.com\/wordpress\/wp-json\/wp\/v2\/pages\/1271\/revisions\/15950"}],"up":[{"embeddable":true,"href":"https:\/\/www.fpmislata.com\/wordpress\/wp-json\/wp\/v2\/pages\/522"}],"wp:attachment":[{"href":"https:\/\/www.fpmislata.com\/wordpress\/wp-json\/wp\/v2\/media?parent=1271"}],"curies":[{"name":"wp","href":"https:\/\/api.w.org\/{rel}","templated":true}]}}