{"id":12731,"date":"2023-10-11T10:20:45","date_gmt":"2023-10-11T14:20:45","guid":{"rendered":"https:\/\/www.fpmislata.com\/wordpress\/?page_id=12731"},"modified":"2023-11-06T07:59:59","modified_gmt":"2023-11-06T11:59:59","slug":"curso-de-analisis-forense-en-sistemas-windows","status":"publish","type":"page","link":"https:\/\/www.fpmislata.com\/wordpress\/centro-excelencia-ciberseguridad\/curso-de-analisis-forense-en-sistemas-windows\/","title":{"rendered":"Curso de An\u00e1lisis Forense en Sistemas Windows"},"content":{"rendered":"\t\t<div data-elementor-type=\"wp-page\" data-elementor-id=\"12731\" class=\"elementor elementor-12731\" data-elementor-settings=\"[]\">\n\t\t\t\t\t\t<div class=\"elementor-inner\">\n\t\t\t\t\t\t\t<div class=\"elementor-section-wrap\">\n\t\t\t\t\t\t\t<section class=\"elementor-section elementor-top-section elementor-element elementor-element-2fbd843f elementor-section-boxed elementor-section-height-default elementor-section-height-default\" data-id=\"2fbd843f\" data-element_type=\"section\">\n\t\t\t\t\t\t<div class=\"elementor-container elementor-column-gap-default\">\n\t\t\t\t\t\t\t<div class=\"elementor-row\">\n\t\t\t\t\t<div class=\"elementor-column elementor-col-100 elementor-top-column elementor-element elementor-element-f1f2336\" data-id=\"f1f2336\" data-element_type=\"column\">\n\t\t\t<div class=\"elementor-column-wrap\">\n\t\t\t\t\t\t\t<div class=\"elementor-widget-wrap\">\n\t\t\t\t\t\t\t\t<\/div>\n\t\t\t\t\t<\/div>\n\t\t<\/div>\n\t\t\t\t\t\t\t\t<\/div>\n\t\t\t\t\t<\/div>\n\t\t<\/section>\n\t\t\t\t<section class=\"elementor-section elementor-top-section elementor-element elementor-element-a8a91ce elementor-section-boxed elementor-section-height-default elementor-section-height-default\" data-id=\"a8a91ce\" data-element_type=\"section\">\n\t\t\t\t\t\t<div class=\"elementor-container elementor-column-gap-default\">\n\t\t\t\t\t\t\t<div class=\"elementor-row\">\n\t\t\t\t\t<div class=\"elementor-column elementor-col-100 elementor-top-column elementor-element elementor-element-815bf09\" data-id=\"815bf09\" data-element_type=\"column\">\n\t\t\t<div class=\"elementor-column-wrap elementor-element-populated\">\n\t\t\t\t\t\t\t<div class=\"elementor-widget-wrap\">\n\t\t\t\t\t\t<div class=\"elementor-element elementor-element-c28031d elementor-widget elementor-widget-text-editor\" data-id=\"c28031d\" data-element_type=\"widget\" data-widget_type=\"text-editor.default\">\n\t\t\t\t<div class=\"elementor-widget-container\">\n\t\t\t\t\t\t\t\t<div class=\"elementor-text-editor elementor-clearfix\">\n\t\t\t\t\t<p>En el marco de la Red de Centros de Excelencia de Formaci\u00f3n Profesional en el sector de la Ciberseguridad, el <strong>CIPFP Mislata<\/strong> organiza el <strong>curso<\/strong><strong> An\u00e1lisis Forense en sistemas Windows<\/strong> en modalidad <strong>presencial virtual <\/strong>con<strong> sesiones s\u00edncronas <\/strong>en plataforma de formaci\u00f3n online.<\/p><p>El curso va<strong> dirigido<\/strong> en orden preferente <strong>a docentes<\/strong> que est\u00e9n impartiendo o vayan a impartir docencia en el Curso de Especializaci\u00f3n en Ciberseguridad en Entornos de las Tecnolog\u00edas de la Informaci\u00f3n o en el Curso de Especializaci\u00f3n en Ciberseguridad en Entornos de las Tecnolog\u00edas de Operaci\u00f3n y en segundo lugar al resto de docentes de la familia profesional de Inform\u00e1tica y Comunicaciones que impartan o vayan a impartir m\u00f3dulos profesionales relacionados con la seguridad inform\u00e1tica.<\/p><p>Este curso pretende introducir al asistente en los conocimientos y competencias necesarios para <strong>realizar las funciones de un <\/strong><strong>analista forense inform\u00e1tico<\/strong> que permitir\u00e1n al docente aplicarlas en el aula para el alumnado de los ciclos y m\u00f3dulos relacionados con la seguridad inform\u00e1tica.<\/p>\t\t\t\t\t<\/div>\n\t\t\t\t\t\t<\/div>\n\t\t\t\t<\/div>\n\t\t\t\t\t\t<\/div>\n\t\t\t\t\t<\/div>\n\t\t<\/div>\n\t\t\t\t\t\t\t\t<\/div>\n\t\t\t\t\t<\/div>\n\t\t<\/section>\n\t\t\t\t<section class=\"elementor-section elementor-top-section elementor-element elementor-element-22f18a2 elementor-section-boxed elementor-section-height-default elementor-section-height-default\" data-id=\"22f18a2\" data-element_type=\"section\">\n\t\t\t\t\t\t<div class=\"elementor-container elementor-column-gap-default\">\n\t\t\t\t\t\t\t<div class=\"elementor-row\">\n\t\t\t\t\t<div class=\"elementor-column elementor-col-25 elementor-top-column elementor-element elementor-element-a0ff90e\" data-id=\"a0ff90e\" data-element_type=\"column\">\n\t\t\t<div class=\"elementor-column-wrap\">\n\t\t\t\t\t\t\t<div class=\"elementor-widget-wrap\">\n\t\t\t\t\t\t\t\t<\/div>\n\t\t\t\t\t<\/div>\n\t\t<\/div>\n\t\t\t\t<div class=\"elementor-column elementor-col-50 elementor-top-column elementor-element elementor-element-9aad423\" data-id=\"9aad423\" data-element_type=\"column\">\n\t\t\t<div class=\"elementor-column-wrap elementor-element-populated\">\n\t\t\t\t\t\t\t<div class=\"elementor-widget-wrap\">\n\t\t\t\t\t\t<div class=\"elementor-element elementor-element-2d9bdd7 elementor-widget elementor-widget-image\" data-id=\"2d9bdd7\" data-element_type=\"widget\" data-widget_type=\"image.default\">\n\t\t\t\t<div class=\"elementor-widget-container\">\n\t\t\t\t\t\t\t\t<div class=\"elementor-image\">\n\t\t\t\t\t\t\t\t\t\t\t\t<img width=\"640\" height=\"360\" src=\"data:image\/gif;base64,R0lGODlhAQABAAAAACH5BAEKAAEALAAAAAABAAEAAAICTAEAOw==\" class=\"attachment-large size-large lazyload\" alt=\"\" loading=\"lazy\" sizes=\"(max-width: 640px) 100vw, 640px\" data-src=\"https:\/\/www.fpmislata.com\/wordpress\/wp-content\/uploads\/Ficha-difusion-Curso-Analisis-Forense-en-sistemas-Windows-CIPFP-Mislata-800x450.png\" data-srcset=\"https:\/\/www.fpmislata.com\/wordpress\/wp-content\/uploads\/Ficha-difusion-Curso-Analisis-Forense-en-sistemas-Windows-CIPFP-Mislata-800x450.png 800w, https:\/\/www.fpmislata.com\/wordpress\/wp-content\/uploads\/Ficha-difusion-Curso-Analisis-Forense-en-sistemas-Windows-CIPFP-Mislata-300x169.png 300w, https:\/\/www.fpmislata.com\/wordpress\/wp-content\/uploads\/Ficha-difusion-Curso-Analisis-Forense-en-sistemas-Windows-CIPFP-Mislata-768x432.png 768w, https:\/\/www.fpmislata.com\/wordpress\/wp-content\/uploads\/Ficha-difusion-Curso-Analisis-Forense-en-sistemas-Windows-CIPFP-Mislata-1536x864.png 1536w, https:\/\/www.fpmislata.com\/wordpress\/wp-content\/uploads\/Ficha-difusion-Curso-Analisis-Forense-en-sistemas-Windows-CIPFP-Mislata.png 1672w\">\t\t\t\t\t\t\t\t\t\t\t\t\t\t<\/div>\n\t\t\t\t\t\t<\/div>\n\t\t\t\t<\/div>\n\t\t\t\t\t\t<\/div>\n\t\t\t\t\t<\/div>\n\t\t<\/div>\n\t\t\t\t<div class=\"elementor-column elementor-col-25 elementor-top-column elementor-element elementor-element-2217883\" data-id=\"2217883\" data-element_type=\"column\">\n\t\t\t<div class=\"elementor-column-wrap\">\n\t\t\t\t\t\t\t<div class=\"elementor-widget-wrap\">\n\t\t\t\t\t\t\t\t<\/div>\n\t\t\t\t\t<\/div>\n\t\t<\/div>\n\t\t\t\t\t\t\t\t<\/div>\n\t\t\t\t\t<\/div>\n\t\t<\/section>\n\t\t\t\t<section class=\"elementor-section elementor-top-section elementor-element elementor-element-24d66d8 elementor-section-boxed elementor-section-height-default elementor-section-height-default\" data-id=\"24d66d8\" data-element_type=\"section\">\n\t\t\t\t\t\t<div class=\"elementor-container elementor-column-gap-default\">\n\t\t\t\t\t\t\t<div class=\"elementor-row\">\n\t\t\t\t\t<div class=\"elementor-column elementor-col-100 elementor-top-column elementor-element elementor-element-2d82001\" data-id=\"2d82001\" data-element_type=\"column\">\n\t\t\t<div class=\"elementor-column-wrap elementor-element-populated\">\n\t\t\t\t\t\t\t<div class=\"elementor-widget-wrap\">\n\t\t\t\t\t\t<div class=\"elementor-element elementor-element-ffd225e elementor-widget elementor-widget-text-editor\" data-id=\"ffd225e\" data-element_type=\"widget\" data-widget_type=\"text-editor.default\">\n\t\t\t\t<div class=\"elementor-widget-container\">\n\t\t\t\t\t\t\t\t<div class=\"elementor-text-editor elementor-clearfix\">\n\t\t\t\t\t<p><strong>Objetivos:<\/strong><\/p><ul><li>Obtener una visi\u00f3n general del proceso de investigaci\u00f3n forense.<\/li><li>Practicar la adquisici\u00f3n de datos de diversos dispositivos de almacenamiento.<\/li><li>Practicar el an\u00e1lisis de evidencias en sistemas Windows.<\/li><\/ul><p><strong>Contenidos:<\/strong><\/p><ul><li>Introducci\u00f3n al An\u00e1lisis Forense Inform\u00e1tico.<\/li><li>Consideraciones para la adquisici\u00f3n de evidencias.<\/li><li>Adquisici\u00f3n de unidades de almacenamiento mediante hardware y software.<\/li><li>Adquisici\u00f3n de evidencias en vivo en entornos Windows.<\/li><li>An\u00e1lisis de memoria en entornos Windows.<\/li><li>An\u00e1lisis de disco en entornos Windows.<\/li><\/ul><p><strong>Destinatarios y requisitos de admisi\u00f3n:<\/strong><\/p><p>El curso est\u00e1 dirigido a profesorado de todo el estado espa\u00f1ol, estando limitada la inscripci\u00f3n a un m\u00e1ximo del 20% de las plazas para docentes de la Comunidad Valenciana..<\/p><p>Admisi\u00f3n por orden preferente:<\/p><ol><li>Profesorado que est\u00e9 impartiendo actualmente alg\u00fan m\u00f3dulo en los Cursos de Especializaci\u00f3n en Ciberseguridad.<\/li><li>Profesorado de la Familia Profesional de Inform\u00e1tica y Comunicaciones que est\u00e9 impartiendo actualmente alg\u00fan m\u00f3dulo profesional relacionado con la seguridad inform\u00e1tica.<\/li><li>Resto de profesorado de la Familia Profesional de Inform\u00e1tica y Comunicaciones<\/li><\/ol><p>Las solicitudes se procesar\u00e1n por orden de recepci\u00f3n.<\/p><div>\u00a0<\/div>\t\t\t\t\t<\/div>\n\t\t\t\t\t\t<\/div>\n\t\t\t\t<\/div>\n\t\t\t\t\t\t<\/div>\n\t\t\t\t\t<\/div>\n\t\t<\/div>\n\t\t\t\t\t\t\t\t<\/div>\n\t\t\t\t\t<\/div>\n\t\t<\/section>\n\t\t\t\t<section class=\"elementor-section elementor-top-section elementor-element elementor-element-e897587 elementor-section-boxed elementor-section-height-default elementor-section-height-default\" data-id=\"e897587\" data-element_type=\"section\">\n\t\t\t\t\t\t<div class=\"elementor-container elementor-column-gap-default\">\n\t\t\t\t\t\t\t<div class=\"elementor-row\">\n\t\t\t\t\t<div class=\"elementor-column elementor-col-25 elementor-top-column elementor-element elementor-element-b481c54\" data-id=\"b481c54\" data-element_type=\"column\">\n\t\t\t<div class=\"elementor-column-wrap\">\n\t\t\t\t\t\t\t<div class=\"elementor-widget-wrap\">\n\t\t\t\t\t\t\t\t<\/div>\n\t\t\t\t\t<\/div>\n\t\t<\/div>\n\t\t\t\t<div class=\"elementor-column elementor-col-50 elementor-top-column elementor-element elementor-element-e52b297\" data-id=\"e52b297\" data-element_type=\"column\">\n\t\t\t<div class=\"elementor-column-wrap elementor-element-populated\">\n\t\t\t\t\t\t\t<div class=\"elementor-widget-wrap\">\n\t\t\t\t\t\t<div class=\"elementor-element elementor-element-52d7b56 elementor-widget elementor-widget-image\" data-id=\"52d7b56\" data-element_type=\"widget\" data-widget_type=\"image.default\">\n\t\t\t\t<div class=\"elementor-widget-container\">\n\t\t\t\t\t\t\t\t<div class=\"elementor-image\">\n\t\t\t\t\t\t\t\t\t\t\t\t<img width=\"640\" height=\"355\" src=\"data:image\/gif;base64,R0lGODlhAQABAAAAACH5BAEKAAEALAAAAAABAAEAAAICTAEAOw==\" class=\"attachment-large size-large lazyload\" alt=\"\" loading=\"lazy\" sizes=\"(max-width: 640px) 100vw, 640px\" data-src=\"https:\/\/www.fpmislata.com\/wordpress\/wp-content\/uploads\/Logotipos-800x444.png\" data-srcset=\"https:\/\/www.fpmislata.com\/wordpress\/wp-content\/uploads\/Logotipos-800x444.png 800w, https:\/\/www.fpmislata.com\/wordpress\/wp-content\/uploads\/Logotipos-300x166.png 300w, https:\/\/www.fpmislata.com\/wordpress\/wp-content\/uploads\/Logotipos-768x426.png 768w, https:\/\/www.fpmislata.com\/wordpress\/wp-content\/uploads\/Logotipos.png 1040w\">\t\t\t\t\t\t\t\t\t\t\t\t\t\t<\/div>\n\t\t\t\t\t\t<\/div>\n\t\t\t\t<\/div>\n\t\t\t\t\t\t<\/div>\n\t\t\t\t\t<\/div>\n\t\t<\/div>\n\t\t\t\t<div class=\"elementor-column elementor-col-25 elementor-top-column elementor-element elementor-element-01f6fea\" data-id=\"01f6fea\" data-element_type=\"column\">\n\t\t\t<div class=\"elementor-column-wrap\">\n\t\t\t\t\t\t\t<div class=\"elementor-widget-wrap\">\n\t\t\t\t\t\t\t\t<\/div>\n\t\t\t\t\t<\/div>\n\t\t<\/div>\n\t\t\t\t\t\t\t\t<\/div>\n\t\t\t\t\t<\/div>\n\t\t<\/section>\n\t\t\t\t<section class=\"elementor-section elementor-top-section elementor-element elementor-element-e9d1296 elementor-section-boxed elementor-section-height-default elementor-section-height-default\" data-id=\"e9d1296\" data-element_type=\"section\">\n\t\t\t\t\t\t<div class=\"elementor-container elementor-column-gap-default\">\n\t\t\t\t\t\t\t<div class=\"elementor-row\">\n\t\t\t\t\t<div class=\"elementor-column elementor-col-100 elementor-top-column elementor-element elementor-element-158e5ef\" data-id=\"158e5ef\" data-element_type=\"column\">\n\t\t\t<div class=\"elementor-column-wrap elementor-element-populated\">\n\t\t\t\t\t\t\t<div class=\"elementor-widget-wrap\">\n\t\t\t\t\t\t<div class=\"elementor-element elementor-element-2334bcd elementor-widget elementor-widget-text-editor\" data-id=\"2334bcd\" data-element_type=\"widget\" data-widget_type=\"text-editor.default\">\n\t\t\t\t<div class=\"elementor-widget-container\">\n\t\t\t\t\t\t\t\t<div class=\"elementor-text-editor elementor-clearfix\">\n\t\t\t\t\t<p><strong>Duraci\u00f3n:<\/strong> 30 horas distribuidas de la siguiente manera:<\/p>\n<ul>\n<li>24 horas en sesiones s\u00edncronas virtuales con plataforma de formaci\u00f3n a distancia<\/li>\n<li>6 horas de realizaci\u00f3n de actividades en modalidad as\u00edncrona.<\/li>\n<\/ul>\n<p><strong>N\u00famero de plazas:<\/strong>&nbsp;40<\/p>\n<p><strong>Modalidad:<\/strong> El curso se realizar\u00e1 de forma presencial virtual, utilizando una plataforma de videoconferencia.<\/p>\n<p><strong>Recursos materiales:<\/strong><\/p>\n<ul>\n<li>Plataforma de formaci\u00f3n a distancia<\/li>\n<li>Clonadora forense para demostraci\u00f3n, suministrada por el ponente.<\/li>\n<li>Para poder realizar el curso, cada participante deber\u00e1 contar con:\n<ul>\n<li>2 Pendrives USB (cuanto menor el tama\u00f1o, mejor).<\/li>\n<li>Un PC con software de virtualizaci\u00f3n y dos m\u00e1quinas virtuales: una de ellas ser\u00e1 SIFT Workstation y la otra Windows 10 instalado con unos 70 GB de espacio en disco y 4GB de RAM.<\/li>\n<\/ul>\n<\/li>\n<\/ul>\n<p><strong>Metodolog\u00eda de evaluaci\u00f3n:<\/strong><\/p>\n<p>Los participantes deber\u00e1n asistir al 85% de las sesiones s\u00edncronas y entregar un informe por cada tarea evaluable propuesta. En cada informe se valorar\u00e1:<\/p>\n<ul>\n<li>La correcci\u00f3n del proceso descrito.<\/li>\n<li>La correcta justificaci\u00f3n de los pasos seguidos.<\/li>\n<li>La correcci\u00f3n de los comandos empleados y de las opciones.<\/li>\n<li>La propuesta de soluciones alternativas.<\/li>\n<\/ul>\n<p><strong>Lugar de realizaci\u00f3n: <\/strong>Online<\/p>\n<p><strong>Fechas de inscripci\u00f3n y confirmaci\u00f3n de plaza:<\/strong><\/p>\n<p>Inscripci\u00f3n:<span style=\"color: #000000;\"> 23 de octubre al 3 de noviembre de 2023<\/span><br><span style=\"color: #000000;\">Confirmaci\u00f3n de plaza por correo electr\u00f3nico: del 6 al 10 de noviembre de 2023<\/span><\/p>\n<p><span style=\"color: #000000;\"><strong>Fechas de realizaci\u00f3n y horarios:<\/strong> del 13 de noviembre al 11 de diciembre&nbsp;en el siguiente horario:<\/span><\/p>\n<p>Lunes y Mi\u00e9rcoles de 11:00 a 14:00<\/p>\n<p><strong>Ponentes:<\/strong><\/p>\n<p>Rafael L\u00f3pez Garc\u00eda: profesor de An\u00e1lisis Forense Inform\u00e1tico en el CIFP Rodolfo Ucha Pi\u00f1eiro de Ferrol. Rafael ha sido galardonado con varios premios de innovaci\u00f3n did\u00e1ctica y tambi\u00e9n imparte formaci\u00f3n al profesorado en diversas tem\u00e1ticas.<\/p>\n<p><strong>Instrucciones de inscripci\u00f3n:<\/strong><\/p>\n<p>La inscripci\u00f3n y matriculaci\u00f3n al curso se gestionar\u00e1 rellenando el siguiente formulario de solicitud de inscripci\u00f3n y envi\u00e1ndolo por email a la direcci\u00f3n 46019660@edu.gva.es, debidamente cumplimentado y firmado digitalmente por el\/la secretario\/a y\/o director\/a del centro de la persona inscrita para certificar la condici\u00f3n de docente cumpliendo los requisitos de inscripci\u00f3n.<br>No se tramitar\u00e1n solicitudes que no est\u00e9n debidamente firmadas digitalmente o que no cumplan los requisitos de inscripci\u00f3n.<\/p>\n<p><a href=\"https:\/\/www.fpmislata.com\/wordpress\/wp-content\/uploads\/Formulario-solicitud-de-inscripcion.pdf\">Formulario de inscripci\u00f3n&nbsp;<\/a><\/p>\n<p><strong>Informaci\u00f3n sobre protecci\u00f3n de datos:<\/strong><\/p>\n<p>En cumplimiento de la normativa de protecci\u00f3n de datos personales, le informamos de que tiene la condici\u00f3n de responsable del tratamiento la Conselleria de Educaci\u00f3n, Cultura y Deporte de la Generalitat Valenciana.<\/p>\n<p>Sus datos ser\u00e1n incorporados al tratamiento denominado \u00abActividades y Cursos de Formaci\u00f3n para el Profesorado \u00ab, cuya finalidad es el control, organizaci\u00f3n, gesti\u00f3n y celebraci\u00f3n de actividades y cursos de formaci\u00f3n para el personal docente.<\/p>\n<p>La legitimaci\u00f3n del tratamiento se basa en el consentimiento, art\u00edculo 6.1. c) y 6.1. e) del RGPD, Reglamento UE 2016\/679.<\/p>\n<p>La persona interesada est\u00e1 obligada a facilitar los datos personales, en caso de no hacerlo no se tramitar\u00e1 su inscripci\u00f3n al curso.<\/p>\n<p>Puede usted ejercitar los derechos de acceso, rectificaci\u00f3n, oposici\u00f3n, supresi\u00f3n (\u00abderecho al olvido\u00bb), limitaci\u00f3n de tratamiento y portabilidad y a no ser objeto de decisiones individuales automatizadas, de forma presencial o telem\u00e1tica, de conformidad con<br>lo previsto en el siguiente enlace: <a href=\"http:\/\/sede.gva.es\/es\/proc19970\">http:\/\/sede.gva.es\/es\/proc19970<\/a><\/p>\n<p>Puede obtener informaci\u00f3n m\u00e1s detallada en el siguiente enlace: <a href=\"https:\/\/ceice.gva.es\/documents\/161634279\/172734302\/Actividades+y+Cursos+de+Formaci%C3%B3n+para+el+Profesorado.pdf\/4114ba79-4624-b694-7541-9b68fc7a4c2a?t=1686311009244\">[descarga de pdf]<\/a><\/p>\t\t\t\t\t<\/div>\n\t\t\t\t\t\t<\/div>\n\t\t\t\t<\/div>\n\t\t\t\t\t\t<\/div>\n\t\t\t\t\t<\/div>\n\t\t<\/div>\n\t\t\t\t\t\t\t\t<\/div>\n\t\t\t\t\t<\/div>\n\t\t<\/section>\n\t\t\t\t<section class=\"elementor-section elementor-top-section elementor-element elementor-element-c751152 elementor-section-boxed elementor-section-height-default elementor-section-height-default\" data-id=\"c751152\" data-element_type=\"section\">\n\t\t\t\t\t\t<div class=\"elementor-container elementor-column-gap-default\">\n\t\t\t\t\t\t\t<div class=\"elementor-row\">\n\t\t\t\t\t<div class=\"elementor-column elementor-col-100 elementor-top-column elementor-element elementor-element-a9db0cf\" data-id=\"a9db0cf\" data-element_type=\"column\">\n\t\t\t<div class=\"elementor-column-wrap elementor-element-populated\">\n\t\t\t\t\t\t\t<div class=\"elementor-widget-wrap\">\n\t\t\t\t\t\t<div class=\"elementor-element elementor-element-51bc2e7 elementor-widget elementor-widget-text-editor\" data-id=\"51bc2e7\" data-element_type=\"widget\" data-widget_type=\"text-editor.default\">\n\t\t\t\t<div class=\"elementor-widget-container\">\n\t\t\t\t\t\t\t\t<div class=\"elementor-text-editor elementor-clearfix\">\n\t\t\t\t\t<h1><strong>NOVEDAD<\/strong><\/h1><h4><a href=\"https:\/\/www.fpmislata.com\/wordpress\/wp-content\/uploads\/06_2023_Listado-admitidos_cifradoCurso-Ana\u0301lisis-Forense.pdf\">CONSULTA LA LISTA DE ADMITIDOS\/AS<\/a><\/h4>\t\t\t\t\t<\/div>\n\t\t\t\t\t\t<\/div>\n\t\t\t\t<\/div>\n\t\t\t\t\t\t<\/div>\n\t\t\t\t\t<\/div>\n\t\t<\/div>\n\t\t\t\t\t\t\t\t<\/div>\n\t\t\t\t\t<\/div>\n\t\t<\/section>\n\t\t\t\t\t\t<\/div>\n\t\t\t\t\t\t<\/div>\n\t\t\t\t\t<\/div>\n\t\t","protected":false},"excerpt":{"rendered":"<p>En el marco de la Red de Centros de Excelencia de Formaci\u00f3n Profesional en el sector de la Ciberseguridad, el CIPFP Mislata organiza el curso An\u00e1lisis Forense en sistemas Windows en modalidad presencial virtual con sesiones s\u00edncronas en plataforma de formaci\u00f3n online. El curso va dirigido en orden preferente a docentes que est\u00e9n impartiendo o&hellip;<\/p>\n","protected":false},"author":13,"featured_media":12753,"parent":12796,"menu_order":0,"comment_status":"closed","ping_status":"closed","template":"","meta":{"ngg_post_thumbnail":0},"_links":{"self":[{"href":"https:\/\/www.fpmislata.com\/wordpress\/wp-json\/wp\/v2\/pages\/12731"}],"collection":[{"href":"https:\/\/www.fpmislata.com\/wordpress\/wp-json\/wp\/v2\/pages"}],"about":[{"href":"https:\/\/www.fpmislata.com\/wordpress\/wp-json\/wp\/v2\/types\/page"}],"author":[{"embeddable":true,"href":"https:\/\/www.fpmislata.com\/wordpress\/wp-json\/wp\/v2\/users\/13"}],"replies":[{"embeddable":true,"href":"https:\/\/www.fpmislata.com\/wordpress\/wp-json\/wp\/v2\/comments?post=12731"}],"version-history":[{"count":35,"href":"https:\/\/www.fpmislata.com\/wordpress\/wp-json\/wp\/v2\/pages\/12731\/revisions"}],"predecessor-version":[{"id":12898,"href":"https:\/\/www.fpmislata.com\/wordpress\/wp-json\/wp\/v2\/pages\/12731\/revisions\/12898"}],"up":[{"embeddable":true,"href":"https:\/\/www.fpmislata.com\/wordpress\/wp-json\/wp\/v2\/pages\/12796"}],"wp:featuredmedia":[{"embeddable":true,"href":"https:\/\/www.fpmislata.com\/wordpress\/wp-json\/wp\/v2\/media\/12753"}],"wp:attachment":[{"href":"https:\/\/www.fpmislata.com\/wordpress\/wp-json\/wp\/v2\/media?parent=12731"}],"curies":[{"name":"wp","href":"https:\/\/api.w.org\/{rel}","templated":true}]}}