{"id":1277,"date":"2018-05-12T11:18:54","date_gmt":"2018-05-12T15:18:54","guid":{"rendered":"http:\/\/www.fpmislata.com\/wordpress\/?page_id=1277"},"modified":"2021-05-06T09:48:31","modified_gmt":"2021-05-06T13:48:31","slug":"impreso-de-tasas","status":"publish","type":"page","link":"https:\/\/www.fpmislata.com\/wordpress\/secretaria\/tramites\/impreso-de-tasas\/","title":{"rendered":"Impreso de Tasas"},"content":{"rendered":"<p>Desde este enlace:<\/p>\n<p><a href=\"http:\/\/ceice.gva.es\/doc046\/gen\/es\/default.asp\" target=\"_blank\" rel=\"noopener\">Generar tasa<\/a><\/p>\n<p>Podr\u00e1s generar la tasa para los siguientes servicios:<\/p>\n<p><strong>&#8211; Certificado acad\u00e9mico oficial<\/strong>&nbsp;(Elegir: Tasas por servicios administrativos \/ Institutos de Valencia \/ Certificados a efectos de traslados<\/p>\n<p><strong>&#8211; Certificado de superaci\u00f3n Nivel B\u00e1sico de Idiomas A2<\/strong>&nbsp;(Elegir: Tasas por servicios administrativos \/ Institutos de Valencia \/ Certificado de superaci\u00f3n Nivel B\u00e1sico de Idiomas A2)<\/p>\n<p><strong>&#8211; Expedici\u00f3n de T\u00edtulos<\/strong>&nbsp;(Elegir: Tasas por Expedici\u00f3n de T\u00edtulos \/ Institutos de Valencia \/ T\u00edtulo de T\u00e9cnico o T\u00e9cnico Superior, seg\u00fan corresponda)<\/p>\n<p><strong>&#8211; Tasas por Pruebas de Acceso<\/strong>&nbsp;(Elegir: Tasas por Pruebas de Acceso y obtenci\u00f3n de t\u00edtulos \/ Institutos de Valencia \/ Prueba de Acceso a Ciclo Formativo de grado medio o superior, seg\u00fan corresponda)<\/p>\n<p><strong>&#8211; Tasas para obtenci\u00f3n de t\u00edtulos<\/strong>&nbsp;(pruebas libres):&nbsp;(Elegir: Tasas por Pruebas de Acceso y obtenci\u00f3n de t\u00edtulos \/ Institutos de Valencia \/ Prueba obtenci\u00f3n de t\u00edtulo de grado medio o superior, seg\u00fan corresponda)<\/p>\n<hr>\n<p><strong>IMPORTANTE<\/strong>: El hecho de obtener un impreso y pagar una tasa no da derecho por s\u00ed mismo a ning\u00fan servicio, t\u00edtulos, etc. Lim\u00edtese a obtener el impreso correspondiente a la tasa que deba pagar<\/p>\n<p><strong>EN CASO DE DUDA CONSULTAR AL CENTRO DOCENTE<\/strong><\/p>\n","protected":false},"excerpt":{"rendered":"<p>Desde este enlace: Generar tasa Podr\u00e1s generar la tasa para los siguientes servicios: &#8211; Certificado acad\u00e9mico oficial&nbsp;(Elegir: Tasas por servicios administrativos \/ Institutos de Valencia \/ Certificados a efectos de traslados &#8211; Certificado de superaci\u00f3n Nivel B\u00e1sico de Idiomas A2&nbsp;(Elegir: Tasas por servicios administrativos \/ Institutos de Valencia \/ Certificado de superaci\u00f3n Nivel B\u00e1sico de&hellip;<\/p>\n","protected":false},"author":1,"featured_media":0,"parent":522,"menu_order":0,"comment_status":"closed","ping_status":"closed","template":"","meta":{"ngg_post_thumbnail":0},"_links":{"self":[{"href":"https:\/\/www.fpmislata.com\/wordpress\/wp-json\/wp\/v2\/pages\/1277"}],"collection":[{"href":"https:\/\/www.fpmislata.com\/wordpress\/wp-json\/wp\/v2\/pages"}],"about":[{"href":"https:\/\/www.fpmislata.com\/wordpress\/wp-json\/wp\/v2\/types\/page"}],"author":[{"embeddable":true,"href":"https:\/\/www.fpmislata.com\/wordpress\/wp-json\/wp\/v2\/users\/1"}],"replies":[{"embeddable":true,"href":"https:\/\/www.fpmislata.com\/wordpress\/wp-json\/wp\/v2\/comments?post=1277"}],"version-history":[{"count":3,"href":"https:\/\/www.fpmislata.com\/wordpress\/wp-json\/wp\/v2\/pages\/1277\/revisions"}],"predecessor-version":[{"id":7732,"href":"https:\/\/www.fpmislata.com\/wordpress\/wp-json\/wp\/v2\/pages\/1277\/revisions\/7732"}],"up":[{"embeddable":true,"href":"https:\/\/www.fpmislata.com\/wordpress\/wp-json\/wp\/v2\/pages\/522"}],"wp:attachment":[{"href":"https:\/\/www.fpmislata.com\/wordpress\/wp-json\/wp\/v2\/media?parent=1277"}],"curies":[{"name":"wp","href":"https:\/\/api.w.org\/{rel}","templated":true}]}}