{"id":12796,"date":"2023-10-17T07:13:46","date_gmt":"2023-10-17T11:13:46","guid":{"rendered":"https:\/\/www.fpmislata.com\/wordpress\/?page_id=12796"},"modified":"2025-10-01T07:17:04","modified_gmt":"2025-10-01T11:17:04","slug":"centro-excelencia-ciberseguridad","status":"publish","type":"page","link":"https:\/\/www.fpmislata.com\/wordpress\/centro-excelencia-ciberseguridad\/","title":{"rendered":"Centro Excelencia Ciberseguridad"},"content":{"rendered":"\t\t<div data-elementor-type=\"wp-page\" data-elementor-id=\"12796\" class=\"elementor elementor-12796\" data-elementor-settings=\"[]\">\n\t\t\t\t\t\t<div class=\"elementor-inner\">\n\t\t\t\t\t\t\t<div class=\"elementor-section-wrap\">\n\t\t\t\t\t\t\t<section class=\"elementor-section elementor-top-section elementor-element elementor-element-d38e01c elementor-section-boxed elementor-section-height-default elementor-section-height-default\" data-id=\"d38e01c\" data-element_type=\"section\">\n\t\t\t\t\t\t<div class=\"elementor-container elementor-column-gap-default\">\n\t\t\t\t\t\t\t<div class=\"elementor-row\">\n\t\t\t\t\t<div class=\"elementor-column elementor-col-50 elementor-top-column elementor-element elementor-element-b6acaf1\" data-id=\"b6acaf1\" data-element_type=\"column\">\n\t\t\t<div class=\"elementor-column-wrap elementor-element-populated\">\n\t\t\t\t\t\t\t<div class=\"elementor-widget-wrap\">\n\t\t\t\t\t\t<div class=\"elementor-element elementor-element-3e4ff82 elementor-widget elementor-widget-image\" data-id=\"3e4ff82\" data-element_type=\"widget\" data-widget_type=\"image.default\">\n\t\t\t\t<div class=\"elementor-widget-container\">\n\t\t\t\t\t\t\t\t<div class=\"elementor-image\">\n\t\t\t\t\t\t\t\t\t\t\t\t<img width=\"598\" height=\"596\" src=\"data:image\/gif;base64,R0lGODlhAQABAAAAACH5BAEKAAEALAAAAAABAAEAAAICTAEAOw==\" class=\"attachment-large size-large lazyload\" alt=\"\" loading=\"lazy\" sizes=\"(max-width: 598px) 100vw, 598px\" data-src=\"https:\/\/www.fpmislata.com\/wordpress\/wp-content\/uploads\/Ciberseguridad-2.png\" data-srcset=\"https:\/\/www.fpmislata.com\/wordpress\/wp-content\/uploads\/Ciberseguridad-2.png 598w, https:\/\/www.fpmislata.com\/wordpress\/wp-content\/uploads\/Ciberseguridad-2-300x300.png 300w, https:\/\/www.fpmislata.com\/wordpress\/wp-content\/uploads\/Ciberseguridad-2-150x150.png 150w\">\t\t\t\t\t\t\t\t\t\t\t\t\t\t<\/div>\n\t\t\t\t\t\t<\/div>\n\t\t\t\t<\/div>\n\t\t\t\t\t\t<\/div>\n\t\t\t\t\t<\/div>\n\t\t<\/div>\n\t\t\t\t<div class=\"elementor-column elementor-col-50 elementor-top-column elementor-element elementor-element-d0e0861\" data-id=\"d0e0861\" data-element_type=\"column\">\n\t\t\t<div class=\"elementor-column-wrap elementor-element-populated\">\n\t\t\t\t\t\t\t<div class=\"elementor-widget-wrap\">\n\t\t\t\t\t\t<div class=\"elementor-element elementor-element-4adcfe9 elementor-widget elementor-widget-text-editor\" data-id=\"4adcfe9\" data-element_type=\"widget\" data-widget_type=\"text-editor.default\">\n\t\t\t\t<div class=\"elementor-widget-container\">\n\t\t\t\t\t\t\t\t<div class=\"elementor-text-editor elementor-clearfix\">\n\t\t\t\t\t<p>El Ministerio de Educaci\u00f3n y FP ha seleccionado nuestro centro para formar parte de la red de centros de excelencia de Formaci\u00f3n Profesional en la convocatoria del a\u00f1o 2022 como centro l\u00edder en el subsector de <b>CIBERSEGURIDAD<\/b>.<\/p>\n<p><a href=\"https:\/\/www.educacionyfp.gob.es\/servicios-al-ciudadano\/catalogo\/general\/27\/2713788\/ficha\/2713788-2022-creacion-red.html\">Red Estatal de Centros de Excelencia <\/a><\/p>\n<p>Los tres centros seleccionados&nbsp; en el subsector de la Ciberseguridad somos: el <strong>CIPFP Mislata<\/strong> en la Comunidad Valenciana, <strong>CIFP Avil\u00e9s<\/strong> en Asturias e <strong>IES Valle del Jerte<\/strong> en Extremadura.&nbsp;<\/p>\n<p>El objetivo es que los centros de excelencia sean centros tractores, con dotaci\u00f3n t\u00e9cnica y de infraestructuras que sirva para mejorar programas formativos, innovaciones metodol\u00f3gicas y desarrollo de acciones de transferencia del conocimiento en el \u00e1mbito de la FP.<\/p>\n<p>Se desarrollaran varias l\u00edneas de actuaci\u00f3n<\/p>\n<ul>\n<li>PP1. Transformaci\u00f3n tecnol\u00f3gica, digital y metodol\u00f3gica del centro<\/li>\n<li>PP2. Actuaciones de formaci\u00f3n del profesorado de distintas comunidades aut\u00f3nomas<\/li>\n<li>PP3.- Proyectos de innovaci\u00f3n e investigaci\u00f3n aplicada&nbsp;<\/li>\n<li>PP4.-Detecci\u00f3n de necesidades de perfiles en el sector<\/li>\n<li>PP5.- Propuesta de revisi\u00f3n curricular de las ofertas formativas impartidas en el centro.<\/li>\n<li>PP6.- Incorporaci\u00f3n de tecnolog\u00eda disruptiva aplicada&nbsp;<\/li>\n<\/ul>\n<p><a href=\"https:\/\/www.fpmislata.com\/wordpress\/contratos-menores-cipfp-mislata-rece-23-24\/\" target=\"_blank\" rel=\"noopener\">Publicaci\u00f3n de la informaci\u00f3n relativa a los contratos menores realizados por el CIPFP Mislata durante el curso 23-24, dentro de la Red Estatal de Centros de Excelencia de Formaci\u00f3n Profesional, convocatoria a\u00f1o 2022, en el marco del plan de recuperaci\u00f3n, transformaci\u00f3n y resiliencia.<\/a><\/p>\t\t\t\t\t<\/div>\n\t\t\t\t\t\t<\/div>\n\t\t\t\t<\/div>\n\t\t\t\t\t\t<\/div>\n\t\t\t\t\t<\/div>\n\t\t<\/div>\n\t\t\t\t\t\t\t\t<\/div>\n\t\t\t\t\t<\/div>\n\t\t<\/section>\n\t\t\t\t<section class=\"elementor-section elementor-top-section elementor-element elementor-element-2a67dfb0 elementor-section-content-middle elementor-section-boxed elementor-section-height-default elementor-section-height-default\" data-id=\"2a67dfb0\" data-element_type=\"section\">\n\t\t\t\t\t\t<div class=\"elementor-container elementor-column-gap-no\">\n\t\t\t\t\t\t\t<div class=\"elementor-row\">\n\t\t\t\t\t<div class=\"elementor-column elementor-col-100 elementor-top-column elementor-element elementor-element-3441f37f\" data-id=\"3441f37f\" data-element_type=\"column\">\n\t\t\t<div class=\"elementor-column-wrap elementor-element-populated\">\n\t\t\t\t\t\t\t<div class=\"elementor-widget-wrap\">\n\t\t\t\t\t\t<section class=\"elementor-section elementor-inner-section elementor-element elementor-element-5bbfe700 elementor-section-content-middle elementor-section-boxed elementor-section-height-default elementor-section-height-default\" data-id=\"5bbfe700\" data-element_type=\"section\">\n\t\t\t\t\t\t<div class=\"elementor-container elementor-column-gap-no\">\n\t\t\t\t\t\t\t<div class=\"elementor-row\">\n\t\t\t\t\t<div class=\"elementor-column elementor-col-50 elementor-inner-column elementor-element elementor-element-3638898d\" data-id=\"3638898d\" data-element_type=\"column\" data-settings=\"{&quot;background_background&quot;:&quot;classic&quot;}\">\n\t\t\t<div class=\"elementor-column-wrap elementor-element-populated\">\n\t\t\t\t\t\t\t<div class=\"elementor-widget-wrap\">\n\t\t\t\t\t\t<div class=\"elementor-element elementor-element-28a89e6 elementor-position-top elementor-vertical-align-top elementor-widget elementor-widget-image-box\" data-id=\"28a89e6\" data-element_type=\"widget\" data-widget_type=\"image-box.default\">\n\t\t\t\t<div class=\"elementor-widget-container\">\n\t\t\t<div class=\"elementor-image-box-wrapper\"><figure class=\"elementor-image-box-img\"><img width=\"256\" height=\"256\" src=\"data:image\/gif;base64,R0lGODlhAQABAAAAACH5BAEKAAEALAAAAAABAAEAAAICTAEAOw==\" class=\"elementor-animation-grow attachment-full size-full lazyload\" alt=\"\" loading=\"lazy\" sizes=\"(max-width: 256px) 100vw, 256px\" data-src=\"https:\/\/www.fpmislata.com\/wordpress\/wp-content\/uploads\/domain-registration.png\" data-srcset=\"https:\/\/www.fpmislata.com\/wordpress\/wp-content\/uploads\/domain-registration.png 256w, https:\/\/www.fpmislata.com\/wordpress\/wp-content\/uploads\/domain-registration-150x150.png 150w\"><\/figure><div class=\"elementor-image-box-content\"><h3 class=\"elementor-image-box-title\">Formaci\u00f3n <\/h3><p class=\"elementor-image-box-description\">Formaci\u00f3n relacionada con Ciberseguridad<\/p><\/div><\/div>\t\t<\/div>\n\t\t\t\t<\/div>\n\t\t\t\t<div class=\"elementor-element elementor-element-4d09faa9 elementor-align-center elementor-widget elementor-widget-button\" data-id=\"4d09faa9\" data-element_type=\"widget\" data-widget_type=\"button.default\">\n\t\t\t\t<div class=\"elementor-widget-container\">\n\t\t\t\t\t<div class=\"elementor-button-wrapper\">\n\t\t\t<a href=\"https:\/\/www.fpmislata.com\/wordpress\/formacion-rece-2025-2026\/\/\" class=\"elementor-button-link elementor-button elementor-size-sm\" role=\"button\">\n\t\t\t\t\t\t<span class=\"elementor-button-content-wrapper\">\n\t\t\t\t\t\t<span class=\"elementor-button-text\">acceso<\/span>\n\t\t<\/span>\n\t\t\t\t\t<\/a>\n\t\t<\/div>\n\t\t\t\t<\/div>\n\t\t\t\t<\/div>\n\t\t\t\t\t\t<\/div>\n\t\t\t\t\t<\/div>\n\t\t<\/div>\n\t\t\t\t<div class=\"elementor-column elementor-col-50 elementor-inner-column elementor-element elementor-element-755c9c49\" data-id=\"755c9c49\" data-element_type=\"column\" data-settings=\"{&quot;background_background&quot;:&quot;classic&quot;}\">\n\t\t\t<div class=\"elementor-column-wrap elementor-element-populated\">\n\t\t\t\t\t\t\t<div class=\"elementor-widget-wrap\">\n\t\t\t\t\t\t<div class=\"elementor-element elementor-element-37e3f098 elementor-position-top elementor-vertical-align-top elementor-widget elementor-widget-image-box\" data-id=\"37e3f098\" data-element_type=\"widget\" data-widget_type=\"image-box.default\">\n\t\t\t\t<div class=\"elementor-widget-container\">\n\t\t\t<div class=\"elementor-image-box-wrapper\"><figure class=\"elementor-image-box-img\"><img width=\"256\" height=\"256\" src=\"data:image\/gif;base64,R0lGODlhAQABAAAAACH5BAEKAAEALAAAAAABAAEAAAICTAEAOw==\" class=\"elementor-animation-grow attachment-full size-full lazyload\" alt=\"\" loading=\"lazy\" sizes=\"(max-width: 256px) 100vw, 256px\" data-src=\"https:\/\/www.fpmislata.com\/wordpress\/wp-content\/uploads\/viral-marketing.png\" data-srcset=\"https:\/\/www.fpmislata.com\/wordpress\/wp-content\/uploads\/viral-marketing.png 256w, https:\/\/www.fpmislata.com\/wordpress\/wp-content\/uploads\/viral-marketing-150x150.png 150w\"><\/figure><div class=\"elementor-image-box-content\"><h3 class=\"elementor-image-box-title\">plataforma formaci\u00f3n<\/h3><p class=\"elementor-image-box-description\">Plataforma online para el seguimiento de cursos<\/p><\/div><\/div>\t\t<\/div>\n\t\t\t\t<\/div>\n\t\t\t\t<div class=\"elementor-element elementor-element-138c77e5 elementor-align-center elementor-widget elementor-widget-button\" data-id=\"138c77e5\" data-element_type=\"widget\" data-widget_type=\"button.default\">\n\t\t\t\t<div class=\"elementor-widget-container\">\n\t\t\t\t\t<div class=\"elementor-button-wrapper\">\n\t\t\t<a href=\"https:\/\/ciberseguridad.edu.es\/moodle\/\" target=\"_blank\" class=\"elementor-button-link elementor-button elementor-size-sm\" role=\"button\">\n\t\t\t\t\t\t<span class=\"elementor-button-content-wrapper\">\n\t\t\t\t\t\t<span class=\"elementor-button-text\">ACCESO<\/span>\n\t\t<\/span>\n\t\t\t\t\t<\/a>\n\t\t<\/div>\n\t\t\t\t<\/div>\n\t\t\t\t<\/div>\n\t\t\t\t\t\t<\/div>\n\t\t\t\t\t<\/div>\n\t\t<\/div>\n\t\t\t\t\t\t\t\t<\/div>\n\t\t\t\t\t<\/div>\n\t\t<\/section>\n\t\t\t\t<section class=\"elementor-section elementor-inner-section elementor-element elementor-element-791ab241 elementor-section-content-middle elementor-section-boxed elementor-section-height-default elementor-section-height-default\" data-id=\"791ab241\" data-element_type=\"section\">\n\t\t\t\t\t\t<div class=\"elementor-container elementor-column-gap-no\">\n\t\t\t\t\t\t\t<div class=\"elementor-row\">\n\t\t\t\t\t<div class=\"elementor-column elementor-col-50 elementor-inner-column elementor-element elementor-element-7ccc3c57\" data-id=\"7ccc3c57\" data-element_type=\"column\" data-settings=\"{&quot;background_background&quot;:&quot;classic&quot;}\">\n\t\t\t<div class=\"elementor-column-wrap elementor-element-populated\">\n\t\t\t\t\t\t\t<div class=\"elementor-widget-wrap\">\n\t\t\t\t\t\t<div class=\"elementor-element elementor-element-77b1ab08 elementor-position-top elementor-vertical-align-top elementor-widget elementor-widget-image-box\" data-id=\"77b1ab08\" data-element_type=\"widget\" data-widget_type=\"image-box.default\">\n\t\t\t\t<div class=\"elementor-widget-container\">\n\t\t\t<div class=\"elementor-image-box-wrapper\"><figure class=\"elementor-image-box-img\"><img width=\"256\" height=\"256\" src=\"data:image\/gif;base64,R0lGODlhAQABAAAAACH5BAEKAAEALAAAAAABAAEAAAICTAEAOw==\" class=\"elementor-animation-grow attachment-full size-full lazyload\" alt=\"\" loading=\"lazy\" sizes=\"(max-width: 256px) 100vw, 256px\" data-src=\"https:\/\/www.fpmislata.com\/wordpress\/wp-content\/uploads\/certificate.png\" data-srcset=\"https:\/\/www.fpmislata.com\/wordpress\/wp-content\/uploads\/certificate.png 256w, https:\/\/www.fpmislata.com\/wordpress\/wp-content\/uploads\/certificate-150x150.png 150w\"><\/figure><div class=\"elementor-image-box-content\"><h3 class=\"elementor-image-box-title\">Proyectos innovaci\u00f3n<\/h3><p class=\"elementor-image-box-description\">Proyectos de Innovaci\u00f3n desarrollados como Centro de Excelencia <\/p><\/div><\/div>\t\t<\/div>\n\t\t\t\t<\/div>\n\t\t\t\t<div class=\"elementor-element elementor-element-b44393c elementor-align-center elementor-widget elementor-widget-button\" data-id=\"b44393c\" data-element_type=\"widget\" data-widget_type=\"button.default\">\n\t\t\t\t<div class=\"elementor-widget-container\">\n\t\t\t\t\t<div class=\"elementor-button-wrapper\">\n\t\t\t<a href=\"https:\/\/www.fpmislata.com\/wordpress\/proyectos-innovacion-2\/\" class=\"elementor-button-link elementor-button elementor-size-sm\" role=\"button\">\n\t\t\t\t\t\t<span class=\"elementor-button-content-wrapper\">\n\t\t\t\t\t\t<span class=\"elementor-button-text\">ACCESO<\/span>\n\t\t<\/span>\n\t\t\t\t\t<\/a>\n\t\t<\/div>\n\t\t\t\t<\/div>\n\t\t\t\t<\/div>\n\t\t\t\t\t\t<\/div>\n\t\t\t\t\t<\/div>\n\t\t<\/div>\n\t\t\t\t<div class=\"elementor-column elementor-col-50 elementor-inner-column elementor-element elementor-element-5d26b6c9\" data-id=\"5d26b6c9\" data-element_type=\"column\" data-settings=\"{&quot;background_background&quot;:&quot;classic&quot;}\">\n\t\t\t<div class=\"elementor-column-wrap elementor-element-populated\">\n\t\t\t\t\t\t\t<div class=\"elementor-widget-wrap\">\n\t\t\t\t\t\t<div class=\"elementor-element elementor-element-4151f004 elementor-position-top elementor-vertical-align-top elementor-widget elementor-widget-image-box\" data-id=\"4151f004\" data-element_type=\"widget\" data-widget_type=\"image-box.default\">\n\t\t\t\t<div class=\"elementor-widget-container\">\n\t\t\t<div class=\"elementor-image-box-wrapper\"><figure class=\"elementor-image-box-img\"><img width=\"256\" height=\"256\" src=\"data:image\/gif;base64,R0lGODlhAQABAAAAACH5BAEKAAEALAAAAAABAAEAAAICTAEAOw==\" class=\"elementor-animation-grow attachment-full size-full lazyload\" alt=\"\" loading=\"lazy\" sizes=\"(max-width: 256px) 100vw, 256px\" data-src=\"https:\/\/www.fpmislata.com\/wordpress\/wp-content\/uploads\/startup.png\" data-srcset=\"https:\/\/www.fpmislata.com\/wordpress\/wp-content\/uploads\/startup.png 256w, https:\/\/www.fpmislata.com\/wordpress\/wp-content\/uploads\/startup-150x150.png 150w\"><\/figure><div class=\"elementor-image-box-content\"><h3 class=\"elementor-image-box-title\">Perfiles profesionales<\/h3><p class=\"elementor-image-box-description\">Detecci\u00f3n de los perfiles profesionales<\/p><\/div><\/div>\t\t<\/div>\n\t\t\t\t<\/div>\n\t\t\t\t<div class=\"elementor-element elementor-element-1801d01a elementor-align-center elementor-widget elementor-widget-button\" data-id=\"1801d01a\" data-element_type=\"widget\" data-widget_type=\"button.default\">\n\t\t\t\t<div class=\"elementor-widget-container\">\n\t\t\t\t\t<div class=\"elementor-button-wrapper\">\n\t\t\t<a href=\"https:\/\/www.fpmislata.com\/wordpress\/wp-content\/uploads\/InformeRol_FP_Empresas_TIC-mayo2024_reduc.pdf\" class=\"elementor-button-link elementor-button elementor-size-sm\" role=\"button\">\n\t\t\t\t\t\t<span class=\"elementor-button-content-wrapper\">\n\t\t\t\t\t\t<span class=\"elementor-button-text\">ACCESO<\/span>\n\t\t<\/span>\n\t\t\t\t\t<\/a>\n\t\t<\/div>\n\t\t\t\t<\/div>\n\t\t\t\t<\/div>\n\t\t\t\t\t\t<\/div>\n\t\t\t\t\t<\/div>\n\t\t<\/div>\n\t\t\t\t\t\t\t\t<\/div>\n\t\t\t\t\t<\/div>\n\t\t<\/section>\n\t\t\t\t\t\t<\/div>\n\t\t\t\t\t<\/div>\n\t\t<\/div>\n\t\t\t\t\t\t\t\t<\/div>\n\t\t\t\t\t<\/div>\n\t\t<\/section>\n\t\t\t\t\t\t<\/div>\n\t\t\t\t\t\t<\/div>\n\t\t\t\t\t<\/div>\n\t\t","protected":false},"excerpt":{"rendered":"<p>El Ministerio de Educaci\u00f3n y FP ha seleccionado nuestro centro para formar parte de la red de centros de excelencia de Formaci\u00f3n Profesional en la convocatoria del a\u00f1o 2022 como centro l\u00edder en el subsector de CIBERSEGURIDAD. Red Estatal de Centros de Excelencia Los tres centros seleccionados&nbsp; en el subsector de la Ciberseguridad somos: el&hellip;<\/p>\n","protected":false},"author":1,"featured_media":0,"parent":0,"menu_order":0,"comment_status":"closed","ping_status":"closed","template":"elementor_header_footer","meta":{"ngg_post_thumbnail":0},"_links":{"self":[{"href":"https:\/\/www.fpmislata.com\/wordpress\/wp-json\/wp\/v2\/pages\/12796"}],"collection":[{"href":"https:\/\/www.fpmislata.com\/wordpress\/wp-json\/wp\/v2\/pages"}],"about":[{"href":"https:\/\/www.fpmislata.com\/wordpress\/wp-json\/wp\/v2\/types\/page"}],"author":[{"embeddable":true,"href":"https:\/\/www.fpmislata.com\/wordpress\/wp-json\/wp\/v2\/users\/1"}],"replies":[{"embeddable":true,"href":"https:\/\/www.fpmislata.com\/wordpress\/wp-json\/wp\/v2\/comments?post=12796"}],"version-history":[{"count":66,"href":"https:\/\/www.fpmislata.com\/wordpress\/wp-json\/wp\/v2\/pages\/12796\/revisions"}],"predecessor-version":[{"id":16654,"href":"https:\/\/www.fpmislata.com\/wordpress\/wp-json\/wp\/v2\/pages\/12796\/revisions\/16654"}],"wp:attachment":[{"href":"https:\/\/www.fpmislata.com\/wordpress\/wp-json\/wp\/v2\/media?parent=12796"}],"curies":[{"name":"wp","href":"https:\/\/api.w.org\/{rel}","templated":true}]}}