{"id":1280,"date":"2018-05-12T11:20:07","date_gmt":"2018-05-12T15:20:07","guid":{"rendered":"http:\/\/www.fpmislata.com\/wordpress\/?page_id=1280"},"modified":"2020-07-02T10:50:01","modified_gmt":"2020-07-02T14:50:01","slug":"otros-documentos","status":"publish","type":"page","link":"https:\/\/www.fpmislata.com\/wordpress\/secretaria\/tramites\/otros-documentos\/","title":{"rendered":"Otros Documentos"},"content":{"rendered":"<p><strong>OTROS DOCUMENTOS DE INTER\u00c9S<\/strong><\/p>\n<hr>\n<p>A continuaci\u00f3n encontrar\u00e1s una serie de enlaces a documentos que podr\u00e1s cumplimentar para realizar para las actividades m\u00e1s habituales del centro.<\/p>\n<p><a href=\"http:\/\/www.fpmislata.com\/wordpress\/wp-content\/uploads\/autorizaci\u00f3n.pdf\">Autorizaci\u00f3n<\/a><\/p>\n<p><a href=\"http:\/\/www.fpmislata.com\/wordpress\/wp-content\/uploads\/instancia-general.pdf\">Instancia general<\/a><\/p>\n<p><a href=\"http:\/\/www.fpmislata.com\/wordpress\/wp-content\/uploads\/Solicitud-certificado-formulario.pdf\">Solicitud de certificado<\/a><\/p>\n<p><a href=\"https:\/\/www.fpmislata.com\/wordpress\/secretaria\/tramites\/solicitud-de-certificado\/\" target=\"_blank\" rel=\"noopener\">Solicitud de certificado. Tr\u00e1mite<\/a><\/p>\n<p><a href=\"http:\/\/www.fpmislata.com\/wordpress\/wp-content\/uploads\/Modelo-Reclamaci\u00f3n-calificaciones.pdf\">Reclamaci\u00f3n Calificaciones<\/a><\/p>\n<p><a href=\"https:\/\/www.fpmislata.com\/moodle\/fpmislata\/forms_bd_moodle\/forms_bd_moodle_Reclamacions.php?database=33\" target=\"_blank\" rel=\"noopener\">Solicitud de Reclamaci\u00f3n Calificaciones 2020<\/a><\/p>\n<p><a href=\"http:\/\/www.fpmislata.com\/wordpress\/wp-content\/uploads\/Sol-licitud_ACCES_WEB_FAMILIA.pdf\">Solicitud de web familia<\/a><\/p>\n","protected":false},"excerpt":{"rendered":"<p>OTROS DOCUMENTOS DE INTER\u00c9S A continuaci\u00f3n encontrar\u00e1s una serie de enlaces a documentos que podr\u00e1s cumplimentar para realizar para las actividades m\u00e1s habituales del centro. Autorizaci\u00f3n Instancia general Solicitud de certificado Solicitud de certificado. Tr\u00e1mite Reclamaci\u00f3n Calificaciones Solicitud de Reclamaci\u00f3n Calificaciones 2020 Solicitud de web familia<\/p>\n","protected":false},"author":1,"featured_media":0,"parent":522,"menu_order":0,"comment_status":"closed","ping_status":"closed","template":"","meta":{"ngg_post_thumbnail":0},"_links":{"self":[{"href":"https:\/\/www.fpmislata.com\/wordpress\/wp-json\/wp\/v2\/pages\/1280"}],"collection":[{"href":"https:\/\/www.fpmislata.com\/wordpress\/wp-json\/wp\/v2\/pages"}],"about":[{"href":"https:\/\/www.fpmislata.com\/wordpress\/wp-json\/wp\/v2\/types\/page"}],"author":[{"embeddable":true,"href":"https:\/\/www.fpmislata.com\/wordpress\/wp-json\/wp\/v2\/users\/1"}],"replies":[{"embeddable":true,"href":"https:\/\/www.fpmislata.com\/wordpress\/wp-json\/wp\/v2\/comments?post=1280"}],"version-history":[{"count":0,"href":"https:\/\/www.fpmislata.com\/wordpress\/wp-json\/wp\/v2\/pages\/1280\/revisions"}],"up":[{"embeddable":true,"href":"https:\/\/www.fpmislata.com\/wordpress\/wp-json\/wp\/v2\/pages\/522"}],"wp:attachment":[{"href":"https:\/\/www.fpmislata.com\/wordpress\/wp-json\/wp\/v2\/media?parent=1280"}],"curies":[{"name":"wp","href":"https:\/\/api.w.org\/{rel}","templated":true}]}}