{"id":1316,"date":"2018-05-19T06:31:01","date_gmt":"2018-05-19T10:31:01","guid":{"rendered":"http:\/\/www.fpmislata.com\/wordpress\/?page_id=1316"},"modified":"2025-05-12T14:53:21","modified_gmt":"2025-05-12T18:53:21","slug":"pau-convocatoria-extraordinaria","status":"publish","type":"page","link":"https:\/\/www.fpmislata.com\/wordpress\/secretaria\/pau-convocatoria-extraordinaria\/","title":{"rendered":"PAU. Convocatoria Extraordinaria"},"content":{"rendered":"<p align=\"center\"><strong><span style=\"font-size: 12pt; color: #0000ff;\">PRUEBAS DE ACCESO A LA UNIVERSIDAD<\/span><\/strong><\/p>\n<p align=\"center\"><span style=\"color: #ff0000;\"><strong><span style=\"font-size: 10pt;\">CONVOCATORIA EXTRAORDINARIA 2025<\/span><\/strong><\/span><\/p>\n<hr>\n<p>Las pruebas se realizar\u00e1n los d\u00edas <strong>1, 2 y 3 de julio de 2025 <\/strong>(convocatoria extraordinaria) seg\u00fan el horario expuesto m\u00e1s adelante. Para poder presentarse, es necesario realizar la inscripci\u00f3n:<\/p>\n<ul>\n<li><a href=\"https:\/\/www.fpmislata.com\/wordpress\/secretaria\/pau-preinscripcion-alumnos-del-centro-extraordinaria\/\" target=\"_blank\" rel=\"noopener noreferrer\">INSCRIPCI\u00d3N ALUMNOS DEL CENTRO<\/a> (Del 16 al 20 de junio de 2025) (El plazo finaliza a las 14:00 horas del d\u00eda 20 de junio de 2025).<\/li>\n<\/ul>\n<p><span style=\"color: #ff0000;\">Lugar de examen: AULARIO INTERFACULTATIVO BURJASSOT<\/span><\/p>\n<p><span style=\"color: #ff0000;\">Tribunal: 42 (5-6-7)<\/span><\/p>\n<ul style=\"list-style-type: circle;\">\n<li>EL ESTUDIANTADO DE CICLOS FORMATIVOS SE PRESENTAR\u00c1 EL PRIMER D\u00cdA DE LAS PRUEBAS ANTE LOS VOCALES DEL <span style=\"text-decoration: underline;\">TRIBUNAL N\u00ba 42<\/span> a las 11 HORAS, PARA RECOGER LAS ETIQUETAS Y LOS HORARIOS PERSONALIZADOS (Esta informaci\u00f3n se va actualizando seg\u00fan nos informa la Universidad)<\/li>\n<li>ES IMPRESCINDIBLE QUE EN CADA UNO DE LOS EJERCICIOS EL ESTUDIANTADO ACREDITE SU IDENTIDAD ANTE EL TRIBUNAL PRESENTANDO SU DNI<\/li>\n<\/ul>\n<p>Entrega de resultados: 8 de julio, a partir de las 17 horas.<\/p>\n<p>(Se podr\u00e1n conocer las calificaciones a trav\u00e9s del portal del alumno PASEU, en la URL&nbsp;<a href=\"https:\/\/appweb.edu.gva.es\/paseu\/\">&nbsp;<\/a><a href=\"https:\/\/appweb.edu.gva.es\/paseu\/\">https:\/\/appweb.edu.gva.es\/paseu\/<\/a>&nbsp;con la clave que se le facilitar\u00e1 el primer d\u00eda de realizaci\u00f3n de las pruebas)<\/p>\n<p>Plazo petici\u00f3n revisiones: 9, 10 y 11 de julio (el plazo finaliza a las 14 horas del d\u00eda 11).<\/p>\n<p>Los ex\u00e1menes coincidir\u00e1n en contenido y en fecha de realizaci\u00f3n con los de la fase espec\u00edfica de la prueba de acceso a la universidad (PAU) para bachillerato y tendr\u00e1n validez para los dos cursos siguientes a su realizaci\u00f3n.<\/p>\n<hr>\n<p>Documentos de inter\u00e9s<\/p>\n<p><a href=\"https:\/\/www.fpmislata.com\/wordpress\/wp-content\/uploads\/Horari_PAU_2024.pdf\" target=\"_blank\" rel=\"noopener noreferrer\"><span style=\"color: #ff0000;\">Horario de las pruebas<\/span><\/a>&nbsp; <span style=\"color: #ff0000;\">(Curso 2023\/24 -Actualizado 26\/03\/24)<\/span><\/p>\n<p><a href=\"https:\/\/universitats.gva.es\/documents\/389338055\/389339982\/Calendari_PAU+2025+amb+3conv_val-Actual25-02-26.pdf\/303dc5d7-277e-68bb-466d-28ac536b463d?t=1740568483357\">Calendario del proceso<\/a> (Curso 2024\/25 -Actualizado 12\/05\/25)<\/p>\n<p><a href=\"https:\/\/universitats.gva.es\/documents\/389338055\/389339982\/Preguntas+Frecuentes+PAU+2025_val_Actual07-0425.pdf\/c6881222-7a3c-0a3e-13f3-fbcd6301d43e?t=1744026685605\" target=\"_blank\" rel=\"noopener noreferrer\">Preguntas frecuentes<\/a> (Curso 2024\/25 -Actualizado 12\/05\/25)<\/p>\n<p align=\"center\">La web&nbsp;<a href=\"https:\/\/uvapp.uv.es\">https:\/\/uvapp.uv.es<\/a>&nbsp;describe la aplicaci\u00f3n para m\u00f3viles de la Universidad de Valencia. Desde esta direcci\u00f3n se pueden descargar las versiones para Android y para iPhone. Esta aplicaci\u00f3n, de inter\u00e9s para los estudiantes de nuevo ingreso, permite obtener informaci\u00f3n sobre la UV y recibir avisos sobre datos de inter\u00e9s relacionados con la PAU: publicaci\u00f3n de calificaciones, resultados de admisi\u00f3n, datos de matr\u00edcula, adjudicaciones de listas de espera, etc<\/p>\n","protected":false},"excerpt":{"rendered":"<p>PRUEBAS DE ACCESO A LA UNIVERSIDAD CONVOCATORIA EXTRAORDINARIA 2025 Las pruebas se realizar\u00e1n los d\u00edas 1, 2 y 3 de julio de 2025 (convocatoria extraordinaria) seg\u00fan el horario expuesto m\u00e1s adelante. Para poder presentarse, es necesario realizar la inscripci\u00f3n: INSCRIPCI\u00d3N ALUMNOS DEL CENTRO (Del 16 al 20 de junio de 2025) (El plazo finaliza a&hellip;<\/p>\n","protected":false},"author":1,"featured_media":0,"parent":286,"menu_order":0,"comment_status":"closed","ping_status":"closed","template":"","meta":{"ngg_post_thumbnail":0},"_links":{"self":[{"href":"https:\/\/www.fpmislata.com\/wordpress\/wp-json\/wp\/v2\/pages\/1316"}],"collection":[{"href":"https:\/\/www.fpmislata.com\/wordpress\/wp-json\/wp\/v2\/pages"}],"about":[{"href":"https:\/\/www.fpmislata.com\/wordpress\/wp-json\/wp\/v2\/types\/page"}],"author":[{"embeddable":true,"href":"https:\/\/www.fpmislata.com\/wordpress\/wp-json\/wp\/v2\/users\/1"}],"replies":[{"embeddable":true,"href":"https:\/\/www.fpmislata.com\/wordpress\/wp-json\/wp\/v2\/comments?post=1316"}],"version-history":[{"count":21,"href":"https:\/\/www.fpmislata.com\/wordpress\/wp-json\/wp\/v2\/pages\/1316\/revisions"}],"predecessor-version":[{"id":15691,"href":"https:\/\/www.fpmislata.com\/wordpress\/wp-json\/wp\/v2\/pages\/1316\/revisions\/15691"}],"up":[{"embeddable":true,"href":"https:\/\/www.fpmislata.com\/wordpress\/wp-json\/wp\/v2\/pages\/286"}],"wp:attachment":[{"href":"https:\/\/www.fpmislata.com\/wordpress\/wp-json\/wp\/v2\/media?parent=1316"}],"curies":[{"name":"wp","href":"https:\/\/api.w.org\/{rel}","templated":true}]}}