{"id":1325,"date":"2018-06-07T09:56:20","date_gmt":"2018-06-07T13:56:20","guid":{"rendered":"http:\/\/www.fpmislata.com\/wordpress\/?page_id=1325"},"modified":"2025-05-12T14:55:28","modified_gmt":"2025-05-12T18:55:28","slug":"pau-preinscripcion-alumnos-del-centro-extraordinaria","status":"publish","type":"page","link":"https:\/\/www.fpmislata.com\/wordpress\/secretaria\/pau-preinscripcion-alumnos-del-centro-extraordinaria\/","title":{"rendered":"PAU. Inscripci\u00f3n Extraordinaria"},"content":{"rendered":"<p style=\"text-align: center;\"><strong><span style=\"font-size: 12pt; color: #0000ff;\">PRUEBAS DE ACCESO A LA UNIVERSIDAD<\/span><\/strong><\/p>\n<p style=\"text-align: center;\"><span style=\"color: #ff0000;\"><strong><span style=\"font-size: 10pt;\">PREINSCRIPCI\u00d3N CONVOCATORIA EXTRAORDINARIA \u2013 2025<\/span><\/strong><\/span><\/p>\n<hr>\n<p>La inscripci\u00f3n para alumnos del centro <span style=\"color: #000000;\"><strong>se realizar\u00e1 enviando la documentaci\u00f3n por correo electr\u00f3nico, del 17 al 21 de junio de 2024, <\/strong>(hasta las 14:00h del d\u00eda 21).<\/span><\/p>\n<p>El correo electr\u00f3nico al que hay que enviar la documentaci\u00f3n es: <span style=\"color: #000000;\"><strong>pau@fpmislata.com<\/strong><\/span> (Se realizar\u00e1 en un solo env\u00edo)<\/p>\n<p>Asunto del correo electr\u00f3nico: PAU seguido del nombre y dos apellidos<\/p>\n<p>No se admitir\u00e1n inscripciones fuera de plazo<\/p>\n<p>Documentaci\u00f3n a remitir:<\/p>\n<p style=\"padding-left: 30px;\">1.&nbsp;<a href=\"https:\/\/www.fpmislata.com\/wordpress\/wp-content\/uploads\/Modelo-Solicitud-pau-convocatoria-extraordinaria-2025.pdf\" target=\"_blank\" rel=\"noopener noreferrer\">Solicitud<\/a>&nbsp;(Elegir entre 1 y 4 asignaturas que ponderan) (Rellenar, FIRMAR, y escanear) (Nombre del documento: PAU seguido del nombre y dos apellidos) (COMPROBAR ANTES DE ENVIAR que se han grabado los datos)<\/p>\n<p style=\"padding-left: 30px;\">&nbsp;2. Justificante de abono de tasas<\/p>\n<p style=\"padding-left: 90px;\">Se realizar\u00e1 transferencia a la cuenta ES76-3058-2015-8927-2030-2910(oficina n\u00ba 2015 de CAJAMAR, situada en la Avda. Blasco Iba\u00f1ez, 8 (Mislata))<\/p>\n<p style=\"padding-left: 90px;\">Titular de la cuenta: Centro Integrado P\u00fablico de FP Mislata<\/p>\n<p style=\"padding-left: 30px;\">3. Fotocopia del DNI<\/p>\n<hr>\n<p>Importe de las tasas:<\/p>\n<ul>\n<li style=\"list-style-type: none;\">\n<ul>\n<li>Ordinaria:78,20 \u20ac<\/li>\n<li>Familia Numerosa Categor\u00eda General : 39,10 \u20ac<\/li>\n<li>Familia Monoparental Categor\u00eda General: 39,10 \u20ac<\/li>\n<li>&nbsp;Familia Monoparental Categor\u00eda Especial: Exentos<\/li>\n<li>Familia Numerosa Categor\u00eda Especial: Exentos<\/li>\n<li>Alumnes amb discapacidad igual o superior al 33% : Exentos<\/li>\n<li>V\u00edctimas de violencia de G\u00e9nero: Exentos<\/li>\n<\/ul>\n<p>En caso de Familia Numerosa, Monoparental, V\u00edctimas de violencia de g\u00e9nero o discapacidad, se deber\u00e1 remitir el certificado correspondiente EN VIGOR<\/li>\n<\/ul>\n<hr>\n","protected":false},"excerpt":{"rendered":"<p>PRUEBAS DE ACCESO A LA UNIVERSIDAD PREINSCRIPCI\u00d3N CONVOCATORIA EXTRAORDINARIA \u2013 2025 La inscripci\u00f3n para alumnos del centro se realizar\u00e1 enviando la documentaci\u00f3n por correo electr\u00f3nico, del 17 al 21 de junio de 2024, (hasta las 14:00h del d\u00eda 21). El correo electr\u00f3nico al que hay que enviar la documentaci\u00f3n es: pau@fpmislata.com (Se realizar\u00e1 en un&hellip;<\/p>\n","protected":false},"author":1,"featured_media":0,"parent":286,"menu_order":0,"comment_status":"closed","ping_status":"closed","template":"","meta":{"ngg_post_thumbnail":0},"_links":{"self":[{"href":"https:\/\/www.fpmislata.com\/wordpress\/wp-json\/wp\/v2\/pages\/1325"}],"collection":[{"href":"https:\/\/www.fpmislata.com\/wordpress\/wp-json\/wp\/v2\/pages"}],"about":[{"href":"https:\/\/www.fpmislata.com\/wordpress\/wp-json\/wp\/v2\/types\/page"}],"author":[{"embeddable":true,"href":"https:\/\/www.fpmislata.com\/wordpress\/wp-json\/wp\/v2\/users\/1"}],"replies":[{"embeddable":true,"href":"https:\/\/www.fpmislata.com\/wordpress\/wp-json\/wp\/v2\/comments?post=1325"}],"version-history":[{"count":11,"href":"https:\/\/www.fpmislata.com\/wordpress\/wp-json\/wp\/v2\/pages\/1325\/revisions"}],"predecessor-version":[{"id":15693,"href":"https:\/\/www.fpmislata.com\/wordpress\/wp-json\/wp\/v2\/pages\/1325\/revisions\/15693"}],"up":[{"embeddable":true,"href":"https:\/\/www.fpmislata.com\/wordpress\/wp-json\/wp\/v2\/pages\/286"}],"wp:attachment":[{"href":"https:\/\/www.fpmislata.com\/wordpress\/wp-json\/wp\/v2\/media?parent=1325"}],"curies":[{"name":"wp","href":"https:\/\/api.w.org\/{rel}","templated":true}]}}