{"id":1360,"date":"2018-07-17T06:56:36","date_gmt":"2018-07-17T10:56:36","guid":{"rendered":"http:\/\/www.fpmislata.com\/wordpress\/?page_id=1360"},"modified":"2022-07-22T02:37:26","modified_gmt":"2022-07-22T06:37:26","slug":"proceso-de-admision-listas-definitivas","status":"publish","type":"page","link":"https:\/\/www.fpmislata.com\/wordpress\/secretaria\/proceso-de-admision-listas-definitivas\/","title":{"rendered":"Proceso de Admisi\u00f3n. Listas definitivas"},"content":{"rendered":"<p>&nbsp;<\/p>\n<p><span style=\"color: #000080;\"><strong>21\/7\/22. PUBLICADAS LISTAS DEFINITIVAS DE ADMITIDOS Y LISTAS DE ESPERA<\/strong><\/span><\/p>\n<p>Se recuerda que el solicitante o, en su caso, el padre\/madre\/tutor,&nbsp;pueda consultar online el resultado de la adjudicaci\u00f3n, del mismo modo que las listas provisionales<\/p>\n<p><span style=\"color: #ff0000;\"><strong>LISTAS DE ADMITIDOS<\/strong><\/span><\/p>\n<ul style=\"list-style-type: circle;\">\n<li><a href=\"https:\/\/www.fpmislata.com\/wordpress\/wp-content\/uploads\/ADMITIDOS-DEF-GM-PUBLICABLE.pdf\" target=\"_blank\" rel=\"noopener noreferrer\">ADMITIDOS GM PRESENCIAL<\/a><\/li>\n<li><a href=\"https:\/\/www.fpmislata.com\/wordpress\/wp-content\/uploads\/ADMITIDOS-DEF-GS-PUBLICABLE.pdf\" target=\"_blank\" rel=\"noopener noreferrer\">ADMITIDOS GS PRESENCIAL<\/a><\/li>\n<li><a href=\"https:\/\/www.fpmislata.com\/wordpress\/wp-content\/uploads\/ADMITIDOS-DEF-SEMI-ALFAB-PUBLICABLE.pdf\" target=\"_blank\" rel=\"noopener noreferrer\">ADMITIDOS CICLOS SEMIPRESENCIAL<\/a><\/li>\n<\/ul>\n<p><strong><span style=\"color: #ff0000;\">LISTAS DE NO ADMITIDOS (LISTAS DE ESPERA)<\/span><\/strong><\/p>\n<ul style=\"list-style-type: circle;\">\n<li><a href=\"https:\/\/www.fpmislata.com\/wordpress\/wp-content\/uploads\/NO-ADMITIDOS-DEF-GM.pdf\" target=\"_blank\" rel=\"noopener noreferrer\">NO ADMITIDOS CICLOS MEDIOS<\/a><\/li>\n<li><a href=\"https:\/\/www.fpmislata.com\/wordpress\/wp-content\/uploads\/NO-ADMITIDOS-DEF-GS.pdf\" target=\"_blank\" rel=\"noopener noreferrer\">NO ADMITIDOS CICLOS SUPERIORES<\/a><\/li>\n<li><a href=\"https:\/\/www.fpmislata.com\/wordpress\/wp-content\/uploads\/NO-ADMITIDOS-DEF-SEMI-POR-MODULO.pdf\" target=\"_blank\" rel=\"noopener noreferrer\">NO ADMITIDOS CICLOS SEMIPRESENCIAL<\/a><\/li>\n<\/ul>\n<hr>\n<p><span style=\"color: #000080; font-size: 12pt;\"><strong>MATR\u00cdCULA 2022\/23<\/strong><\/span><\/p>\n<p>Consulta el <a href=\"https:\/\/www.fpmislata.com\/wordpress\/wp-content\/uploads\/CALENDARIO-MATRICULA-22_23-ALUMNOS-NUEVOS.pdf\">CALENDARIO DE MATR\u00cdCULA<\/a>.<\/p>\n<p>Previamente a la fecha de matr\u00edcula <span style=\"text-decoration: underline;\">se ha de pasar por el centro, para recoger el sobre de matr\u00edcula<\/span> con todas las instrucciones. El d\u00eda de matr\u00edcula se ha de venir con toda la documentaci\u00f3n rellenada y las fotocopias de los documentos que se solicitan realizadas, adem\u00e1s de aportar los originales para su cotejo, a fin de agilizar, en la medida de lo posible, el proceso (Sin cita previa)<\/p>\n<p>NOTA: Los ciclos formativos que se matriculan seg\u00fan el calendario el d\u00eda 22 de julio, pueden hacerlo si vienen previamente al horario establecido con la documentaci\u00f3n preparada, o bien pueden recoger el sobre y matricularse el d\u00eda 25 de julio, en el mismo horario<\/p>\n<p><a href=\"https:\/\/www.fpmislata.com\/wordpress\/wp-content\/uploads\/0-2223-Hoja-de-Instrucciones-alumnos-nuevos.pdf\">INSTRUCCIONES MATR\u00cdCULA<\/a><\/p>\n<p><span style=\"color: #ff0000;\"><strong>EN CASO DE NO MATRICULARSE EN LOS PLAZOS ESTABLECIDOS (y en todo caso, hasta el d\u00eda 29 de julio a las 12 horas), PERDER\u00c1 SU PLAZA<\/strong><\/span><\/p>\n<p><span style=\"color: #003366; font-size: 12pt;\"><strong>ALEGACIONES A LA LISTA DEFINITIVA<\/strong><\/span><\/p>\n<p>Plazo de reclamaciones a las listas definitivas: Del 21 al 25 de julio de 2022,<br>Se realizar\u00e1 de forma telem\u00e1tica ante la Comisi\u00f3n Sectorial, mediante el procedimiento establecido al efecto disponible en la direcci\u00f3n<br><a href=\"https:\/\/portal.edu.gva.es\/telematricula\/es\/inicio\/\" target=\"_blank\" rel=\"noopener noreferrer\">PORTAL TELEMATR\u00cdCULA<\/a><br>y para lo que necesitar\u00e1 el usuario y contrase\u00f1a utilizado en grabaci\u00f3n de la solicitud.<\/p>\n<hr>\n<p><span style=\"color: #003366; font-size: 12pt;\"><strong>LISTA DE ESPERA<\/strong><\/span><\/p>\n<p><span style=\"text-decoration: underline;\"><strong>CICLOS PRESENCIALES:<\/strong><\/span>&nbsp;En los ciclos formativos donde las solicitudes han superado el n\u00famero de vacantes, la lista de espera est\u00e1 configurada por los<strong><span style=\"text-decoration: underline;\"> solicitantes no admitidos<\/span><\/strong>, ordenados en funci\u00f3n de los criterios establecidos en los art\u00edculos 6 y 7 de la Orden 18\/2016, de 1 de junio.&nbsp;<\/p>\n<p>Finalizada la matricula, las vacantes producidas por renuncia a la plaza, (si se producen) se cubrir\u00e1n con la lista de espera en cada ciclo formativo.<\/p>\n<p><span style=\"color: #ff0000;\">El d\u00eda 5 de septiembre<\/span> se publicar\u00e1 en nuestra web las plazas que han quedado vacantes por renuncia (si las ha habido), y <span style=\"color: #ff0000;\">se convocar\u00e1 a los alumnos de<\/span>&nbsp;<span style=\"color: #ff0000;\">lista de espera<\/span> <strong>(en caso de tener vacantes)<\/strong> entre los d\u00edas 6 y 7 de septiembre, para cubrirlas (<span style=\"text-decoration: underline;\">En el horario que se indicar\u00e1 el d\u00eda 5 de septiembre en nuestra WEB<\/span>)<\/p>\n<p><strong>CICLOS SEMIPRESENCIALES:<\/strong> La Lista de espera est\u00e1 configurada por m\u00f3dulos. Si se producen vacantes se ofertar\u00e1n por tel\u00e9fono\/correo electr\u00f3nico a los alumnos no admitidos, por orden de lista y por m\u00f3dulo<\/p>\n<hr>\n<p><span style=\"color: #003300;\"><strong><span style=\"font-size: 12pt;\">&nbsp;CICLOS FORMATIVOS DONDE NO HAY LISTA DE ESPERA<\/span><\/strong><\/span><\/p>\n<p>&nbsp;S\u00d3LO PARA EL ALUMNADO QUE <span style=\"text-decoration: underline;\">HA PARTICIPADO EN EL PROCESO DE ADMISI\u00d3N<\/span><\/p>\n<p style=\"text-align: justify;\"><span style=\"font-weight: 400;\">En nuestra web se publicar\u00e1 el d\u00eda 8 de septiembre las vacantes (si las hay) que se han producido en los ciclos formativos sin lista de espera, y se convocar\u00e1 al alumnado interesado y que ha realizado el proceso de admisi\u00f3n, para el d\u00eda&nbsp; 9 de septiembre, en el horario que se indicar\u00e1 el d\u00eda 8 de septiembre.<\/span><\/p>\n<p>A esa convocatoria <span style=\"text-decoration: underline;\">podr\u00e1 acceder \u00fanicamente el alumnado que particip\u00f3 en el proceso de admisi\u00f3n. Deber\u00e1 aportar justificante de su preinscripci\u00f3n, Documento de Identidad y certificado acad\u00e9mico con nota media<\/span><\/p>\n<p style=\"text-align: justify;\">As\u00ed mismo la Conseller\u00eda de Educaci\u00f3n PUBLICAR\u00c1 el d\u00eda 8 de septiembre de 2022 en su web https:\/\/portal.edu.gva.es\/telematricula\/es\/inicio\/ los ciclos formativos (primer curso presenciales) y centros donde hay vacantes y se ha agotado la lista de espera.&nbsp;<\/p>\n<p style=\"font-size: 12.16px; line-height: normal; text-align: justify;\">&nbsp;<\/p>\n\n","protected":false},"excerpt":{"rendered":"<p>&nbsp; 21\/7\/22. PUBLICADAS LISTAS DEFINITIVAS DE ADMITIDOS Y LISTAS DE ESPERA Se recuerda que el solicitante o, en su caso, el padre\/madre\/tutor,&nbsp;pueda consultar online el resultado de la adjudicaci\u00f3n, del mismo modo que las listas provisionales LISTAS DE ADMITIDOS ADMITIDOS GM PRESENCIAL ADMITIDOS GS PRESENCIAL ADMITIDOS CICLOS SEMIPRESENCIAL LISTAS DE NO ADMITIDOS (LISTAS DE ESPERA)&hellip;<\/p>\n","protected":false},"author":1,"featured_media":0,"parent":286,"menu_order":0,"comment_status":"closed","ping_status":"closed","template":"","meta":{"ngg_post_thumbnail":0},"_links":{"self":[{"href":"https:\/\/www.fpmislata.com\/wordpress\/wp-json\/wp\/v2\/pages\/1360"}],"collection":[{"href":"https:\/\/www.fpmislata.com\/wordpress\/wp-json\/wp\/v2\/pages"}],"about":[{"href":"https:\/\/www.fpmislata.com\/wordpress\/wp-json\/wp\/v2\/types\/page"}],"author":[{"embeddable":true,"href":"https:\/\/www.fpmislata.com\/wordpress\/wp-json\/wp\/v2\/users\/1"}],"replies":[{"embeddable":true,"href":"https:\/\/www.fpmislata.com\/wordpress\/wp-json\/wp\/v2\/comments?post=1360"}],"version-history":[{"count":25,"href":"https:\/\/www.fpmislata.com\/wordpress\/wp-json\/wp\/v2\/pages\/1360\/revisions"}],"predecessor-version":[{"id":10596,"href":"https:\/\/www.fpmislata.com\/wordpress\/wp-json\/wp\/v2\/pages\/1360\/revisions\/10596"}],"up":[{"embeddable":true,"href":"https:\/\/www.fpmislata.com\/wordpress\/wp-json\/wp\/v2\/pages\/286"}],"wp:attachment":[{"href":"https:\/\/www.fpmislata.com\/wordpress\/wp-json\/wp\/v2\/media?parent=1360"}],"curies":[{"name":"wp","href":"https:\/\/api.w.org\/{rel}","templated":true}]}}