{"id":1421,"date":"2018-06-07T05:13:05","date_gmt":"2018-06-07T09:13:05","guid":{"rendered":"http:\/\/www.fpmislata.com\/wordpress\/?page_id=1421"},"modified":"2022-04-06T02:42:14","modified_gmt":"2022-04-06T06:42:14","slug":"pruebas-libres-calificaciones","status":"publish","type":"page","link":"https:\/\/www.fpmislata.com\/wordpress\/secretaria\/pruebas-libres-calificaciones\/","title":{"rendered":"Pruebas libres Calificaciones"},"content":{"rendered":"<p dir=\"ltr\" style=\"font-weight: normal; line-height: 1.15; margin-top: 0pt; margin-bottom: 0pt; text-align: justify;\"><span style=\"font-family: Verdana; color: #0000ff; background-color: #f3f3f3; font-weight: bold; vertical-align: baseline; white-space: pre-wrap; font-size: 12pt;\">PRUEBAS LIBRES. CALIFICACIONES PROVISIONALES<\/span><\/p>\n<hr>\n<p dir=\"ltr\" style=\"font-weight: normal; line-height: 1.15; margin-top: 0pt; margin-bottom: 0pt; text-align: justify;\"><span style=\"font-family: Verdana; color: #000000; background-color: #f3f3f3; font-weight: bold; vertical-align: baseline; white-space: pre-wrap;\">&nbsp;<\/span><\/p>\n<p dir=\"ltr\"><div class=\"su-heading su-heading-style-default su-heading-align-center\" id=\"\" style=\"font-size:13px;margin-bottom:20px\"><div class=\"su-heading-inner\">CALIFICACIONES PROVISIONALES CFGS AGENCIAS DE VIAJES Y GESTI\u00d3N DE EVENTOS<\/div><\/div>\n<hr>\n<p dir=\"ltr\">LOS BOLETINES DE CALIFICACIONES PROVISIONALES CORRESPONDIENTES A LAS PRUEBAS LIBRES DEL CICLO DE GRADO SUPERIOR AGENCIAS DE VIAJES Y GESTI\u00d3N DE EVENTOS PODR\u00c1N RECOGERSE <span style=\"text-decoration: underline;\">A PARTIR DEL JUEVES 7 DE ABRIL DE 2022<\/span>, EN LA SECRETAR\u00cdA DEL CENTRO&nbsp;(HORARIO DE LUNES A VIERNES DE 10 A 13 HORAS Y MARTES Y JUEVES DE 16 A 18 HORAS)<\/p>\n<p dir=\"ltr\">RECOGER\u00c1 EL BOLET\u00cdN LA PERSONA INTERESADA PRESENTANDO SU DNI O LA PERSONA A QUIEN AUTORICE (DEBER\u00c1 PRESENTAR ESCRITO DE AUTORIZACI\u00d3N, COPIA DEL DNI DEL AUTORIZANTE Y DNI DEL AUTORIZADO)<\/p>\n<p dir=\"ltr\">EL PLAZO DE RECLAMACIONES FINALIZA EL D\u00cdA 12 DE ABRIL DE 2022, Y SE REALIZAR\u00c1 MEDIANTE LA PRESENTACI\u00d3N DE ESCRITO EN LA SECRETAR\u00cdA DEL CENTRO (HORARIO DE LUNES A VIERNES DE 10 A 13 HORAS Y MARTES Y JUEVES DE 16 A 18 HORAS)<\/p>\n<p dir=\"ltr\">&nbsp;<\/p>\n<p dir=\"ltr\">&nbsp;<\/p>\n<p dir=\"ltr\"><a href=\"http:\/\/www.fpmislata.com\/joomla\/images\/stories\/departamentos\/secretaria\/pruebas%20Libres\/curso_2016_17\/Calificaciones%20Pruebas%20Libres%20AVGE%202017.pdf\" target=\"_blank\" rel=\"noopener noreferrer\">&nbsp;<\/a><\/p>\n<p dir=\"ltr\">&nbsp;<\/p>\n","protected":false},"excerpt":{"rendered":"<p>PRUEBAS LIBRES. CALIFICACIONES PROVISIONALES &nbsp; LOS BOLETINES DE CALIFICACIONES PROVISIONALES CORRESPONDIENTES A LAS PRUEBAS LIBRES DEL CICLO DE GRADO SUPERIOR AGENCIAS DE VIAJES Y GESTI\u00d3N DE EVENTOS PODR\u00c1N RECOGERSE A PARTIR DEL JUEVES 7 DE ABRIL DE 2022, EN LA SECRETAR\u00cdA DEL CENTRO&nbsp;(HORARIO DE LUNES A VIERNES DE 10 A 13 HORAS Y MARTES Y&hellip;<\/p>\n","protected":false},"author":1,"featured_media":0,"parent":286,"menu_order":0,"comment_status":"closed","ping_status":"closed","template":"","meta":{"ngg_post_thumbnail":0},"_links":{"self":[{"href":"https:\/\/www.fpmislata.com\/wordpress\/wp-json\/wp\/v2\/pages\/1421"}],"collection":[{"href":"https:\/\/www.fpmislata.com\/wordpress\/wp-json\/wp\/v2\/pages"}],"about":[{"href":"https:\/\/www.fpmislata.com\/wordpress\/wp-json\/wp\/v2\/types\/page"}],"author":[{"embeddable":true,"href":"https:\/\/www.fpmislata.com\/wordpress\/wp-json\/wp\/v2\/users\/1"}],"replies":[{"embeddable":true,"href":"https:\/\/www.fpmislata.com\/wordpress\/wp-json\/wp\/v2\/comments?post=1421"}],"version-history":[{"count":1,"href":"https:\/\/www.fpmislata.com\/wordpress\/wp-json\/wp\/v2\/pages\/1421\/revisions"}],"predecessor-version":[{"id":9663,"href":"https:\/\/www.fpmislata.com\/wordpress\/wp-json\/wp\/v2\/pages\/1421\/revisions\/9663"}],"up":[{"embeddable":true,"href":"https:\/\/www.fpmislata.com\/wordpress\/wp-json\/wp\/v2\/pages\/286"}],"wp:attachment":[{"href":"https:\/\/www.fpmislata.com\/wordpress\/wp-json\/wp\/v2\/media?parent=1421"}],"curies":[{"name":"wp","href":"https:\/\/api.w.org\/{rel}","templated":true}]}}