{"id":14715,"date":"2024-10-21T06:32:57","date_gmt":"2024-10-21T10:32:57","guid":{"rendered":"https:\/\/www.fpmislata.com\/wordpress\/?page_id=14715"},"modified":"2025-10-15T03:28:52","modified_gmt":"2025-10-15T07:28:52","slug":"becas-alumnado-grado-superior-presencial","status":"publish","type":"page","link":"https:\/\/www.fpmislata.com\/wordpress\/internacional\/becas-alumnado-grado-superior-presencial\/","title":{"rendered":"Becas alumnado Grado Superior Presencial"},"content":{"rendered":"<p><strong><span style=\"font-size: 12pt; color: #000000;\">Erasmus+ Project Project 2024-1-ES01-KA131-HED-000198529<br \/>\n<\/span><\/strong><\/p>\n<p><span style=\"font-size: 12pt; color: #000000;\">Becas Movilidad Internacional del alumnado.<\/span><\/p>\n<p><span style=\"font-size: 12pt; color: #000000;\"><strong>Erasmus+&nbsp;<\/strong><\/span><\/p>\n<p><span style=\"font-size: 12pt; color: #000000;\">En esta p\u00e1gina pod\u00e9is encontrar las bases de la convocatoria y todos los documentos necesarios para las becas Erasmus+. As\u00ed como informaci\u00f3n complementaria que os ayudar\u00e1 a decidiros pulsando sobre los enlaces.<\/span><\/p>\n<p style=\"text-align: center;\">&nbsp;<\/p>\n<table style=\"width: 99.8815%;\" border=\"1\" cellspacing=\"0\" cellpadding=\"0\">\n<tbody>\n<tr>\n<td style=\"width: 60.6675%;\"><strong><span style=\"font-size: 12pt; color: #000000;\">BECAS ERASMUS+<\/span><\/strong><\/td>\n<td style=\"width: 39.0942%;\">\n<p align=\"center\"><strong><span style=\"font-size: 12pt; color: #000000;\">Documentos<\/span><\/strong><\/p>\n<\/td>\n<\/tr>\n<tr>\n<td style=\"width: 60.6675%;\"><strong><span style=\"font-size: 12pt; color: #000000;\">Convocatoria<\/span><\/strong><\/td>\n<td style=\"width: 39.0942%;\">\n<p align=\"center\"><strong><a href=\"https:\/\/www.fpmislata.com\/wordpress\/wp-content\/uploads\/Bases-Conv-Alumnos-GS-Erasmus-2025_2026.pdf\"><span style=\"font-size: 12pt; color: #0000ff;\">Bases Grado Superior<\/span><\/a><\/strong><\/p>\n<\/td>\n<\/tr>\n<tr>\n<td style=\"width: 60.6675%;\"><strong><span style=\"font-size: 12pt; color: #000000;\">Solicitud<\/span><\/strong><\/td>\n<td style=\"width: 39.0942%;\">\n<p align=\"center\"><strong><a href=\"https:\/\/www.fpmislata.com\/wordpress\/wp-content\/uploads\/1._Documento-1-Solicitud-Erasmus-24_25.docx\"><span style=\"font-size: 12pt; color: #0000ff;\">Solicitud<\/span><\/a><\/strong><\/p>\n<\/td>\n<\/tr>\n<tr>\n<td style=\"width: 60.6675%;\"><strong><span style=\"font-size: 12pt; color: #000000;\">CV Europass<\/span><\/strong><\/td>\n<td style=\"width: 39.0942%;\">\n<p align=\"center\"><strong><span style=\"color: #0000ff;\"><span style=\"font-size: 12pt;\"><a style=\"color: #0000ff;\" href=\"https:\/\/europa.eu\/europass\/es\" target=\"_blank\" rel=\"noopener\">C.V.<\/a><\/span><\/span><\/strong><\/p>\n<\/td>\n<\/tr>\n<tr>\n<td style=\"width: 60.6675%;\"><strong>Pasaporte Lenguas Extranjeras<\/strong><\/td>\n<td style=\"width: 39.0942%;\">\n<p align=\"center\"><strong><span style=\"color: #0000ff;\"><span style=\"font-size: 12pt;\"><a style=\"color: #0000ff;\" href=\"https:\/\/www.fpmislata.com\/wordpress\/wp-content\/uploads\/3._Documento-3-Pasaporte-lenguas-europeas.docx\" target=\"_blank\" rel=\"noopener\">Pasaporte<\/a><\/span><\/span><\/strong><\/p>\n<\/td>\n<\/tr>\n<\/tbody>\n<\/table>\n<p>&nbsp;<\/p>\n","protected":false},"excerpt":{"rendered":"<p>Erasmus+ Project Project 2024-1-ES01-KA131-HED-000198529 Becas Movilidad Internacional del alumnado. Erasmus+&nbsp; En esta p\u00e1gina pod\u00e9is encontrar las bases de la convocatoria y todos los documentos necesarios para las becas Erasmus+. As\u00ed como informaci\u00f3n complementaria que os ayudar\u00e1 a decidiros pulsando sobre los enlaces. &nbsp; BECAS ERASMUS+ Documentos Convocatoria Bases Grado Superior Solicitud Solicitud CV Europass C.V.&hellip;<\/p>\n","protected":false},"author":13,"featured_media":0,"parent":240,"menu_order":0,"comment_status":"closed","ping_status":"closed","template":"","meta":{"ngg_post_thumbnail":0},"_links":{"self":[{"href":"https:\/\/www.fpmislata.com\/wordpress\/wp-json\/wp\/v2\/pages\/14715"}],"collection":[{"href":"https:\/\/www.fpmislata.com\/wordpress\/wp-json\/wp\/v2\/pages"}],"about":[{"href":"https:\/\/www.fpmislata.com\/wordpress\/wp-json\/wp\/v2\/types\/page"}],"author":[{"embeddable":true,"href":"https:\/\/www.fpmislata.com\/wordpress\/wp-json\/wp\/v2\/users\/13"}],"replies":[{"embeddable":true,"href":"https:\/\/www.fpmislata.com\/wordpress\/wp-json\/wp\/v2\/comments?post=14715"}],"version-history":[{"count":5,"href":"https:\/\/www.fpmislata.com\/wordpress\/wp-json\/wp\/v2\/pages\/14715\/revisions"}],"predecessor-version":[{"id":16758,"href":"https:\/\/www.fpmislata.com\/wordpress\/wp-json\/wp\/v2\/pages\/14715\/revisions\/16758"}],"up":[{"embeddable":true,"href":"https:\/\/www.fpmislata.com\/wordpress\/wp-json\/wp\/v2\/pages\/240"}],"wp:attachment":[{"href":"https:\/\/www.fpmislata.com\/wordpress\/wp-json\/wp\/v2\/media?parent=14715"}],"curies":[{"name":"wp","href":"https:\/\/api.w.org\/{rel}","templated":true}]}}