{"id":15129,"date":"2025-03-03T13:48:09","date_gmt":"2025-03-03T17:48:09","guid":{"rendered":"https:\/\/www.fpmislata.com\/wordpress\/?page_id=15129"},"modified":"2025-03-03T13:48:10","modified_gmt":"2025-03-03T17:48:10","slug":"proyecto-iot","status":"publish","type":"page","link":"https:\/\/www.fpmislata.com\/wordpress\/proyecto-iot\/","title":{"rendered":"PROYECTO IOT"},"content":{"rendered":"\n<p>La aplicaci\u00f3n de la<strong> tecnolog\u00eda con IoT<\/strong> proporciona a los profesionales de la educaci\u00f3n nuevas herramientas para optimizar el trabajo en clase, mejorar la eficiencia del proceso de aprendizaje, conectar.<\/p>\n<p>Al principio, los sensores y actuadores no ten\u00edan conexi\u00f3n a redes, con la aparici\u00f3n del IoT a medida que ha ido creciendo e incorporando las tecnolog\u00edas y la automatizaci\u00f3n, ha ido evolucionado y hoy se encuentran hiperconectadas en muchos casos a IT, es por ello que tambi\u00e9n se ha incrementado el riesgo de que estas redes puedan ser atacadas. L<strong>a conectividad de los dispositivos IoT ha incrementado la exposici\u00f3n de los dispositivos en Internet,<\/strong> lo que los ha vuelto m\u00e1s vulnerables y f\u00e1ciles de explotar.<\/p>\n<p><img loading=\"lazy\" class=\"size-large wp-image-13075 aligncenter lazyload\" src=\"data:image\/gif;base64,R0lGODlhAQABAAAAACH5BAEKAAEALAAAAAABAAEAAAICTAEAOw==\" alt=\"\" width=\"640\" height=\"279\" sizes=\"(max-width: 640px) 100vw, 640px\" data-src=\"https:\/\/www.fpmislata.com\/wordpress\/wp-content\/uploads\/Home_Seguridad2-800x349.jpg\" data-srcset=\"https:\/\/www.fpmislata.com\/wordpress\/wp-content\/uploads\/Home_Seguridad2-800x349.jpg 800w, https:\/\/www.fpmislata.com\/wordpress\/wp-content\/uploads\/Home_Seguridad2-300x131.jpg 300w, https:\/\/www.fpmislata.com\/wordpress\/wp-content\/uploads\/Home_Seguridad2-768x335.jpg 768w, https:\/\/www.fpmislata.com\/wordpress\/wp-content\/uploads\/Home_Seguridad2.jpg 1214w\"><\/p>\n<p>Adem\u00e1s, tampoco tienen soluciones triviales de parcheado o aislamiento por las caracter\u00edsticas especiales del entorno, La ciberseguridad en estos entornos a\u00fana diferentes principios de seguridad de los entornos OT y principios de seguridad de los entornos IT, con el fin de proteger los distintos activos de un centro educativo, as\u00ed como las redes, los procesos existentes, los datos y la informaci\u00f3n.<\/p>\n<p><strong>Este proyecto pretende<\/strong> <strong>dar soluciones seguras a las futuras instalaciones de IoT en los centros educativos de todo el territorio nacional<\/strong> en caso que se quiera realizar una instalaci\u00f3n de cualquier dispositivo que ayude en el d\u00eda a d\u00eda a mejorar el entorno educativo de docentes y alumnos.<\/p>\n<p>Colaboraci\u00f3n con :<\/p>\n<ul>\n<li>INSTITUT MONTSI\u00c0 DE AMPOSTA &#8211; TARRAGONA<\/li>\n<li>CIFP RODOLFO UCHA PI\u00d1ERO \u2013 EL FERROL \u2013 A CORU\u00d1A<\/li>\n<\/ul>\n","protected":false},"excerpt":{"rendered":"<p>La aplicaci\u00f3n de la tecnolog\u00eda con IoT proporciona a los profesionales de la educaci\u00f3n nuevas herramientas para optimizar el trabajo en clase, mejorar la eficiencia del proceso de aprendizaje, conectar. Al principio, los sensores y actuadores no ten\u00edan conexi\u00f3n a redes, con la aparici\u00f3n del IoT a medida que ha ido creciendo e incorporando las&hellip;<\/p>\n","protected":false},"author":13,"featured_media":0,"parent":0,"menu_order":0,"comment_status":"closed","ping_status":"closed","template":"","meta":{"ngg_post_thumbnail":0},"_links":{"self":[{"href":"https:\/\/www.fpmislata.com\/wordpress\/wp-json\/wp\/v2\/pages\/15129"}],"collection":[{"href":"https:\/\/www.fpmislata.com\/wordpress\/wp-json\/wp\/v2\/pages"}],"about":[{"href":"https:\/\/www.fpmislata.com\/wordpress\/wp-json\/wp\/v2\/types\/page"}],"author":[{"embeddable":true,"href":"https:\/\/www.fpmislata.com\/wordpress\/wp-json\/wp\/v2\/users\/13"}],"replies":[{"embeddable":true,"href":"https:\/\/www.fpmislata.com\/wordpress\/wp-json\/wp\/v2\/comments?post=15129"}],"version-history":[{"count":2,"href":"https:\/\/www.fpmislata.com\/wordpress\/wp-json\/wp\/v2\/pages\/15129\/revisions"}],"predecessor-version":[{"id":17042,"href":"https:\/\/www.fpmislata.com\/wordpress\/wp-json\/wp\/v2\/pages\/15129\/revisions\/17042"}],"wp:attachment":[{"href":"https:\/\/www.fpmislata.com\/wordpress\/wp-json\/wp\/v2\/media?parent=15129"}],"curies":[{"name":"wp","href":"https:\/\/api.w.org\/{rel}","templated":true}]}}