{"id":15135,"date":"2025-03-03T14:01:01","date_gmt":"2025-03-03T18:01:01","guid":{"rendered":"https:\/\/www.fpmislata.com\/wordpress\/?page_id=15135"},"modified":"2025-10-24T05:57:01","modified_gmt":"2025-10-24T09:57:01","slug":"proyecto-ciberskills-360","status":"publish","type":"page","link":"https:\/\/www.fpmislata.com\/wordpress\/proyecto-ciberskills-360\/","title":{"rendered":"PROYECTO CIBERSKILLS 360"},"content":{"rendered":"\n<p><span style=\"color: #808080;\"><strong>CiberSkills 360<\/strong> es un proyecto basado en el <strong>Dise\u00f1o del perfil profesional de Agentes de <\/strong><strong>formaci\u00f3n y concienciaci\u00f3n en Ciberseguridad para PYMES<\/strong> en el <strong>GM en Sistemas <\/strong><strong>Microinform\u00e1ticos y Redes.<\/strong><\/span><\/p>\n<p><span style=\"color: #808080;\">El objetivo principal de este proyecto es ampliar el perfil profesional del <strong>Grado Medio en Sistemas Microinform\u00e1ticos y Redes<\/strong>, a partir de las opciones de desarrollo profesional que nos ofrece el sector de la ciberseguridad y las oportunidades que se abren en el mismo para t\u00e9cnicos medios de Formaci\u00f3n Profesional, en concreto como agentes de formaci\u00f3n y concienciaci\u00f3n.<\/span><\/p>\n<p><img loading=\"lazy\" class=\"aligncenter wp-image-13174 size-large lazyload\" src=\"data:image\/gif;base64,R0lGODlhAQABAAAAACH5BAEKAAEALAAAAAABAAEAAAICTAEAOw==\" alt=\"\" width=\"640\" height=\"426\" sizes=\"(max-width: 640px) 100vw, 640px\" data-src=\"https:\/\/www.fpmislata.com\/wordpress\/wp-content\/uploads\/data-center-background-2023-11-27-05-35-02-utc-800x533.jpg\" data-srcset=\"https:\/\/www.fpmislata.com\/wordpress\/wp-content\/uploads\/data-center-background-2023-11-27-05-35-02-utc-800x533.jpg 800w, https:\/\/www.fpmislata.com\/wordpress\/wp-content\/uploads\/data-center-background-2023-11-27-05-35-02-utc-300x200.jpg 300w, https:\/\/www.fpmislata.com\/wordpress\/wp-content\/uploads\/data-center-background-2023-11-27-05-35-02-utc-768x512.jpg 768w, https:\/\/www.fpmislata.com\/wordpress\/wp-content\/uploads\/data-center-background-2023-11-27-05-35-02-utc-1536x1024.jpg 1536w, https:\/\/www.fpmislata.com\/wordpress\/wp-content\/uploads\/data-center-background-2023-11-27-05-35-02-utc.jpg 2000w\"><\/p>\n<p>El proyecto nos permitir\u00e1 en primer lugar, investigar y definir el perfil de agentes de formaci\u00f3n y concienciaci\u00f3n en ciberseguridad, dise\u00f1ar y asignar el desarrollo de las competencias personales y profesionales de dicho perfil a los m\u00f3dulos formativos y por \u00faltimo, generar las estrategias de aula necesarias para poner en marcha un proyecto intermodular basado en retos que nos permita <strong>preparar al alumnado en la respuesta adecuada al sector productivo y en especial a las PYMEs en sus procesos de transformaci\u00f3n digital.<\/strong><\/p>\n<p>Colaboraci\u00f3n con<\/p>\n<ul>\n<li>CIFP Elorrieta Erreka Mari, Bilbao.<\/li>\n<li>IES Polit\u00e9cnico Hermenegildo Lanz, Granada<\/li>\n<\/ul>\n","protected":false},"excerpt":{"rendered":"<p>CiberSkills 360 es un proyecto basado en el Dise\u00f1o del perfil profesional de Agentes de formaci\u00f3n y concienciaci\u00f3n en Ciberseguridad para PYMES en el GM en Sistemas Microinform\u00e1ticos y Redes. El objetivo principal de este proyecto es ampliar el perfil profesional del Grado Medio en Sistemas Microinform\u00e1ticos y Redes, a partir de las opciones de&hellip;<\/p>\n","protected":false},"author":13,"featured_media":0,"parent":0,"menu_order":0,"comment_status":"closed","ping_status":"closed","template":"","meta":{"ngg_post_thumbnail":0},"_links":{"self":[{"href":"https:\/\/www.fpmislata.com\/wordpress\/wp-json\/wp\/v2\/pages\/15135"}],"collection":[{"href":"https:\/\/www.fpmislata.com\/wordpress\/wp-json\/wp\/v2\/pages"}],"about":[{"href":"https:\/\/www.fpmislata.com\/wordpress\/wp-json\/wp\/v2\/types\/page"}],"author":[{"embeddable":true,"href":"https:\/\/www.fpmislata.com\/wordpress\/wp-json\/wp\/v2\/users\/13"}],"replies":[{"embeddable":true,"href":"https:\/\/www.fpmislata.com\/wordpress\/wp-json\/wp\/v2\/comments?post=15135"}],"version-history":[{"count":2,"href":"https:\/\/www.fpmislata.com\/wordpress\/wp-json\/wp\/v2\/pages\/15135\/revisions"}],"predecessor-version":[{"id":16900,"href":"https:\/\/www.fpmislata.com\/wordpress\/wp-json\/wp\/v2\/pages\/15135\/revisions\/16900"}],"wp:attachment":[{"href":"https:\/\/www.fpmislata.com\/wordpress\/wp-json\/wp\/v2\/media?parent=15135"}],"curies":[{"name":"wp","href":"https:\/\/api.w.org\/{rel}","templated":true}]}}