{"id":15224,"date":"2025-03-12T05:45:32","date_gmt":"2025-03-12T09:45:32","guid":{"rendered":"https:\/\/www.fpmislata.com\/wordpress\/?page_id=15224"},"modified":"2025-03-24T05:28:10","modified_gmt":"2025-03-24T09:28:10","slug":"mislata-cibersecurity-days","status":"publish","type":"page","link":"https:\/\/www.fpmislata.com\/wordpress\/mislata-cibersecurity-days\/","title":{"rendered":"Mislata Cibersecurity Days"},"content":{"rendered":"\t\t<div data-elementor-type=\"wp-page\" data-elementor-id=\"15224\" class=\"elementor elementor-15224\" data-elementor-settings=\"[]\">\n\t\t\t\t\t\t<div class=\"elementor-inner\">\n\t\t\t\t\t\t\t<div class=\"elementor-section-wrap\">\n\t\t\t\t\t\t\t<section class=\"elementor-section elementor-top-section elementor-element elementor-element-6d49f2c elementor-section-boxed elementor-section-height-default elementor-section-height-default\" data-id=\"6d49f2c\" data-element_type=\"section\">\n\t\t\t\t\t\t<div class=\"elementor-container elementor-column-gap-default\">\n\t\t\t\t\t\t\t<div class=\"elementor-row\">\n\t\t\t\t\t<div class=\"elementor-column elementor-col-100 elementor-top-column elementor-element elementor-element-1266dfb\" data-id=\"1266dfb\" data-element_type=\"column\">\n\t\t\t<div class=\"elementor-column-wrap elementor-element-populated\">\n\t\t\t\t\t\t\t<div class=\"elementor-widget-wrap\">\n\t\t\t\t\t\t<div class=\"elementor-element elementor-element-e700c5d elementor-widget elementor-widget-text-editor\" data-id=\"e700c5d\" data-element_type=\"widget\" data-widget_type=\"text-editor.default\">\n\t\t\t\t<div class=\"elementor-widget-container\">\n\t\t\t\t\t\t\t\t<div class=\"elementor-text-editor elementor-clearfix\">\n\t\t\t\t\t<p>Los\u00a0<strong>Mislata Security Days<\/strong>, que se celebrar\u00e1n los d\u00edas 14 y 15 de abril de 2025, son un evento clave para los interesados en ciberseguridad. Ofrecer\u00e1 ponencias, debates y un\u00a0<em>Capture The Flag<\/em>\u00a0(CTF) para poner a prueba habilidades t\u00e9cnicas. Una cita imprescindible para estar al d\u00eda en las \u00faltimas tendencias del sector. Consulta el programa:<\/p><p><a href=\"https:\/\/www.fpmislata.com\/wordpress\/wp-content\/uploads\/AGENDA-MISLATA.pdf\">AGENDA-MISLATA.pdf<\/a><\/p>\t\t\t\t\t<\/div>\n\t\t\t\t\t\t<\/div>\n\t\t\t\t<\/div>\n\t\t\t\t\t\t<\/div>\n\t\t\t\t\t<\/div>\n\t\t<\/div>\n\t\t\t\t\t\t\t\t<\/div>\n\t\t\t\t\t<\/div>\n\t\t<\/section>\n\t\t\t\t<section class=\"elementor-section elementor-top-section elementor-element elementor-element-1db9eec elementor-section-boxed elementor-section-height-default elementor-section-height-default\" data-id=\"1db9eec\" data-element_type=\"section\">\n\t\t\t\t\t\t<div class=\"elementor-container elementor-column-gap-default\">\n\t\t\t\t\t\t\t<div class=\"elementor-row\">\n\t\t\t\t\t<div class=\"elementor-column elementor-col-100 elementor-top-column elementor-element elementor-element-ee18b1c\" data-id=\"ee18b1c\" data-element_type=\"column\">\n\t\t\t<div class=\"elementor-column-wrap elementor-element-populated\">\n\t\t\t\t\t\t\t<div class=\"elementor-widget-wrap\">\n\t\t\t\t\t\t<div class=\"elementor-element elementor-element-97cc30c elementor-widget elementor-widget-image\" data-id=\"97cc30c\" data-element_type=\"widget\" data-widget_type=\"image.default\">\n\t\t\t\t<div class=\"elementor-widget-container\">\n\t\t\t\t\t\t\t\t<div class=\"elementor-image\">\n\t\t\t\t\t\t\t\t\t\t\t\t<img width=\"566\" height=\"800\" src=\"data:image\/gif;base64,R0lGODlhAQABAAAAACH5BAEKAAEALAAAAAABAAEAAAICTAEAOw==\" class=\"attachment-large size-large lazyload\" alt=\"\" loading=\"lazy\" sizes=\"(max-width: 566px) 100vw, 566px\" data-src=\"https:\/\/www.fpmislata.com\/wordpress\/wp-content\/uploads\/Mislata-secur-week-V2_Pagina_1-566x800.jpg\" data-srcset=\"https:\/\/www.fpmislata.com\/wordpress\/wp-content\/uploads\/Mislata-secur-week-V2_Pagina_1-566x800.jpg 566w, https:\/\/www.fpmislata.com\/wordpress\/wp-content\/uploads\/Mislata-secur-week-V2_Pagina_1-212x300.jpg 212w, https:\/\/www.fpmislata.com\/wordpress\/wp-content\/uploads\/Mislata-secur-week-V2_Pagina_1-768x1086.jpg 768w, https:\/\/www.fpmislata.com\/wordpress\/wp-content\/uploads\/Mislata-secur-week-V2_Pagina_1-1086x1536.jpg 1086w, https:\/\/www.fpmislata.com\/wordpress\/wp-content\/uploads\/Mislata-secur-week-V2_Pagina_1-1448x2048.jpg 1448w, https:\/\/www.fpmislata.com\/wordpress\/wp-content\/uploads\/Mislata-secur-week-V2_Pagina_1.jpg 1655w\">\t\t\t\t\t\t\t\t\t\t\t\t\t\t<\/div>\n\t\t\t\t\t\t<\/div>\n\t\t\t\t<\/div>\n\t\t\t\t\t\t<\/div>\n\t\t\t\t\t<\/div>\n\t\t<\/div>\n\t\t\t\t\t\t\t\t<\/div>\n\t\t\t\t\t<\/div>\n\t\t<\/section>\n\t\t\t\t<section class=\"elementor-section elementor-top-section elementor-element elementor-element-05e2ee5 elementor-section-boxed elementor-section-height-default elementor-section-height-default\" data-id=\"05e2ee5\" data-element_type=\"section\">\n\t\t\t\t\t\t<div class=\"elementor-container elementor-column-gap-default\">\n\t\t\t\t\t\t\t<div class=\"elementor-row\">\n\t\t\t\t\t<div class=\"elementor-column elementor-col-100 elementor-top-column elementor-element elementor-element-bfc123f\" data-id=\"bfc123f\" data-element_type=\"column\">\n\t\t\t<div class=\"elementor-column-wrap elementor-element-populated\">\n\t\t\t\t\t\t\t<div class=\"elementor-widget-wrap\">\n\t\t\t\t\t\t<div class=\"elementor-element elementor-element-058ae57 elementor-widget elementor-widget-image\" data-id=\"058ae57\" data-element_type=\"widget\" data-widget_type=\"image.default\">\n\t\t\t\t<div class=\"elementor-widget-container\">\n\t\t\t\t\t\t\t\t<div class=\"elementor-image\">\n\t\t\t\t\t\t\t\t\t\t\t\t<img width=\"566\" height=\"800\" src=\"data:image\/gif;base64,R0lGODlhAQABAAAAACH5BAEKAAEALAAAAAABAAEAAAICTAEAOw==\" class=\"attachment-large size-large lazyload\" alt=\"\" loading=\"lazy\" sizes=\"(max-width: 566px) 100vw, 566px\" data-src=\"https:\/\/www.fpmislata.com\/wordpress\/wp-content\/uploads\/Mislata-secur-week-V2_Pagina_2-566x800.jpg\" data-srcset=\"https:\/\/www.fpmislata.com\/wordpress\/wp-content\/uploads\/Mislata-secur-week-V2_Pagina_2-566x800.jpg 566w, https:\/\/www.fpmislata.com\/wordpress\/wp-content\/uploads\/Mislata-secur-week-V2_Pagina_2-212x300.jpg 212w, https:\/\/www.fpmislata.com\/wordpress\/wp-content\/uploads\/Mislata-secur-week-V2_Pagina_2-768x1086.jpg 768w, https:\/\/www.fpmislata.com\/wordpress\/wp-content\/uploads\/Mislata-secur-week-V2_Pagina_2-1086x1536.jpg 1086w, https:\/\/www.fpmislata.com\/wordpress\/wp-content\/uploads\/Mislata-secur-week-V2_Pagina_2-1448x2048.jpg 1448w, https:\/\/www.fpmislata.com\/wordpress\/wp-content\/uploads\/Mislata-secur-week-V2_Pagina_2.jpg 1655w\">\t\t\t\t\t\t\t\t\t\t\t\t\t\t<\/div>\n\t\t\t\t\t\t<\/div>\n\t\t\t\t<\/div>\n\t\t\t\t\t\t<\/div>\n\t\t\t\t\t<\/div>\n\t\t<\/div>\n\t\t\t\t\t\t\t\t<\/div>\n\t\t\t\t\t<\/div>\n\t\t<\/section>\n\t\t\t\t<section class=\"elementor-section elementor-top-section elementor-element elementor-element-8797aec elementor-section-boxed elementor-section-height-default elementor-section-height-default\" data-id=\"8797aec\" data-element_type=\"section\">\n\t\t\t\t\t\t<div class=\"elementor-container elementor-column-gap-default\">\n\t\t\t\t\t\t\t<div class=\"elementor-row\">\n\t\t\t\t\t<div class=\"elementor-column elementor-col-100 elementor-top-column elementor-element elementor-element-05b9d24\" data-id=\"05b9d24\" data-element_type=\"column\">\n\t\t\t<div class=\"elementor-column-wrap elementor-element-populated\">\n\t\t\t\t\t\t\t<div class=\"elementor-widget-wrap\">\n\t\t\t\t\t\t<div class=\"elementor-element elementor-element-c9d5169 elementor-widget elementor-widget-text-editor\" data-id=\"c9d5169\" data-element_type=\"widget\" data-widget_type=\"text-editor.default\">\n\t\t\t\t<div class=\"elementor-widget-container\">\n\t\t\t\t\t\t\t\t<div class=\"elementor-text-editor elementor-clearfix\">\n\t\t\t\t\t<p>Consigue tus tickets aqu\u00ed:<\/p><p><a href=\"https:\/\/www.eventbrite.com\/e\/mislata-cibersecurity-days-tickets-1279580322189?aff=oddtdtcreator\">https:\/\/www.eventbrite.com\/e\/mislata-cibersecurity-days-tickets-1279580322189?aff=oddtdtcreator<\/a><\/p><p><a href=\"https:\/\/www.eventbrite.com\/e\/mislata-cibersecurity-days-tickets-1279580322189?aff=oddtdtcreator\"><img loading=\"lazy\" class=\"alignnone size-large wp-image-15216 lazyload\" src=\"data:image\/gif;base64,R0lGODlhAQABAAAAACH5BAEKAAEALAAAAAABAAEAAAICTAEAOw==\" alt=\"\" width=\"640\" height=\"336\" data-src=\"https:\/\/www.fpmislata.com\/wordpress\/wp-content\/uploads\/V2_Hackathon-Valencia_General_1200x630-800x420.jpg\"><\/a><\/p>\t\t\t\t\t<\/div>\n\t\t\t\t\t\t<\/div>\n\t\t\t\t<\/div>\n\t\t\t\t\t\t<\/div>\n\t\t\t\t\t<\/div>\n\t\t<\/div>\n\t\t\t\t\t\t\t\t<\/div>\n\t\t\t\t\t<\/div>\n\t\t<\/section>\n\t\t\t\t\t\t<\/div>\n\t\t\t\t\t\t<\/div>\n\t\t\t\t\t<\/div>\n\t\t","protected":false},"excerpt":{"rendered":"<p>Los\u00a0Mislata Security Days, que se celebrar\u00e1n los d\u00edas 14 y 15 de abril de 2025, son un evento clave para los interesados en ciberseguridad.<\/p>\n","protected":false},"author":13,"featured_media":15216,"parent":0,"menu_order":0,"comment_status":"closed","ping_status":"closed","template":"","meta":{"ngg_post_thumbnail":0},"_links":{"self":[{"href":"https:\/\/www.fpmislata.com\/wordpress\/wp-json\/wp\/v2\/pages\/15224"}],"collection":[{"href":"https:\/\/www.fpmislata.com\/wordpress\/wp-json\/wp\/v2\/pages"}],"about":[{"href":"https:\/\/www.fpmislata.com\/wordpress\/wp-json\/wp\/v2\/types\/page"}],"author":[{"embeddable":true,"href":"https:\/\/www.fpmislata.com\/wordpress\/wp-json\/wp\/v2\/users\/13"}],"replies":[{"embeddable":true,"href":"https:\/\/www.fpmislata.com\/wordpress\/wp-json\/wp\/v2\/comments?post=15224"}],"version-history":[{"count":25,"href":"https:\/\/www.fpmislata.com\/wordpress\/wp-json\/wp\/v2\/pages\/15224\/revisions"}],"predecessor-version":[{"id":15282,"href":"https:\/\/www.fpmislata.com\/wordpress\/wp-json\/wp\/v2\/pages\/15224\/revisions\/15282"}],"wp:featuredmedia":[{"embeddable":true,"href":"https:\/\/www.fpmislata.com\/wordpress\/wp-json\/wp\/v2\/media\/15216"}],"wp:attachment":[{"href":"https:\/\/www.fpmislata.com\/wordpress\/wp-json\/wp\/v2\/media?parent=15224"}],"curies":[{"name":"wp","href":"https:\/\/api.w.org\/{rel}","templated":true}]}}