{"id":1663,"date":"2018-05-27T12:40:21","date_gmt":"2018-05-27T16:40:21","guid":{"rendered":"http:\/\/www.fpmislata.com\/wordpress\/?page_id=1663"},"modified":"2022-05-14T07:05:52","modified_gmt":"2022-05-14T11:05:52","slug":"centro-cisco","status":"publish","type":"page","link":"https:\/\/www.fpmislata.com\/wordpress\/departamentos\/informatica\/centro-cisco\/","title":{"rendered":"CISCO Networking Academy"},"content":{"rendered":"<p align=\"justify\"><a href=\"http:\/\/www.fpmislata.com\/wordpress\/wp-content\/uploads\/logocisco.png\"><img loading=\"lazy\" class=\"size-full wp-image-1661 alignleft lazyload\" src=\"data:image\/gif;base64,R0lGODlhAQABAAAAACH5BAEKAAEALAAAAAABAAEAAAICTAEAOw==\" alt=\"\" width=\"87\" height=\"87\" data-src=\"http:\/\/www.fpmislata.com\/wordpress\/wp-content\/uploads\/logocisco.png\"><\/a>Desde que en el a\u00f1o 1984 iniciara su andadura profesional, <strong>Cisco Systems<\/strong> se ha convertido en <strong>l\u00edder indiscutible en el sector de la Telecomunicaciones e Internet<\/strong>. Se estima que cerca del 80% del tr\u00e1fico de Internet circula por equipos desarrollados por este fabricante en todo el mundo.<\/p>\n<div align=\"justify\">El programa <a href=\"http:\/\/www.cisco.com\/web\/ES\/edu\/index.html\" target=\"_blank\" rel=\"noopener\"><strong>Cisco Networking Academy Program<\/strong><\/a> (<strong>CNAP<\/strong>, en adelante) es una iniciativa educativa de Cisco que se cre\u00f3 en el a\u00f1o 1997 con una implantaci\u00f3n actual de m\u00e1s de 160 pa\u00edses en todo el mundo y cuyo objetivo fundamental es contribuir a la formaci\u00f3n de estudiantes universitarios y de Formaci\u00f3n Profesional en el dise\u00f1o, configuraci\u00f3n y mantenimiento de redes de computadores y telecomunicaciones a trav\u00e9s de uno de los modelos de e-learning m\u00e1s avanzados del mundo. Cerca de un <strong>mill\u00f3n de estudiantes<\/strong> se forman cada a\u00f1o en Academias de Cisco que forman parte del programa CNAP.<\/div>\n<div align=\"justify\">&nbsp;<\/div>\n<div align=\"justify\">Adem\u00e1s,<strong> Cisco Systems<\/strong> ha establecido un sistema de certificaciones profesionales reconocidas mundialmente, a las que pueden acceder los candidatos que superen los correspondientes ex\u00e1menes y pruebas pr\u00e1cticas. La certificaci\u00f3n industrial <strong>CCNA<\/strong> es una de las certificaciones m\u00e1s prestigiosas y demandadas profesionalmente en el \u00e1rea de<strong> networking<\/strong> en todo el mundo.<\/div>\n<div align=\"justify\">&nbsp;<\/div>\n<div align=\"justify\">El <strong>CIPFP de Mislata<\/strong> pertenece al programa <strong>CNAP<\/strong> como <strong>Academia Local de Cisco Systems<\/strong>. Actualmente, <strong>somos el \u00fanico centro p\u00fablico de Formaci\u00f3n Profesional en Espa\u00f1a que cuenta en su plantilla con instructores con las certificaciones industriales de:<\/strong><\/div>\n<ul>\n<li><strong> Cisco <\/strong><strong>CCNA (Cisco Certified Network Associate), <\/strong><\/li>\n<li><strong>CCDA <\/strong><strong>(Cisco Certified Design Associate), <\/strong><\/li>\n<li><strong>CCNA CyberOps, <\/strong><\/li>\n<li><strong>CCNA Security, <\/strong><\/li>\n<li><strong>CCNP (Cisco Certified Network Professional)<\/strong><\/li>\n<li><strong><a href=\"https:\/\/www.credly.com\/badges\/b4c23103-7e4f-4aaa-8dc1-45d77702cf9c\" target=\"_blank\" rel=\"noopener\" data-saferedirecturl=\"https:\/\/www.google.com\/url?q=https:\/\/www.credly.com\/badges\/b4c23103-7e4f-4aaa-8dc1-45d77702cf9c&amp;source=gmail&amp;ust=1652531635152000&amp;usg=AOvVaw3qh1BrxViUWM-yiOAxNnrK\">CCIE Security written<\/a><\/strong>&nbsp;(Cisco Certified Specialist Security Core)<\/li>\n<li><strong>y CCDP (Cisco Certified Design Professional) <\/strong>obtenidas en centros examinadores oficiales Pearson VUE,<\/li>\n<li>as\u00ed como las<strong> certificaciones de instructor CCAI<\/strong> (Cisco Certified Academy Instructor)<\/li>\n<li>y la<strong> certificaci\u00f3n de formador de instructores Cisco ITQ<\/strong> (Instructor Training Qualification) Spain,<\/li>\n<\/ul>\n<p>Todo esto garantiza en nuestro centro el <span style=\"text-decoration: underline;\">nivel de calidad m\u00e1s exigente para este tipo de formaci\u00f3n<\/span>.<\/p>\n<div align=\"justify\">Nuestros alumnos recibir\u00e1n gratuitamente la formaci\u00f3n adecuada para la <strong>obtenci\u00f3n de l<\/strong><strong>a certificaci\u00f3n industrial CCNA<\/strong> de Cisco Systems, una <strong>formaci\u00f3n valorada en otros centros en m\u00e1s de 2000 euros<\/strong>. Al finalizar dicha formaci\u00f3n, el alumno recibe de la propia Cisco Systems, una certificaci\u00f3n acad\u00e9mica de superaci\u00f3n del curso. En este momento el alumno se encuentra preparado para realizar el examen de certificaci\u00f3n industrial CCNA en un centro autorizado Pearson VUE.<\/div>\n<div align=\"justify\">&nbsp;<\/div>\n<div align=\"justify\">Adem\u00e1s disponemos de un <strong>aula-laboratorio de redes completamente equipada con 30 puestos de alumnos, 8 routers Cisco, 6 conmutadores Cisco, simulador de redes, puntos de acceso Cisco<\/strong> y todo el equipamiento adicional necesario para la realizaci\u00f3n de pr\u00e1cticas.<\/div>\n<div align=\"justify\">&nbsp;<\/div>\n<div align=\"justify\">Gracias a esta formaci\u00f3n <strong>nuestros alumnos disponen de un nivel muy elevado en el campo de las redes.<\/strong> Esto ha quedado reflejado en los <strong>campeonatos auton\u00f3micos y nacional de las SpainSkills<\/strong> de redes donde <strong>el representante del CIPFP Mislata <\/strong>fue<strong> campe\u00f3n del primer campeonato auton\u00f3mico de redes SkillsCV<\/strong> y <strong>medalla de oro en el campeonato nacional de FP SpainSkills<\/strong>&nbsp;<a href=\"https:\/\/www.fpmislata.com\/wordpress\/spainskills-2011-de-redes\/\" target=\"_blank\" rel=\"noopener\">Ver articulo sobre SpainSkills de redes <\/a><\/div>\n<div align=\"justify\"><strong>&nbsp;<\/strong><\/div>\n<div align=\"justify\">La certificaci\u00f3n <strong>CCNA<\/strong> asegura que el poseedor tiene conocimientos s\u00f3lidos en dise\u00f1o y configuraci\u00f3n de redes inform\u00e1ticas. Los t\u00e9cnicos <strong>CCNA<\/strong> son capaces de instalar, configurar y realizar la operativa de redes de \u00e1rea local (LAN), redes de \u00e1rea extensa (WAN) y servicios de acceso a redes corporativas. Esta certificaci\u00f3n constituye la base de toda una serie de certificaciones de Cisco Systems para los profesionales de las redes. Para m\u00e1s informaci\u00f3n, consulte la <a href=\"http:\/\/www.cisco.com\/c\/en\/us\/training-events\/training-certifications\/certifications.html\" target=\"_blank\" rel=\"noopener\">p\u00e1gina de certificaciones de Cisco Systems<\/a>.<\/div>\n<div align=\"justify\">&nbsp;<\/div>\n<div align=\"justify\">\n<p>Las principales tareas que puede realizar un t\u00e9cnico CCNA son:<\/p>\n<ul>\n<li>Instalar y configurar routers y switches <strong>Cisco<\/strong> en redes multiprotocolo en entornos de \u00e1rea local (LAN) y \u00e1rea extensa (WAN).<\/li>\n<li>Llevar a cabo tareas de soporte t\u00e9cnico de nivel 1<\/li>\n<li>Mantener y mejorar el rendimiento y la seguridad de las redes.<\/li>\n<\/ul>\n<p>Las posiciones profesionales m\u00e1s frecuentes para un t\u00e9cnico CCNA son la de ingeniero de soporte t\u00e9cnico, t\u00e9cnico de un equipo especializado en redes y t\u00e9cnico comercial de preventa para instalaciones del tipo y tama\u00f1o descritas anteriormente.<\/p>\n<\/div>\n","protected":false},"excerpt":{"rendered":"<p>Desde que en el a\u00f1o 1984 iniciara su andadura profesional, Cisco Systems se ha convertido en l\u00edder indiscutible en el sector de la Telecomunicaciones e Internet. Se estima que cerca del 80% del tr\u00e1fico de Internet circula por equipos desarrollados por este fabricante en todo el mundo. El programa Cisco Networking Academy Program (CNAP, en&hellip;<\/p>\n","protected":false},"author":1,"featured_media":0,"parent":77,"menu_order":0,"comment_status":"closed","ping_status":"closed","template":"","meta":{"ngg_post_thumbnail":0},"_links":{"self":[{"href":"https:\/\/www.fpmislata.com\/wordpress\/wp-json\/wp\/v2\/pages\/1663"}],"collection":[{"href":"https:\/\/www.fpmislata.com\/wordpress\/wp-json\/wp\/v2\/pages"}],"about":[{"href":"https:\/\/www.fpmislata.com\/wordpress\/wp-json\/wp\/v2\/types\/page"}],"author":[{"embeddable":true,"href":"https:\/\/www.fpmislata.com\/wordpress\/wp-json\/wp\/v2\/users\/1"}],"replies":[{"embeddable":true,"href":"https:\/\/www.fpmislata.com\/wordpress\/wp-json\/wp\/v2\/comments?post=1663"}],"version-history":[{"count":1,"href":"https:\/\/www.fpmislata.com\/wordpress\/wp-json\/wp\/v2\/pages\/1663\/revisions"}],"predecessor-version":[{"id":10074,"href":"https:\/\/www.fpmislata.com\/wordpress\/wp-json\/wp\/v2\/pages\/1663\/revisions\/10074"}],"up":[{"embeddable":true,"href":"https:\/\/www.fpmislata.com\/wordpress\/wp-json\/wp\/v2\/pages\/77"}],"wp:attachment":[{"href":"https:\/\/www.fpmislata.com\/wordpress\/wp-json\/wp\/v2\/media?parent=1663"}],"curies":[{"name":"wp","href":"https:\/\/api.w.org\/{rel}","templated":true}]}}