{"id":1752,"date":"2018-05-29T11:11:07","date_gmt":"2018-05-29T15:11:07","guid":{"rendered":"http:\/\/www.fpmislata.com\/wordpress\/?page_id=1752"},"modified":"2018-09-13T07:29:39","modified_gmt":"2018-09-13T11:29:39","slug":"cocope","status":"publish","type":"page","link":"https:\/\/www.fpmislata.com\/wordpress\/cocope\/","title":{"rendered":"COCOPE se puede borrar"},"content":{"rendered":"<p style=\"text-align: left;\"><span style=\"color: #000000; font-size: 12pt;\">Durant el curs actual la Comissi\u00f3 de Coordinaci\u00f3 Pedag\u00f2gica t\u00e9 els seg\u00fcents membres.<\/span><\/p>\n<table class=\" aligncenter\" style=\"height: 462px;\" border=\"0\" width=\"937\" align=\"center\">\n<tbody>\n<tr style=\"height: 25px;\">\n<td style=\"width: 1012px; height: 25px; background-color: #f21d1d;\" colspan=\"3\"><span style=\"color: #000000; font-size: 12pt;\"><strong>COMISSI\u00d3 DE COORDINACI\u00d3 PEDAG\u00d2GICA<\/strong><\/span><\/td>\n<\/tr>\n<tr style=\"height: 25px;\">\n<td style=\"width: 607.2px; height: 25px;\" align=\"center\"><span style=\"color: #000000; font-size: 12pt;\"><strong>Responsabilitat<\/strong><\/span><\/td>\n<td style=\"width: 404.8px; height: 25px;\" align=\"center\"><span style=\"color: #000000; font-size: 12pt;\"><strong>Representants<\/strong><\/span><\/td>\n<\/tr>\n<tr style=\"height: 195px;\" bgcolor=\"#eeeeee\">\n<td style=\"width: 607.2px; height: 195px;\" align=\"left\"><span style=\"color: #000000; font-size: 12pt;\">Equip Directiu<\/span><\/td>\n<td style=\"width: 404.8px; height: 195px;\" align=\"left\"><span style=\"color: #000000; font-size: 12pt;\">Joan Sarri\u00f3n (Director)<\/span><\/p>\n<p><span style=\"color: #000000; font-size: 12pt;\">Mariano Monz\u00f3 (Cap d&#8217;Estudis)<\/span><\/p>\n<p><span style=\"color: #000000; font-size: 12pt;\">Joan Murgui (Cap d&#8217;Estudis)<\/span><\/p>\n<p><span style=\"color: #000000; font-size: 12pt;\">Joaquin Escriche (Cap d&#8217;Estudis)<\/span><\/p>\n<p><span style=\"color: #000000; font-size: 12pt;\">Jos\u00e9 Vicente Coll (Vicedirector)<\/span><\/td>\n<\/tr>\n<tr style=\"height: 25px;\" bgcolor=\"#eeeeee\">\n<td style=\"width: 607.2px; height: 25px;\" align=\"left\"><span style=\"color: #000000; font-size: 12pt;\">Departament Administraci\u00f3 d&#8217;Empreses<\/span><\/td>\n<td style=\"width: 404.8px; height: 25px;\" align=\"left\"><span style=\"color: #000000; font-size: 12pt;\">Carlos Navarro<\/span><\/td>\n<\/tr>\n<tr style=\"height: 25px;\" bgcolor=\"#eeeeee\">\n<td style=\"width: 607.2px; height: 25px;\" align=\"left\"><span style=\"color: #000000; font-size: 12pt;\">Departament Comer\u00e7<\/span><\/td>\n<td style=\"width: 404.8px; height: 25px;\" align=\"left\"><span style=\"color: #000000; font-size: 12pt;\">Jes\u00fas Mart\u00edn<\/span><\/td>\n<\/tr>\n<tr style=\"height: 25px;\" bgcolor=\"#eeeeee\">\n<td style=\"width: 607.2px; height: 25px;\" align=\"left\"><span style=\"color: #000000; font-size: 12pt;\">Departament Formaci\u00f3 i Orientaci\u00f3 Laboral<\/span><\/td>\n<td style=\"width: 404.8px; height: 25px;\" align=\"left\"><span style=\"color: #000000; font-size: 12pt;\">Eva Nevot<\/span><\/td>\n<\/tr>\n<tr style=\"height: 25px;\" bgcolor=\"#eeeeee\">\n<td style=\"width: 607.2px; height: 25px;\" align=\"left\"><span style=\"color: #000000; font-size: 12pt;\">Departament Idiomes<\/span><\/td>\n<td style=\"width: 404.8px; height: 25px;\" align=\"left\"><span style=\"color: #000000; font-size: 12pt;\">Mati Guillem<\/span><\/td>\n<\/tr>\n<tr style=\"height: 25px;\" bgcolor=\"#eeeeee\">\n<td style=\"width: 607.2px; height: 25px;\" align=\"left\"><span style=\"color: #000000; font-size: 12pt;\">Departament Inform\u00e0tica<\/span><\/td>\n<td style=\"width: 404.8px; height: 25px;\" align=\"left\"><span style=\"color: #000000; font-size: 12pt;\">Toni Cambra<\/span><\/td>\n<\/tr>\n<tr style=\"height: 25px;\" bgcolor=\"#eeeeee\">\n<td style=\"width: 607.2px; height: 25px;\" align=\"left\"><span style=\"color: #000000; font-size: 12pt;\">Departament \u00d2ptica<\/span><\/td>\n<td style=\"width: 404.8px; height: 25px;\" align=\"left\"><span style=\"color: #000000; font-size: 12pt;\">Juan Jose Cortina<\/span><\/td>\n<\/tr>\n<tr style=\"height: 25px;\" bgcolor=\"#eeeeee\">\n<td style=\"width: 607.2px; height: 25px;\" align=\"left\"><span style=\"color: #000000; font-size: 12pt;\">Departament Orientaci\u00f3<\/span><\/td>\n<td style=\"width: 404.8px; height: 25px;\" align=\"left\"><span style=\"color: #000000; font-size: 12pt;\">Juan Miguel Mar\u00edn<\/span><\/td>\n<\/tr>\n<tr style=\"height: 25px;\" bgcolor=\"#eeeeee\">\n<td style=\"width: 607.2px; height: 25px;\" align=\"left\"><span style=\"color: #000000; font-size: 12pt;\">Departament Sanitat<\/span><\/td>\n<td style=\"width: 404.8px; height: 25px;\" align=\"left\"><span style=\"color: #000000; font-size: 12pt;\">Natividad Civera<\/span><\/td>\n<\/tr>\n<tr style=\"height: 25px;\" bgcolor=\"#eeeeee\">\n<td style=\"width: 607.2px; height: 25px;\" align=\"left\"><span style=\"color: #000000; font-size: 12pt;\">Departament Turisme<\/span><\/td>\n<td style=\"width: 404.8px; height: 25px;\" align=\"left\"><span style=\"color: #000000; font-size: 12pt;\">Guillermo Ib\u00e1\u00f1ez<\/span><\/td>\n<\/tr>\n<tr style=\"height: 25px;\">\n<td style=\"width: 607.2px; height: 25px;\"><span style=\"color: #000000; font-size: 12pt;\">Responsable de Pr\u00e1ctiques<\/span><\/td>\n<td style=\"width: 404.8px; height: 25px;\"><span style=\"color: #000000; font-size: 12pt;\">M\u00aa Angeles Bellver<\/span><\/td>\n<\/tr>\n<\/tbody>\n<\/table>\n<p>&nbsp;<\/p>\n","protected":false},"excerpt":{"rendered":"<p>Durant el curs actual la Comissi\u00f3 de Coordinaci\u00f3 Pedag\u00f2gica t\u00e9 els seg\u00fcents membres. COMISSI\u00d3 DE COORDINACI\u00d3 PEDAG\u00d2GICA Responsabilitat Representants Equip Directiu Joan Sarri\u00f3n (Director) Mariano Monz\u00f3 (Cap d&#8217;Estudis) Joan Murgui (Cap d&#8217;Estudis) Joaquin Escriche (Cap d&#8217;Estudis) Jos\u00e9 Vicente Coll (Vicedirector) Departament Administraci\u00f3 d&#8217;Empreses Carlos Navarro Departament Comer\u00e7 Jes\u00fas Mart\u00edn Departament Formaci\u00f3 i Orientaci\u00f3 Laboral Eva&hellip;<\/p>\n","protected":false},"author":1,"featured_media":0,"parent":0,"menu_order":0,"comment_status":"closed","ping_status":"closed","template":"","meta":{"ngg_post_thumbnail":0},"_links":{"self":[{"href":"https:\/\/www.fpmislata.com\/wordpress\/wp-json\/wp\/v2\/pages\/1752"}],"collection":[{"href":"https:\/\/www.fpmislata.com\/wordpress\/wp-json\/wp\/v2\/pages"}],"about":[{"href":"https:\/\/www.fpmislata.com\/wordpress\/wp-json\/wp\/v2\/types\/page"}],"author":[{"embeddable":true,"href":"https:\/\/www.fpmislata.com\/wordpress\/wp-json\/wp\/v2\/users\/1"}],"replies":[{"embeddable":true,"href":"https:\/\/www.fpmislata.com\/wordpress\/wp-json\/wp\/v2\/comments?post=1752"}],"version-history":[{"count":0,"href":"https:\/\/www.fpmislata.com\/wordpress\/wp-json\/wp\/v2\/pages\/1752\/revisions"}],"wp:attachment":[{"href":"https:\/\/www.fpmislata.com\/wordpress\/wp-json\/wp\/v2\/media?parent=1752"}],"curies":[{"name":"wp","href":"https:\/\/api.w.org\/{rel}","templated":true}]}}