{"id":2069,"date":"2018-06-07T05:36:59","date_gmt":"2018-06-07T09:36:59","guid":{"rendered":"http:\/\/www.fpmislata.com\/wordpress\/?page_id=2069"},"modified":"2025-05-12T14:25:05","modified_gmt":"2025-05-12T18:25:05","slug":"pruebas-de-acceso-universidad-inscripcion-ordinaria","status":"publish","type":"page","link":"https:\/\/www.fpmislata.com\/wordpress\/secretaria\/pruebas\/pruebas-de-acceso-universidad-inscripcion-ordinaria\/","title":{"rendered":"PAU. Inscripci\u00f3n Ordinaria"},"content":{"rendered":"<div class=\"su-heading su-heading-style-default su-heading-align-center\" id=\"\" style=\"font-size:16px;margin-bottom:20px\"><div class=\"su-heading-inner\"><strong><span style=\"color: #0000ff;\">PRUEBAS DE ACCESO A LA UNIVERSIDAD<\/span><\/strong><\/div><\/div>\n<p><span style=\"color: #ff0000;\"><strong>INSCRIPCI\u00d3N CONVOCATORIA ORDINARIA \u2013 JUNIO 2025 | JULIO 2025<\/strong><\/span><\/p>\n<hr>\n<p>Se podr\u00e1 realizar la inscripci\u00f3n siempre y cuando est\u00e9n superados en la convocatoria ordinaria (marzo-2025) todos los m\u00f3dulos, a excepci\u00f3n del Proyecto y la FCT<\/p>\n<p>La inscripci\u00f3n para alumnos del centro <span style=\"color: #000000;\"><strong>se realizar\u00e1 enviando la documentaci\u00f3n por correo electr\u00f3nico, del 19 al 23 de mayo de 2025 (hasta las 14:00h)<\/strong><\/span><\/p>\n<p>El correo electr\u00f3nico al que hay que enviar la documentaci\u00f3n es: <span style=\"color: #000000;\"><strong>pau@fpmislata.com<\/strong><\/span> (Se realizar\u00e1 en un solo env\u00edo)<\/p>\n<p>Asunto del correo electr\u00f3nico: PAU seguido de los apellidos y nombre.<\/p>\n<p>Documentaci\u00f3n a remitir:<\/p>\n<ol>\n<li>&nbsp;<a href=\"https:\/\/www.fpmislata.com\/wordpress\/wp-content\/uploads\/Modelo-Solicitud-pau-convocatoria-ordinaria-2025.pdf\" target=\"_blank\" rel=\"noopener noreferrer\">Solicitud<\/a>&nbsp;(Elegir entre 1 y 4 asignaturas que ponderan) (Rellenar, FIRMAR, y escanear) (Nombre del documento: PAU seguido del nombre y dos apellidos) (<span style=\"color: #000000;\"><strong>COMPROBAR ANTES DE ENVIAR<\/strong><\/span> que se han grabado los datos)<\/li>\n<li>&nbsp;Justificante de abono de tasas\n<ul>\n<li>Se realizar\u00e1 transferencia a la cuenta ES76-3058-2015-8927-2030-2910 (oficina n\u00ba 2015 de CAJAMAR, situada en la Avda. Blasco Iba\u00f1ez, 8 (Mislata))<\/li>\n<li>Titular de la cuenta: Centro Integrado P\u00fablico de FP Mislata<\/li>\n<\/ul>\n<\/li>\n<li>Copia del DNI<\/li>\n<\/ol>\n<hr>\n<p><i>Importe de las tasas:<\/i><\/p>\n<ul>\n<li>Tasa Ordinaria:78,20 \u20ac<\/li>\n<li>Bonificaci\u00f3n del 50%: 39,10\u20ac\n<ul>\n<li>Familia Numerosa Categor\u00eda General<\/li>\n<li>Familia Monoparental Categor\u00eda General<\/li>\n<\/ul>\n<\/li>\n<li>Exentos:&nbsp;\n<ul>\n<li>Familia Monoparental Categor\u00eda Especial<\/li>\n<li>Familia Numerosa Categor\u00eda Especial<\/li>\n<li>Discapacidad igual o superior al 33%&nbsp;<\/li>\n<li>Victima de violencia de g\u00e9nero<\/li>\n<li>V\u00edctima del terrorismo<\/li>\n<li>Estudiantes en situaci\u00f3n de exclusi\u00f3n social<\/li>\n<li>Estudiantes bajo tutela del sistema de protecci\u00f3n de menores o judicial<\/li>\n<\/ul>\n<\/li>\n<\/ul>\n<p>Es imprescindible acreditar documentalmente la situaci\u00f3n que da derecho a bonificaci\u00f3n o exenci\u00f3n.&nbsp;<\/p>\n<ul>\n<li style=\"list-style-type: none;\">&nbsp;<\/li>\n<\/ul>\n","protected":false},"excerpt":{"rendered":"<p>INSCRIPCI\u00d3N CONVOCATORIA ORDINARIA \u2013 JUNIO 2025 | JULIO 2025 Se podr\u00e1 realizar la inscripci\u00f3n siempre y cuando est\u00e9n superados en la convocatoria ordinaria (marzo-2025) todos los m\u00f3dulos, a excepci\u00f3n del Proyecto y la FCT La inscripci\u00f3n para alumnos del centro se realizar\u00e1 enviando la documentaci\u00f3n por correo electr\u00f3nico, del 19 al 23 de mayo de&hellip;<\/p>\n","protected":false},"author":1,"featured_media":0,"parent":549,"menu_order":0,"comment_status":"closed","ping_status":"closed","template":"","meta":{"ngg_post_thumbnail":0},"_links":{"self":[{"href":"https:\/\/www.fpmislata.com\/wordpress\/wp-json\/wp\/v2\/pages\/2069"}],"collection":[{"href":"https:\/\/www.fpmislata.com\/wordpress\/wp-json\/wp\/v2\/pages"}],"about":[{"href":"https:\/\/www.fpmislata.com\/wordpress\/wp-json\/wp\/v2\/types\/page"}],"author":[{"embeddable":true,"href":"https:\/\/www.fpmislata.com\/wordpress\/wp-json\/wp\/v2\/users\/1"}],"replies":[{"embeddable":true,"href":"https:\/\/www.fpmislata.com\/wordpress\/wp-json\/wp\/v2\/comments?post=2069"}],"version-history":[{"count":11,"href":"https:\/\/www.fpmislata.com\/wordpress\/wp-json\/wp\/v2\/pages\/2069\/revisions"}],"predecessor-version":[{"id":15684,"href":"https:\/\/www.fpmislata.com\/wordpress\/wp-json\/wp\/v2\/pages\/2069\/revisions\/15684"}],"up":[{"embeddable":true,"href":"https:\/\/www.fpmislata.com\/wordpress\/wp-json\/wp\/v2\/pages\/549"}],"wp:attachment":[{"href":"https:\/\/www.fpmislata.com\/wordpress\/wp-json\/wp\/v2\/media?parent=2069"}],"curies":[{"name":"wp","href":"https:\/\/api.w.org\/{rel}","templated":true}]}}