{"id":2086,"date":"2018-06-07T10:44:05","date_gmt":"2018-06-07T14:44:05","guid":{"rendered":"http:\/\/www.fpmislata.com\/wordpress\/?page_id=2086"},"modified":"2022-10-21T05:43:09","modified_gmt":"2022-10-21T09:43:09","slug":"historia","status":"publish","type":"page","link":"https:\/\/www.fpmislata.com\/wordpress\/el-centro-cipfp-mislata\/historia\/","title":{"rendered":"Historia"},"content":{"rendered":"<p>El Centro Integrado de Formaci\u00f3n Profesional de MIslata es un centro pionero y de referencia, con m\u00e1s de 30 a\u00f1os de experiencia formando a futuros profesionales de diversos sectores estrat\u00e9gicos de la Comunitat Valenciana.<\/p>\n<p>A lo largo de este tiempo, nuestro centro ha sufrido diversas transformaciones y ha introducido nuevas metodolog\u00edas y sistemas de trabajo, las cuales resumimos en la siguiente relaci\u00f3n cronol\u00f3gica:<\/p>\n<p><img loading=\"lazy\" class=\"alignnone wp-image-10957 size-full lazyload\" src=\"data:image\/gif;base64,R0lGODlhAQABAAAAACH5BAEKAAEALAAAAAABAAEAAAICTAEAOw==\" alt=\"Historia del CIPFP Mislata\" width=\"800\" height=\"2000\" sizes=\"(max-width: 800px) 100vw, 800px\" data-src=\"https:\/\/www.fpmislata.com\/wordpress\/wp-content\/uploads\/Infografi\u0301a-historia-Mislata.png\" data-srcset=\"https:\/\/www.fpmislata.com\/wordpress\/wp-content\/uploads\/Infografi\u0301a-historia-Mislata.png 800w, https:\/\/www.fpmislata.com\/wordpress\/wp-content\/uploads\/Infografi\u0301a-historia-Mislata-120x300.png 120w, https:\/\/www.fpmislata.com\/wordpress\/wp-content\/uploads\/Infografi\u0301a-historia-Mislata-320x800.png 320w, https:\/\/www.fpmislata.com\/wordpress\/wp-content\/uploads\/Infografi\u0301a-historia-Mislata-768x1920.png 768w, https:\/\/www.fpmislata.com\/wordpress\/wp-content\/uploads\/Infografi\u0301a-historia-Mislata-614x1536.png 614w\"><\/p>\n","protected":false},"excerpt":{"rendered":"<p>El Centro Integrado de Formaci\u00f3n Profesional de MIslata es un centro pionero y de referencia, con m\u00e1s de 30 a\u00f1os de experiencia formando a futuros profesionales de diversos sectores estrat\u00e9gicos de la Comunitat Valenciana. A lo largo de este tiempo, nuestro centro ha sufrido diversas transformaciones y ha introducido nuevas metodolog\u00edas y sistemas de trabajo,&hellip;<\/p>\n","protected":false},"author":1,"featured_media":0,"parent":21,"menu_order":0,"comment_status":"closed","ping_status":"closed","template":"","meta":{"ngg_post_thumbnail":0},"_links":{"self":[{"href":"https:\/\/www.fpmislata.com\/wordpress\/wp-json\/wp\/v2\/pages\/2086"}],"collection":[{"href":"https:\/\/www.fpmislata.com\/wordpress\/wp-json\/wp\/v2\/pages"}],"about":[{"href":"https:\/\/www.fpmislata.com\/wordpress\/wp-json\/wp\/v2\/types\/page"}],"author":[{"embeddable":true,"href":"https:\/\/www.fpmislata.com\/wordpress\/wp-json\/wp\/v2\/users\/1"}],"replies":[{"embeddable":true,"href":"https:\/\/www.fpmislata.com\/wordpress\/wp-json\/wp\/v2\/comments?post=2086"}],"version-history":[{"count":3,"href":"https:\/\/www.fpmislata.com\/wordpress\/wp-json\/wp\/v2\/pages\/2086\/revisions"}],"predecessor-version":[{"id":10958,"href":"https:\/\/www.fpmislata.com\/wordpress\/wp-json\/wp\/v2\/pages\/2086\/revisions\/10958"}],"up":[{"embeddable":true,"href":"https:\/\/www.fpmislata.com\/wordpress\/wp-json\/wp\/v2\/pages\/21"}],"wp:attachment":[{"href":"https:\/\/www.fpmislata.com\/wordpress\/wp-json\/wp\/v2\/media?parent=2086"}],"curies":[{"name":"wp","href":"https:\/\/api.w.org\/{rel}","templated":true}]}}