{"id":21,"date":"2018-03-05T13:30:57","date_gmt":"2018-03-05T13:30:57","guid":{"rendered":"http:\/\/www.fpmislata.com\/wordpress\/?page_id=21"},"modified":"2023-10-10T05:07:38","modified_gmt":"2023-10-10T09:07:38","slug":"el-centro-cipfp-mislata","status":"publish","type":"page","link":"https:\/\/www.fpmislata.com\/wordpress\/el-centro-cipfp-mislata\/","title":{"rendered":"El Centro"},"content":{"rendered":"<p><strong>&nbsp;Bienvenidos &nbsp;al CIPFP Mislata<\/strong>, un <span style=\"color: #ff0000;\">centro p\u00fablico especializado en la docencia de estudios de Formaci\u00f3n Profesional<\/span>.<\/p>\n<p style=\"text-align: center;\"><div class=\"su-custom-gallery su-custom-gallery-title-hover\"><div class=\"su-custom-gallery-slide\"><a href=\"http:\/\/www.fpmislata.com\/wordpress\/formacion\/ciclos-formativos-administracion-ga-sga-af\/\" title=\"ADMINISTRACI\u00d3N Y EMPRESAS\"><img src=\"data:image\/gif;base64,R0lGODlhAQABAAAAACH5BAEKAAEALAAAAAABAAEAAAICTAEAOw==\" alt=\"ADMINISTRACI\u00d3N Y EMPRESAS\" width=\"87\" height=\"80\" class=\"lazyload\" data-src=\"https:\/\/www.fpmislata.com\/wordpress\/wp-content\/uploads\/cipfp-mislata-valencia-marketing-ciclos-formativos-e1527934959318.jpg\"><span class=\"su-custom-gallery-title\">ADMINISTRACI\u00d3N Y EMPRESAS<\/span><\/a><\/div><div class=\"su-custom-gallery-slide\"><a href=\"http:\/\/www.fpmislata.com\/wordpress\/formacion\/ciclos-formativos-marketing-ac-ci-gv\/\" title=\"COMERCIO Y MARKETING\"><img src=\"data:image\/gif;base64,R0lGODlhAQABAAAAACH5BAEKAAEALAAAAAABAAEAAAICTAEAOw==\" alt=\"COMERCIO Y MARKETING\" width=\"87\" height=\"80\" class=\"lazyload\" data-src=\"https:\/\/www.fpmislata.com\/wordpress\/wp-content\/uploads\/comercioymarketing_blusa.jpg\"><span class=\"su-custom-gallery-title\">COMERCIO Y MARKETING<\/span><\/a><\/div><div class=\"su-custom-gallery-slide\"><a href=\"http:\/\/www.fpmislata.com\/wordpress\/formacion\/ciclos-formativos-informatica-smr-daw-dam-asir\/\" title=\"INFORM\u00c1TICA\"><img src=\"data:image\/gif;base64,R0lGODlhAQABAAAAACH5BAEKAAEALAAAAAABAAEAAAICTAEAOw==\" alt=\"INFORM\u00c1TICA\" width=\"87\" height=\"80\" class=\"lazyload\" data-src=\"https:\/\/www.fpmislata.com\/wordpress\/wp-content\/uploads\/fam_informatica.jpg\"><span class=\"su-custom-gallery-title\">INFORM\u00c1TICA<\/span><\/a><\/div><div class=\"su-custom-gallery-slide\"><a href=\"http:\/\/www.fpmislata.com\/wordpress\/formacion\/ciclos-formativos-sanidad-fp-cae-scae\/\" title=\"SANIDAD\"><img src=\"data:image\/gif;base64,R0lGODlhAQABAAAAACH5BAEKAAEALAAAAAABAAEAAAICTAEAOw==\" alt=\"SANIDAD\" width=\"87\" height=\"80\" class=\"lazyload\" data-src=\"https:\/\/www.fpmislata.com\/wordpress\/wp-content\/uploads\/fam_sanidad.jpg\"><span class=\"su-custom-gallery-title\">SANIDAD<\/span><\/a><\/div><div class=\"su-custom-gallery-slide\"><a href=\"http:\/\/www.fpmislata.com\/wordpress\/formacion\/ciclos-formativos-optica-op\/\" title=\"\u00d3PTICA\"><img src=\"data:image\/gif;base64,R0lGODlhAQABAAAAACH5BAEKAAEALAAAAAABAAEAAAICTAEAOw==\" alt=\"\u00d3PTICA\" width=\"87\" height=\"80\" class=\"lazyload\" data-src=\"https:\/\/www.fpmislata.com\/wordpress\/wp-content\/uploads\/fam_gafas.jpg\"><span class=\"su-custom-gallery-title\">\u00d3PTICA<\/span><\/a><\/div><div class=\"su-custom-gallery-slide\"><a href=\"http:\/\/www.fpmislata.com\/wordpress\/formacion\/ciclos-formativos-en-turismo-gia-avge-gat\/\" title=\"TURISMO\"><img src=\"data:image\/gif;base64,R0lGODlhAQABAAAAACH5BAEKAAEALAAAAAABAAEAAAICTAEAOw==\" alt=\"TURISMO\" width=\"87\" height=\"80\" class=\"lazyload\" data-src=\"https:\/\/www.fpmislata.com\/wordpress\/wp-content\/uploads\/fam_turismo-e1527934905136.jpg\"><span class=\"su-custom-gallery-title\">TURISMO<\/span><\/a><\/div><div class=\"su-clear\"><\/div><\/div>\n<p><strong>Solo impartimos este tipo de estudios en el que nos hemos especializado<\/strong>, ofertando todo tipo de posibilidades en este campo: la formaci\u00f3n reglada, la formaci\u00f3n a trav\u00e9s de pruebas libres, la formaci\u00f3n para el empleo y formaci\u00f3n semipresencial.<img loading=\"lazy\" class=\"alignright wp-image-10467 lazyload\" src=\"data:image\/gif;base64,R0lGODlhAQABAAAAACH5BAEKAAEALAAAAAABAAEAAAICTAEAOw==\" alt=\"sello ISO 9001 - SGS\" width=\"120\" height=\"115\" data-src=\"https:\/\/www.fpmislata.com\/wordpress\/wp-content\/uploads\/LogoSGS-150x150.png\"><\/p>\n<p>Adem\u00e1s somos el \u00fanico centro p\u00fablico de la Comunidad Valenciana <strong>certificados en la norma 9001<\/strong> en todos los procesos del centro<\/p>\n<p>.<\/p>\n<p>La<strong> formaci\u00f3n semipresencial<\/strong> consiste en una formaci\u00f3n casi a distancia, con una fuerte presencia de formaci\u00f3n a distancia, pero, con algunas clases presenciales en lo referente a algunos m\u00f3dulos pr\u00e1cticos.<\/p>\n<p>&nbsp;<\/p>\n<p><a href=\"https:\/\/www.fpmislata.com\/wordpress\/formacion\/formacion-dual\/\"><img loading=\"lazy\" class=\"alignleft wp-image-511 lazyload\" src=\"data:image\/gif;base64,R0lGODlhAQABAAAAACH5BAEKAAEALAAAAAABAAEAAAICTAEAOw==\" alt=\"fpdual-cipfp-mislata-formacion-dual\" width=\"180\" height=\"49\" sizes=\"(max-width: 180px) 100vw, 180px\" data-src=\"https:\/\/www.fpmislata.com\/wordpress\/wp-content\/uploads\/fpdual-cipfp-mislata-formacion-dual.png\" data-srcset=\"https:\/\/www.fpmislata.com\/wordpress\/wp-content\/uploads\/fpdual-cipfp-mislata-formacion-dual.png 467w, https:\/\/www.fpmislata.com\/wordpress\/wp-content\/uploads\/fpdual-cipfp-mislata-formacion-dual-300x82.png 300w\"><\/a>Tenemos <strong><a href=\"https:\/\/www.fpmislata.com\/wordpress\/formacion\/formacion-dual\/\">formaci\u00f3n Dual<\/a> <\/strong>en casi todos los ciclos formativos del centro compartiendo la formaci\u00f3n entre el centro y la empresa. &nbsp;<\/p>\n<p>&nbsp;<\/p>\n<p><a href=\"https:\/\/www.fpmislata.com\/wordpress\/departamentos\/informatica\/centro-cisco\/\"><img loading=\"lazy\" class=\"alignleft wp-image-1661 lazyload\" src=\"data:image\/gif;base64,R0lGODlhAQABAAAAACH5BAEKAAEALAAAAAABAAEAAAICTAEAOw==\" alt=\"\" width=\"80\" height=\"80\" data-src=\"https:\/\/www.fpmislata.com\/wordpress\/wp-content\/uploads\/logocisco.png\"><\/a>Somos un centro que pertenece al programa CNAP como &nbsp;<strong><a href=\"https:\/\/www.fpmislata.com\/wordpress\/departamentos\/informatica\/centro-cisco\/\">Academia Local Cisco Systems<\/a><\/strong>. Formaci\u00f3n adecuada para la obtenci\u00f3n de la Certificaci\u00f3n industrial CCNA de Cisco System.&nbsp;<\/p>\n<p>&nbsp;<\/p>\n<p>Por otro lado, el Ministerio de Educaci\u00f3n y FP seleccion\u00f3 en 2022 nuestro centro para formar parte de la red de <strong>Centros de excelencia de Formaci\u00f3n Profesional.<\/strong> El proyecto cuenta con una financiaci\u00f3n de 3 millones de euros para llevar a cabo los planes de calificaci\u00f3n e integraci\u00f3n, en el marco del componente 20 del Plan de Recuperaci\u00f3n, Transformaci\u00f3n y Resiliencia.<br \/>\n<img loading=\"lazy\" class=\"wp-image-12725 size-thumbnail aligncenter lazyload\" src=\"data:image\/gif;base64,R0lGODlhAQABAAAAACH5BAEKAAEALAAAAAABAAEAAAICTAEAOw==\" alt=\"\" width=\"150\" height=\"150\" sizes=\"(max-width: 150px) 100vw, 150px\" data-src=\"https:\/\/www.fpmislata.com\/wordpress\/wp-content\/uploads\/Ciberseguridad-2-150x150.png\" data-srcset=\"https:\/\/www.fpmislata.com\/wordpress\/wp-content\/uploads\/Ciberseguridad-2-150x150.png 150w, https:\/\/www.fpmislata.com\/wordpress\/wp-content\/uploads\/Ciberseguridad-2-300x300.png 300w, https:\/\/www.fpmislata.com\/wordpress\/wp-content\/uploads\/Ciberseguridad-2.png 598w\"><\/p>\n<p>Somos el \u00daNICO centro p\u00fablico de la Comunidad Valenciana homologado para impartir el <strong>Certificado Oficial AMADEUS<\/strong>. De implantaci\u00f3n progresiva, todos los alumnos de la familia profesional de turismo obtendr\u00e1n un certificado de formaci\u00f3n inicial homologado por Amadeus, y adecuado a cada ciclo, que se impartir\u00e1 durante el segundo curso acad\u00e9mico.<\/p>\n<p><img loading=\"lazy\" class=\"wp-image-3294 aligncenter lazyload\" src=\"data:image\/gif;base64,R0lGODlhAQABAAAAACH5BAEKAAEALAAAAAABAAEAAAICTAEAOw==\" alt=\"\" width=\"171\" height=\"23\" sizes=\"(max-width: 171px) 100vw, 171px\" data-src=\"https:\/\/www.fpmislata.com\/wordpress\/wp-content\/uploads\/AF_AMADEUS_POS_RGB.png\" data-srcset=\"https:\/\/www.fpmislata.com\/wordpress\/wp-content\/uploads\/AF_AMADEUS_POS_RGB.png 1062w, https:\/\/www.fpmislata.com\/wordpress\/wp-content\/uploads\/AF_AMADEUS_POS_RGB-300x40.png 300w, https:\/\/www.fpmislata.com\/wordpress\/wp-content\/uploads\/AF_AMADEUS_POS_RGB-768x103.png 768w, https:\/\/www.fpmislata.com\/wordpress\/wp-content\/uploads\/AF_AMADEUS_POS_RGB-800x107.png 800w\"><\/p>\n<p>&nbsp;<\/p>\n<p>La <strong>bolsa de trabajo<\/strong> mantendr\u00e1 viva la relaci\u00f3n con numerosos contactos para conocer vuestra situaci\u00f3n personal a\u00f1o tras a\u00f1o y poder facilitaros, en caso necesario, la posibilidad de encontrar empleo en el futuro.<\/p>\n<p>&nbsp;<\/p>\n<p><a href=\"https:\/\/www.fpmislata.com\/wordpress\/internacional\/\"><img loading=\"lazy\" class=\"alignleft wp-image-1828 lazyload\" src=\"data:image\/gif;base64,R0lGODlhAQABAAAAACH5BAEKAAEALAAAAAABAAEAAAICTAEAOw==\" alt=\"\" width=\"120\" height=\"34\" sizes=\"(max-width: 120px) 100vw, 120px\" data-src=\"https:\/\/www.fpmislata.com\/wordpress\/wp-content\/uploads\/Erasmus.jpg\" data-srcset=\"https:\/\/www.fpmislata.com\/wordpress\/wp-content\/uploads\/Erasmus.jpg 450w, https:\/\/www.fpmislata.com\/wordpress\/wp-content\/uploads\/Erasmus-300x85.jpg 300w\"><\/a>Gestionamos todos los<a href=\"https:\/\/www.fpmislata.com\/wordpress\/internacional\/\"> Programas de formaci\u00f3n en el extranjero<\/a> para facilitar la <strong>movilidad de nuestros alumnos y nuestros profesores.<\/strong> Eramus, Xarxa FP. Disponemos de la Declaraci\u00f3n de Pol\u00edtica Eramus.&nbsp;<\/p>\n<p>&nbsp;<\/p>\n<p>Este centro tiene acciones de Formaci\u00f3n Profesional cofinanciadas por el <strong>FONDO SOCIAL EUROPEO<\/strong>.<\/p>\n<p><a href=\"http:\/\/www.ceice.gva.es\/es\/web\/fse\"><img loading=\"lazy\" class=\"aligncenter wp-image-1541 size-thumbnail lazyload\" src=\"data:image\/gif;base64,R0lGODlhAQABAAAAACH5BAEKAAEALAAAAAABAAEAAAICTAEAOw==\" alt=\"\" width=\"150\" height=\"150\" data-src=\"https:\/\/www.fpmislata.com\/wordpress\/wp-content\/uploads\/FSEpos_val-150x150.jpg\"><\/a><\/p>\n<p>En esta p\u00e1gina web encontrar\u00e1s numerosa informaci\u00f3n para que puedas conocernos con mayor profundidad, te invito a navegar por ella y ver las diferentes secciones que la componen.<\/p>\n<p>Nuestro objetivo es ayudar a mejora la calidad de vida de las personas. Queremos ir por el Camino de la Excelencia.&nbsp;<strong>Ven a formarte con nosotros.<\/strong><\/p>\n<p>&nbsp;<\/p>\n","protected":false},"excerpt":{"rendered":"<p>&nbsp;Bienvenidos &nbsp;al CIPFP Mislata, un centro p\u00fablico especializado en la docencia de estudios de Formaci\u00f3n Profesional. Solo impartimos este tipo de estudios en el que nos hemos especializado, ofertando todo tipo de posibilidades en este campo: la formaci\u00f3n reglada, la formaci\u00f3n a trav\u00e9s de pruebas libres, la formaci\u00f3n para el empleo y formaci\u00f3n semipresencial. Adem\u00e1s&hellip;<\/p>\n","protected":false},"author":1,"featured_media":1592,"parent":0,"menu_order":0,"comment_status":"closed","ping_status":"closed","template":"","meta":{"ngg_post_thumbnail":0},"_links":{"self":[{"href":"https:\/\/www.fpmislata.com\/wordpress\/wp-json\/wp\/v2\/pages\/21"}],"collection":[{"href":"https:\/\/www.fpmislata.com\/wordpress\/wp-json\/wp\/v2\/pages"}],"about":[{"href":"https:\/\/www.fpmislata.com\/wordpress\/wp-json\/wp\/v2\/types\/page"}],"author":[{"embeddable":true,"href":"https:\/\/www.fpmislata.com\/wordpress\/wp-json\/wp\/v2\/users\/1"}],"replies":[{"embeddable":true,"href":"https:\/\/www.fpmislata.com\/wordpress\/wp-json\/wp\/v2\/comments?post=21"}],"version-history":[{"count":4,"href":"https:\/\/www.fpmislata.com\/wordpress\/wp-json\/wp\/v2\/pages\/21\/revisions"}],"predecessor-version":[{"id":12726,"href":"https:\/\/www.fpmislata.com\/wordpress\/wp-json\/wp\/v2\/pages\/21\/revisions\/12726"}],"wp:featuredmedia":[{"embeddable":true,"href":"https:\/\/www.fpmislata.com\/wordpress\/wp-json\/wp\/v2\/media\/1592"}],"wp:attachment":[{"href":"https:\/\/www.fpmislata.com\/wordpress\/wp-json\/wp\/v2\/media?parent=21"}],"curies":[{"name":"wp","href":"https:\/\/api.w.org\/{rel}","templated":true}]}}