{"id":215,"date":"2018-03-10T20:22:48","date_gmt":"2018-03-10T20:22:48","guid":{"rendered":"http:\/\/www.fpmislata.com\/wordpress\/?page_id=215"},"modified":"2023-09-29T03:51:54","modified_gmt":"2023-09-29T07:51:54","slug":"situacion-y-acceso","status":"publish","type":"page","link":"https:\/\/www.fpmislata.com\/wordpress\/el-centro-cipfp-mislata\/situacion-y-acceso\/","title":{"rendered":"Situaci\u00f3n y acceso"},"content":{"rendered":"<p>F\u00edsicamente el centro radica en el municipio del mismo nombre, Mislata, en el extremo del n\u00facleo urbano que linda con la vecina poblaci\u00f3n de Quart de Poblet, junto al Hospital Militar, lo que nos ofrece el privilegio de encontrarnos rodeados de las pocas zonas de huerta del municipio.<\/p>\n<p>El hecho de que el centro tenga el mismo nombre que el municipio se debe precisamente a facilitar su ubicaci\u00f3n geogr\u00e1fica, ya que este centro al ser exclusivamente de Formaci\u00f3n Profesional, con una gran oferta de ciclos formativos, tiene referencia comarcal y atrae alumnos de todas las poblaciones cercanas, Paterna, Quart de Poblet, Manises, Aldaya, Chirivella e incluso la propia ciudad de Valencia.<\/p>\n<p>La situaci\u00f3n geogr\u00e1fica del centro es la siguiente (Coordenadas 39.481856,-0.421328):<\/p>\n<p style=\"text-align: left;\"><iframe loading=\"lazy\" style=\"border: 0;\" src=\"about:blank\" width=\"400\" height=\"300\" frameborder=\"0\" allowfullscreen=\"allowfullscreen\" class=\"lazyload\" data-src=\"https:\/\/www.google.com\/maps\/embed?pb=!1m18!1m12!1m3!1d3079.4493052336716!2d-0.4235096846970454!3d39.481767979484744!2m3!1f0!2f0!3f0!3m2!1i1024!2i768!4f13.1!3m3!1m2!1s0xd604f8617fad98b%3A0x64245170a3e4b5bc!2sCIPFP+MISLATA!5e0!3m2!1ses!2ses!4v1520713328123\"><\/iframe><\/p>\n<p>El acceso al centro se puede realizar mediante:<\/p>\n<p><strong><span style=\"font-size: 1rem;\">Metro: <\/span><\/strong><\/p>\n<ul>\n<li><span style=\"font-size: 1rem;\">L\u00edneas 3 y 5. Parada: Mislata-Almassil.<\/span><\/li>\n<\/ul>\n<p><strong>Autobus Fernanbus:<\/strong><\/p>\n<ul>\n<li>L\u00ednea 150 (Manises &#8211; Quart de Poblet &#8211; Mislata &#8211; Val\u00e8ncia). Parada: Carrer San Antonio.<\/li>\n<li>L\u00ednea 161 (Mislata-Quart de Poblet -B\u00ba del Cristo-Aldaia-Alaquas-Xirivella-Val\u00e8ncia) Parada: Carrer San Antonio.<\/li>\n<\/ul>\n<p>Asimismo, el centro dispone de una amplia zona de parking, tanto en el interior como en el interior, para albergar a todos los veh\u00edculos de aquellas personas, alumnos, profesores, empresarios, proveedores, familiares, etc, que deseen venir con veh\u00edculo propio.<\/p>\n<table style=\"width: 100%; border-collapse: collapse;\" cellspacing=\"5\">\n<tbody>\n<tr>\n<td style=\"width: 50%;\"><a href=\"https:\/\/my.matterport.com\/show\/?m=Yah8FF5vR5F\" target=\"_blank\" rel=\"noopener\"><img src=\"data:image\/gif;base64,R0lGODlhAQABAAAAACH5BAEKAAEALAAAAAABAAEAAAICTAEAOw==\" class=\"lazyload\" data-src=\"https:\/\/my.matterport.com\/api\/v2\/player\/models\/Yah8FF5vR5F\/thumb\/\"><\/a><\/td>\n<td style=\"width: 50%;\">&nbsp; &nbsp;Visita nuestro centro<\/p>\n<p>&nbsp; &nbsp;<a href=\"https:\/\/my.matterport.com\/show\/?m=Yah8FF5vR5F\" target=\"_blank\" rel=\"noopener\">TOUR VIRTUAL 3D<\/a><\/td>\n<\/tr>\n<\/tbody>\n<\/table>\n","protected":false},"excerpt":{"rendered":"<p>F\u00edsicamente el centro radica en el municipio del mismo nombre, Mislata, en el extremo del n\u00facleo urbano que linda con la vecina poblaci\u00f3n de Quart de Poblet, junto al Hospital Militar, lo que nos ofrece el privilegio de encontrarnos rodeados de las pocas zonas de huerta del municipio. El hecho de que el centro tenga&hellip;<\/p>\n","protected":false},"author":1,"featured_media":0,"parent":21,"menu_order":0,"comment_status":"closed","ping_status":"closed","template":"","meta":{"ngg_post_thumbnail":0},"_links":{"self":[{"href":"https:\/\/www.fpmislata.com\/wordpress\/wp-json\/wp\/v2\/pages\/215"}],"collection":[{"href":"https:\/\/www.fpmislata.com\/wordpress\/wp-json\/wp\/v2\/pages"}],"about":[{"href":"https:\/\/www.fpmislata.com\/wordpress\/wp-json\/wp\/v2\/types\/page"}],"author":[{"embeddable":true,"href":"https:\/\/www.fpmislata.com\/wordpress\/wp-json\/wp\/v2\/users\/1"}],"replies":[{"embeddable":true,"href":"https:\/\/www.fpmislata.com\/wordpress\/wp-json\/wp\/v2\/comments?post=215"}],"version-history":[{"count":3,"href":"https:\/\/www.fpmislata.com\/wordpress\/wp-json\/wp\/v2\/pages\/215\/revisions"}],"predecessor-version":[{"id":12701,"href":"https:\/\/www.fpmislata.com\/wordpress\/wp-json\/wp\/v2\/pages\/215\/revisions\/12701"}],"up":[{"embeddable":true,"href":"https:\/\/www.fpmislata.com\/wordpress\/wp-json\/wp\/v2\/pages\/21"}],"wp:attachment":[{"href":"https:\/\/www.fpmislata.com\/wordpress\/wp-json\/wp\/v2\/media?parent=215"}],"curies":[{"name":"wp","href":"https:\/\/api.w.org\/{rel}","templated":true}]}}