{"id":244,"date":"2018-03-11T09:14:55","date_gmt":"2018-03-11T09:14:55","guid":{"rendered":"http:\/\/www.fpmislata.com\/wordpress\/?page_id=244"},"modified":"2025-12-10T10:37:45","modified_gmt":"2025-12-10T14:37:45","slug":"ciclos-formativos-administracion-ga-sga-af","status":"publish","type":"page","link":"https:\/\/www.fpmislata.com\/wordpress\/formacion\/ciclos-formativos-administracion-ga-sga-af\/","title":{"rendered":"Ciclos formativos en Administraci\u00f3n."},"content":{"rendered":"\t\t<div data-elementor-type=\"wp-page\" data-elementor-id=\"244\" class=\"elementor elementor-244\" data-elementor-settings=\"[]\">\n\t\t\t\t\t\t<div class=\"elementor-inner\">\n\t\t\t\t\t\t\t<div class=\"elementor-section-wrap\">\n\t\t\t\t\t\t\t<section class=\"elementor-section elementor-top-section elementor-element elementor-element-5f61381 elementor-section-boxed elementor-section-height-default elementor-section-height-default\" data-id=\"5f61381\" data-element_type=\"section\">\n\t\t\t\t\t\t<div class=\"elementor-container elementor-column-gap-default\">\n\t\t\t\t\t\t\t<div class=\"elementor-row\">\n\t\t\t\t\t<div class=\"elementor-column elementor-col-50 elementor-top-column elementor-element elementor-element-3907f30\" data-id=\"3907f30\" data-element_type=\"column\">\n\t\t\t<div class=\"elementor-column-wrap elementor-element-populated\">\n\t\t\t\t\t\t\t<div class=\"elementor-widget-wrap\">\n\t\t\t\t\t\t<div class=\"elementor-element elementor-element-9c77d61 elementor-button-info elementor-align-center elementor-widget elementor-widget-button\" data-id=\"9c77d61\" data-element_type=\"widget\" data-widget_type=\"button.default\">\n\t\t\t\t<div class=\"elementor-widget-container\">\n\t\t\t\t\t<div class=\"elementor-button-wrapper\">\n\t\t\t<a href=\"https:\/\/www.fpmislata.com\/wordpress\/departamentos\/administracion\/\" class=\"elementor-button-link elementor-button elementor-size-sm\" role=\"button\">\n\t\t\t\t\t\t<span class=\"elementor-button-content-wrapper\">\n\t\t\t\t\t\t<span class=\"elementor-button-icon elementor-align-icon-left\">\n\t\t\t\t<i aria-hidden=\"true\" class=\"fas fa-house-user\"><\/i>\t\t\t<\/span>\n\t\t\t\t\t\t<span class=\"elementor-button-text\">Departamento Administraci\u00f3n<\/span>\n\t\t<\/span>\n\t\t\t\t\t<\/a>\n\t\t<\/div>\n\t\t\t\t<\/div>\n\t\t\t\t<\/div>\n\t\t\t\t\t\t<\/div>\n\t\t\t\t\t<\/div>\n\t\t<\/div>\n\t\t\t\t<div class=\"elementor-column elementor-col-50 elementor-top-column elementor-element elementor-element-0ea846d\" data-id=\"0ea846d\" data-element_type=\"column\">\n\t\t\t<div class=\"elementor-column-wrap elementor-element-populated\">\n\t\t\t\t\t\t\t<div class=\"elementor-widget-wrap\">\n\t\t\t\t\t\t<div class=\"elementor-element elementor-element-330bddb elementor-button-info elementor-align-center elementor-widget elementor-widget-button\" data-id=\"330bddb\" data-element_type=\"widget\" data-widget_type=\"button.default\">\n\t\t\t\t<div class=\"elementor-widget-container\">\n\t\t\t\t\t<div class=\"elementor-button-wrapper\">\n\t\t\t<a href=\"https:\/\/www.fpmislata.com\/wordpress\/secretaria\/proceso-admision-informacion\/\" class=\"elementor-button-link elementor-button elementor-size-sm\" role=\"button\">\n\t\t\t\t\t\t<span class=\"elementor-button-content-wrapper\">\n\t\t\t\t\t\t<span class=\"elementor-button-icon elementor-align-icon-left\">\n\t\t\t\t<i aria-hidden=\"true\" class=\"fas fa-laptop\"><\/i>\t\t\t<\/span>\n\t\t\t\t\t\t<span class=\"elementor-button-text\">Admisi\u00f3n<\/span>\n\t\t<\/span>\n\t\t\t\t\t<\/a>\n\t\t<\/div>\n\t\t\t\t<\/div>\n\t\t\t\t<\/div>\n\t\t\t\t\t\t<\/div>\n\t\t\t\t\t<\/div>\n\t\t<\/div>\n\t\t\t\t\t\t\t\t<\/div>\n\t\t\t\t\t<\/div>\n\t\t<\/section>\n\t\t\t\t<section class=\"elementor-section elementor-top-section elementor-element elementor-element-376ea43 elementor-section-boxed elementor-section-height-default elementor-section-height-default\" data-id=\"376ea43\" data-element_type=\"section\">\n\t\t\t\t\t\t<div class=\"elementor-container elementor-column-gap-default\">\n\t\t\t\t\t\t\t<div class=\"elementor-row\">\n\t\t\t\t\t<div class=\"elementor-column elementor-col-25 elementor-top-column elementor-element elementor-element-699d30e\" data-id=\"699d30e\" data-element_type=\"column\">\n\t\t\t<div class=\"elementor-column-wrap\">\n\t\t\t\t\t\t\t<div class=\"elementor-widget-wrap\">\n\t\t\t\t\t\t\t\t<\/div>\n\t\t\t\t\t<\/div>\n\t\t<\/div>\n\t\t\t\t<div class=\"elementor-column elementor-col-25 elementor-top-column elementor-element elementor-element-c13c6d3\" data-id=\"c13c6d3\" data-element_type=\"column\">\n\t\t\t<div class=\"elementor-column-wrap elementor-element-populated\">\n\t\t\t\t\t\t\t<div class=\"elementor-widget-wrap\">\n\t\t\t\t\t\t<div class=\"elementor-element elementor-element-2d845b0 elementor-aspect-ratio-169 elementor-widget elementor-widget-video\" data-id=\"2d845b0\" data-element_type=\"widget\" data-settings=\"{&quot;youtube_url&quot;:&quot;https:\\\/\\\/youtu.be\\\/oeg_iDyL2TI&quot;,&quot;video_type&quot;:&quot;youtube&quot;,&quot;controls&quot;:&quot;yes&quot;,&quot;aspect_ratio&quot;:&quot;169&quot;}\" data-widget_type=\"video.default\">\n\t\t\t\t<div class=\"elementor-widget-container\">\n\t\t\t\t\t<div class=\"elementor-wrapper elementor-fit-aspect-ratio elementor-open-inline\">\n\t\t\t<div class=\"elementor-video\"><\/div>\t\t<\/div>\n\t\t\t\t<\/div>\n\t\t\t\t<\/div>\n\t\t\t\t\t\t<\/div>\n\t\t\t\t\t<\/div>\n\t\t<\/div>\n\t\t\t\t<div class=\"elementor-column elementor-col-25 elementor-top-column elementor-element elementor-element-12078d7\" data-id=\"12078d7\" data-element_type=\"column\">\n\t\t\t<div class=\"elementor-column-wrap elementor-element-populated\">\n\t\t\t\t\t\t\t<div class=\"elementor-widget-wrap\">\n\t\t\t\t\t\t<div class=\"elementor-element elementor-element-834618e elementor-aspect-ratio-169 elementor-widget elementor-widget-video\" data-id=\"834618e\" data-element_type=\"widget\" data-settings=\"{&quot;youtube_url&quot;:&quot;https:\\\/\\\/youtu.be\\\/WH0d5urskyY&quot;,&quot;video_type&quot;:&quot;youtube&quot;,&quot;controls&quot;:&quot;yes&quot;,&quot;aspect_ratio&quot;:&quot;169&quot;}\" data-widget_type=\"video.default\">\n\t\t\t\t<div class=\"elementor-widget-container\">\n\t\t\t\t\t<div class=\"elementor-wrapper elementor-fit-aspect-ratio elementor-open-inline\">\n\t\t\t<div class=\"elementor-video\"><\/div>\t\t<\/div>\n\t\t\t\t<\/div>\n\t\t\t\t<\/div>\n\t\t\t\t\t\t<\/div>\n\t\t\t\t\t<\/div>\n\t\t<\/div>\n\t\t\t\t<div class=\"elementor-column elementor-col-25 elementor-top-column elementor-element elementor-element-bc335ed\" data-id=\"bc335ed\" data-element_type=\"column\">\n\t\t\t<div class=\"elementor-column-wrap\">\n\t\t\t\t\t\t\t<div class=\"elementor-widget-wrap\">\n\t\t\t\t\t\t\t\t<\/div>\n\t\t\t\t\t<\/div>\n\t\t<\/div>\n\t\t\t\t\t\t\t\t<\/div>\n\t\t\t\t\t<\/div>\n\t\t<\/section>\n\t\t\t\t<section class=\"elementor-section elementor-top-section elementor-element elementor-element-18b691e9 elementor-section-boxed elementor-section-height-default elementor-section-height-default\" data-id=\"18b691e9\" data-element_type=\"section\">\n\t\t\t\t\t\t<div class=\"elementor-container elementor-column-gap-default\">\n\t\t\t\t\t\t\t<div class=\"elementor-row\">\n\t\t\t\t\t<div class=\"elementor-column elementor-col-100 elementor-top-column elementor-element elementor-element-71a69e0\" data-id=\"71a69e0\" data-element_type=\"column\">\n\t\t\t<div class=\"elementor-column-wrap elementor-element-populated\">\n\t\t\t\t\t\t\t<div class=\"elementor-widget-wrap\">\n\t\t\t\t\t\t<div class=\"elementor-element elementor-element-74d3893e elementor-widget elementor-widget-text-editor\" data-id=\"74d3893e\" data-element_type=\"widget\" data-widget_type=\"text-editor.default\">\n\t\t\t\t<div class=\"elementor-widget-container\">\n\t\t\t\t\t\t\t\t<div class=\"elementor-text-editor elementor-clearfix\">\n\t\t\t\t\t<hr \/><p><div class=\"su-tabs su-tabs-style-default su-tabs-mobile-stack\" data-active=\"1\" data-scroll-offset=\"0\" data-anchor-in-url=\"no\"><div class=\"su-tabs-nav\"><span class=\"\" data-url=\"\" data-target=\"blank\" tabindex=\"0\" role=\"button\"><strong>Ciclos Formativos<\/strong><\/span><span class=\"\" data-url=\"\" data-target=\"blank\" tabindex=\"0\" role=\"button\"><strong>Salidas Profesionales<\/strong><\/span><span class=\"\" data-url=\"\" data-target=\"blank\" tabindex=\"0\" role=\"button\"><strong>Europass Certificate<\/strong><\/span><\/div><div class=\"su-tabs-panes\"><div class=\"su-tabs-pane su-u-clearfix su-u-trim\" data-title=\"&lt;strong&gt;Ciclos Formativos&lt;\/strong&gt;\"><\/p><p><div class=\"su-heading su-heading-style-default su-heading-align-center\" id=\"\" style=\"font-size:13px;margin-bottom:20px\"><div class=\"su-heading-inner\"><a href=\"https:\/\/ceice.gva.es\/es\/web\/formacion-profesional\/publicador-de-cicles\/-\/asset_publisher\/M0SqOt5YOf05\/content\/ciclo-formativo-gestion-administrativa\">GA y SGA &#8211; T\u00c9CNICO GESTI\u00d3N ADMINISTRATIVA<\/a>\u00a0 \u00a0\u00a0<\/div><\/div><\/p><table style=\"height: 50px; width: 100%;\" width=\"502\"><tbody><tr style=\"height: 25px;\"><td style=\"height: 25px; width: 73.5198%;\" width=\"306\"><strong>M\u00f3dulos Profesionales<\/strong><\/td><td style=\"height: 25px; width: 26.3158%; text-align: left;\" width=\"113\"><strong>TURNO<\/strong><\/td><\/tr><tr style=\"height: 25px;\"><td style=\"height: 25px; width: 73.5198%;\" width=\"306\"><ul data-start=\"501\" data-end=\"1102\"><li data-start=\"501\" data-end=\"521\"><p data-start=\"503\" data-end=\"521\">Ingl\u00e9s profesional GM<\/p><\/li><li data-start=\"501\" data-end=\"521\"><p data-start=\"503\" data-end=\"521\">Comunicaci\u00f3n empresarial y atenci\u00f3n al cliente<\/p><\/li><li data-start=\"501\" data-end=\"521\"><p data-start=\"503\" data-end=\"521\">Operaciones administrativas de compraventa<\/p><\/li><li data-start=\"501\" data-end=\"521\"><p data-start=\"503\" data-end=\"521\">Empresa y administraci\u00f3n<\/p><\/li><li data-start=\"501\" data-end=\"521\"><p data-start=\"503\" data-end=\"521\">Tratamiento inform\u00e1tico de la informaci\u00f3n<\/p><\/li><li data-start=\"501\" data-end=\"521\"><p data-start=\"503\" data-end=\"521\">T\u00e9cnica contable<\/p><\/li><li data-start=\"501\" data-end=\"521\"><p data-start=\"503\" data-end=\"521\">Itinerario personal para la empleabilidad I<\/p><\/li><li data-start=\"501\" data-end=\"521\">Operaciones administrativas de recursos humanos<\/li><li data-start=\"501\" data-end=\"521\">Tratamiento de la documentaci\u00f3n contable<\/li><li data-start=\"501\" data-end=\"521\">Empresa en el aula<\/li><li data-start=\"501\" data-end=\"521\">Operaciones auxiliares de gesti\u00f3n de tesorer\u00eda<\/li><li data-start=\"501\" data-end=\"521\">Itinerario personal para la empleabilidad II<\/li><li data-start=\"501\" data-end=\"521\">M\u00f3dulo optativo<\/li><li data-start=\"501\" data-end=\"521\">Sostenibilidad aplicada al sistema productivo<\/li><li data-start=\"501\" data-end=\"521\">Digitalizaci\u00f3n aplicada al\u00a0 sistema productivo<\/li><li data-start=\"501\" data-end=\"521\">Proyecto intermodular<\/li><\/ul><\/td><td style=\"height: 25px; vertical-align: top;\"><p>GA-MA\u00d1ANA<\/p><p>SGA-SEMIPRESENCIAL<\/p><\/td><\/tr><\/tbody><\/table><p><div class=\"su-heading su-heading-style-default su-heading-align-center\" id=\"\" style=\"font-size:13px;margin-bottom:20px\"><div class=\"su-heading-inner\"><a href=\"https:\/\/ceice.gva.es\/es\/web\/formacion-profesional\/publicador-de-cicles\/-\/asset_publisher\/M0SqOt5YOf05\/content\/ciclo-formativo-administracion-y-finanzas-loe-?redirect=\/web\/formacion-profesional\/oferta-de-ciclos-formativos-de-formacion-profesional\" target=\"_blank\" rel=\"noopener\">AF y SAF &#8211; T\u00c9CNICO SUPERIOR EN ADMINISTRACI\u00d3N Y FINANZAS <\/a>\u00a0 \u00a0 \u00a0 <\/div><\/div><\/p><table style=\"height: 375px; width: 100%;\" width=\"541\"><tbody><tr style=\"height: 25px;\"><td style=\"width: 73.0263%; height: 25px;\" width=\"306\"><strong>M\u00f3dulos Profesionales<\/strong><\/td><td style=\"width: 26.8092%; height: 25px; text-align: left;\" width=\"113\"><strong>TURNO<\/strong><\/td><\/tr><tr style=\"height: 25px;\"><td style=\"width: 73.0263%; height: 25px;\" width=\"306\"><ul><li data-start=\"405\" data-end=\"428\"><p data-start=\"407\" data-end=\"428\">Ingl\u00e9s profesional<\/p><\/li><li data-start=\"405\" data-end=\"428\"><p data-start=\"407\" data-end=\"428\">Gesti\u00f3n de la documentaci\u00f3n jur\u00eddica y empresarial<\/p><\/li><li data-start=\"405\" data-end=\"428\"><p data-start=\"407\" data-end=\"428\">Recursos humanos y responsabilidad social corporativa<\/p><\/li><li data-start=\"405\" data-end=\"428\"><p data-start=\"407\" data-end=\"428\">Ofim\u00e1tica y proceso de la informaci\u00f3n<\/p><\/li><li data-start=\"405\" data-end=\"428\"><p data-start=\"407\" data-end=\"428\">Proceso integral de la actividad comercial<\/p><\/li><li data-start=\"405\" data-end=\"428\"><p data-start=\"407\" data-end=\"428\">Comunicaci\u00f3n y atenci\u00f3n al cliente<\/p><\/li><li data-start=\"405\" data-end=\"428\"><p data-start=\"407\" data-end=\"428\">Itinerario personal para la empleabilidad I<\/p><\/li><li data-start=\"405\" data-end=\"428\"><p data-start=\"407\" data-end=\"428\">Proyecto intermodular de Administraci\u00f3n y Finanzas<\/p><\/li><li data-start=\"405\" data-end=\"428\"><p data-start=\"407\" data-end=\"428\">Gesti\u00f3n de recursos humanos<\/p><\/li><li data-start=\"405\" data-end=\"428\"><p data-start=\"407\" data-end=\"428\">Gesti\u00f3n financiera<\/p><\/li><li data-start=\"405\" data-end=\"428\"><p data-start=\"407\" data-end=\"428\">Contabilidad y fiscalidad<\/p><\/li><li data-start=\"405\" data-end=\"428\"><p data-start=\"407\" data-end=\"428\">Gesti\u00f3n log\u00edstica y comercial<\/p><\/li><li data-start=\"405\" data-end=\"428\"><p data-start=\"407\" data-end=\"428\">Simulaci\u00f3n empresarial<\/p><\/li><li data-start=\"405\" data-end=\"428\"><p data-start=\"407\" data-end=\"428\">Itinerario personal para la empleabilidad II<\/p><\/li><li data-start=\"405\" data-end=\"428\"><p data-start=\"407\" data-end=\"428\">Proyecto intermodular de Administraci\u00f3n y Finanzas<\/p><\/li><li data-start=\"405\" data-end=\"428\"><p data-start=\"407\" data-end=\"428\">M\u00f3dulo optativo<\/p><\/li><li data-start=\"405\" data-end=\"428\"><p data-start=\"407\" data-end=\"428\">Digitalizaci\u00f3n aplicada al sistema productivo<\/p><\/li><li data-start=\"405\" data-end=\"428\"><p data-start=\"407\" data-end=\"428\">Sostenibilidad aplicada al sistema productivo<\/p><\/li><\/ul><\/td><td style=\"width: 26.8092%; height: 350px; vertical-align: top;\" width=\"113\"><p style=\"text-align: left;\">AF-MA\u00d1ANA<\/p><p style=\"text-align: left;\">SAF-SEMIPRESENCIAL<\/p><\/td><\/tr><\/tbody><\/table><p><\/div>\n<div class=\"su-tabs-pane su-u-clearfix su-u-trim\" data-title=\"&lt;strong&gt;Salidas Profesionales&lt;\/strong&gt;\"><br \/><div class=\"su-heading su-heading-style-default su-heading-align-center\" id=\"\" style=\"font-size:13px;margin-bottom:20px\"><div class=\"su-heading-inner\">\u00a0<span style=\"color: #000080; font-size: 12pt;\"> <strong>SALIDAS PROFESIONALES GESTI\u00d3N ADMINISTRATIVA<\/strong><\/span>\u00a0\u00a0<a href=\"https:\/\/www.fpmislata.com\/wordpress\/wp-content\/uploads\/GA_tgestion-administrativaen-pdf.pdf\" target=\"_blank\" rel=\"noopener\">\u00a0<\/a><\/div><\/div><\/p><p>Las salidas de este ciclo formativo son:<\/p><ul><li>Auxiliar administrativo<\/li><li>Ayudante de oficina<\/li><li>Auxiliar de documentaci\u00f3n y archivo<\/li><li>Gestor de cobros y pagos<\/li><li>Cajero<\/li><li>Administrativo de banca e instituciones financieras<\/li><li>Empleado de cartera<\/li><li>Empleado de valores<\/li><li>Auxiliar administrativo de la Administraci\u00f3n P\u00fablica<\/li><li>Empleado de seguros de producci\u00f3n<\/li><li>Siniestros y reaseguros<\/li><li>Administrativo comercial<\/li><li>Administrativo de gesti\u00f3n y de personal<\/li><\/ul><p>La\u00a0<strong>competencia general<\/strong>\u00a0de este ciclo ser\u00e1 realizar actividades de apoyo administrativo en el \u00e1mbito laboral, contable, comercial, financiero y fiscal, as\u00ed como de atenci\u00f3n al cliente\/usuario, tanto en empresas p\u00fablicas como privadas, aplicando la normativa vigente y protocolos de calidad, asegurando la satisfacci\u00f3n del cliente y actuando seg\u00fan normas de prevenci\u00f3n de riesgos laborales y protecci\u00f3n ambiental.<\/p><p><div class=\"su-heading su-heading-style-default su-heading-align-center\" id=\"\" style=\"font-size:13px;margin-bottom:20px\"><div class=\"su-heading-inner\">\u00a0<span style=\"color: #000080; font-size: 12pt;\"> <strong>SALIDAS PROFESIONALES ADMINISTRACI\u00d3N Y FINANZAS<\/strong><\/span>\u00a0\u00a0<a href=\"https:\/\/www.fpmislata.com\/wordpress\/wp-content\/uploads\/GA_tgestion-administrativaen-pdf.pdf\" target=\"_blank\" rel=\"noopener\">\u00a0<\/a><\/div><\/div><\/p><p>Las salidas de este ciclo formativo son:<\/p><ul><li>Administrativo de oficina.<\/li><li>Administrativo comercial.<\/li><li>Administrativo financiero.<\/li><li>Administrativo contable.<\/li><li>Administrativo de log\u00edstica.<\/li><li>Administrativo de banca y de seguros.<\/li><li>Administrativo de recursos humanos.<\/li><li>Administrativo de la Administraci\u00f3n p\u00fablica.<\/li><li>Administrativo de asesor\u00edas jur\u00eddicas, contables, laborales, fiscales o gestor\u00edas.<\/li><li>T\u00e9cnico en gesti\u00f3n de cobros.<\/li><li>Responsable de atenci\u00f3n al cliente<\/li><\/ul><p>La\u00a0<strong>competencia general <\/strong>de este ciclo ser\u00e1 organizar y realizar la administraci\u00f3n y gesti\u00f3n de personal, de las operaciones econ\u00f3mico-financieras y de la informaci\u00f3n y asesoramiento a clientes o usuariostanto en el \u00e1mbito p\u00fablico como privado, seg\u00fan el tama\u00f1o y actividad de la empresa y organismo y de acuerdo con los objetivos marcados, las normas internas establecidas y la normativa vigente.<br \/><\/div>\n<div class=\"su-tabs-pane su-u-clearfix su-u-trim\" data-title=\"&lt;strong&gt;Europass Certificate&lt;\/strong&gt;\"><br \/><div class=\"su-heading su-heading-style-default su-heading-align-center\" id=\"\" style=\"font-size:13px;margin-bottom:20px\"><div class=\"su-heading-inner\">GA y SGA &#8211; GESTI\u00d3N ADMINISTRATIVA\u00a0 \u00a0<i class=\"fa fa-arrow-right \" ><\/i>\u00a0 \u00a0<a href=\"https:\/\/www.fpmislata.com\/wordpress\/wp-content\/uploads\/GA_tgestion-administrativaen-pdf.pdf\" target=\"_blank\" rel=\"noopener\"> TECHNICIAN IN ADMINISTRATIVE MANAGEMENT <\/a><\/div><\/div><\/p><p><div class=\"su-heading su-heading-style-default su-heading-align-center\" id=\"\" style=\"font-size:13px;margin-bottom:20px\"><div class=\"su-heading-inner\">AF y SAF &#8211; ADMINISTRACI\u00d3N Y FINANZAS \u00a0 \u00a0<i class=\"fa fa-arrow-right \" ><\/i>\u00a0 \u00a0 <a href=\"https:\/\/www.fpmislata.com\/wordpress\/wp-content\/uploads\/AF_tsadministracionfinanzasen-pdf.pdf\" target=\"_blank\" rel=\"noopener\">HIGHER TECHNICIAN IN ADMINISTRATIVE &amp; FINANCE<\/a>\u00a0 <\/div><\/div><br \/><\/div><\/div><\/div><\/p>\t\t\t\t\t<\/div>\n\t\t\t\t\t\t<\/div>\n\t\t\t\t<\/div>\n\t\t\t\t\t\t<\/div>\n\t\t\t\t\t<\/div>\n\t\t<\/div>\n\t\t\t\t\t\t\t\t<\/div>\n\t\t\t\t\t<\/div>\n\t\t<\/section>\n\t\t\t\t\t\t<\/div>\n\t\t\t\t\t\t<\/div>\n\t\t\t\t\t<\/div>\n\t\t","protected":false},"excerpt":{"rendered":"<p>En la familia de Administraci\u00f3n de Empresas se imparten los ciclos de:<\/p>\n<p>Grado Medio de Gesti\u00f3n administrativa. Presencial y Semipresencial.<\/p>\n<p>Grado Superior en Administraci\u00f3n y Finanzas.  En formaci\u00f3n Dual con Bankia <\/p>\n","protected":false},"author":1,"featured_media":1920,"parent":232,"menu_order":0,"comment_status":"closed","ping_status":"closed","template":"","meta":{"ngg_post_thumbnail":0},"_links":{"self":[{"href":"https:\/\/www.fpmislata.com\/wordpress\/wp-json\/wp\/v2\/pages\/244"}],"collection":[{"href":"https:\/\/www.fpmislata.com\/wordpress\/wp-json\/wp\/v2\/pages"}],"about":[{"href":"https:\/\/www.fpmislata.com\/wordpress\/wp-json\/wp\/v2\/types\/page"}],"author":[{"embeddable":true,"href":"https:\/\/www.fpmislata.com\/wordpress\/wp-json\/wp\/v2\/users\/1"}],"replies":[{"embeddable":true,"href":"https:\/\/www.fpmislata.com\/wordpress\/wp-json\/wp\/v2\/comments?post=244"}],"version-history":[{"count":39,"href":"https:\/\/www.fpmislata.com\/wordpress\/wp-json\/wp\/v2\/pages\/244\/revisions"}],"predecessor-version":[{"id":17205,"href":"https:\/\/www.fpmislata.com\/wordpress\/wp-json\/wp\/v2\/pages\/244\/revisions\/17205"}],"up":[{"embeddable":true,"href":"https:\/\/www.fpmislata.com\/wordpress\/wp-json\/wp\/v2\/pages\/232"}],"wp:featuredmedia":[{"embeddable":true,"href":"https:\/\/www.fpmislata.com\/wordpress\/wp-json\/wp\/v2\/media\/1920"}],"wp:attachment":[{"href":"https:\/\/www.fpmislata.com\/wordpress\/wp-json\/wp\/v2\/media?parent=244"}],"curies":[{"name":"wp","href":"https:\/\/api.w.org\/{rel}","templated":true}]}}