{"id":261,"date":"2018-03-11T09:53:07","date_gmt":"2018-03-11T09:53:07","guid":{"rendered":"http:\/\/www.fpmislata.com\/wordpress\/?page_id=261"},"modified":"2025-12-10T10:58:23","modified_gmt":"2025-12-10T14:58:23","slug":"ciclos-formativos-optica-op","status":"publish","type":"page","link":"https:\/\/www.fpmislata.com\/wordpress\/formacion\/ciclos-formativos-optica-op\/","title":{"rendered":"Ciclos formativos en \u00d3ptica"},"content":{"rendered":"\t\t<div data-elementor-type=\"wp-page\" data-elementor-id=\"261\" class=\"elementor elementor-261\" data-elementor-settings=\"[]\">\n\t\t\t\t\t\t<div class=\"elementor-inner\">\n\t\t\t\t\t\t\t<div class=\"elementor-section-wrap\">\n\t\t\t\t\t\t\t<section class=\"elementor-section elementor-top-section elementor-element elementor-element-c598e43 elementor-section-boxed elementor-section-height-default elementor-section-height-default\" data-id=\"c598e43\" data-element_type=\"section\">\n\t\t\t\t\t\t<div class=\"elementor-container elementor-column-gap-default\">\n\t\t\t\t\t\t\t<div class=\"elementor-row\">\n\t\t\t\t\t<div class=\"elementor-column elementor-col-50 elementor-top-column elementor-element elementor-element-aa67cbc\" data-id=\"aa67cbc\" data-element_type=\"column\">\n\t\t\t<div class=\"elementor-column-wrap elementor-element-populated\">\n\t\t\t\t\t\t\t<div class=\"elementor-widget-wrap\">\n\t\t\t\t\t\t<div class=\"elementor-element elementor-element-dafc771 elementor-align-center elementor-widget elementor-widget-button\" data-id=\"dafc771\" data-element_type=\"widget\" data-widget_type=\"button.default\">\n\t\t\t\t<div class=\"elementor-widget-container\">\n\t\t\t\t\t<div class=\"elementor-button-wrapper\">\n\t\t\t<a href=\"https:\/\/www.fpmislata.com\/wordpress\/departamentos\/optica\/\" class=\"elementor-button-link elementor-button elementor-size-sm\" role=\"button\">\n\t\t\t\t\t\t<span class=\"elementor-button-content-wrapper\">\n\t\t\t\t\t\t<span class=\"elementor-button-icon elementor-align-icon-left\">\n\t\t\t\t<i aria-hidden=\"true\" class=\"fas fa-house-user\"><\/i>\t\t\t<\/span>\n\t\t\t\t\t\t<span class=\"elementor-button-text\">Departamento \u00d3ptica<\/span>\n\t\t<\/span>\n\t\t\t\t\t<\/a>\n\t\t<\/div>\n\t\t\t\t<\/div>\n\t\t\t\t<\/div>\n\t\t\t\t\t\t<\/div>\n\t\t\t\t\t<\/div>\n\t\t<\/div>\n\t\t\t\t<div class=\"elementor-column elementor-col-50 elementor-top-column elementor-element elementor-element-d7fdd17\" data-id=\"d7fdd17\" data-element_type=\"column\">\n\t\t\t<div class=\"elementor-column-wrap elementor-element-populated\">\n\t\t\t\t\t\t\t<div class=\"elementor-widget-wrap\">\n\t\t\t\t\t\t<div class=\"elementor-element elementor-element-2c076ac elementor-align-center elementor-widget elementor-widget-button\" data-id=\"2c076ac\" data-element_type=\"widget\" data-widget_type=\"button.default\">\n\t\t\t\t<div class=\"elementor-widget-container\">\n\t\t\t\t\t<div class=\"elementor-button-wrapper\">\n\t\t\t<a href=\"https:\/\/www.fpmislata.com\/wordpress\/secretaria\/proceso-admision-informacion\/\" class=\"elementor-button-link elementor-button elementor-size-sm\" role=\"button\">\n\t\t\t\t\t\t<span class=\"elementor-button-content-wrapper\">\n\t\t\t\t\t\t<span class=\"elementor-button-icon elementor-align-icon-left\">\n\t\t\t\t<i aria-hidden=\"true\" class=\"fas fa-laptop\"><\/i>\t\t\t<\/span>\n\t\t\t\t\t\t<span class=\"elementor-button-text\">Admisi\u00f3n<\/span>\n\t\t<\/span>\n\t\t\t\t\t<\/a>\n\t\t<\/div>\n\t\t\t\t<\/div>\n\t\t\t\t<\/div>\n\t\t\t\t\t\t<\/div>\n\t\t\t\t\t<\/div>\n\t\t<\/div>\n\t\t\t\t\t\t\t\t<\/div>\n\t\t\t\t\t<\/div>\n\t\t<\/section>\n\t\t\t\t<section class=\"elementor-section elementor-top-section elementor-element elementor-element-6d67bc0 elementor-section-boxed elementor-section-height-default elementor-section-height-default\" data-id=\"6d67bc0\" data-element_type=\"section\">\n\t\t\t\t\t\t<div class=\"elementor-container elementor-column-gap-default\">\n\t\t\t\t\t\t\t<div class=\"elementor-row\">\n\t\t\t\t\t<div class=\"elementor-column elementor-col-33 elementor-top-column elementor-element elementor-element-17b80cf\" data-id=\"17b80cf\" data-element_type=\"column\">\n\t\t\t<div class=\"elementor-column-wrap\">\n\t\t\t\t\t\t\t<div class=\"elementor-widget-wrap\">\n\t\t\t\t\t\t\t\t<\/div>\n\t\t\t\t\t<\/div>\n\t\t<\/div>\n\t\t\t\t<div class=\"elementor-column elementor-col-33 elementor-top-column elementor-element elementor-element-570b3a5\" data-id=\"570b3a5\" data-element_type=\"column\">\n\t\t\t<div class=\"elementor-column-wrap elementor-element-populated\">\n\t\t\t\t\t\t\t<div class=\"elementor-widget-wrap\">\n\t\t\t\t\t\t<div class=\"elementor-element elementor-element-f093862 elementor-aspect-ratio-169 elementor-widget elementor-widget-video\" data-id=\"f093862\" data-element_type=\"widget\" data-settings=\"{&quot;youtube_url&quot;:&quot;https:\\\/\\\/youtu.be\\\/uki52pGqw90&quot;,&quot;video_type&quot;:&quot;youtube&quot;,&quot;controls&quot;:&quot;yes&quot;,&quot;aspect_ratio&quot;:&quot;169&quot;}\" data-widget_type=\"video.default\">\n\t\t\t\t<div class=\"elementor-widget-container\">\n\t\t\t\t\t<div class=\"elementor-wrapper elementor-fit-aspect-ratio elementor-open-inline\">\n\t\t\t<div class=\"elementor-video\"><\/div>\t\t<\/div>\n\t\t\t\t<\/div>\n\t\t\t\t<\/div>\n\t\t\t\t\t\t<\/div>\n\t\t\t\t\t<\/div>\n\t\t<\/div>\n\t\t\t\t<div class=\"elementor-column elementor-col-33 elementor-top-column elementor-element elementor-element-b691c3e\" data-id=\"b691c3e\" data-element_type=\"column\">\n\t\t\t<div class=\"elementor-column-wrap\">\n\t\t\t\t\t\t\t<div class=\"elementor-widget-wrap\">\n\t\t\t\t\t\t\t\t<\/div>\n\t\t\t\t\t<\/div>\n\t\t<\/div>\n\t\t\t\t\t\t\t\t<\/div>\n\t\t\t\t\t<\/div>\n\t\t<\/section>\n\t\t\t\t<section class=\"elementor-section elementor-top-section elementor-element elementor-element-2aadfa6c elementor-section-boxed elementor-section-height-default elementor-section-height-default\" data-id=\"2aadfa6c\" data-element_type=\"section\">\n\t\t\t\t\t\t<div class=\"elementor-container elementor-column-gap-default\">\n\t\t\t\t\t\t\t<div class=\"elementor-row\">\n\t\t\t\t\t<div class=\"elementor-column elementor-col-100 elementor-top-column elementor-element elementor-element-e6e7061\" data-id=\"e6e7061\" data-element_type=\"column\">\n\t\t\t<div class=\"elementor-column-wrap elementor-element-populated\">\n\t\t\t\t\t\t\t<div class=\"elementor-widget-wrap\">\n\t\t\t\t\t\t<div class=\"elementor-element elementor-element-19630a58 elementor-widget elementor-widget-text-editor\" data-id=\"19630a58\" data-element_type=\"widget\" data-widget_type=\"text-editor.default\">\n\t\t\t\t<div class=\"elementor-widget-container\">\n\t\t\t\t\t\t\t\t<div class=\"elementor-text-editor elementor-clearfix\">\n\t\t\t\t\t<hr \/><p><div class=\"su-tabs su-tabs-style-default su-tabs-mobile-stack\" data-active=\"1\" data-scroll-offset=\"0\" data-anchor-in-url=\"no\"><div class=\"su-tabs-nav\"><span class=\"\" data-url=\"\" data-target=\"blank\" tabindex=\"0\" role=\"button\"><strong>Ciclos formativos<\/strong><\/span><span class=\"\" data-url=\"\" data-target=\"blank\" tabindex=\"0\" role=\"button\"><strong>Salidas Profesionales<\/strong><\/span><span class=\"\" data-url=\"\" data-target=\"blank\" tabindex=\"0\" role=\"button\"><strong>Europass Certificate<\/strong><\/span><\/div><div class=\"su-tabs-panes\"><div class=\"su-tabs-pane su-u-clearfix su-u-trim\" data-title=\"&lt;strong&gt;Ciclos formativos&lt;\/strong&gt;\"><\/p><p>La Familia de \u00d3ptica ofrece actualmente los siguientes Ciclos Formativos.\u00a0Pulsa sobre el nombre del ciclo para ver m\u00e1s informaci\u00f3n.<\/p><p><div class=\"su-heading su-heading-style-default su-heading-align-center\" id=\"\" style=\"font-size:13px;margin-bottom:20px\"><div class=\"su-heading-inner\"><a href=\"https:\/\/ceice.gva.es\/es\/web\/formacion-profesional\/publicador-de-cicles\/-\/asset_publisher\/M0SqOt5YOf05\/content\/ciclo-formativo-optica-de-anteojeria\" target=\"_blank\" rel=\"noopener\"><strong>OP &#8211; \u00d3PTICA DE ANTEOJER\u00cdA<\/strong><\/a>\u00a0 \u00a0 \u00a0<\/div><\/div><\/p><table style=\"width: 100%;\" border=\"0\" align=\"center\"><tbody><tr class=\"encabezado3\"><td style=\"width: 22.3092%;\"><strong>Titulaci\u00f3n<\/strong><\/td><td style=\"width: 65.9491%;\"><strong>M\u00f3dulos Professionales<\/strong><\/td><td style=\"width: 11.546%;\"><strong>TURNO<\/strong><\/td><\/tr><tr><td style=\"width: 22.3092%; vertical-align: top;\" width=\"10%\"><strong>T\u00e9cnico\/a Superior<\/strong><\/td><td style=\"width: 65.9491%;\"><p>Procesos de fabricaci\u00f3n de lentes de contacto.<\/p><p>Procesos de fabricaci\u00f3n de lentes oftalmol\u00f3gicas.<\/p><p>Dise\u00f1o y fabricaci\u00f3n de monturas \u00f3pticas.<\/p><p>Dise\u00f1o y reparaciones \u00f3pticas.<\/p><p>Atenci\u00f3n al cliente en establecimientos de productos \u00f3pticos.<\/p><p>Administraci\u00f3n, gesti\u00f3n y comercializaci\u00f3n en la peque\u00f1a empresa.<\/p><p>Anatom\u00eda, fisiopatolog\u00eda y ametrop\u00edas oculares<\/p><p>Formaci\u00f3n y Orientaci\u00f3n Laboral F.O.L.)<\/p><\/td><td style=\"width: 11.546%; vertical-align: top;\">MA\u00d1ANA<\/td><\/tr><\/tbody><\/table><p><\/div>\n<div class=\"su-tabs-pane su-u-clearfix su-u-trim\" data-title=\"&lt;strong&gt;Salidas Profesionales&lt;\/strong&gt;\"><\/p><p><div class=\"su-heading su-heading-style-default su-heading-align-center\" id=\"\" style=\"font-size:13px;margin-bottom:20px\"><div class=\"su-heading-inner\">\u00a0<span style=\"color: #000080; font-size: 12pt;\"> <strong>SALIDAS PROFESIONALES\u00a0 <\/strong><\/span><\/div><\/div><\/p><p>Las salidas profesionales de este ciclo formativo son las siguientes:<\/p><ul><li class=\"ta-justify\">Jefe de distintas secciones o talleres en empresas de productos \u00f3pticos.<\/li><li class=\"ta-justify\">Montador.<\/li><li class=\"ta-justify\">Asesor &#8211; Comercial \u00f3ptico.<\/li><\/ul><p>La <strong>competencia general<\/strong> de este t\u00edtulo consiste en\u00a0Aplicar t\u00e9cnicas de elaboraci\u00f3n, montaje, reparaci\u00f3n y mantenimiento de uso a los aparatos e instrumentos con componentes \u00f3pticos. A partir de una prescripci\u00f3n facultativa asesorar al cliente en la elecci\u00f3n del tipo de producto \u00f3ptico m\u00e1s adecuado en funci\u00f3n de sus caracter\u00edsticas de uso, preferencias personales, tolerancia a las posibles correcciones, imagen personal que pretende conseguir y oferta existente en el mercado, elaborando las especificaciones t\u00e9cnicas para su fabricaci\u00f3n y aplicando t\u00e9cnicas de elaboraci\u00f3n y adaptaci\u00f3n prot\u00e9sica \u00f3ptica. Realizar la administraci\u00f3n, gesti\u00f3n y comercializaci\u00f3n de un establecimiento o taller de productos \u00f3pticos.<\/p><p><\/div>\n<div class=\"su-tabs-pane su-u-clearfix su-u-trim\" data-title=\"&lt;strong&gt;Europass Certificate&lt;\/strong&gt;\"><br \/><div class=\"su-heading su-heading-style-default su-heading-align-center\" id=\"\" style=\"font-size:13px;margin-bottom:20px\"><div class=\"su-heading-inner\"><strong>OP &#8211; \u00d3PTICA DE ANTEOJER\u00cdA<\/strong>\u00a0 \u00a0<i class=\"fa fa-arrow-right \" ><\/i>\u00a0 \u00a0<a href=\"https:\/\/www.fpmislata.com\/wordpress\/wp-content\/uploads\/\u00d3PTICA-DE-ANTEOJER\u00cdA_optica-de-anteojeria-ingles-pdf.pdf\" target=\"_blank\" rel=\"noopener\">ADVANCED EXPERT IN OPTICS FOR CORRECTIVE LENSES<\/a> \u00a0<\/div><\/div><br \/><\/div><\/div><\/div><\/p>\t\t\t\t\t<\/div>\n\t\t\t\t\t\t<\/div>\n\t\t\t\t<\/div>\n\t\t\t\t\t\t<\/div>\n\t\t\t\t\t<\/div>\n\t\t<\/div>\n\t\t\t\t\t\t\t\t<\/div>\n\t\t\t\t\t<\/div>\n\t\t<\/section>\n\t\t\t\t\t\t<\/div>\n\t\t\t\t\t\t<\/div>\n\t\t\t\t\t<\/div>\n\t\t","protected":false},"excerpt":{"rendered":"<p>Departamento \u00d3ptica Admisi\u00f3n https:\/\/youtu.be\/uki52pGqw90<\/p>\n","protected":false},"author":1,"featured_media":1922,"parent":232,"menu_order":0,"comment_status":"closed","ping_status":"closed","template":"","meta":{"ngg_post_thumbnail":0},"_links":{"self":[{"href":"https:\/\/www.fpmislata.com\/wordpress\/wp-json\/wp\/v2\/pages\/261"}],"collection":[{"href":"https:\/\/www.fpmislata.com\/wordpress\/wp-json\/wp\/v2\/pages"}],"about":[{"href":"https:\/\/www.fpmislata.com\/wordpress\/wp-json\/wp\/v2\/types\/page"}],"author":[{"embeddable":true,"href":"https:\/\/www.fpmislata.com\/wordpress\/wp-json\/wp\/v2\/users\/1"}],"replies":[{"embeddable":true,"href":"https:\/\/www.fpmislata.com\/wordpress\/wp-json\/wp\/v2\/comments?post=261"}],"version-history":[{"count":30,"href":"https:\/\/www.fpmislata.com\/wordpress\/wp-json\/wp\/v2\/pages\/261\/revisions"}],"predecessor-version":[{"id":17224,"href":"https:\/\/www.fpmislata.com\/wordpress\/wp-json\/wp\/v2\/pages\/261\/revisions\/17224"}],"up":[{"embeddable":true,"href":"https:\/\/www.fpmislata.com\/wordpress\/wp-json\/wp\/v2\/pages\/232"}],"wp:featuredmedia":[{"embeddable":true,"href":"https:\/\/www.fpmislata.com\/wordpress\/wp-json\/wp\/v2\/media\/1922"}],"wp:attachment":[{"href":"https:\/\/www.fpmislata.com\/wordpress\/wp-json\/wp\/v2\/media?parent=261"}],"curies":[{"name":"wp","href":"https:\/\/api.w.org\/{rel}","templated":true}]}}