{"id":273,"date":"2018-03-11T10:02:03","date_gmt":"2018-03-11T10:02:03","guid":{"rendered":"http:\/\/www.fpmislata.com\/wordpress\/?page_id=273"},"modified":"2025-12-10T10:56:55","modified_gmt":"2025-12-10T14:56:55","slug":"ciclos-formativos-sanidad-fp-cae-scae","status":"publish","type":"page","link":"https:\/\/www.fpmislata.com\/wordpress\/formacion\/ciclos-formativos-sanidad-fp-cae-scae\/","title":{"rendered":"Ciclos formativos en Sanidad."},"content":{"rendered":"\t\t<div data-elementor-type=\"wp-page\" data-elementor-id=\"273\" class=\"elementor elementor-273\" data-elementor-settings=\"[]\">\n\t\t\t\t\t\t<div class=\"elementor-inner\">\n\t\t\t\t\t\t\t<div class=\"elementor-section-wrap\">\n\t\t\t\t\t\t\t<section class=\"elementor-section elementor-top-section elementor-element elementor-element-48923c8 elementor-section-boxed elementor-section-height-default elementor-section-height-default\" data-id=\"48923c8\" data-element_type=\"section\">\n\t\t\t\t\t\t<div class=\"elementor-container elementor-column-gap-default\">\n\t\t\t\t\t\t\t<div class=\"elementor-row\">\n\t\t\t\t\t<div class=\"elementor-column elementor-col-50 elementor-top-column elementor-element elementor-element-64a91c2\" data-id=\"64a91c2\" data-element_type=\"column\">\n\t\t\t<div class=\"elementor-column-wrap elementor-element-populated\">\n\t\t\t\t\t\t\t<div class=\"elementor-widget-wrap\">\n\t\t\t\t\t\t<div class=\"elementor-element elementor-element-3f3e742 elementor-button-info elementor-align-center elementor-widget elementor-widget-button\" data-id=\"3f3e742\" data-element_type=\"widget\" data-widget_type=\"button.default\">\n\t\t\t\t<div class=\"elementor-widget-container\">\n\t\t\t\t\t<div class=\"elementor-button-wrapper\">\n\t\t\t<a href=\"https:\/\/www.fpmislata.com\/wordpress\/departamentos\/sanidad\/\" class=\"elementor-button-link elementor-button elementor-size-sm\" role=\"button\">\n\t\t\t\t\t\t<span class=\"elementor-button-content-wrapper\">\n\t\t\t\t\t\t<span class=\"elementor-button-icon elementor-align-icon-left\">\n\t\t\t\t<i aria-hidden=\"true\" class=\"fas fa-house-user\"><\/i>\t\t\t<\/span>\n\t\t\t\t\t\t<span class=\"elementor-button-text\">Departamento Sanidad<\/span>\n\t\t<\/span>\n\t\t\t\t\t<\/a>\n\t\t<\/div>\n\t\t\t\t<\/div>\n\t\t\t\t<\/div>\n\t\t\t\t\t\t<\/div>\n\t\t\t\t\t<\/div>\n\t\t<\/div>\n\t\t\t\t<div class=\"elementor-column elementor-col-50 elementor-top-column elementor-element elementor-element-48ebfec\" data-id=\"48ebfec\" data-element_type=\"column\">\n\t\t\t<div class=\"elementor-column-wrap elementor-element-populated\">\n\t\t\t\t\t\t\t<div class=\"elementor-widget-wrap\">\n\t\t\t\t\t\t<div class=\"elementor-element elementor-element-0f8bea5 elementor-button-info elementor-align-center elementor-widget elementor-widget-button\" data-id=\"0f8bea5\" data-element_type=\"widget\" data-widget_type=\"button.default\">\n\t\t\t\t<div class=\"elementor-widget-container\">\n\t\t\t\t\t<div class=\"elementor-button-wrapper\">\n\t\t\t<a href=\"https:\/\/www.fpmislata.com\/wordpress\/secretaria\/proceso-admision-informacion\/\" class=\"elementor-button-link elementor-button elementor-size-sm\" role=\"button\">\n\t\t\t\t\t\t<span class=\"elementor-button-content-wrapper\">\n\t\t\t\t\t\t<span class=\"elementor-button-icon elementor-align-icon-left\">\n\t\t\t\t<i aria-hidden=\"true\" class=\"fas fa-laptop\"><\/i>\t\t\t<\/span>\n\t\t\t\t\t\t<span class=\"elementor-button-text\">Admisi\u00f3n<\/span>\n\t\t<\/span>\n\t\t\t\t\t<\/a>\n\t\t<\/div>\n\t\t\t\t<\/div>\n\t\t\t\t<\/div>\n\t\t\t\t\t\t<\/div>\n\t\t\t\t\t<\/div>\n\t\t<\/div>\n\t\t\t\t\t\t\t\t<\/div>\n\t\t\t\t\t<\/div>\n\t\t<\/section>\n\t\t\t\t<section class=\"elementor-section elementor-top-section elementor-element elementor-element-d0714c7 elementor-section-boxed elementor-section-height-default elementor-section-height-default\" data-id=\"d0714c7\" data-element_type=\"section\">\n\t\t\t\t\t\t<div class=\"elementor-container elementor-column-gap-default\">\n\t\t\t\t\t\t\t<div class=\"elementor-row\">\n\t\t\t\t\t<div class=\"elementor-column elementor-col-33 elementor-top-column elementor-element elementor-element-a95eeac\" data-id=\"a95eeac\" data-element_type=\"column\">\n\t\t\t<div class=\"elementor-column-wrap elementor-element-populated\">\n\t\t\t\t\t\t\t<div class=\"elementor-widget-wrap\">\n\t\t\t\t\t\t<div class=\"elementor-element elementor-element-9b68650 elementor-aspect-ratio-169 elementor-widget elementor-widget-video\" data-id=\"9b68650\" data-element_type=\"widget\" data-settings=\"{&quot;youtube_url&quot;:&quot;https:\\\/\\\/youtu.be\\\/BWHCXlhyJr0&quot;,&quot;video_type&quot;:&quot;youtube&quot;,&quot;controls&quot;:&quot;yes&quot;,&quot;aspect_ratio&quot;:&quot;169&quot;}\" data-widget_type=\"video.default\">\n\t\t\t\t<div class=\"elementor-widget-container\">\n\t\t\t\t\t<div class=\"elementor-wrapper elementor-fit-aspect-ratio elementor-open-inline\">\n\t\t\t<div class=\"elementor-video\"><\/div>\t\t<\/div>\n\t\t\t\t<\/div>\n\t\t\t\t<\/div>\n\t\t\t\t\t\t<\/div>\n\t\t\t\t\t<\/div>\n\t\t<\/div>\n\t\t\t\t<div class=\"elementor-column elementor-col-33 elementor-top-column elementor-element elementor-element-bebb398\" data-id=\"bebb398\" data-element_type=\"column\">\n\t\t\t<div class=\"elementor-column-wrap\">\n\t\t\t\t\t\t\t<div class=\"elementor-widget-wrap\">\n\t\t\t\t\t\t\t\t<\/div>\n\t\t\t\t\t<\/div>\n\t\t<\/div>\n\t\t\t\t<div class=\"elementor-column elementor-col-33 elementor-top-column elementor-element elementor-element-a09ef36\" data-id=\"a09ef36\" data-element_type=\"column\">\n\t\t\t<div class=\"elementor-column-wrap elementor-element-populated\">\n\t\t\t\t\t\t\t<div class=\"elementor-widget-wrap\">\n\t\t\t\t\t\t<div class=\"elementor-element elementor-element-19c3224 elementor-aspect-ratio-169 elementor-widget elementor-widget-video\" data-id=\"19c3224\" data-element_type=\"widget\" data-settings=\"{&quot;youtube_url&quot;:&quot;https:\\\/\\\/youtu.be\\\/RtsY1gPnkyc&quot;,&quot;video_type&quot;:&quot;youtube&quot;,&quot;controls&quot;:&quot;yes&quot;,&quot;aspect_ratio&quot;:&quot;169&quot;}\" data-widget_type=\"video.default\">\n\t\t\t\t<div class=\"elementor-widget-container\">\n\t\t\t\t\t<div class=\"elementor-wrapper elementor-fit-aspect-ratio elementor-open-inline\">\n\t\t\t<div class=\"elementor-video\"><\/div>\t\t<\/div>\n\t\t\t\t<\/div>\n\t\t\t\t<\/div>\n\t\t\t\t\t\t<\/div>\n\t\t\t\t\t<\/div>\n\t\t<\/div>\n\t\t\t\t\t\t\t\t<\/div>\n\t\t\t\t\t<\/div>\n\t\t<\/section>\n\t\t\t\t<section class=\"elementor-section elementor-top-section elementor-element elementor-element-7a798f26 elementor-section-boxed elementor-section-height-default elementor-section-height-default\" data-id=\"7a798f26\" data-element_type=\"section\">\n\t\t\t\t\t\t<div class=\"elementor-container elementor-column-gap-default\">\n\t\t\t\t\t\t\t<div class=\"elementor-row\">\n\t\t\t\t\t<div class=\"elementor-column elementor-col-100 elementor-top-column elementor-element elementor-element-741463bf\" data-id=\"741463bf\" data-element_type=\"column\">\n\t\t\t<div class=\"elementor-column-wrap elementor-element-populated\">\n\t\t\t\t\t\t\t<div class=\"elementor-widget-wrap\">\n\t\t\t\t\t\t<div class=\"elementor-element elementor-element-7a88176 elementor-widget elementor-widget-text-editor\" data-id=\"7a88176\" data-element_type=\"widget\" data-widget_type=\"text-editor.default\">\n\t\t\t\t<div class=\"elementor-widget-container\">\n\t\t\t\t\t\t\t\t<div class=\"elementor-text-editor elementor-clearfix\">\n\t\t\t\t\t<hr \/><p><div class=\"su-tabs su-tabs-style-default su-tabs-mobile-stack\" data-active=\"1\" data-scroll-offset=\"0\" data-anchor-in-url=\"no\"><div class=\"su-tabs-nav\"><span class=\"\" data-url=\"\" data-target=\"blank\" tabindex=\"0\" role=\"button\"><strong>Ciclos formativos<\/strong><\/span><span class=\"\" data-url=\"\" data-target=\"blank\" tabindex=\"0\" role=\"button\"><strong>Salidas Profesionales<\/strong><\/span><span class=\"\" data-url=\"\" data-target=\"blank\" tabindex=\"0\" role=\"button\"><strong>Europass Certificate<\/strong><\/span><\/div><div class=\"su-tabs-panes\"><div class=\"su-tabs-pane su-u-clearfix su-u-trim\" data-title=\"&lt;strong&gt;Ciclos formativos&lt;\/strong&gt;\"><\/p><p>La Familia de Sanidad ofrece actualmente los siguientes Ciclos Formativos. Pulsa sobre el nombre del ciclo para ver m\u00e1s informaci\u00f3n.<\/p><p><div class=\"su-heading su-heading-style-default su-heading-align-center\" id=\"\" style=\"font-size:13px;margin-bottom:20px\"><div class=\"su-heading-inner\"><a href=\"https:\/\/ceice.gva.es\/es\/web\/formacion-profesional\/publicador-de-cicles\/-\/asset_publisher\/M0SqOt5YOf05\/content\/ciclo-formativo-cuidados-auxiliares-de-enfermeria\" target=\"_blank\" rel=\"noopener\"><strong>CAE Y SCAE &#8211; T\u00c9CNICO EN CUIDADOS AUXILIARES DE ENFERMER\u00cdA<\/strong><\/a>\u00a0 \u00a0 \u00a0<\/div><\/div><\/p><table border=\"0\" align=\"center\"><tbody><tr><td><strong>M\u00f3dulos Profesionales<\/strong><\/td><td><strong>TURNO<\/strong><\/td><\/tr><tr><td><ul><li>Operaciones administrativas y documentaci\u00f3n sanitaria.<\/li><li>T\u00e9cnicas b\u00e1sicas de enfermer\u00eda.<\/li><li>Higiene del medio hospitalario y limpieza del material.<\/li><li>Promoci\u00f3n de la salud y apoyo psicol\u00f3gico al paciente.<\/li><li>T\u00e9cnicas de ayuda odontol\u00f3gica\/estomatol\u00f3gica.<\/li><li>Relaciones en el entorno del trabajo.<\/li><li>Formaci\u00f3n y Orientaci\u00f3n Laboral (F.O.L.).<\/li><\/ul><\/td><td style=\"vertical-align: top;\"><p><strong>CAE<\/strong>-MA\u00d1ANA Y TARDE<\/p><p><strong>SCAE-<\/strong>SEMIPRESENCIAL<\/p><\/td><\/tr><\/tbody><\/table><p><div class=\"su-heading su-heading-style-default su-heading-align-center\" id=\"\" style=\"font-size:13px;margin-bottom:20px\"><div class=\"su-heading-inner\"><a href=\"https:\/\/ceice.gva.es\/es\/web\/formacion-profesional\/publicador-de-cicles\/-\/asset_publisher\/M0SqOt5YOf05\/content\/ciclo-formativo-laboratorio-clinico-y-biomedico\" target=\"_blank\" rel=\"noopener\"><strong>LCB &#8211; T\u00c9CNICO SUPERIOR EN LABORATORIO CL\u00cdNICO Y BIOM\u00c9DICO <\/strong><\/a>\u00a0 \u00a0 \u00a0<\/div><\/div><\/p><table border=\"0\" align=\"center\"><tbody><tr><td><strong>M\u00f3dulos Profesionales<\/strong><\/td><td><strong>TURNO<\/strong><\/td><\/tr><tr><td><ul><li>Ingl\u00e9s profesional GS<\/li><li>Gesti\u00f3n de muestras biol\u00f3gicas<\/li><li>T\u00e9cnicas generales de laboratorio<\/li><li>Biolog\u00eda molecular y citogen\u00e9tica<\/li><li>Fisiopatolog\u00eda general<\/li><li>Itinerario personal para la empleabilidad I<\/li><li>An\u00e1lisis bioqu\u00edmico<\/li><li>T\u00e9cnicas de inmunodiagn\u00f3stico<\/li><li>Microbiolog\u00eda cl\u00ednica<\/li><li>T\u00e9cnicas de an\u00e1lisis hematol\u00f3gico<\/li><li>Itinerario personal para la empleabilidad II<\/li><li>Proyecto intermodular de laboratorio cl\u00ednico y biom\u00e9dico<\/li><li>M\u00f3dulo optativo<\/li><li>Digitalizaci\u00f3n aplicada al sistema productivo<\/li><li>Sostenibilidad aplicada al sistema productivo<\/li><\/ul><\/td><td style=\"vertical-align: top;\">MA\u00d1ANA Y TARDE<\/td><\/tr><\/tbody><\/table><p><\/div>\n<div class=\"su-tabs-pane su-u-clearfix su-u-trim\" data-title=\"&lt;strong&gt;Salidas Profesionales&lt;\/strong&gt;\"><\/p><p><div class=\"su-heading su-heading-style-default su-heading-align-center\" id=\"\" style=\"font-size:13px;margin-bottom:20px\"><div class=\"su-heading-inner\">\u00a0<span style=\"color: #000080; font-size: 12pt;\"> <strong>SALIDAS PROFESIONALES CFGM &#8211; CAE Y SCAE &#8211; CUIDADOS AUXILIARES DE ENFERMERIA<\/strong><\/span>\u00a0\u00a0<a href=\"https:\/\/www.fpmislata.com\/wordpress\/wp-content\/uploads\/GA_tgestion-administrativaen-pdf.pdf\" target=\"_blank\" rel=\"noopener\">\u00a0<\/a><\/div><\/div><\/p><p>Las salidas de este profesional son:<\/p><ul><li>Auxiliar de enfermer\u00eda\/cl\u00ednica<\/li><li>Auxiliar de balnearios<\/li><li>Auxiliar de atenci\u00f3n primaria y cuidados de enfermer\u00eda a domicilio<\/li><li>Auxiliar bucodental<\/li><li>Auxiliar geri\u00e1trico<\/li><li>Auxiliar pedi\u00e1trico<\/li><li>Auxiliar de esterilizaci\u00f3n<\/li><li>Auxiliar de unidades especiales<\/li><li>Auxiliar de salud mental<\/li><\/ul><p>La <strong>competencia general<\/strong> es proporcionar cuidados al paciente\/cliente y actuar sobre las condiciones sanitarias de su entorno como: miembro de un equipo de enfermer\u00eda en los centros sanitarios de atenci\u00f3n especializada y de atenci\u00f3n primaria, bajo la supervisi\u00f3n correspondiente.<\/p><p><div class=\"su-heading su-heading-style-default su-heading-align-center\" id=\"\" style=\"font-size:13px;margin-bottom:20px\"><div class=\"su-heading-inner\">\u00a0<span style=\"color: #000080; font-size: 12pt;\"> <strong>SALIDAS PROFESIONALES CFGS &#8211; LCB &#8211; LABORATORIO CL\u00cdNICO Y BIOM\u00c9DICO<\/strong><\/span>\u00a0\u00a0<a href=\"https:\/\/www.fpmislata.com\/wordpress\/wp-content\/uploads\/GA_tgestion-administrativaen-pdf.pdf\" target=\"_blank\" rel=\"noopener\">\u00a0<\/a><\/div><\/div><\/p><p>Las salidas de este profesional son:<\/p><ul><li class=\"ta-justify\">T\u00e9cnico\/a superior en laboratorio de diagn\u00f3stico cl\u00ednico.<\/li><li class=\"ta-justify\">T\u00e9cnico\/a especialista en laboratorio.<\/li><li class=\"ta-justify\">Ayudante t\u00e9cnico en laboratorio de investigaci\u00f3n y experimentaci\u00f3n.<\/li><li class=\"ta-justify\">Ayudante t\u00e9cnico en laboratorio de toxicolog\u00eda.<\/li><li class=\"ta-justify\">Delegado\/a comercial de productos hospitalarios y farmac\u00e9uticos<\/li><\/ul><p>La <strong>competencia general<\/strong> de este t\u00edtulo consiste en realizar estudios anal\u00edticos de muestras biol\u00f3gicas, siguiendo los protocolos normalizados de trabajo, aplicando las normas de calidad, seguridad y medioambientales establecidas, y valorando los resultados t\u00e9cnicos, para que sirvan como soporte a la prevenci\u00f3n, al diagn\u00f3stico, al control de la evoluci\u00f3n y al tratamiento de la enfermedad, as\u00ed como a la investigaci\u00f3n, siguiendo los protocolos establecidos en la unidad asistencial.<\/p><p><\/div>\n<div class=\"su-tabs-pane su-u-clearfix su-u-trim\" data-title=\"&lt;strong&gt;Europass Certificate&lt;\/strong&gt;\"><br \/><div class=\"su-heading su-heading-style-default su-heading-align-center\" id=\"\" style=\"font-size:13px;margin-bottom:20px\"><div class=\"su-heading-inner\">CAE Y SCAE &#8211; CUIDADOS AUXILIARES DE ENFERMER\u00cdA\u00a0 \u00a0<i class=\"fa fa-arrow-right \" ><\/i>\u00a0 \u00a0<a href=\"https:\/\/www.fpmislata.com\/wordpress\/wp-content\/uploads\/DIPLOMA-SUPLEMENTO-EUROPASS-CAE.pdf\" target=\"_blank\" rel=\"noopener\">EXPERT IN AUXILIARY NURSERY CARE<\/a> \u00a0<\/div><\/div><br \/><div class=\"su-heading su-heading-style-default su-heading-align-center\" id=\"\" style=\"font-size:13px;margin-bottom:20px\"><div class=\"su-heading-inner\">LCD &#8211; LABORATORIO CL\u00cdNICO Y BIOM\u00c9DICO \u00a0 \u00a0<i class=\"fa fa-arrow-right \" ><\/i>\u00a0 \u00a0<a href=\"https:\/\/www.fpmislata.com\/wordpress\/wp-content\/uploads\/LCB_tslaboratorioclinicobiomedicoen-pdf.pdf\" target=\"_blank\" rel=\"noopener\">HIGHER TECHNICIAN IN CLINICAL &amp; BIOMEDICAL LABORATORY<\/a> \u00a0<\/div><\/div><\/p><p><\/div><\/div><\/div><\/p>\t\t\t\t\t<\/div>\n\t\t\t\t\t\t<\/div>\n\t\t\t\t<\/div>\n\t\t\t\t\t\t<\/div>\n\t\t\t\t\t<\/div>\n\t\t<\/div>\n\t\t\t\t\t\t\t\t<\/div>\n\t\t\t\t\t<\/div>\n\t\t<\/section>\n\t\t\t\t\t\t<\/div>\n\t\t\t\t\t\t<\/div>\n\t\t\t\t\t<\/div>\n\t\t","protected":false},"excerpt":{"rendered":"<p>Departamento Sanidad Admisi\u00f3n https:\/\/youtu.be\/BWHCXlhyJr0https:\/\/youtu.be\/RtsY1gPnkyc<\/p>\n","protected":false},"author":1,"featured_media":1925,"parent":232,"menu_order":0,"comment_status":"closed","ping_status":"closed","template":"","meta":{"ngg_post_thumbnail":0},"_links":{"self":[{"href":"https:\/\/www.fpmislata.com\/wordpress\/wp-json\/wp\/v2\/pages\/273"}],"collection":[{"href":"https:\/\/www.fpmislata.com\/wordpress\/wp-json\/wp\/v2\/pages"}],"about":[{"href":"https:\/\/www.fpmislata.com\/wordpress\/wp-json\/wp\/v2\/types\/page"}],"author":[{"embeddable":true,"href":"https:\/\/www.fpmislata.com\/wordpress\/wp-json\/wp\/v2\/users\/1"}],"replies":[{"embeddable":true,"href":"https:\/\/www.fpmislata.com\/wordpress\/wp-json\/wp\/v2\/comments?post=273"}],"version-history":[{"count":30,"href":"https:\/\/www.fpmislata.com\/wordpress\/wp-json\/wp\/v2\/pages\/273\/revisions"}],"predecessor-version":[{"id":17221,"href":"https:\/\/www.fpmislata.com\/wordpress\/wp-json\/wp\/v2\/pages\/273\/revisions\/17221"}],"up":[{"embeddable":true,"href":"https:\/\/www.fpmislata.com\/wordpress\/wp-json\/wp\/v2\/pages\/232"}],"wp:featuredmedia":[{"embeddable":true,"href":"https:\/\/www.fpmislata.com\/wordpress\/wp-json\/wp\/v2\/media\/1925"}],"wp:attachment":[{"href":"https:\/\/www.fpmislata.com\/wordpress\/wp-json\/wp\/v2\/media?parent=273"}],"curies":[{"name":"wp","href":"https:\/\/api.w.org\/{rel}","templated":true}]}}