{"id":336,"date":"2018-03-11T12:05:08","date_gmt":"2018-03-11T12:05:08","guid":{"rendered":"http:\/\/www.fpmislata.com\/wordpress\/?page_id=336"},"modified":"2021-02-12T10:42:05","modified_gmt":"2021-02-12T14:42:05","slug":"webs-institucionales","status":"publish","type":"page","link":"https:\/\/www.fpmislata.com\/wordpress\/orientacion\/webs-institucionales\/","title":{"rendered":"Webs institucionales"},"content":{"rendered":"<p align=\"justify\">En esta p\u00e1gina se ir\u00e1n publicando todos los recursos en la web sobre portales institucionales para la <strong>orientaci\u00f3n acad\u00e9mica y profesional<\/strong>.<\/p>\n<p align=\"justify\">&nbsp;<\/p>\n<ul>\n<li><a href=\"http:\/\/www.educacionyfp.gob.es\/contenidos\/estudiantes\/formacion-profesional.html\" target=\"_blank\" rel=\"noopener noreferrer\">Ministerio de Educaci\u00f3n<\/a><\/li>\n<li><a href=\"http:\/\/www.ceice.gva.es\/es\/web\/educacion\" target=\"_blank\" rel=\"noopener noreferrer\">Conselleria de Educaci\u00f3n<\/a><\/li>\n<li><a href=\"http:\/\/www.ceice.gva.es\/es\/web\/formacion-profesional\" target=\"_blank\" rel=\"noopener noreferrer\">D. G. Formaci\u00f3n profesional<\/a><\/li>\n<li><a href=\"https:\/\/www.sepe.es\/\" target=\"_blank\" rel=\"noopener noreferrer\">Servicio P\u00fablico de Empleo Estatal (el antiguo INEM)<\/a><\/li>\n<li><a href=\"http:\/\/www.labora.gva.es\/va\/ciutadania\" target=\"_blank\" rel=\"noopener noreferrer\">Servicio Valenciano de Ocupaci\u00f3n y Formaci\u00f3n (LABORA)<\/a><\/li>\n<li><a href=\"http:\/\/incual.mecd.es\/\" target=\"_blank\" rel=\"noopener noreferrer\">Instituto Nacional de las Cualificaciones (INCUAL)<\/a><\/li>\n<li><a href=\"http:\/\/www.ceice.gva.es\/es\/web\/cualificaciones-profesionales\" target=\"_blank\" rel=\"noopener noreferrer\">Instituto Valenciano de Cualificaciones Profesionales&nbsp;(IVQP)<\/a><\/li>\n<li><a href=\"http:\/\/www.boe.es\/\" target=\"_blank\" rel=\"noopener noreferrer\">Bolet\u00edn Oficial del Estado (BOE)<\/a><\/li>\n<li><a href=\"http:\/\/www.docv.gva.es\/\" target=\"_blank\" rel=\"noopener noreferrer\">Diario Oficial Comunidad Valenciana (DOCV)<\/a><\/li>\n<\/ul>\n","protected":false},"excerpt":{"rendered":"<p>En esta p\u00e1gina se ir\u00e1n publicando todos los recursos en la web sobre portales institucionales para la orientaci\u00f3n acad\u00e9mica y profesional. &nbsp; Ministerio de Educaci\u00f3n Conselleria de Educaci\u00f3n D. G. Formaci\u00f3n profesional Servicio P\u00fablico de Empleo Estatal (el antiguo INEM) Servicio Valenciano de Ocupaci\u00f3n y Formaci\u00f3n (LABORA) Instituto Nacional de las Cualificaciones (INCUAL) Instituto Valenciano&hellip;<\/p>\n","protected":false},"author":1,"featured_media":0,"parent":327,"menu_order":0,"comment_status":"closed","ping_status":"closed","template":"","meta":{"ngg_post_thumbnail":0},"_links":{"self":[{"href":"https:\/\/www.fpmislata.com\/wordpress\/wp-json\/wp\/v2\/pages\/336"}],"collection":[{"href":"https:\/\/www.fpmislata.com\/wordpress\/wp-json\/wp\/v2\/pages"}],"about":[{"href":"https:\/\/www.fpmislata.com\/wordpress\/wp-json\/wp\/v2\/types\/page"}],"author":[{"embeddable":true,"href":"https:\/\/www.fpmislata.com\/wordpress\/wp-json\/wp\/v2\/users\/1"}],"replies":[{"embeddable":true,"href":"https:\/\/www.fpmislata.com\/wordpress\/wp-json\/wp\/v2\/comments?post=336"}],"version-history":[{"count":0,"href":"https:\/\/www.fpmislata.com\/wordpress\/wp-json\/wp\/v2\/pages\/336\/revisions"}],"up":[{"embeddable":true,"href":"https:\/\/www.fpmislata.com\/wordpress\/wp-json\/wp\/v2\/pages\/327"}],"wp:attachment":[{"href":"https:\/\/www.fpmislata.com\/wordpress\/wp-json\/wp\/v2\/media?parent=336"}],"curies":[{"name":"wp","href":"https:\/\/api.w.org\/{rel}","templated":true}]}}