{"id":347,"date":"2018-03-11T12:35:48","date_gmt":"2018-03-11T12:35:48","guid":{"rendered":"http:\/\/www.fpmislata.com\/wordpress\/?page_id=347"},"modified":"2018-06-13T12:02:51","modified_gmt":"2018-06-13T16:02:51","slug":"empresas-formacion-centros-trabajo","status":"publish","type":"page","link":"https:\/\/www.fpmislata.com\/wordpress\/empresas-formacion-centros-trabajo\/","title":{"rendered":"Formaci\u00f3n en Centros de Trabajo. FCT"},"content":{"rendered":"<p><img loading=\"lazy\" class=\"alignnone size-full wp-image-348 lazyload\" src=\"data:image\/gif;base64,R0lGODlhAQABAAAAACH5BAEKAAEALAAAAAABAAEAAAICTAEAOw==\" alt=\"fct-cipfp-mislata-valencia-empresas\" width=\"150\" height=\"41\" data-src=\"https:\/\/www.fpmislata.com\/wordpress\/wp-content\/uploads\/fct-cipfp-mislata-valencia-empresas.jpg\"><\/p>\n<p style=\"text-align: justify;\"><span style=\"font-size: 12pt; color: #000000;\">El m\u00f3dulo profesional de Formaci\u00f3n en Centros de Trabajo (FCT) es un bloque de formaci\u00f3n espec\u00edfica cuyos contenidos est\u00e1n organizados alrededor de actividades productivas propias del perfil profesional.<\/span><\/p>\n<p style=\"text-align: justify;\"><span style=\"font-size: 12pt; color: #000000;\">La caracter\u00edstica m\u00e1s relevante de esta formaci\u00f3n es que se desarrolla en un \u00e1mbito productivo real (la empresa), donde los alumnos podr\u00e1n observar y desempe\u00f1ar las actividades y funciones propias de los distintos puestos de trabajo de una profesi\u00f3n, conocer la organizaci\u00f3n de los procesos productivos o de servicios y de las relaciones laborales, siempre orientados y asesorados por los tutores del centro educativo y los instructores del centro de trabajo.<\/span><\/p>\n<p style=\"text-align: justify;\"><span style=\"font-size: 12pt; color: #000000;\"><strong>Los objetivos de la FCT son:<\/strong><\/span><\/p>\n<ul style=\"text-align: justify;\">\n<li><span style=\"font-size: 12pt; color: #000000;\">Complementar la cualificaci\u00f3n ya adquirida por los alumnos en el centro educativo mediante el conocimiento de los procesos productivos reales.<\/span><\/li>\n<li><span style=\"font-size: 12pt; color: #000000;\">Conocer e incorporarse a una organizaci\u00f3n empresarial, en la que los alumnos realizan actividades formativo-productivas propias de su perfil profesional.<\/span><\/li>\n<li><span style=\"font-size: 12pt; color: #000000;\">Evaluar la competencia profesional de los alumnos en situaci\u00f3n real de trabajo, con participaci\u00f3n empresarial. De este modo se favorece la inserci\u00f3n laboral de los titulados.<\/span><\/li>\n<\/ul>\n<p style=\"text-align: justify;\"><span style=\"font-size: 12pt; color: #000000;\"><strong>Colaboraci\u00f3n Centro Educativo &#8211; Empresa.<\/strong><\/span><\/p>\n<p style=\"text-align: justify;\"><span style=\"font-size: 12pt; color: #000000;\">La realizaci\u00f3n de la FCT requiere la colaboraci\u00f3n entre los centros educativos y las empresas. Para ello es necesaria la firma de un concierto de colaboraci\u00f3n entre ambas instituciones en el que se comprometen a:<\/span><\/p>\n<ul style=\"text-align: justify;\">\n<li><span style=\"font-size: 12pt; color: #000000;\">Designar un Instructor de la empresa y un tutor del centro educativo, para el seguimiento y evaluaci\u00f3n del alumno.<\/span><\/li>\n<li><span style=\"font-size: 12pt; color: #000000;\">Acordar el programa formativo que contemple las actividades a realizar por el alumno en la empresa y los resultados de aprendizaje esperados, sobre la base del contenido curricular que marque la legislaci\u00f3n educativa vigente.<\/span><\/li>\n<\/ul>\n<p style=\"text-align: justify;\"><span style=\"font-size: 12pt; color: #000000;\"><strong>Las caracter\u00edsticas m\u00e1s singulares de este concierto de colaboraci\u00f3n son las siguientes:<\/strong><\/span><\/p>\n<ul style=\"text-align: justify;\">\n<li><span style=\"font-size: 12pt; color: #000000;\">No implica, en ning\u00fan caso, vinculaci\u00f3n o relaci\u00f3n laboral de los alumnos con la empresa.<\/span><\/li>\n<li><span style=\"font-size: 12pt; color: #000000;\">Los alumnos no reciben compensaci\u00f3n econ\u00f3mica alguna por sus actividades mientras dure la FCT.<\/span><\/li>\n<li><span style=\"font-size: 12pt; color: #000000;\">El seguro escolar, adem\u00e1s de un seguro de responsabilidad civil y de accidentes concertado a este fin por las administraciones educativas, cubre las posibles contingencias de los alumnos en la empresa.<\/span><\/li>\n<li><span style=\"font-size: 12pt; color: #000000;\">Se podr\u00e1 rescindir el concierto o suspender su vigencia a petici\u00f3n de cualquiera de las partes.<\/span><\/li>\n<\/ul>\n<p style=\"text-align: justify;\"><span style=\"font-size: 12pt; color: #000000;\"><strong>Realizaci\u00f3n y seguimiento.<\/strong><\/span><\/p>\n<ul style=\"text-align: justify;\">\n<li><span style=\"font-size: 12pt; color: #000000;\">El alumno desarrollar\u00e1 las actividades del programa formativo siguiendo un horario y un calendario acordados con la empresa.<\/span><\/li>\n<li><span style=\"font-size: 12pt; color: #000000;\">Los per\u00edodos de realizaci\u00f3n de la FCT ser\u00e1n aquellos prefijados por las administraciones educativas (en general de septiembre a diciembre, o de abril a junio, en funci\u00f3n de la duraci\u00f3n total del ciclo).<\/span><\/li>\n<li><span style=\"font-size: 12pt; color: #000000;\">El profesor-tutor educativo desarrollar\u00e1 una jornada quincenal en el centro educativo con los alumnos, as\u00ed como visitas y contactos peri\u00f3dicos con la empresa.<\/span><\/li>\n<li><span style=\"font-size: 12pt; color: #000000;\">El instructor de la empresa ser\u00e1 el coordinador de las actividades del alumno en la empresa, aportando aquellas orientaciones que contribuyan al proceso formativo del alumno.<\/span><\/li>\n<\/ul>\n<p style=\"text-align: justify;\"><span style=\"font-size: 12pt; color: #000000;\"><a style=\"color: #000000;\" href=\"https:\/\/www.fpmislata.com\/wordpress\/empresas-formacion-centros-trabajo\/contacto-formacion-centros-trabajo-fct\/\"><strong>Contacta ahora<\/strong><\/a><\/span><\/p>\n","protected":false},"excerpt":{"rendered":"<p>El m\u00f3dulo profesional de Formaci\u00f3n en Centros de Trabajo (FCT) es un bloque de formaci\u00f3n espec\u00edfica cuyos contenidos est\u00e1n organizados alrededor de actividades productivas propias del perfil profesional. La caracter\u00edstica m\u00e1s relevante de esta formaci\u00f3n es que se desarrolla en un \u00e1mbito productivo real (la empresa), donde los alumnos podr\u00e1n observar y desempe\u00f1ar las actividades&hellip;<\/p>\n","protected":false},"author":1,"featured_media":0,"parent":0,"menu_order":0,"comment_status":"closed","ping_status":"closed","template":"","meta":{"ngg_post_thumbnail":0},"_links":{"self":[{"href":"https:\/\/www.fpmislata.com\/wordpress\/wp-json\/wp\/v2\/pages\/347"}],"collection":[{"href":"https:\/\/www.fpmislata.com\/wordpress\/wp-json\/wp\/v2\/pages"}],"about":[{"href":"https:\/\/www.fpmislata.com\/wordpress\/wp-json\/wp\/v2\/types\/page"}],"author":[{"embeddable":true,"href":"https:\/\/www.fpmislata.com\/wordpress\/wp-json\/wp\/v2\/users\/1"}],"replies":[{"embeddable":true,"href":"https:\/\/www.fpmislata.com\/wordpress\/wp-json\/wp\/v2\/comments?post=347"}],"version-history":[{"count":0,"href":"https:\/\/www.fpmislata.com\/wordpress\/wp-json\/wp\/v2\/pages\/347\/revisions"}],"wp:attachment":[{"href":"https:\/\/www.fpmislata.com\/wordpress\/wp-json\/wp\/v2\/media?parent=347"}],"curies":[{"name":"wp","href":"https:\/\/api.w.org\/{rel}","templated":true}]}}