{"id":352,"date":"2018-03-11T12:39:14","date_gmt":"2018-03-11T12:39:14","guid":{"rendered":"http:\/\/www.fpmislata.com\/wordpress\/?page_id=352"},"modified":"2018-06-13T12:04:53","modified_gmt":"2018-06-13T16:04:53","slug":"preguntas-frecuentes-fct-empresas","status":"publish","type":"page","link":"https:\/\/www.fpmislata.com\/wordpress\/empresas-formacion-centros-trabajo\/preguntas-frecuentes-fct-empresas\/","title":{"rendered":"FCT.Preguntas frecuentes empresas."},"content":{"rendered":"<p style=\"text-align: justify;\">En este apartado encontrar\u00e1s las respuestas a las preguntas m\u00e1s habituales que se pueden plantear desde el mundo de la empresa sobre el funcionamiento de la Formaci\u00f3n en Centros de Trabajo (FCT). <a href=\"http:\/\/www.fpmislata.com\/wordpress\/empresas-formacion-centros-trabajo\/preguntas-frecuentes-fct-alumnos\/\">En este enlace puedes encontrar las preguntas frecuentes como alumno<\/a><\/p>\n<p style=\"text-align: justify;\"><strong>\u00bfQu\u00e9 estudios est\u00e1n realizando los alumnos que van a realizar la FCT?<\/strong><\/p>\n<p style=\"text-align: justify;\">El CIPFP Mislata dispone de alumnos para pr\u00e1cticas pertenecientes a todas las familias profesionales de su oferta formativa.<\/p>\n<p style=\"text-align: justify;\"><strong>\u00bfCu\u00e1ndo se realiza la FCT?<\/strong><\/p>\n<p style=\"text-align: justify;\">En general, la FCT se realiza durante el curso escolar, de Abril a Junio.&nbsp;Para determinados ciclos formativos de menor duraci\u00f3n acad\u00e9mica, la FCT se realiza de Octubre a Diciembre.<br \/>\nDentro de estos per\u00edodos, el calendario concreto de realizaci\u00f3n se acordar\u00e1 entre el tutor del centro y el responsable de la empresa, teniendo en cuenta el n\u00famero de horas totales establecido para cada titulaci\u00f3n.<\/p>\n<p style=\"text-align: justify;\"><strong>\u00bfQu\u00e9 horario realizan los alumnos?<\/strong><\/p>\n<p style=\"text-align: justify;\">En general, el r\u00e9gimen horario del alumno es el de la empresa aunque, en cualquier caso, el horario del alumno se concretar\u00e1 por acuerdo entre el tutor del centro y el responsable de la empresa.<\/p>\n<p style=\"text-align: justify;\"><strong>\u00bfC\u00f3mo ser una empresa colaboradora en la FCT?<\/strong><\/p>\n<p style=\"text-align: justify;\">Es preciso suscribir un concierto de colaboraci\u00f3n entre el centro educativo y la empresa o instituci\u00f3n, v\u00e1lido para todos los alumnos de cualquier ciclo profesional de su oferta formativa.<\/p>\n<p style=\"text-align: justify;\">La duraci\u00f3n del convenio es de un a\u00f1o a partir de su firma, consider\u00e1ndose prorrogado autom\u00e1ticamente cuando ninguna de las partes firmantes manifieste lo contrario. El concierto podr\u00e1 rescindirse por mutuo acuerdo entre el centro educativo y la empresa colaboradora.<\/p>\n<p style=\"text-align: justify;\"><strong>Ya colaboramos con otro centro educativo, \u00bfes v\u00e1lido el mismo concierto de colaboraci\u00f3n?<\/strong><\/p>\n<p style=\"text-align: justify;\">No, los conciertos se firman entre la empresa y cada centro educativo. Habr\u00eda que firmar otro concierto.<\/p>\n<p style=\"text-align: justify;\"><strong>\u00bfEn qu\u00e9 per\u00edodo se deben solicitar alumnos para FCT?<\/strong><\/p>\n<p style=\"text-align: justify;\">Si la empresa colaboradora quiere tener la posibilidad de acoger alumnos en pr\u00e1cticas, debe solicitarlo con cierta antelaci\u00f3n para que los tutores del centro educativo puedan planificarse.<\/p>\n<ul style=\"text-align: justify;\">\n<li>En general, para las pr\u00e1cticas que se realizan de Abril a Junio, el plazo m\u00e1ximo de solicitud es el mes de Diciembre.<\/li>\n<li>Para determinados ciclos formativos cuyas pr\u00e1cticas se realizan de Octubre a Diciembre, el plazo m\u00e1ximo de solicitud es el mes de Junio.<\/li>\n<\/ul>\n<p style=\"text-align: justify;\"><strong>\u00bfC\u00f3mo solicitar alumnos en FCT?<\/strong><\/p>\n<p style=\"text-align: justify;\">Para concretar la solicitud en cuanto a caracter\u00edsticas del puesto de trabajo, actividades a desarrollar, as\u00ed como datos de la empresa, se puede elegir entre:<\/p>\n<ul>\n<li style=\"text-align: justify;\"><a href=\"https:\/\/www.fpmislata.com\/moodle2\/fpmislata\/fct\/empresa\/peticio_fct.php\" target=\"_blank\" rel=\"noopener\">Rellenar el siguiente formulario<\/a><\/li>\n<li style=\"text-align: justify;\">Contactar por tel\u00e9fono (96 120 59 27) o correo electr\u00f3nico con el Departamento de Pr\u00e1cticas Formativas del CIPFP Mislata ( fct@fpmislata.com), indicando el perfil del puesto formativo.<\/li>\n<\/ul>\n","protected":false},"excerpt":{"rendered":"<p>En este apartado encontrar\u00e1s las respuestas a las preguntas m\u00e1s habituales que se pueden plantear desde el mundo de la empresa sobre el funcionamiento de la Formaci\u00f3n en Centros de Trabajo (FCT). En este enlace puedes encontrar las preguntas frecuentes como alumno \u00bfQu\u00e9 estudios est\u00e1n realizando los alumnos que van a realizar la FCT? El&hellip;<\/p>\n","protected":false},"author":1,"featured_media":0,"parent":347,"menu_order":0,"comment_status":"closed","ping_status":"closed","template":"","meta":{"ngg_post_thumbnail":0},"_links":{"self":[{"href":"https:\/\/www.fpmislata.com\/wordpress\/wp-json\/wp\/v2\/pages\/352"}],"collection":[{"href":"https:\/\/www.fpmislata.com\/wordpress\/wp-json\/wp\/v2\/pages"}],"about":[{"href":"https:\/\/www.fpmislata.com\/wordpress\/wp-json\/wp\/v2\/types\/page"}],"author":[{"embeddable":true,"href":"https:\/\/www.fpmislata.com\/wordpress\/wp-json\/wp\/v2\/users\/1"}],"replies":[{"embeddable":true,"href":"https:\/\/www.fpmislata.com\/wordpress\/wp-json\/wp\/v2\/comments?post=352"}],"version-history":[{"count":0,"href":"https:\/\/www.fpmislata.com\/wordpress\/wp-json\/wp\/v2\/pages\/352\/revisions"}],"up":[{"embeddable":true,"href":"https:\/\/www.fpmislata.com\/wordpress\/wp-json\/wp\/v2\/pages\/347"}],"wp:attachment":[{"href":"https:\/\/www.fpmislata.com\/wordpress\/wp-json\/wp\/v2\/media?parent=352"}],"curies":[{"name":"wp","href":"https:\/\/api.w.org\/{rel}","templated":true}]}}