{"id":375,"date":"2018-03-11T15:47:08","date_gmt":"2018-03-11T15:47:08","guid":{"rendered":"http:\/\/www.fpmislata.com\/wordpress\/?page_id=375"},"modified":"2020-12-15T08:30:30","modified_gmt":"2020-12-15T12:30:30","slug":"bolsa-de-trabajo-formacion-en-centro-de-trabajo-fct","status":"publish","type":"page","link":"https:\/\/www.fpmislata.com\/wordpress\/empresas-formacion-centros-trabajo\/bolsa-de-trabajo-formacion-en-centro-de-trabajo-fct\/","title":{"rendered":"Bolsa de trabajo."},"content":{"rendered":"<p style=\"text-align: justify;\"><strong>El CIPFP MISLATA VALENCIA<\/strong>, a trav\u00e9s de sus departamentos de Formaci\u00f3n Profesional Espec\u00edfica, es plenamente consciente del papel que juega dentro del tejido empresarial, ya que desempe\u00f1a la tarea de formar a uno de los principales y m\u00e1s valiosos activos con los que puede contar una empresa: <strong>los Recursos Humanos.<\/strong><\/p>\n<p style=\"text-align: justify;\">En este sentido, nos avalan m\u00e1s de veinte a\u00f1os de experiencia en la Formaci\u00f3n Profesional de alumnos en el \u00e1mbito de la comarca y siempre desde la \u00f3ptica de las necesidades empresariales.<\/p>\n<p style=\"text-align: justify;\">Uno de los objetivos estrat\u00e9gicos del Centro es la participaci\u00f3n en el desarrollo econ\u00f3mico de la zona. Para ello, ponemos a su disposici\u00f3n el servicio de <strong>Bolsa de Trabajo<\/strong> con titulados de amplia formaci\u00f3n y con competencias adaptadas a las necesidades profesionales de su empresa.<\/p>\n<p style=\"text-align: justify;\">Sin embargo, nuestra <strong>bolsa de trabajo<\/strong> no tiene como fin la selecci\u00f3n de personal, sino ejercer como intermediario que permita PONER EN CONTACTO OFERTA Y DEMANDA DE EMPLEO.<\/p>\n<p style=\"text-align: right;\"><a href=\"https:\/\/www.fpmislata.com\/moodle2\/fpmislata\/fct\/empresa\/oferta_bolsa.php\" class=\"su-button su-button-style-default\" style=\"color:#090808;background-color:#2defcb;border-color:#24c0a3;border-radius:7px;-moz-border-radius:7px;-webkit-border-radius:7px\" target=\"_blank\" rel=\"noopener noreferrer\"><span style=\"color:#090808;padding:0px 20px;font-size:16px;line-height:32px;border-color:#6cf4db;border-radius:7px;-moz-border-radius:7px;-webkit-border-radius:7px;text-shadow:none;-moz-text-shadow:none;-webkit-text-shadow:none\"> A\u00f1adir oferta e empleo<\/span><\/a>\n<p style=\"text-align: justify;\">En nuestra bolsa de trabajo podr\u00e1n encontrar los perfiles adecuados al puesto de trabajo que su empresa demanda en las \u00e1reas que somos especialistas. Por lo tanto, las ofertas de trabajo se dirigen a todos los antiguos alumnos que cumplan el perfil profesional demandado.<\/p>\n<p>&nbsp;<\/p>\n<p style=\"text-align: justify;\"><strong>En el caso de que est\u00e9n interesados en contactar con alumnos de nuestro centro<\/strong> para cubrir un <span style=\"text-decoration: underline;\">puesto de trabajo en su empresa<\/span>, pueden solicitarlo a trav\u00e9s de las siguientes opciones:<\/p>\n<ul>\n<li style=\"text-align: justify;\"><a href=\"https:\/\/www.fpmislata.com\/moodle2\/fpmislata\/fct\/empresa\/oferta_bolsa.php\" target=\"_blank\" rel=\"noopener noreferrer\">Rellenando los datos de su oferta en este formulario<\/a>.<\/li>\n<li style=\"text-align: justify;\">Enviando un correo electr\u00f3nico a <a href=\"mailto:bolsatrabajo@fpmislata.com\" target=\"_blank\" rel=\"noopener noreferrer\">bolsatrabajo@fpmislata.com<\/a> indicando su sector de actividad y el perfil profesional de los alumnos m\u00e1s adecuados para el puesto de trabajo solicitado.<\/li>\n<li style=\"text-align: justify;\">Contactando con el departamento de Pr\u00e1cticas en el tel\u00e9fono <strong>96 120 59 27<\/strong><\/li>\n<\/ul>\n","protected":false},"excerpt":{"rendered":"<p>El CIPFP MISLATA VALENCIA, a trav\u00e9s de sus departamentos de Formaci\u00f3n Profesional Espec\u00edfica, es plenamente consciente del papel que juega dentro del tejido empresarial, ya que desempe\u00f1a la tarea de formar a uno de los principales y m\u00e1s valiosos activos con los que puede contar una empresa: los Recursos Humanos. En este sentido, nos avalan&hellip;<\/p>\n","protected":false},"author":1,"featured_media":0,"parent":347,"menu_order":0,"comment_status":"closed","ping_status":"closed","template":"","meta":{"ngg_post_thumbnail":0},"_links":{"self":[{"href":"https:\/\/www.fpmislata.com\/wordpress\/wp-json\/wp\/v2\/pages\/375"}],"collection":[{"href":"https:\/\/www.fpmislata.com\/wordpress\/wp-json\/wp\/v2\/pages"}],"about":[{"href":"https:\/\/www.fpmislata.com\/wordpress\/wp-json\/wp\/v2\/types\/page"}],"author":[{"embeddable":true,"href":"https:\/\/www.fpmislata.com\/wordpress\/wp-json\/wp\/v2\/users\/1"}],"replies":[{"embeddable":true,"href":"https:\/\/www.fpmislata.com\/wordpress\/wp-json\/wp\/v2\/comments?post=375"}],"version-history":[{"count":0,"href":"https:\/\/www.fpmislata.com\/wordpress\/wp-json\/wp\/v2\/pages\/375\/revisions"}],"up":[{"embeddable":true,"href":"https:\/\/www.fpmislata.com\/wordpress\/wp-json\/wp\/v2\/pages\/347"}],"wp:attachment":[{"href":"https:\/\/www.fpmislata.com\/wordpress\/wp-json\/wp\/v2\/media?parent=375"}],"curies":[{"name":"wp","href":"https:\/\/api.w.org\/{rel}","templated":true}]}}