{"id":384,"date":"2018-03-11T16:03:21","date_gmt":"2018-03-11T16:03:21","guid":{"rendered":"http:\/\/www.fpmislata.com\/wordpress\/?page_id=384"},"modified":"2026-01-13T06:53:04","modified_gmt":"2026-01-13T10:53:04","slug":"contacto-orientacion","status":"publish","type":"page","link":"https:\/\/www.fpmislata.com\/wordpress\/orientacion\/contacto-orientacion\/","title":{"rendered":"Contacto Orientaci\u00f3n"},"content":{"rendered":"\t\t<div data-elementor-type=\"wp-page\" data-elementor-id=\"384\" class=\"elementor elementor-384\" data-elementor-settings=\"[]\">\n\t\t\t\t\t\t<div class=\"elementor-inner\">\n\t\t\t\t\t\t\t<div class=\"elementor-section-wrap\">\n\t\t\t\t\t\t\t<section class=\"elementor-section elementor-top-section elementor-element elementor-element-6b5524c2 elementor-section-boxed elementor-section-height-default elementor-section-height-default\" data-id=\"6b5524c2\" data-element_type=\"section\">\n\t\t\t\t\t\t<div class=\"elementor-container elementor-column-gap-default\">\n\t\t\t\t\t\t\t<div class=\"elementor-row\">\n\t\t\t\t\t<div class=\"elementor-column elementor-col-100 elementor-top-column elementor-element elementor-element-2b4403f8\" data-id=\"2b4403f8\" data-element_type=\"column\">\n\t\t\t<div class=\"elementor-column-wrap elementor-element-populated\">\n\t\t\t\t\t\t\t<div class=\"elementor-widget-wrap\">\n\t\t\t\t\t\t<div class=\"elementor-element elementor-element-18a2a5b5 elementor-widget elementor-widget-text-editor\" data-id=\"18a2a5b5\" data-element_type=\"widget\" data-widget_type=\"text-editor.default\">\n\t\t\t\t<div class=\"elementor-widget-container\">\n\t\t\t\t\t\t\t\t<div class=\"elementor-text-editor elementor-clearfix\">\n\t\t\t\t\t<div><span data-olk-copy-source=\"MessageBody\">Horario de atenci\u00f3n personal en el departamento de Orientaci\u00f3n:<\/span><\/div>\n<ul>\n<li>\n<div role=\"presentation\">Sonia Cardona Molina (jefa del departamento):<\/div>\n<ul>\n<li>Ma\u00f1anas: lunes, martes, mi\u00e9rcoles, jueves y viernes.<\/li>\n<\/ul>\n<\/li>\n<li>\n<div role=\"presentation\">Antonio G\u00f3mez Mateu:<\/div>\n<ul>\n<li>\n<div role=\"presentation\">Ma\u00f1anas: lunes, martes, mi\u00e9rcoles, jueves y viernes.<\/div>\n<\/li>\n<\/ul>\n<\/li>\n<li>M\u00aa Carmen Moreno de Torres:<br \/>\n<ul>\n<li>\n<div role=\"presentation\">Ma\u00f1anas: Martes y viernes<\/div>\n<\/li>\n<li>\n<div role=\"presentation\">Tardes: Lunes, mi\u00e9rcoles y jueves<\/div>\n<\/li>\n<\/ul>\n<\/li>\n<li>\n<div role=\"presentation\">Laura Mart\u00ednez Navarro:<\/div>\n<ul>\n<li>Tardes: lunes, martes, mi\u00e9rcoles, jueves y viernes.<\/li>\n<\/ul>\n<\/li>\n<\/ul>\n<p>OFICINA D&#8217;INFORMACI\u00d3 I ORIENTACI\u00d3 PROFESSIONAL CIPFP MISLATA:\u00a0 <a id=\"OWAfaca9473-4985-9131-4946-d0282c0ad347\" style=\"background-color: #ffffff;\" title=\"mailto:46019660.orientafp@edu.gva.es\" href=\"mailto:46019660.orientafp@edu.gva.es\" data-linkindex=\"0\">46019660.orientafp@edu.gva.es<\/a><\/p>\n<div>\u00a0<\/div>\n<!-- wp:tadv\/classic-paragraph \/-->\t\t\t\t\t<\/div>\n\t\t\t\t\t\t<\/div>\n\t\t\t\t<\/div>\n\t\t\t\t\t\t<\/div>\n\t\t\t\t\t<\/div>\n\t\t<\/div>\n\t\t\t\t\t\t\t\t<\/div>\n\t\t\t\t\t<\/div>\n\t\t<\/section>\n\t\t\t\t\t\t<\/div>\n\t\t\t\t\t\t<\/div>\n\t\t\t\t\t<\/div>\n\t\t","protected":false},"excerpt":{"rendered":"<p>Horario de atenci\u00f3n personal en el departamento de Orientaci\u00f3n: Sonia Cardona Molina (jefa del departamento): Ma\u00f1anas: lunes, martes, mi\u00e9rcoles, jueves y viernes. Antonio G\u00f3mez Mateu: Ma\u00f1anas: lunes, martes, mi\u00e9rcoles, jueves y viernes. M\u00aa Carmen Moreno de Torres: Ma\u00f1anas: Martes y viernes Tardes: Lunes, mi\u00e9rcoles y jueves Laura Mart\u00ednez Navarro: Tardes: lunes, martes, mi\u00e9rcoles, jueves y&hellip;<\/p>\n","protected":false},"author":1,"featured_media":1515,"parent":327,"menu_order":0,"comment_status":"closed","ping_status":"closed","template":"","meta":{"ngg_post_thumbnail":0},"_links":{"self":[{"href":"https:\/\/www.fpmislata.com\/wordpress\/wp-json\/wp\/v2\/pages\/384"}],"collection":[{"href":"https:\/\/www.fpmislata.com\/wordpress\/wp-json\/wp\/v2\/pages"}],"about":[{"href":"https:\/\/www.fpmislata.com\/wordpress\/wp-json\/wp\/v2\/types\/page"}],"author":[{"embeddable":true,"href":"https:\/\/www.fpmislata.com\/wordpress\/wp-json\/wp\/v2\/users\/1"}],"replies":[{"embeddable":true,"href":"https:\/\/www.fpmislata.com\/wordpress\/wp-json\/wp\/v2\/comments?post=384"}],"version-history":[{"count":17,"href":"https:\/\/www.fpmislata.com\/wordpress\/wp-json\/wp\/v2\/pages\/384\/revisions"}],"predecessor-version":[{"id":17374,"href":"https:\/\/www.fpmislata.com\/wordpress\/wp-json\/wp\/v2\/pages\/384\/revisions\/17374"}],"up":[{"embeddable":true,"href":"https:\/\/www.fpmislata.com\/wordpress\/wp-json\/wp\/v2\/pages\/327"}],"wp:featuredmedia":[{"embeddable":true,"href":"https:\/\/www.fpmislata.com\/wordpress\/wp-json\/wp\/v2\/media\/1515"}],"wp:attachment":[{"href":"https:\/\/www.fpmislata.com\/wordpress\/wp-json\/wp\/v2\/media?parent=384"}],"curies":[{"name":"wp","href":"https:\/\/api.w.org\/{rel}","templated":true}]}}