{"id":394,"date":"2018-03-11T16:24:58","date_gmt":"2018-03-11T16:24:58","guid":{"rendered":"http:\/\/www.fpmislata.com\/wordpress\/?page_id=394"},"modified":"2021-06-15T06:21:57","modified_gmt":"2021-06-15T10:21:57","slug":"carta-erasmus-2014-2020","status":"publish","type":"page","link":"https:\/\/www.fpmislata.com\/wordpress\/internacional\/carta-erasmus-2014-2020\/","title":{"rendered":"Carta Erasmus 2021-2027"},"content":{"rendered":"\t\t<div data-elementor-type=\"wp-page\" data-elementor-id=\"394\" class=\"elementor elementor-394\" data-elementor-settings=\"[]\">\n\t\t\t\t\t\t<div class=\"elementor-inner\">\n\t\t\t\t\t\t\t<div class=\"elementor-section-wrap\">\n\t\t\t\t\t\t\t<section class=\"elementor-section elementor-top-section elementor-element elementor-element-4f042314 elementor-section-boxed elementor-section-height-default elementor-section-height-default\" data-id=\"4f042314\" data-element_type=\"section\">\n\t\t\t\t\t\t<div class=\"elementor-container elementor-column-gap-default\">\n\t\t\t\t\t\t\t<div class=\"elementor-row\">\n\t\t\t\t\t<div class=\"elementor-column elementor-col-100 elementor-top-column elementor-element elementor-element-29208f03\" data-id=\"29208f03\" data-element_type=\"column\">\n\t\t\t<div class=\"elementor-column-wrap elementor-element-populated\">\n\t\t\t\t\t\t\t<div class=\"elementor-widget-wrap\">\n\t\t\t\t\t\t<div class=\"elementor-element elementor-element-5d34e997 elementor-widget elementor-widget-text-editor\" data-id=\"5d34e997\" data-element_type=\"widget\" data-widget_type=\"text-editor.default\">\n\t\t\t\t<div class=\"elementor-widget-container\">\n\t\t\t\t\t\t\t\t<div class=\"elementor-text-editor elementor-clearfix\">\n\t\t\t\t\t<p>El Parlamento Europeo ha aprobado el programa Erasmus + para el per\u00edodo 2021-2027.<\/p>\n<p>El nuevo programa Erasmus + se enmarca en la estrategia Europa 2020, en la estrategia Educaci\u00f3n y Formaci\u00f3n 2020 y en la estrategia Rethinking Education y engloba todas las iniciativas de educaci\u00f3n, formaci\u00f3n, juventud y deporte.<\/p>\n<p>En materia educativa abarca todos los niveles: escolar, formaci\u00f3n profesional, ense\u00f1anza superior y formaci\u00f3n de personas adultas.<\/p>\n<p>Erasmus + integrar\u00e1 los programas existentes en el Programa de Aprendizaje Permanente y tambi\u00e9n los programas de educaci\u00f3n superior internacional: Mundus, Tempus, ALFA, Edulink y programas bilaterales, adem\u00e1s del Programa Juventud en Acci\u00f3n.<\/p>\n<p>Este nuevo programa se centra en el aprendizaje formal e informal m\u00e1s all\u00e1 de las fronteras de la UE, con una clara vocaci\u00f3n de internacionalizaci\u00f3n abri\u00e9ndose a terceros pa\u00edses con el objetivo de mejorar las capacidades educativas y formativas de las personas para la empleabilidad de estudiantes, profesorado y trabajadores y trabajadoras.<\/p>\n<p>\u00a0<\/p>\n<p>\u00a0<\/p>\n<p><!-- wp:tadv\/classic-paragraph \/--><\/p>\t\t\t\t\t<\/div>\n\t\t\t\t\t\t<\/div>\n\t\t\t\t<\/div>\n\t\t\t\t\t\t<\/div>\n\t\t\t\t\t<\/div>\n\t\t<\/div>\n\t\t\t\t\t\t\t\t<\/div>\n\t\t\t\t\t<\/div>\n\t\t<\/section>\n\t\t\t\t<section class=\"elementor-section elementor-top-section elementor-element elementor-element-5dec55b elementor-section-boxed elementor-section-height-default elementor-section-height-default\" data-id=\"5dec55b\" data-element_type=\"section\">\n\t\t\t\t\t\t<div class=\"elementor-container elementor-column-gap-default\">\n\t\t\t\t\t\t\t<div class=\"elementor-row\">\n\t\t\t\t\t<div class=\"elementor-column elementor-col-25 elementor-top-column elementor-element elementor-element-2cbc56a\" data-id=\"2cbc56a\" data-element_type=\"column\">\n\t\t\t<div class=\"elementor-column-wrap\">\n\t\t\t\t\t\t\t<div class=\"elementor-widget-wrap\">\n\t\t\t\t\t\t\t\t<\/div>\n\t\t\t\t\t<\/div>\n\t\t<\/div>\n\t\t\t\t<div class=\"elementor-column elementor-col-50 elementor-top-column elementor-element elementor-element-4ff28c7\" data-id=\"4ff28c7\" data-element_type=\"column\">\n\t\t\t<div class=\"elementor-column-wrap elementor-element-populated\">\n\t\t\t\t\t\t\t<div class=\"elementor-widget-wrap\">\n\t\t\t\t\t\t<div class=\"elementor-element elementor-element-79cbc8b elementor-widget elementor-widget-image\" data-id=\"79cbc8b\" data-element_type=\"widget\" data-widget_type=\"image.default\">\n\t\t\t\t<div class=\"elementor-widget-container\">\n\t\t\t\t\t\t\t\t<div class=\"elementor-image\">\n\t\t\t\t\t\t\t\t\t\t\t\t\t<a href=\"https:\/\/www.fpmislata.com\/wordpress\/wp-content\/uploads\/Carta-Erasmus-Espanol-2021_2027.pdf\" target=\"_blank\">\n\t\t\t\t\t\t\t<img width=\"640\" height=\"451\" src=\"data:image\/gif;base64,R0lGODlhAQABAAAAACH5BAEKAAEALAAAAAABAAEAAAICTAEAOw==\" class=\"attachment-large size-large lazyload\" alt=\"\" loading=\"lazy\" sizes=\"(max-width: 640px) 100vw, 640px\" data-src=\"https:\/\/www.fpmislata.com\/wordpress\/wp-content\/uploads\/ErasmusEspanol2127-800x564.png\" data-srcset=\"https:\/\/www.fpmislata.com\/wordpress\/wp-content\/uploads\/ErasmusEspanol2127-800x564.png 800w, https:\/\/www.fpmislata.com\/wordpress\/wp-content\/uploads\/ErasmusEspanol2127-300x211.png 300w, https:\/\/www.fpmislata.com\/wordpress\/wp-content\/uploads\/ErasmusEspanol2127-768x541.png 768w, https:\/\/www.fpmislata.com\/wordpress\/wp-content\/uploads\/ErasmusEspanol2127-340x240.png 340w, https:\/\/www.fpmislata.com\/wordpress\/wp-content\/uploads\/ErasmusEspanol2127.png 1056w\">\t\t\t\t\t\t\t\t<\/a>\n\t\t\t\t\t\t\t\t\t\t\t\t\t\t<\/div>\n\t\t\t\t\t\t<\/div>\n\t\t\t\t<\/div>\n\t\t\t\t\t\t<\/div>\n\t\t\t\t\t<\/div>\n\t\t<\/div>\n\t\t\t\t<div class=\"elementor-column elementor-col-25 elementor-top-column elementor-element elementor-element-6ba6ea1\" data-id=\"6ba6ea1\" data-element_type=\"column\">\n\t\t\t<div class=\"elementor-column-wrap\">\n\t\t\t\t\t\t\t<div class=\"elementor-widget-wrap\">\n\t\t\t\t\t\t\t\t<\/div>\n\t\t\t\t\t<\/div>\n\t\t<\/div>\n\t\t\t\t\t\t\t\t<\/div>\n\t\t\t\t\t<\/div>\n\t\t<\/section>\n\t\t\t\t<section class=\"elementor-section elementor-top-section elementor-element elementor-element-3e2e5ed elementor-section-boxed elementor-section-height-default elementor-section-height-default\" data-id=\"3e2e5ed\" data-element_type=\"section\">\n\t\t\t\t\t\t<div class=\"elementor-container elementor-column-gap-default\">\n\t\t\t\t\t\t\t<div class=\"elementor-row\">\n\t\t\t\t\t<div class=\"elementor-column elementor-col-25 elementor-top-column elementor-element elementor-element-1890442\" data-id=\"1890442\" data-element_type=\"column\">\n\t\t\t<div class=\"elementor-column-wrap\">\n\t\t\t\t\t\t\t<div class=\"elementor-widget-wrap\">\n\t\t\t\t\t\t\t\t<\/div>\n\t\t\t\t\t<\/div>\n\t\t<\/div>\n\t\t\t\t<div class=\"elementor-column elementor-col-50 elementor-top-column elementor-element elementor-element-1375246\" data-id=\"1375246\" data-element_type=\"column\">\n\t\t\t<div class=\"elementor-column-wrap elementor-element-populated\">\n\t\t\t\t\t\t\t<div class=\"elementor-widget-wrap\">\n\t\t\t\t\t\t<div class=\"elementor-element elementor-element-03309f2 elementor-widget elementor-widget-image\" data-id=\"03309f2\" data-element_type=\"widget\" data-widget_type=\"image.default\">\n\t\t\t\t<div class=\"elementor-widget-container\">\n\t\t\t\t\t\t\t\t<div class=\"elementor-image\">\n\t\t\t\t\t\t\t\t\t\t\t\t\t<a href=\"https:\/\/www.fpmislata.com\/wordpress\/wp-content\/uploads\/Erasmus2127.png\" data-elementor-open-lightbox=\"yes\" data-elementor-lightbox-title=\"Erasmus2127\">\n\t\t\t\t\t\t\t<img width=\"640\" height=\"457\" src=\"data:image\/gif;base64,R0lGODlhAQABAAAAACH5BAEKAAEALAAAAAABAAEAAAICTAEAOw==\" class=\"attachment-large size-large lazyload\" alt=\"\" loading=\"lazy\" sizes=\"(max-width: 640px) 100vw, 640px\" data-src=\"https:\/\/www.fpmislata.com\/wordpress\/wp-content\/uploads\/Erasmus2127-800x571.png\" data-srcset=\"https:\/\/www.fpmislata.com\/wordpress\/wp-content\/uploads\/Erasmus2127-800x571.png 800w, https:\/\/www.fpmislata.com\/wordpress\/wp-content\/uploads\/Erasmus2127-300x214.png 300w, https:\/\/www.fpmislata.com\/wordpress\/wp-content\/uploads\/Erasmus2127-768x548.png 768w, https:\/\/www.fpmislata.com\/wordpress\/wp-content\/uploads\/Erasmus2127.png 1010w\">\t\t\t\t\t\t\t\t<\/a>\n\t\t\t\t\t\t\t\t\t\t\t\t\t\t<\/div>\n\t\t\t\t\t\t<\/div>\n\t\t\t\t<\/div>\n\t\t\t\t\t\t<\/div>\n\t\t\t\t\t<\/div>\n\t\t<\/div>\n\t\t\t\t<div class=\"elementor-column elementor-col-25 elementor-top-column elementor-element elementor-element-86ecf71\" data-id=\"86ecf71\" data-element_type=\"column\">\n\t\t\t<div class=\"elementor-column-wrap\">\n\t\t\t\t\t\t\t<div class=\"elementor-widget-wrap\">\n\t\t\t\t\t\t\t\t<\/div>\n\t\t\t\t\t<\/div>\n\t\t<\/div>\n\t\t\t\t\t\t\t\t<\/div>\n\t\t\t\t\t<\/div>\n\t\t<\/section>\n\t\t\t\t\t\t<\/div>\n\t\t\t\t\t\t<\/div>\n\t\t\t\t\t<\/div>\n\t\t","protected":false},"excerpt":{"rendered":"<p>El Parlamento Europeo ha aprobado el programa Erasmus + para el per\u00edodo 2021-2027. El nuevo programa Erasmus + se enmarca en la estrategia Europa 2020, en la estrategia Educaci\u00f3n y Formaci\u00f3n 2020 y en la estrategia Rethinking Education y engloba todas las iniciativas de educaci\u00f3n, formaci\u00f3n, juventud y deporte. En materia educativa abarca todos los&hellip;<\/p>\n","protected":false},"author":1,"featured_media":0,"parent":240,"menu_order":0,"comment_status":"closed","ping_status":"closed","template":"","meta":{"ngg_post_thumbnail":0},"_links":{"self":[{"href":"https:\/\/www.fpmislata.com\/wordpress\/wp-json\/wp\/v2\/pages\/394"}],"collection":[{"href":"https:\/\/www.fpmislata.com\/wordpress\/wp-json\/wp\/v2\/pages"}],"about":[{"href":"https:\/\/www.fpmislata.com\/wordpress\/wp-json\/wp\/v2\/types\/page"}],"author":[{"embeddable":true,"href":"https:\/\/www.fpmislata.com\/wordpress\/wp-json\/wp\/v2\/users\/1"}],"replies":[{"embeddable":true,"href":"https:\/\/www.fpmislata.com\/wordpress\/wp-json\/wp\/v2\/comments?post=394"}],"version-history":[{"count":15,"href":"https:\/\/www.fpmislata.com\/wordpress\/wp-json\/wp\/v2\/pages\/394\/revisions"}],"predecessor-version":[{"id":8329,"href":"https:\/\/www.fpmislata.com\/wordpress\/wp-json\/wp\/v2\/pages\/394\/revisions\/8329"}],"up":[{"embeddable":true,"href":"https:\/\/www.fpmislata.com\/wordpress\/wp-json\/wp\/v2\/pages\/240"}],"wp:attachment":[{"href":"https:\/\/www.fpmislata.com\/wordpress\/wp-json\/wp\/v2\/media?parent=394"}],"curies":[{"name":"wp","href":"https:\/\/api.w.org\/{rel}","templated":true}]}}