{"id":4274,"date":"2019-07-01T08:17:57","date_gmt":"2019-07-01T12:17:57","guid":{"rendered":"https:\/\/www.fpmislata.com\/wordpress\/?page_id=4274"},"modified":"2019-07-18T12:22:38","modified_gmt":"2019-07-18T16:22:38","slug":"inici-curs-19-20","status":"publish","type":"page","link":"https:\/\/www.fpmislata.com\/wordpress\/inici-curs-19-20\/","title":{"rendered":"INICI CURS 19\/20"},"content":{"rendered":"<p><strong><div class=\"su-heading su-heading-style-default su-heading-align-center\" id=\"\" style=\"font-size:17px;margin-bottom:20px\"><div class=\"su-heading-inner\">CURS 2019\/20: INICI DE CURS<\/div><\/div><\/strong><\/p>\n<p>La acollida dels alumnes per al &nbsp;curs 2019\/20 es far\u00e0 el dia<strong> 9&nbsp;de setembre<\/strong> per a tots els grups, pulsa al grup per a vore m\u00e9s detall :<br \/>\n<div class=\"su-table su-table-alternate\">\n<table style=\"width: 616px;\">\n<tbody>\n<tr style=\"background-color: #74b9d6;\">\n<td style=\"width: 180px; text-align: center;\" width=\"209\"><strong>GRUPS<\/strong><\/td>\n<td style=\"width: 218px; text-align: center;\" width=\"116\"><strong>LLOC ACOLLIDA<\/strong><\/td>\n<\/tr>\n<tr>\n<td style=\"width: 180px; text-align: center;\" width=\"209\">\n<p style=\"text-align: left;\"><a href=\"#presencial1\">1er presencial<\/a><\/p>\n<p style=\"text-align: left;\"><a href=\"#semipresencial\">1er semipresencial<\/a><\/p>\n<p style=\"text-align: left;\"><a href=\"#semipresencial\">2nd semipresencial<\/a><\/p>\n<\/td>\n<td style=\"width: 218px; text-align: center;\" width=\"116\">SAL\u00d3 D\u2019ACTES<\/td>\n<\/tr>\n<tr>\n<td style=\"width: 180px; text-align: left;\" width=\"209\"><a href=\"#presencial2\">2nd presencial<\/a><\/td>\n<td style=\"width: 218px; text-align: center;\" width=\"116\">AULA<\/td>\n<\/tr>\n<tr>\n<td style=\"width: 180px; text-align: left;\" width=\"209\"><a href=\"#fct\">2nd CAE&#8211;FCT<\/a><\/td>\n<td style=\"width: 218px; text-align: center;\" width=\"116\">SAL\u00d3 D\u2019ACTES<\/td>\n<\/tr>\n<\/tbody>\n<\/table>\n<\/div>\n&nbsp;<strong>IMPORTANT<\/strong>: Als grups de doble torn, heu de comprovar en quin dels dos (A-mat\u00ed \u00f3 B-vesprada) est\u00e9u adscrits, Es publicar\u00e0 al tauler d&#8217;anuncis del centre.&nbsp; Aquesta informaci\u00f3&nbsp;<strong>estar\u00e0 a partir del 5 de setembre de 2019.<\/strong><\/p>\n<p>&nbsp;<\/p>\n<div class=\"su-heading su-heading-style-default su-heading-align-center\" id=\"\" style=\"font-size:17px;margin-bottom:20px\"><div class=\"su-heading-inner\">GRUPS DE 1er&nbsp; PRESENCIAL<\/div><\/div>\n<p id=\"presencial1\" style=\"text-align: center;\"><strong>DIA 9&nbsp;DE SETEMBRE (SAL\u00d3 D\u2019ACTES)<\/strong><\/p>\n<p>&nbsp;<br \/>\n<div class=\"su-table su-table-alternate\">\n<table style=\"width: 971px;\" width=\"643\">\n<tbody>\n<tr>\n<td style=\"width: 153px;\" rowspan=\"4\" width=\"47\">GRUPS <strong>1er PRESENCIAL<\/strong><\/td>\n<td style=\"width: 80px; text-align: center;\" width=\"66\">09.00 hr<\/td>\n<td style=\"width: 240px; text-align: center;\" width=\"208\">GRUPS DE <u>GRAU MITJ\u00c0<\/u> TORN <strong>MATI<\/strong><\/td>\n<td style=\"width: 345px;\" width=\"321\">&nbsp;Gesti\u00f3 Administrativa<\/p>\n<p>Sistemes Microinform\u00e0tiques i Xarxes (Grup A)<\/p>\n<p>Activitats Comercials<\/p>\n<p>Cures Auxiliars d\u2019infermeria (Grup A)<\/td>\n<\/tr>\n<tr>\n<td style=\"width: 80px; text-align: center;\" width=\"66\">11.30 hr<\/td>\n<td style=\"width: 240px; text-align: center;\" width=\"208\">GRUPS DE <u>GRAU SUPERIOR<\/u> TORN <strong>MATI<\/strong><\/td>\n<td style=\"width: 345px;\" width=\"321\">Administraci\u00f3 i Finances<\/p>\n<p>Administraci\u00f3 de Sistemes Inform\u00e0tics<\/p>\n<p>Desenvolupament d\u2019aplicacions Web<\/p>\n<p>\u00d2ptica<\/p>\n<p>Laboratori de Diagn\u00f2stic Cl\u00ednic (Grup A)<\/p>\n<p>Guia, Informaci\u00f3 i Assist\u00e8ncia Tur\u00edstica<\/td>\n<\/tr>\n<tr>\n<td style=\"width: 80px; text-align: center;\" rowspan=\"2\" width=\"66\">16.00 hr<\/p>\n<p>&nbsp;<\/td>\n<td style=\"width: 240px; text-align: center;\" width=\"208\">GRUPS DE <u>GRAU MITJ\u00c0<\/u> TORN <strong>VESPRADA<\/strong><\/td>\n<td style=\"width: 345px;\" width=\"321\">Sistemes Microinform\u00e0tiques i Xarxes (Grup B)<\/p>\n<p>Cures Auxiliars d\u2019infermeria (Grup B)<\/td>\n<\/tr>\n<tr>\n<td style=\"width: 240px; text-align: center;\" width=\"208\">GRUPS DE <u>GRAU SUPERIOR<\/u> TORN <strong>VESPRADA<\/strong><\/td>\n<td style=\"width: 345px;\" width=\"321\">Laboratori de Diagn\u00f2stic Cl\u00ednic (Grup B)<\/p>\n<p>Comer\u00e7 Internacional<\/p>\n<p>Gesti\u00f3 de Vendes i Esdeveniments Comercials<\/p>\n<p>Gesti\u00f3 d\u2019allotjaments tur\u00edstics<\/p>\n<p>Agencies de Viatges i Gesti\u00f3 d\u2019esdeveniments<\/td>\n<\/tr>\n<\/tbody>\n<\/table>\n<\/div>\n<div class=\"su-heading su-heading-style-default su-heading-align-center\" id=\"\" style=\"font-size:17px;margin-bottom:20px\"><div class=\"su-heading-inner\">GRUPS DE 2nd PRESENCIAL<\/div><\/div>\n<p id=\"presencial2\" style=\"text-align: center;\"><strong>DIA 9&nbsp;DE SETEMBRE (AULA)<\/strong><\/p>\n<div class=\"su-table su-table-alternate\">\n<table style=\"width: 970px;\" width=\"643\">\n<tbody>\n<tr style=\"height: 137px;\">\n<td style=\"width: 173px; height: 814px;\" rowspan=\"3\" width=\"38\">GRUPS <strong>2nd PRESENCIAL<\/strong><\/td>\n<td style=\"width: 97px; text-align: center; height: 217px;\" width=\"76\">09.00 hr<\/td>\n<td style=\"width: 294px; text-align: center; height: 217px;\" width=\"208\">GRUPS DE <u>GRAU&nbsp; MITJ\u00c0&nbsp;<\/u>TORN <strong>MATI<\/strong><\/td>\n<td style=\"width: 294px; height: 217px;\" width=\"321\">Gesti\u00f3 Administrativa<\/p>\n<p>Sistemes Microinform\u00e0tiques i Xarxes (Grup A)<\/p>\n<p>Activitats Comercials<\/p>\n<p>&nbsp;<\/td>\n<\/tr>\n<tr style=\"height: 207px;\">\n<td style=\"width: 97px; text-align: center; height: 368px;\" width=\"76\">11.30 hr<\/p>\n<p>&nbsp;<\/td>\n<td style=\"width: 294px; text-align: center; height: 368px;\" width=\"208\">GRUPS DE <u>GRAU SUPERIOR&nbsp;<\/u>TORN <strong>MAT\u00ed<\/strong><\/td>\n<td style=\"width: 406px; height: 368px;\" width=\"321\">Administraci\u00f3 i Finances<\/p>\n<p>Administraci\u00f3 de Sistemes Inform\u00e0tics<\/p>\n<p>Desenvolupament d\u2019aplicacions Web<\/p>\n<p>\u00d2ptica<\/p>\n<p>Laboratori de Diagn\u00f2stic Cl\u00ednic (Grup A)<\/p>\n<p>Guia, Informaci\u00f3 i Assist\u00e8ncia Tur\u00edstica<\/p>\n<p>Agencies de Viatges i Gesti\u00f3 d\u2019esdeveniments<\/td>\n<\/tr>\n<tr style=\"height: 229px;\">\n<td style=\"width: 97px; text-align: center; height: 229px;\" width=\"76\">16.00 hr<\/p>\n<p>&nbsp;<\/td>\n<td style=\"width: 294px; text-align: center; height: 229px;\" width=\"208\">GRUPS DE <strong>VESPRADA<\/strong><\/td>\n<td style=\"width: 406px; height: 229px;\" width=\"321\">Sistemes Microinform\u00e0tiques i Xarxes (Grup B)<\/p>\n<p>Laboratori de Diagn\u00f2stic Cl\u00ednic (Grup B)<\/p>\n<p>Comer\u00e7 Internacional<\/p>\n<p>Gesti\u00f3 de Vendes i Esdeveniments Comercials<\/p>\n<p>Gesti\u00f3 d\u2019allotjaments tur\u00edstics<\/td>\n<\/tr>\n<\/tbody>\n<\/table>\n<\/div>\n<p>&nbsp;<\/p>\n<div class=\"su-heading su-heading-style-default su-heading-align-center\" id=\"\" style=\"font-size:17px;margin-bottom:20px\"><div class=\"su-heading-inner\">GRUPS DE SEMIPRESENCIAL<\/div><\/div>\n<p id=\"semipresencial\" style=\"text-align: center;\"><strong>DIA &nbsp;9 DE SETEMBRE (SAL\u00d3 D\u2019ACTES)<\/strong><\/p>\n<div class=\"su-table su-table-alternate\">\n<table style=\"width: 978px;\" width=\"643\">\n<tbody>\n<tr>\n<td style=\"width: 259px;\" width=\"119\">GRUPS <strong>1er SEMIPRESENCIAL<\/strong><\/td>\n<td style=\"width: 186px; text-align: center;\" rowspan=\"2\" width=\"165\">17.00 hr<\/td>\n<td style=\"width: 407px;\" width=\"359\">1 GM. Gesti\u00f3 Administrativa Semipresencial<\/p>\n<p>1 GS. Desenvolupament d\u2019aplicacions multiplataforma\/web Semipresencial<\/p>\n<p>1 GM. Cures Auxiliars d\u2019infermeria Semipresencial<\/td>\n<\/tr>\n<tr>\n<td style=\"width: 259px;\" width=\"119\">GRUPS <strong>2nd SEMIPRESENCIAL<\/strong><\/td>\n<td style=\"width: 407px;\" width=\"359\">2 GM. Gesti\u00f3 Administrativa Semipresencial<\/p>\n<p>2 GS. Desenvolupament d\u2019aplicacions Multiplataforma<\/td>\n<\/tr>\n<\/tbody>\n<\/table>\n<\/div>\n<div class=\"su-heading su-heading-style-default su-heading-align-center\" id=\"\" style=\"font-size:17px;margin-bottom:20px\"><div class=\"su-heading-inner\">2nd CAE. NOM\u00c9S FCT<\/div><\/div>\n<p id=\"fct\" style=\"text-align: center;\">DIA <strong>&nbsp;9 DE SETEMBRE (SAL\u00d3 D\u2019ACTES)<\/strong><\/p>\n<div class=\"su-table su-table-alternate\">\n<table style=\"width: 984px;\" width=\"643\">\n<tbody>\n<tr>\n<td style=\"width: 155px;\" width=\"71\">13.00 HR<\/td>\n<td style=\"width: 401px;\" width=\"224\">GRUPS DE &nbsp;2nd . TORN MAT\u00cd , VESPRADA I SEMIPRESENCIAL<\/td>\n<td style=\"width: 355px;\" width=\"347\">\u00b7&nbsp;&nbsp;&nbsp;&nbsp;&nbsp;&nbsp;&nbsp;&nbsp; Cures Auxiliars d\u2019infermeria ( FCT)<\/td>\n<\/tr>\n<\/tbody>\n<\/table>\n<\/div>\n","protected":false},"excerpt":{"rendered":"<p>GUIA D&#8217;INICI DE CURS PER A TOT L&#8217;ALUMNAT<\/p>\n","protected":false},"author":1,"featured_media":2526,"parent":0,"menu_order":0,"comment_status":"closed","ping_status":"closed","template":"","meta":{"ngg_post_thumbnail":0},"_links":{"self":[{"href":"https:\/\/www.fpmislata.com\/wordpress\/wp-json\/wp\/v2\/pages\/4274"}],"collection":[{"href":"https:\/\/www.fpmislata.com\/wordpress\/wp-json\/wp\/v2\/pages"}],"about":[{"href":"https:\/\/www.fpmislata.com\/wordpress\/wp-json\/wp\/v2\/types\/page"}],"author":[{"embeddable":true,"href":"https:\/\/www.fpmislata.com\/wordpress\/wp-json\/wp\/v2\/users\/1"}],"replies":[{"embeddable":true,"href":"https:\/\/www.fpmislata.com\/wordpress\/wp-json\/wp\/v2\/comments?post=4274"}],"version-history":[{"count":0,"href":"https:\/\/www.fpmislata.com\/wordpress\/wp-json\/wp\/v2\/pages\/4274\/revisions"}],"wp:featuredmedia":[{"embeddable":true,"href":"https:\/\/www.fpmislata.com\/wordpress\/wp-json\/wp\/v2\/media\/2526"}],"wp:attachment":[{"href":"https:\/\/www.fpmislata.com\/wordpress\/wp-json\/wp\/v2\/media?parent=4274"}],"curies":[{"name":"wp","href":"https:\/\/api.w.org\/{rel}","templated":true}]}}