{"id":5122,"date":"2020-07-02T05:42:30","date_gmt":"2020-07-02T09:42:30","guid":{"rendered":"https:\/\/www.fpmislata.com\/wordpress\/?page_id=5122"},"modified":"2023-08-31T03:18:37","modified_gmt":"2023-08-31T07:18:37","slug":"solicitud-de-certificado","status":"publish","type":"page","link":"https:\/\/www.fpmislata.com\/wordpress\/secretaria\/tramites\/solicitud-de-certificado\/","title":{"rendered":"Solicitud de Certificado"},"content":{"rendered":"<p align=\"center\"><strong><span style=\"color: #ff0000;\">SOLICITUD DE CERTIFICADO<\/span><\/strong><\/p>\n<hr>\n<p style=\"text-align: left;\" align=\"center\">El alumnado puede solicitar a trav\u00e9s de esta p\u00e1gina los siguentes <span style=\"color: #0000ff;\"><strong>CERTIFICADOS<\/strong><\/span>:<\/p>\n<p style=\"text-align: left;\" align=\"center\"><span style=\"text-decoration: underline;\">CERTIFICADO DE MATR\u00cdCULA<\/span> (Certificado que indica el curso y ciclo formativo en el que est\u00e1 matriculado) (No lleva tasa)<\/p>\n<p style=\"text-align: left;\" align=\"center\"><span style=\"text-decoration: underline;\">CERTIFICADO ACAD\u00c9MICO OFICIAL INCOMPLETO<\/span> (Indica las calificaciones obtenidas en un ciclo formativo que no se ha finalizado) (Implica el pago de la tasa por certificados)<\/p>\n<p style=\"text-align: left;\" align=\"center\"><span style=\"text-decoration: underline;\">CERTIFICADO ACAD\u00c9MICO OFICIAL COMPLETO<\/span> (Indica las calificaciones obtenidas en un ciclo formativo finalizado, con nota media) (Implica el pago de la tasa por certificados)<\/p>\n<p style=\"text-align: left;\" align=\"center\"><span style=\"text-decoration: underline;\">CERTIFICADO DE BECAS<\/span><\/p>\n<p style=\"text-align: left;\" align=\"center\"><span style=\"text-decoration: underline;\">CERTIFICADO PARA ACCESO A LA UNIVERSIDAD<\/span> (Certificado necesario para la matr\u00edcula en la Universidad) (Implica el pago de la tasa por certificados)<\/p>\n<p style=\"text-align: left;\" align=\"center\"><span style=\"text-decoration: underline;\">CERTIFICADO DE PRUEBAS DE ACCESO<\/span> (total o parcial) (Implica el pago de la tasa por certificados)<\/p>\n<p style=\"text-align: left;\" align=\"center\"><span style=\"color: #0000ff;\"><strong>PASOS PARA SOLICITARLO:<\/strong><\/span><\/p>\n<p style=\"text-align: left;\"><strong>1)<\/strong><strong>&nbsp;DESCARGAR EL IMPRESO&nbsp;<\/strong> <a href=\"https:\/\/www.fpmislata.com\/wordpress\/wp-content\/uploads\/Solicitud_formulario_certificado.pdf\" target=\"_blank\" rel=\"noopener\">SOLICITUD DE CERTIFICADO<\/a><strong>&nbsp;EN DISCO, ABRIR CON ADOBE ACROBAT READER, RELLENAR (Con letras may\u00fasculas) Y GUARDAR<\/strong><\/p>\n<p><a href=\"http:\/\/www.fpmislata.com\/joomla\/images\/stories\/departamentos\/secretaria\/convocatorias\/solicitud%20aplazamiento%20calificaci%C3%B3n%20fct.pdf\" target=\"_blank\" rel=\"noopener\">&nbsp;<\/a><strong>2)<\/strong>&nbsp;EN EL CASO DE SOLICITAR UN CERTIFICADO ACAD\u00c9MICO OFICIAL (Completo o incompleto), un CERTIFICADO DE PRUEBAS LIBRES, CERTIFICADO PARA LA PREINSCRIPCI\u00d3N UNIVERSITARIA O CERTIFICADO DE PRUEBA DE ACCESO, GENERAR LA&nbsp;<strong>TASA DE EXPEDICI\u00d3N DEL CERTIFICADO&nbsp;<\/strong>DESDE EL SIGUIENTE ENLACE:<\/p>\n<p><a href=\"http:\/\/www.ceice.gva.es\/doc046\/gen\/es\/tasas.asp?idf=ADMIN\" target=\"_blank\" rel=\"noopener\">&nbsp;TASA EXPEDICI\u00d3N CERTIFICADO ACAD\u00c9MICO<\/a><\/p>\n<p><a href=\"http:\/\/www.fpmislata.com\/joomla\/images\/stories\/departamentos\/secretaria\/convocatorias\/solicitud%20aplazamiento%20calificaci%C3%B3n%20fct.pdf\" target=\"_blank\" rel=\"noopener\">&nbsp;<\/a>Aqu\u00ed elegiremos como \u00f3rgano gestor&nbsp;\u00abInstitutos de Valencia\u00bb&nbsp;y la tasa correspondiente a \u00abcertificaciones acad\u00e9micas y certificaciones a efectos de traslados\u00bb<\/p>\n<p><a href=\"http:\/\/www.fpmislata.com\/joomla\/images\/stories\/departamentos\/secretaria\/convocatorias\/solicitud%20aplazamiento%20calificaci%C3%B3n%20fct.pdf\" target=\"_blank\" rel=\"noopener\">&nbsp;<\/a>Seguiremos los pasos del asistente y finalmente generamos el impreso de tasas (debe de contener un c\u00f3digo de barras). Este consta de tres copias (una para la entidad bancaria, otra para la administraci\u00f3n -el centro- y otra para el interesado) en el caso de tener en vigor el carnet de familia numerosa o la justificaci\u00f3n de una discapacidad igual o superior al 33% lo indicaremos<\/p>\n<p><a href=\"http:\/\/www.fpmislata.com\/joomla\/images\/stories\/departamentos\/secretaria\/convocatorias\/solicitud%20aplazamiento%20calificaci%C3%B3n%20fct.pdf\" target=\"_blank\" rel=\"noopener\">&nbsp;<\/a>Una vez impresas las copias, se abonar\u00e1 la tasa en alguna de las entidades bancarias relacionadas en el impreso<\/p>\n<p><a href=\"http:\/\/www.fpmislata.com\/joomla\/images\/stories\/departamentos\/secretaria\/convocatorias\/solicitud%20aplazamiento%20calificaci%C3%B3n%20fct.pdf\" target=\"_blank\" rel=\"noopener\">&nbsp;<\/a>En caso de que no haya podido generar correctamente el documento de tasas, consulta el documento&nbsp;<a href=\"http:\/\/www.hisenda.gva.es\/documents\/90598172\/91214219\/Importante_formulario_046_c.pdf\/d9434e1e-de15-41cc-9d99-cbfc09d43feb\" target=\"_blank\" rel=\"noopener\">CUESTIONES T\u00c9CNICAS.<\/a> Si a\u00fan as\u00ed no lo puede generar, pida un impreso en la Secretar\u00eda del Centro<\/p>\n<p><strong>2)<\/strong> <strong>ENVIAR EL DOCUMENTO SOLICITUD DE CERTIFICADO<\/strong>, (Comprobar antes que se han guardado los datos) JUNTO CON UNA COPIA ESCANEADA DEL DNI, Y COPIA DE LA TASA PAGADA (SI PROCEDE) A LA DIRECCI\u00d3N DE CORREO <span style=\"color: #ff0000;\"><strong>46019660.SECRETARIA@EDU.GVA.ES<\/strong><\/span><\/p>\n<p>&#8211; En el caso de que se haya abonado la tasa reducida por Familia numerosa, TAMBI\u00c9N SE ENVIAR\u00c1 COPIA DEL&nbsp;<strong>CARNET DE FAMILIA NUMEROSA EN VIGOR<\/strong><\/p>\n<p>&#8211; En el caso de que haya abonado la tasa reducida por DISCAPACIDAD IGUAL O SUPERIOR AL 33%, TAMBI\u00c9N SE ENVIAR\u00c1 COPIA DEL&nbsp;<strong>CERTIFICADO DE DISCAPACIDAD<\/strong><\/p>\n<p><span style=\"color: #0000ff;\"><strong>RECOGIDA DEL CERTIFICADO:<\/strong><\/span><\/p>\n<p>El interesado recibir\u00e1 un correo indicando cu\u00e1ndo puede pasar a recogerlo POR CONSERJER\u00cdA.&nbsp;&nbsp;<\/p>\n<p>HABR\u00c1 QUE PRESENTAR LOS SIGUIENTES DOCUMENTOS:<\/p>\n<p>&#8211;&nbsp;<strong>DNI<\/strong><\/p>\n<p>&#8211; La tasa pagada<\/p>\n<p>&#8211; En caso de venir otra persona distinta del interesado, deber\u00e1 llevar una <a href=\"https:\/\/www.fpmislata.com\/wordpress\/wp-content\/uploads\/autorizaci%C3%B3n-1.pdf\">AUTORIZACI\u00d3N<\/a>&nbsp;del interesado\/a, adem\u00e1s de los siguientes documentos:<\/p>\n<ul>\n<li>Fotocopia DNI de la persona que autoriza<\/li>\n<li>DNI de la persona autorizada<\/li>\n<\/ul>\n","protected":false},"excerpt":{"rendered":"<p>SOLICITUD DE CERTIFICADO El alumnado puede solicitar a trav\u00e9s de esta p\u00e1gina los siguentes CERTIFICADOS: CERTIFICADO DE MATR\u00cdCULA (Certificado que indica el curso y ciclo formativo en el que est\u00e1 matriculado) (No lleva tasa) CERTIFICADO ACAD\u00c9MICO OFICIAL INCOMPLETO (Indica las calificaciones obtenidas en un ciclo formativo que no se ha finalizado) (Implica el pago de&hellip;<\/p>\n","protected":false},"author":1,"featured_media":0,"parent":522,"menu_order":0,"comment_status":"closed","ping_status":"closed","template":"","meta":{"ngg_post_thumbnail":0},"_links":{"self":[{"href":"https:\/\/www.fpmislata.com\/wordpress\/wp-json\/wp\/v2\/pages\/5122"}],"collection":[{"href":"https:\/\/www.fpmislata.com\/wordpress\/wp-json\/wp\/v2\/pages"}],"about":[{"href":"https:\/\/www.fpmislata.com\/wordpress\/wp-json\/wp\/v2\/types\/page"}],"author":[{"embeddable":true,"href":"https:\/\/www.fpmislata.com\/wordpress\/wp-json\/wp\/v2\/users\/1"}],"replies":[{"embeddable":true,"href":"https:\/\/www.fpmislata.com\/wordpress\/wp-json\/wp\/v2\/comments?post=5122"}],"version-history":[{"count":5,"href":"https:\/\/www.fpmislata.com\/wordpress\/wp-json\/wp\/v2\/pages\/5122\/revisions"}],"predecessor-version":[{"id":12556,"href":"https:\/\/www.fpmislata.com\/wordpress\/wp-json\/wp\/v2\/pages\/5122\/revisions\/12556"}],"up":[{"embeddable":true,"href":"https:\/\/www.fpmislata.com\/wordpress\/wp-json\/wp\/v2\/pages\/522"}],"wp:attachment":[{"href":"https:\/\/www.fpmislata.com\/wordpress\/wp-json\/wp\/v2\/media?parent=5122"}],"curies":[{"name":"wp","href":"https:\/\/api.w.org\/{rel}","templated":true}]}}