{"id":522,"date":"2018-03-14T12:16:56","date_gmt":"2018-03-14T16:16:56","guid":{"rendered":"http:\/\/www.fpmislata.com\/wordpress\/?page_id=522"},"modified":"2025-09-19T07:07:48","modified_gmt":"2025-09-19T11:07:48","slug":"tramites","status":"publish","type":"page","link":"https:\/\/www.fpmislata.com\/wordpress\/secretaria\/tramites\/","title":{"rendered":"Tr\u00e1mites"},"content":{"rendered":"\t\t<div data-elementor-type=\"wp-page\" data-elementor-id=\"522\" class=\"elementor elementor-522\" data-elementor-settings=\"[]\">\n\t\t\t\t\t\t<div class=\"elementor-inner\">\n\t\t\t\t\t\t\t<div class=\"elementor-section-wrap\">\n\t\t\t\t\t\t\t<section class=\"elementor-section elementor-top-section elementor-element elementor-element-23996e5c elementor-section-boxed elementor-section-height-default elementor-section-height-default\" data-id=\"23996e5c\" data-element_type=\"section\">\n\t\t\t\t\t\t<div class=\"elementor-container elementor-column-gap-default\">\n\t\t\t\t\t\t\t<div class=\"elementor-row\">\n\t\t\t\t\t<div class=\"elementor-column elementor-col-100 elementor-top-column elementor-element elementor-element-2ed1ad64\" data-id=\"2ed1ad64\" data-element_type=\"column\">\n\t\t\t<div class=\"elementor-column-wrap elementor-element-populated\">\n\t\t\t\t\t\t\t<div class=\"elementor-widget-wrap\">\n\t\t\t\t\t\t<div class=\"elementor-element elementor-element-8d3cdc6 elementor-widget elementor-widget-text-editor\" data-id=\"8d3cdc6\" data-element_type=\"widget\" data-widget_type=\"text-editor.default\">\n\t\t\t\t<div class=\"elementor-widget-container\">\n\t\t\t\t\t\t\t\t<div class=\"elementor-text-editor elementor-clearfix\">\n\t\t\t\t\t<p><strong>SECRETAR\u00cdA CIPFP MISLATA.<\/strong><\/p>\n<p>Desde este espacio, la Secretar\u00eda del CIPFP Mislata quiere informar a las alumnas y alumnos del centro de los tr\u00e1mites m\u00e1s habituales relacionados con la gesti\u00f3n administrativa de los ciclos formativos. As\u00ed, en los diferentes submen\u00fas, ten\u00e9is informaci\u00f3n sobre:<\/p>\n<p><a href=\"https:\/\/www.fpmislata.com\/wordpress\/secretaria\/tramites\/tramites-convalidaciones\/\"><strong>CONVALIDACIONES:<\/strong><\/a> Instrucciones acerca de c\u00f3mo se debe solicitar una convalidaci\u00f3n de estudios, en funci\u00f3n de la documentaci\u00f3n aportada por el alumno\/a, as\u00ed como los diferentes impresos a utilizar.<\/p>\n<p><a href=\"https:\/\/www.fpmislata.com\/wordpress\/secretaria\/tramites\/convocatorias\/\"><strong>CONVOCATORIAS:<\/strong><\/a> Instrucciones del n\u00famero de convocatorias de que dispone el alumnado en cada m\u00f3dulo cursado, y qu\u00e9 posibilidades tiene en caso de agotarlas.<\/p>\n<p><a href=\"https:\/\/www.fpmislata.com\/wordpress\/secretaria\/tramites\/renuncia-convocatorias\/\"><strong>RENUNCIA DE CONVOCATORIAS:<\/strong><\/a> Instrucciones para realizar una renuncia a la convocatoria de un determinado m\u00f3dulo, incluyendo los requisitos necesarios, plazos y documentaci\u00f3n a presentar.<\/p>\n<p><strong><a href=\"https:\/\/www.fpmislata.com\/wordpress\/exencion-fct\/\">EXENCI\u00d3N FE:<\/a>&nbsp;<\/strong>Instrucciones para solicitar exenci\u00f3n del m\u00f3dulo de Formaci\u00f3n en Empresas, incluyendo&nbsp; impreso de solicitud.<\/p>\n<p><a href=\"https:\/\/www.fpmislata.com\/wordpress\/secretaria\/tramites\/anulacion-matricula\/\"><strong>ANULACI\u00d3N DE MATR\u00cdCULA:<\/strong><\/a> Instrucciones para realizar la anulaci\u00f3n de matr\u00edcula a instancia del interesado, as\u00ed como el modelo de solicitud a presentar.<\/p>\n<p><a href=\"https:\/\/www.fpmislata.com\/wordpress\/secretaria\/tramites\/impreso-de-tasas\/\"><strong>IMPRESO DE TASAS:<\/strong><\/a> Instrucciones para generar los diferentes impresos de tasas en funci\u00f3n del servicio solicitado (Certificado acad\u00e9mico oficial, expedici\u00f3n de t\u00edtulo, etc). Estos impresos tambi\u00e9n se pueden recoger en la Secretar\u00eda del centro.<\/p>\n<p><a href=\"https:\/\/www.fpmislata.com\/wordpress\/secretaria\/tramites\/becas-y-ayudas\/\"><strong>BECAS:<\/strong><\/a> Enlace a las convocatorias de becas relacionadas con la Formaci\u00f3n Profesional reglada.<\/p>\n<p><a href=\"https:\/\/www.fpmislata.com\/wordpress\/secretaria\/tramites\/anterior\/\"><strong>SOLICITUD T\u00cdTULO CFGM:<\/strong><\/a> Instrucciones para solicitar el t\u00edtulo de grado medio, una vez se han finalizado estudios.<\/p>\n<p><a href=\"https:\/\/www.fpmislata.com\/wordpress\/secretaria\/tramites\/solicitud-de-titulo-de-tecnico-superior-grado-superior-cfgs\/\"><strong>SOLICITUD T\u00cdTULO CFGS:<\/strong><\/a> Instrucciones para solicitar el t\u00edtulo de grado superior, una vez se han finalizado estudios.<\/p>\n<p><a href=\"https:\/\/www.fpmislata.com\/wordpress\/secretaria\/tramites\/otros-documentos\/\"><strong>OTROS:<\/strong><\/a> Diferentes modelos que pueden ser \u00fatlles en alg\u00fan momento. Entre ellos se encuentra el modelo de Autorizaci\u00f3n, cuando se quiera realizar una gesti\u00f3n en la Secretar\u00eda en nombre de otra persona, Solicitud de Certificado y modelo de Instancia General.<\/p>\t\t\t\t\t<\/div>\n\t\t\t\t\t\t<\/div>\n\t\t\t\t<\/div>\n\t\t\t\t\t\t<\/div>\n\t\t\t\t\t<\/div>\n\t\t<\/div>\n\t\t\t\t\t\t\t\t<\/div>\n\t\t\t\t\t<\/div>\n\t\t<\/section>\n\t\t\t\t\t\t<\/div>\n\t\t\t\t\t\t<\/div>\n\t\t\t\t\t<\/div>\n\t\t","protected":false},"excerpt":{"rendered":"<p>SECRETAR\u00cdA CIPFP MISLATA. Desde este espacio, la Secretar\u00eda del CIPFP Mislata quiere informar a las alumnas y alumnos del centro de los tr\u00e1mites m\u00e1s habituales relacionados con la gesti\u00f3n administrativa de los ciclos formativos. As\u00ed, en los diferentes submen\u00fas, ten\u00e9is informaci\u00f3n sobre: CONVALIDACIONES: Instrucciones acerca de c\u00f3mo se debe solicitar una convalidaci\u00f3n de estudios, en&hellip;<\/p>\n","protected":false},"author":1,"featured_media":0,"parent":286,"menu_order":0,"comment_status":"closed","ping_status":"closed","template":"","meta":{"ngg_post_thumbnail":0},"_links":{"self":[{"href":"https:\/\/www.fpmislata.com\/wordpress\/wp-json\/wp\/v2\/pages\/522"}],"collection":[{"href":"https:\/\/www.fpmislata.com\/wordpress\/wp-json\/wp\/v2\/pages"}],"about":[{"href":"https:\/\/www.fpmislata.com\/wordpress\/wp-json\/wp\/v2\/types\/page"}],"author":[{"embeddable":true,"href":"https:\/\/www.fpmislata.com\/wordpress\/wp-json\/wp\/v2\/users\/1"}],"replies":[{"embeddable":true,"href":"https:\/\/www.fpmislata.com\/wordpress\/wp-json\/wp\/v2\/comments?post=522"}],"version-history":[{"count":3,"href":"https:\/\/www.fpmislata.com\/wordpress\/wp-json\/wp\/v2\/pages\/522\/revisions"}],"predecessor-version":[{"id":16598,"href":"https:\/\/www.fpmislata.com\/wordpress\/wp-json\/wp\/v2\/pages\/522\/revisions\/16598"}],"up":[{"embeddable":true,"href":"https:\/\/www.fpmislata.com\/wordpress\/wp-json\/wp\/v2\/pages\/286"}],"wp:attachment":[{"href":"https:\/\/www.fpmislata.com\/wordpress\/wp-json\/wp\/v2\/media?parent=522"}],"curies":[{"name":"wp","href":"https:\/\/api.w.org\/{rel}","templated":true}]}}