{"id":528,"date":"2018-03-14T12:18:01","date_gmt":"2018-03-14T16:18:01","guid":{"rendered":"http:\/\/www.fpmislata.com\/wordpress\/?page_id=528"},"modified":"2023-03-29T11:14:30","modified_gmt":"2023-03-29T15:14:30","slug":"becas-y-ayudas","status":"publish","type":"page","link":"https:\/\/www.fpmislata.com\/wordpress\/secretaria\/tramites\/becas-y-ayudas\/","title":{"rendered":"Becas y ayudas"},"content":{"rendered":"<p><span style=\"font-size: 12pt; color: #000000;\"><strong>BECAS Y AYUDAS<\/strong><\/span><\/p>\n<ul>\n<li><a href=\"https:\/\/www.becaseducacion.gob.es\/portada.html\" target=\"_blank\" rel=\"noopener\">INFORMACI\u00d3N BECAS MINISTERIO DE EDUCACI\u00d3N<\/a>\n<ul>\n<li><a href=\"https:\/\/sede.educacion.gob.es\/sede\/login\/inicio.jjsp?iA=no\" target=\"_blank\" rel=\"noopener\">SOLICITUD BECAS Y AYUDAS MEC PARA ESTUDIAR FORMACI\u00d3N PROFESIONAL.&nbsp;<\/a><\/li>\n<li><a href=\"https:\/\/www.becaseducacion.gob.es\/becas-y-ayudas\/ayudas-apoyo-educativo\/tipos-de-becas.html\" target=\"_blank\" rel=\"noopener\">SOLICITUD BECAS Y AYUDAS ALUMNOS CON NECESIDAD ESPEC\u00cdFICA DE APOYO EDUCATIVO<\/a>\n<ul>\n<li>Informaci\u00f3n Becas alumnado con necesidad espec\u00edfica de apoyo educativo<\/li>\n<\/ul>\n<\/li>\n<\/ul>\n<\/li>\n<li><a href=\"https:\/\/fundacionadecco.org\/becas-discapacidad\/#bases\">III CONVOCATORIA DE BECAS PARA ESTUDIANTES CON DISCAPACIDAD FUNDACI\u00d3N ADECCO<\/a><\/li>\n<li><a href=\"http:\/\/www.dival.es\/GestioDelTalent\/\" target=\"_blank\" rel=\"noopener\">ADMINISTRACI\u00d3N LOCAL. BECAS DE LA DIPU<\/a><\/li>\n<li><a href=\"https:\/\/www.camaravalencia.com\/es-ES\/empleo\/Paginas\/plan-de-movilidad.aspx\">PLAN DE MOVILIDAD J\u00d3VENES BENEFICIARIOS DEL SISTEMA NACIONAL DE GARANT\u00cdA JUVENIL<\/a><\/li>\n<li><a href=\"https:\/\/www.fundacionsepi.es\/becas\/telefonica-fsepi.asp\">BECAS TALENTUM<\/a><\/li>\n<\/ul>\n\n","protected":false},"excerpt":{"rendered":"<p>BECAS Y AYUDAS INFORMACI\u00d3N BECAS MINISTERIO DE EDUCACI\u00d3N SOLICITUD BECAS Y AYUDAS MEC PARA ESTUDIAR FORMACI\u00d3N PROFESIONAL.&nbsp; SOLICITUD BECAS Y AYUDAS ALUMNOS CON NECESIDAD ESPEC\u00cdFICA DE APOYO EDUCATIVO Informaci\u00f3n Becas alumnado con necesidad espec\u00edfica de apoyo educativo III CONVOCATORIA DE BECAS PARA ESTUDIANTES CON DISCAPACIDAD FUNDACI\u00d3N ADECCO ADMINISTRACI\u00d3N LOCAL. BECAS DE LA DIPU PLAN DE&hellip;<\/p>\n","protected":false},"author":1,"featured_media":0,"parent":522,"menu_order":0,"comment_status":"closed","ping_status":"closed","template":"","meta":{"ngg_post_thumbnail":0},"_links":{"self":[{"href":"https:\/\/www.fpmislata.com\/wordpress\/wp-json\/wp\/v2\/pages\/528"}],"collection":[{"href":"https:\/\/www.fpmislata.com\/wordpress\/wp-json\/wp\/v2\/pages"}],"about":[{"href":"https:\/\/www.fpmislata.com\/wordpress\/wp-json\/wp\/v2\/types\/page"}],"author":[{"embeddable":true,"href":"https:\/\/www.fpmislata.com\/wordpress\/wp-json\/wp\/v2\/users\/1"}],"replies":[{"embeddable":true,"href":"https:\/\/www.fpmislata.com\/wordpress\/wp-json\/wp\/v2\/comments?post=528"}],"version-history":[{"count":5,"href":"https:\/\/www.fpmislata.com\/wordpress\/wp-json\/wp\/v2\/pages\/528\/revisions"}],"predecessor-version":[{"id":11510,"href":"https:\/\/www.fpmislata.com\/wordpress\/wp-json\/wp\/v2\/pages\/528\/revisions\/11510"}],"up":[{"embeddable":true,"href":"https:\/\/www.fpmislata.com\/wordpress\/wp-json\/wp\/v2\/pages\/522"}],"wp:attachment":[{"href":"https:\/\/www.fpmislata.com\/wordpress\/wp-json\/wp\/v2\/media?parent=528"}],"curies":[{"name":"wp","href":"https:\/\/api.w.org\/{rel}","templated":true}]}}