{"id":5489,"date":"2020-06-05T02:08:24","date_gmt":"2020-06-05T06:08:24","guid":{"rendered":"https:\/\/www.fpmislata.com\/wordpress\/?page_id=5489"},"modified":"2021-10-24T04:35:43","modified_gmt":"2021-10-24T08:35:43","slug":"solicitud-de-titulo-de-tecnico-superior-grado-superior-cfgs-2","status":"publish","type":"page","link":"https:\/\/www.fpmislata.com\/wordpress\/secretaria\/tramites\/solicitud-de-titulo-de-tecnico-superior-grado-superior-cfgs-2\/","title":{"rendered":"Solicitud de T\u00edtulo de T\u00e9cnico Superior (Grado Superior) CFGS bis"},"content":{"rendered":"<p align=\"center\"><span style=\"color: #ff0000;\"><strong>SOLICITUD DE T\u00cdTULO DE T\u00c9CNICO SUPERIOR (GRADO SUPERIOR)<\/strong><\/span><\/p>\n<hr>\n<ul>\n<li style=\"text-align: justify;\">CON CAR\u00c1CTER GENERAL, <u>EL T\u00cdTULO SE SOLICITAR\u00c1 A PARTIR DEL MES DE OCTUBRE<\/u>. PRESENTANDO LA DOCUMENTACI\u00d3N QUE SE RELACIONA M\u00c1S ADELANTE, EN SECRETAR\u00cdA. VA A TARDAR EL MISMO TIEMPO QUE SI SE SOLICITA INMEDIATAMENTE (Alrededor de 2 a\u00f1os y medio)<br \/>\n<hr>\n<\/li>\n<li style=\"text-align: justify;\">SI SE NECESITA ANTES DE ESA FECHA, ES POSIBLE SEGUIR LOS PASOS QUE SE INDICAN M\u00c1S ADELANTE<br \/>\n<hr>\n<\/li>\n<\/ul>\n<p><strong>PASOS A SEGUIR<\/strong> <strong>\u00daNICAMENTE DESPU\u00c9S DE QUE EL TUTOR LE INDIQUE QUE HA SIDO EVALUADO DE FCT<\/strong>:<\/p>\n<ul>\n<li style=\"text-align: justify;\">RELLENAR CON EL ORDENADOR EL DOCUMENTO <a href=\"https:\/\/www.fpmislata.com\/wordpress\/wp-content\/uploads\/2122-FORMULARIO-SOLICITUD-TITULO-WEB.pdf\"><strong>SOLICITUD DE T\u00cdTULO<\/strong><\/a> CON LETRAS MAY\u00daSCULAS. <u>IMPRIMIR Y FIRMAR<\/u> Los datos de contacto deben ser actuales. Al escanear, nombre del archivo: \u201cT\u00edtulo GS\u201d seguido de nombre y apellidos<\/li>\n<\/ul>\n<p>No es necesario indicar el NIA ni la nota media si no se conoce.<\/p>\n<p style=\"text-align: justify;\"><strong>&nbsp;<\/strong><strong>2)<\/strong> UNA VEZ CUMPLIMENTADO EL DOCUMENTO ANTERIOR, HABR\u00c1 QUE GENERAR LA <a href=\"http:\/\/www.ceice.gva.es\/doc046\/gen\/es\/tasas.asp?idf=TITULOS\"><strong>TASA DE EXPEDICI\u00d3N DEL T\u00cdTULO DE T\u00c9CNICO SUPERIOR<\/strong><\/a> (Pulsar en el enlace)<\/p>\n<p>Aqu\u00ed elegiremos como \u00f3rgano gestor <u>\u00abInstitutos de Valencia\u00bb<\/u> y la tasa correspondiente al <u>t\u00edtulo de t\u00e9cnico superior<\/u><\/p>\n<p style=\"text-align: justify;\">Seguiremos los pasos del asistente y finalmente generamos el impreso de tasas (debe de contener un c\u00f3digo de barras). Este consta de tres copias (una para la entidad bancaria, otra para el centro y otra para el interesado\/a) en el caso de tener en vigor el carnet de familia numerosa o la justificaci\u00f3n de una discapacidad igual o superior al 33% lo indicaremos<\/p>\n<p>Una vez impresas las copias, se abonar\u00e1 la tasa en alguna de las entidades bancarias relacionadas en el impreso<\/p>\n<p>En caso de que no haya podido generar correctamente el documento de tasas, consulta el documento&nbsp;<a href=\"http:\/\/www.hisenda.gva.es\/documents\/90598172\/91214219\/Importante_formulario_046_c.pdf\/d9434e1e-de15-41cc-9d99-cbfc09d43feb\">CUESTIONES T\u00c9CNICAS<\/a>.<\/p>\n<p><strong>3)<\/strong> AHORA HAY QUE GENERAR LA <a href=\"http:\/\/www.ceice.gva.es\/doc046\/gen\/es\/tasas.asp?idf=ADMIN\"><strong>TASA DE CERTIFICADO ACAD\u00c9MICO OFICIAL<\/strong><\/a> (Pulsar en el enlace)<\/p>\n<p>Aqu\u00ed elegiremos como \u00f3rgano gestor <u>\u00abInstitutos de Valencia\u00bb<\/u> y la tasa correspondiente a <u>certificaciones acad\u00e9micas<\/u><\/p>\n<p style=\"text-align: justify;\">Seguiremos los pasos del asistente y finalmente generamos el impreso de tasas (debe de contener un c\u00f3digo de barras). Este consta de tres copias (una para la entidad bancaria, otra para el centro y otra para el interesado) en el caso de tener en vigor el carnet de familia numerosa o la justificaci\u00f3n de una discapacidad igual o superior al 33% lo indicaremos<\/p>\n<p>Una vez impresas las copias, se abonar\u00e1 la tasa en alguna de las entidades bancarias relacionadas en el impreso<\/p>\n<p><strong>4)<\/strong>&nbsp;<b>PRESENTAR EN SECRETAR\u00cdA<\/b>:<\/p>\n<ul>\n<li>LA <strong>SOLICITUD<\/strong> DE T\u00cdTULO&nbsp; (Debidamente firmada. Comprobar que todos los datos son legibles)<\/li>\n<li><strong>LAS TASAS ABONADAS DE EXPEDICI\u00d3N DE T\u00cdTULO DE GRADO SUPERIOR<\/strong> (Ejemplar donde conste que se han abonado)<\/li>\n<li><strong>LAS TASAS ABONADAS DE CERTIFICADO<\/strong> (Ejemplar donde conste que se han abonado)<\/li>\n<li>COPIA DEL <strong>DNI EN VIGOR<\/strong><\/li>\n<li>EN EL CASO DE ALUMNADO EXTRANJERO, COPIA DEL <strong>NIE EN VIGOR<\/strong><\/li>\n<li>EN EL CASO DE FAMILIA NUMEROSA COPIA DEL <strong>CARNET DE FAMILIA NUMEROSA EN VIGOR<\/strong><\/li>\n<li>EN EL CASO DE DISCAPACIDAD IGUAL O SUPERIOR AL 33%, COPIA DEL <strong>CERTIFICADO DE DISCAPACIDAD<\/strong><\/li>\n<\/ul>\n<p><strong>&nbsp;<\/strong><strong>6) RECOGIDA DEL T\u00cdTULO<\/strong><\/p>\n<p>El t\u00edtulo tarda entre dos y tres a\u00f1os aproximadamente en recibirse. Se comunicar\u00e1 por carta al interesado, para su recogida<\/p>\n<p>El t\u00edtulo deber\u00e1 recogerlo el interesado\/a provisto de su DNI<\/p>\n<p><a href=\"http:\/\/www.fpmislata.com\/joomla\/images\/stories\/departamentos\/secretaria\/convocatorias\/solicitud%20aplazamiento%20calificaci%C3%B3n%20fct.pdf\">&nbsp;<\/a>En caso de venir otra persona, deber\u00e1 llevar una&nbsp;<a href=\"http:\/\/www.fpmislata.com\/wordpress\/wp-content\/uploads\/Autorizaci%C3%B3n-RECOGIDA-DE-T%C3%8DTULO.pdf\">AUTORIZACI\u00d3N<\/a>&nbsp;del interesado\/a, adem\u00e1s de los siguientes documentos:<\/p>\n<p><a href=\"http:\/\/www.fpmislata.com\/joomla\/images\/stories\/departamentos\/secretaria\/convocatorias\/solicitud%20aplazamiento%20calificaci%C3%B3n%20fct.pdf\">&nbsp;<\/a>&nbsp;&#8211;&nbsp;Fotocopia DNI de la persona que autoriza<\/p>\n<p><a href=\"http:\/\/www.fpmislata.com\/joomla\/images\/stories\/departamentos\/secretaria\/convocatorias\/solicitud%20aplazamiento%20calificaci%C3%B3n%20fct.pdf\">&nbsp;<\/a>&#8211;&nbsp;&nbsp;DNI de la persona autorizada<\/p>\n","protected":false},"excerpt":{"rendered":"<p>SOLICITUD DE T\u00cdTULO DE T\u00c9CNICO SUPERIOR (GRADO SUPERIOR) CON CAR\u00c1CTER GENERAL, EL T\u00cdTULO SE SOLICITAR\u00c1 A PARTIR DEL MES DE OCTUBRE. PRESENTANDO LA DOCUMENTACI\u00d3N QUE SE RELACIONA M\u00c1S ADELANTE, EN SECRETAR\u00cdA. VA A TARDAR EL MISMO TIEMPO QUE SI SE SOLICITA INMEDIATAMENTE (Alrededor de 2 a\u00f1os y medio) SI SE NECESITA ANTES DE ESA FECHA,&hellip;<\/p>\n","protected":false},"author":1,"featured_media":0,"parent":522,"menu_order":0,"comment_status":"closed","ping_status":"closed","template":"","meta":{"ngg_post_thumbnail":0},"_links":{"self":[{"href":"https:\/\/www.fpmislata.com\/wordpress\/wp-json\/wp\/v2\/pages\/5489"}],"collection":[{"href":"https:\/\/www.fpmislata.com\/wordpress\/wp-json\/wp\/v2\/pages"}],"about":[{"href":"https:\/\/www.fpmislata.com\/wordpress\/wp-json\/wp\/v2\/types\/page"}],"author":[{"embeddable":true,"href":"https:\/\/www.fpmislata.com\/wordpress\/wp-json\/wp\/v2\/users\/1"}],"replies":[{"embeddable":true,"href":"https:\/\/www.fpmislata.com\/wordpress\/wp-json\/wp\/v2\/comments?post=5489"}],"version-history":[{"count":1,"href":"https:\/\/www.fpmislata.com\/wordpress\/wp-json\/wp\/v2\/pages\/5489\/revisions"}],"predecessor-version":[{"id":9055,"href":"https:\/\/www.fpmislata.com\/wordpress\/wp-json\/wp\/v2\/pages\/5489\/revisions\/9055"}],"up":[{"embeddable":true,"href":"https:\/\/www.fpmislata.com\/wordpress\/wp-json\/wp\/v2\/pages\/522"}],"wp:attachment":[{"href":"https:\/\/www.fpmislata.com\/wordpress\/wp-json\/wp\/v2\/media?parent=5489"}],"curies":[{"name":"wp","href":"https:\/\/api.w.org\/{rel}","templated":true}]}}