{"id":549,"date":"2018-03-30T15:48:05","date_gmt":"2018-03-30T19:48:05","guid":{"rendered":"http:\/\/www.fpmislata.com\/wordpress\/?page_id=549"},"modified":"2023-02-09T06:26:55","modified_gmt":"2023-02-09T10:26:55","slug":"pruebas","status":"publish","type":"page","link":"https:\/\/www.fpmislata.com\/wordpress\/secretaria\/pruebas\/","title":{"rendered":"Pruebas"},"content":{"rendered":"<p>En este men\u00fa encontrar\u00e1s informaci\u00f3n sobre las diferentes pruebas que se realizan en el centro, o cuya inscripci\u00f3n se ha de realizar en el centro. En concreto:<\/p>\n<ul>\n<li><a href=\"https:\/\/www.fpmislata.com\/wordpress\/secretaria\/pruebas\/pruebas-de-acceso-a-ciclos\/\">PRUEBAS DE ACCESO A CICLOS <\/a>para alumnos que no tienen la titulaci\u00f3n necesaria para acceder a un ciclo formativo.<\/li>\n<li><a href=\"http:\/\/www.fpmislata.com\/wordpress\/secretaria\/pruebas\/prueba-homologada-idiomas-a2\/\" target=\"_blank\" rel=\"noopener\">A2 <\/a>Para alumnos del centro que quieran acreditarse en el nivel b\u00e1sico de Ingl\u00e9s o Franc\u00e9s.<\/li>\n<li><a href=\"http:\/\/www.fpmislata.com\/wordpress\/secretaria\/pruebas\/pruebas-libres-informacion\/\">PRUEBAS LIBRES<\/a> que se convocan anualmente para la obtenci\u00f3n del t\u00edtulo de t\u00e9cnico o t\u00e9cnico superior.<\/li>\n<li><a href=\"http:\/\/www.fpmislata.com\/wordpress\/secretaria\/pruebas\/pruebas-de-acceso-a-la-universidad-informacion-previa\/\">UNIVERSIDAD-PAU<\/a>&nbsp;para alumnos del centro que se quieran inscribir para realizar las pruebas de acceso a la Universidad (PAU).<\/li>\n<\/ul>\n","protected":false},"excerpt":{"rendered":"<p>En este men\u00fa encontrar\u00e1s informaci\u00f3n sobre las diferentes pruebas que se realizan en el centro, o cuya inscripci\u00f3n se ha de realizar en el centro. En concreto: PRUEBAS DE ACCESO A CICLOS para alumnos que no tienen la titulaci\u00f3n necesaria para acceder a un ciclo formativo. A2 Para alumnos del centro que quieran acreditarse en&hellip;<\/p>\n","protected":false},"author":1,"featured_media":0,"parent":286,"menu_order":0,"comment_status":"closed","ping_status":"closed","template":"","meta":{"ngg_post_thumbnail":0},"_links":{"self":[{"href":"https:\/\/www.fpmislata.com\/wordpress\/wp-json\/wp\/v2\/pages\/549"}],"collection":[{"href":"https:\/\/www.fpmislata.com\/wordpress\/wp-json\/wp\/v2\/pages"}],"about":[{"href":"https:\/\/www.fpmislata.com\/wordpress\/wp-json\/wp\/v2\/types\/page"}],"author":[{"embeddable":true,"href":"https:\/\/www.fpmislata.com\/wordpress\/wp-json\/wp\/v2\/users\/1"}],"replies":[{"embeddable":true,"href":"https:\/\/www.fpmislata.com\/wordpress\/wp-json\/wp\/v2\/comments?post=549"}],"version-history":[{"count":2,"href":"https:\/\/www.fpmislata.com\/wordpress\/wp-json\/wp\/v2\/pages\/549\/revisions"}],"predecessor-version":[{"id":11310,"href":"https:\/\/www.fpmislata.com\/wordpress\/wp-json\/wp\/v2\/pages\/549\/revisions\/11310"}],"up":[{"embeddable":true,"href":"https:\/\/www.fpmislata.com\/wordpress\/wp-json\/wp\/v2\/pages\/286"}],"wp:attachment":[{"href":"https:\/\/www.fpmislata.com\/wordpress\/wp-json\/wp\/v2\/media?parent=549"}],"curies":[{"name":"wp","href":"https:\/\/api.w.org\/{rel}","templated":true}]}}