{"id":55,"date":"2018-03-05T14:10:51","date_gmt":"2018-03-05T14:10:51","guid":{"rendered":"http:\/\/www.fpmislata.com\/wordpress\/?page_id=55"},"modified":"2018-05-29T11:03:51","modified_gmt":"2018-05-29T15:03:51","slug":"plan-anual-actuacion","status":"publish","type":"page","link":"https:\/\/www.fpmislata.com\/wordpress\/calidad\/plan-anual-actuacion\/","title":{"rendered":"Plan anual de actuaci\u00f3n"},"content":{"rendered":"<p><a href=\"https:\/\/www.fpmislata.com\/moodle2\/course\/view.php?id=7\" target=\"_blank\" rel=\"noopener\"><span style=\"font-size: 12pt; color: #000000;\"><img loading=\"lazy\" class=\"wp-image-56 size-full aligncenter lazyload\" src=\"data:image\/gif;base64,R0lGODlhAQABAAAAACH5BAEKAAEALAAAAAABAAEAAAICTAEAOw==\" alt=\"cipfp-mislata-valencia-plan-anual-actuacion\" width=\"256\" height=\"256\" sizes=\"(max-width: 256px) 100vw, 256px\" data-src=\"http:\/\/www.fpmislata.com\/wordpress\/wp-content\/uploads\/cipfp-mislata-valencia-plan-anual-actuacion.png\" data-srcset=\"https:\/\/www.fpmislata.com\/wordpress\/wp-content\/uploads\/cipfp-mislata-valencia-plan-anual-actuacion.png 256w, https:\/\/www.fpmislata.com\/wordpress\/wp-content\/uploads\/cipfp-mislata-valencia-plan-anual-actuacion-150x150.png 150w, https:\/\/www.fpmislata.com\/wordpress\/wp-content\/uploads\/cipfp-mislata-valencia-plan-anual-actuacion-100x100.png 100w\"><\/span><\/a><\/p>\n<p><span style=\"font-size: 12pt; color: #000000;\">Al Plan Anual de Actuaci\u00f3n del CIPFP Mislata Valencia se puede acceder desde el siguiente enlace:<\/span><\/p>\n<ul>\n<li><span style=\"font-size: 12pt; color: #000000;\"><a style=\"color: #000000;\" href=\"https:\/\/www.fpmislata.com\/moodle\/mod\/resource\/view.php?id=42955\" target=\"_blank\" rel=\"noopener\"><span style=\"color: #0000ff;\"><strong>PLAN ANUAL DE ACTUACI\u00d3N<\/strong><\/span><\/a><\/span><\/li>\n<\/ul>\n<p><span style=\"font-size: 12pt; color: #000000;\">Nota: Es necesario validarse con el usuario de Moodle del centro.&nbsp;Si estas interesado env\u00eda un email a la siguiente direcci\u00f3n: <span style=\"color: #0000ff;\">qualitat@fpmislata.com<\/span><\/span><\/p>\n","protected":false},"excerpt":{"rendered":"<p>Al Plan Anual de Actuaci\u00f3n del CIPFP Mislata Valencia se puede acceder desde el siguiente enlace: PLAN ANUAL DE ACTUACI\u00d3N Nota: Es necesario validarse con el usuario de Moodle del centro.&nbsp;Si estas interesado env\u00eda un email a la siguiente direcci\u00f3n: qualitat@fpmislata.com<\/p>\n","protected":false},"author":1,"featured_media":0,"parent":27,"menu_order":0,"comment_status":"closed","ping_status":"closed","template":"","meta":{"ngg_post_thumbnail":0},"_links":{"self":[{"href":"https:\/\/www.fpmislata.com\/wordpress\/wp-json\/wp\/v2\/pages\/55"}],"collection":[{"href":"https:\/\/www.fpmislata.com\/wordpress\/wp-json\/wp\/v2\/pages"}],"about":[{"href":"https:\/\/www.fpmislata.com\/wordpress\/wp-json\/wp\/v2\/types\/page"}],"author":[{"embeddable":true,"href":"https:\/\/www.fpmislata.com\/wordpress\/wp-json\/wp\/v2\/users\/1"}],"replies":[{"embeddable":true,"href":"https:\/\/www.fpmislata.com\/wordpress\/wp-json\/wp\/v2\/comments?post=55"}],"version-history":[{"count":0,"href":"https:\/\/www.fpmislata.com\/wordpress\/wp-json\/wp\/v2\/pages\/55\/revisions"}],"up":[{"embeddable":true,"href":"https:\/\/www.fpmislata.com\/wordpress\/wp-json\/wp\/v2\/pages\/27"}],"wp:attachment":[{"href":"https:\/\/www.fpmislata.com\/wordpress\/wp-json\/wp\/v2\/media?parent=55"}],"curies":[{"name":"wp","href":"https:\/\/api.w.org\/{rel}","templated":true}]}}