{"id":559,"date":"2018-03-30T16:05:15","date_gmt":"2018-03-30T20:05:15","guid":{"rendered":"http:\/\/www.fpmislata.com\/wordpress\/?page_id=559"},"modified":"2023-01-19T12:52:34","modified_gmt":"2023-01-19T16:52:34","slug":"calendario-pruebas-de-acceso-a-ciclos","status":"publish","type":"page","link":"https:\/\/www.fpmislata.com\/wordpress\/secretaria\/pruebas-de-acceso-a-ciclos\/calendario-pruebas-de-acceso-a-ciclos\/","title":{"rendered":"PRUEBAS DE ACCESO Calendario"},"content":{"rendered":"<p><span style=\"color: #ff0000;\"><strong>PRUEBAS DE ACCESO. CALENDARIO.<\/strong><\/span><\/p>\n<p><strong>INSCRIPCI\u00d3N<\/strong>: La documentaci\u00f3n solicitando la Prueba de Acceso se presentar\u00e1 a trav\u00e9s del CORREO ELECTR\u00d3NICO DEL CENTRO (46019660.secretaria@edu.gva.es) <strong>del 20 al 31 de marzo de 2023<\/strong><\/p>\n<ul>\n<li>Listas provisionales de admitidos y excluidos: del 26 al 28 de abril de 2023<\/li>\n<li>Reclamaci\u00f3n a las listas provisionales: Del 26 al 28 de abril de 2023<\/li>\n<li>Listas definitivas de admitidos y excluidos: 5 de mayo de 2023<\/li>\n<\/ul>\n<p><strong>EXAMEN PRUEBA GRADO MEDIO<\/strong>: 22-23 de mayo de 2023<\/p>\n<ul>\n<li>Listas provisionales calificaciones prueba grado medio: 1 de junio de 2023<\/li>\n<li><a href=\"https:\/\/www.fpmislata.com\/moodle\/fpmislata\/forms_bd_moodle\/forms_bd_moodle_ReclamacionsPA.php?database=34\" target=\"_blank\" rel=\"noopener noreferrer\">Reclamaci\u00f3n listas provisionales calificaciones<\/a> grado medio: Del 2\u00a0 al 6 de junio de 2023 (Hasta las 13 horas).<\/li>\n<\/ul>\n<p><strong>EXAMEN PRUEBA DE GRADO SUPERIOR<\/strong>: 22-23 de mayo de 2023<\/p>\n<ul>\n<li>Listas provisionales calificaciones prueba grado superior: 1 de junio de 2023<\/li>\n<li><a href=\"https:\/\/www.fpmislata.com\/moodle\/fpmislata\/forms_bd_moodle\/forms_bd_moodle_ReclamacionsPA.php?database=34\" target=\"_blank\" rel=\"noopener noreferrer\">Reclamaci\u00f3n listas provisionales calificaciones<\/a> grado superior: Del 2 al 6 de junio de 2023 (Hasta las 13 horas).<\/li>\n<\/ul>\n<p><span style=\"color: #ff0000;\">Plazo de entrega documentaci\u00f3n justificativa grado medio y superior:<\/span> Del 21 de marzo hasta el 30 de junio de 2023 a las 13 horas (Por correo electr\u00f3nico a la direcci\u00f3n 46019660.secretaria@edu.gva.es)<\/p>\n<p>(Excepto la documentaci\u00f3n con la que se pretenda acreditar la exenci\u00f3n por experiencia laboral que, en todo caso, se entregar\u00e1 en el plazo de presentaci\u00f3n de solicitudes).<\/p>\n<ul>\n<li>Listas definitivas de calificaciones: 8 de junio de 2023<\/li>\n<li>Entrega de certificados grado medio y superior: 3 de julio de 2023 (DE 10 A 13 HORAS)<\/li>\n<\/ul>\n","protected":false},"excerpt":{"rendered":"<p>PRUEBAS DE ACCESO. CALENDARIO. INSCRIPCI\u00d3N: La documentaci\u00f3n solicitando la Prueba de Acceso se presentar\u00e1 a trav\u00e9s del CORREO ELECTR\u00d3NICO DEL CENTRO (46019660.secretaria@edu.gva.es) del 20 al 31 de marzo de 2023 Listas provisionales de admitidos y excluidos: del 26 al 28 de abril de 2023 Reclamaci\u00f3n a las listas provisionales: Del 26 al 28 de abril&hellip;<\/p>\n","protected":false},"author":1,"featured_media":0,"parent":325,"menu_order":0,"comment_status":"closed","ping_status":"closed","template":"","meta":{"ngg_post_thumbnail":0},"_links":{"self":[{"href":"https:\/\/www.fpmislata.com\/wordpress\/wp-json\/wp\/v2\/pages\/559"}],"collection":[{"href":"https:\/\/www.fpmislata.com\/wordpress\/wp-json\/wp\/v2\/pages"}],"about":[{"href":"https:\/\/www.fpmislata.com\/wordpress\/wp-json\/wp\/v2\/types\/page"}],"author":[{"embeddable":true,"href":"https:\/\/www.fpmislata.com\/wordpress\/wp-json\/wp\/v2\/users\/1"}],"replies":[{"embeddable":true,"href":"https:\/\/www.fpmislata.com\/wordpress\/wp-json\/wp\/v2\/comments?post=559"}],"version-history":[{"count":6,"href":"https:\/\/www.fpmislata.com\/wordpress\/wp-json\/wp\/v2\/pages\/559\/revisions"}],"predecessor-version":[{"id":11161,"href":"https:\/\/www.fpmislata.com\/wordpress\/wp-json\/wp\/v2\/pages\/559\/revisions\/11161"}],"up":[{"embeddable":true,"href":"https:\/\/www.fpmislata.com\/wordpress\/wp-json\/wp\/v2\/pages\/325"}],"wp:attachment":[{"href":"https:\/\/www.fpmislata.com\/wordpress\/wp-json\/wp\/v2\/media?parent=559"}],"curies":[{"name":"wp","href":"https:\/\/api.w.org\/{rel}","templated":true}]}}