{"id":561,"date":"2018-03-30T16:05:49","date_gmt":"2018-03-30T20:05:49","guid":{"rendered":"http:\/\/www.fpmislata.com\/wordpress\/?page_id=561"},"modified":"2023-01-19T12:42:21","modified_gmt":"2023-01-19T16:42:21","slug":"pruebas-de-acceso-inscripcion","status":"publish","type":"page","link":"https:\/\/www.fpmislata.com\/wordpress\/secretaria\/pruebas-de-acceso-a-ciclos\/pruebas-de-acceso-inscripcion\/","title":{"rendered":"Pruebas de acceso. Inscripci\u00f3n"},"content":{"rendered":"<p><span style=\"color: #ff0000;\"><strong>PRUEBA DE ACCESO. INSCRIPCI\u00d3N<\/strong><\/span><\/p>\n<p>La documentaci\u00f3n para solicitar la Prueba de Acceso se enviar\u00e1\u00a0<span style=\"color: #0000ff;\"><strong>al correo electr\u00f3nico del centro (46019660.secretaria@edu.gva.es)<\/strong><\/span> del 20 al 31 de marzo de 2023<\/p>\n<p><span style=\"color: #0000ff;\"><strong><span style=\"text-decoration: underline;\">IMPORTANTE:<\/span> TODA LA DOCUMENTACI\u00d3N deber\u00e1 ser enviada mediante un \u00fanico correo electr\u00f3nico al centro, debidamente firmada<\/strong><\/span> (a mano o electr\u00f3nicamente) en formato electr\u00f3nico, y <span style=\"text-decoration: underline;\">habr\u00e1 que indicar en el ASUNTO del mismo las siglas PAC seguidas del nombre y apellido de la persona solicitante<\/span><\/p>\n<p><strong>DOCUMENTACI\u00d3N a remitir:<\/strong><\/p>\n<ul>\n<li><strong><a href=\"http:\/\/www.gva.es\/downloads\/publicados\/IN\/18047_BI.pdf\" target=\"_blank\" rel=\"noopener noreferrer\">Solicitud de inscripci\u00f3n grado medio<\/a> \/ <a href=\"http:\/\/www.gva.es\/downloads\/publicados\/IN\/18052_BI.pdf\" target=\"_blank\" rel=\"noopener noreferrer\">Solicitud de inscripci\u00f3n grado superior<\/a><\/strong>\u00a0cumplimentada y firmada (Descargar y abrir con Adobe Acrobat Reader DC, rellenar, imprimir, firmar y escanear para el env\u00edo)(Tambi\u00e9n se puede imprimir rellenar manualmente con letra clara, firmar y escanear para el env\u00edo)<\/li>\n<li>NOTA INFORMATIVA: En la solicitud de inscripci\u00f3n grado superior, <span style=\"text-decoration: underline;\">NO OLVIDE<\/span> indicar las dos materias elegidas en la parte espec\u00edfica (En cada opci\u00f3n hay tres materias de las cu\u00e1les hay que elegir 2. Las materias las puede ver <a href=\"https:\/\/www.fpmislata.com\/wordpress\/wp-content\/uploads\/Opciones-Prueba-Acceso-2022.pdf\" target=\"_blank\" rel=\"noopener noreferrer\">aqu\u00ed<\/a>) (Hay que poner las materias en los apartados Materia 1 &#8211; Materia 2)<\/li>\n<li><strong>Documento Nacional de Identidad<\/strong>, o tarjeta de identidad de extranjero , visado de estudios o tarjeta de estudiante extranjero. En el caso de ser menor de 18 a\u00f1os tambi\u00e9n se puede aportar certificado de empadronamiento en un municipio.<\/li>\n<li><strong><a href=\"http:\/\/www.gva.es\/downloads\/publicados\/IN\/18049_BI.pdf\" target=\"_blank\" rel=\"noopener noreferrer\">Declaraci\u00f3n responsable<\/a><\/strong>\u00a0de que no se re\u00fanen los requisitos de acceso directo por otros cupos, y de que, si en el momento de formalizar la matr\u00edcula al ciclo reunir\u00e1n tales requisitos, renunciar\u00edan al acceso por prueba, a\u00fan en el caso de haberla superado. (Las personas que est\u00e9n en posesi\u00f3n del t\u00edtulo de T\u00e9cnico de FP no presentar\u00e1n la declaraci\u00f3n responsable)<\/li>\n<li><a href=\"https:\/\/www.fpmislata.com\/wordpress\/wp-content\/uploads\/Instrucciones-Tasas-prueba-de-acceso-2020.pdf\" target=\"_blank\" rel=\"noopener noreferrer\"><strong>Tasa <\/strong><\/a>\u00a0cumplimentada y pagada en una entidad bancaria. (En el apartado D de la tasa se indican las entidades bancarias colaboradoras donde efectuar el pago). El importe de la tasa es de <strong>5,89\u00a0\u20ac<\/strong> para los ciclos de grado medio y de <strong>8,84\u00a0\u20ac <\/strong>para los ciclos de grado superior.<\/li>\n<\/ul>\n<p>Si es familia numerosa general o el\/la alumno\/a tiene una discapacidad acreditada igual o superior al 33%, se ha de pagar s\u00f3lo el 50% del importe y si es familia numerosa especial, se estar\u00e1 exento de pagar la tasa. <strong>Ser\u00e1 necesario aportar junto con la solicitud<\/strong> fotocopia de la tarjeta o cartilla de familia numerosa en vigor o certificado de acreditaci\u00f3n de la discapacidad .<\/p>\n<p><strong>Entrega de documentaci\u00f3n justificativa.<\/strong><\/p>\n<p>Tanto los motivos de exenci\u00f3n de alguna parte o apartado de las pruebas, como la superaci\u00f3n de un Programa de Cualificaci\u00f3n Profesional Inicial o de un ciclo formativo deber\u00e1n ser acreditadas con la documentaci\u00f3n correspondiente. Dicha documentaci\u00f3n se adjuntar\u00e1 a la solicitud, si el aspirante ya la posee, o se entregar\u00e1 en el plazo indicado en el calendario (hasta el 30 de junio), acompa\u00f1ada del siguiente impreso, seg\u00fan corresponda:<\/p>\n<ul>\n<li><a href=\"http:\/\/www.gva.es\/downloads\/publicados\/IN\/18428_BI.pdf\" target=\"_blank\" rel=\"noopener noreferrer\">Entrega documentaci\u00f3n justificativa prueba ciclo medio<\/a><\/li>\n<li><a href=\"http:\/\/www.gva.es\/downloads\/publicados\/IN\/18429_BI.pdf\" target=\"_blank\" rel=\"noopener noreferrer\">Entrega documentaci\u00f3n justificativa prueba ciclo superior<\/a><\/li>\n<\/ul>\n<p>Esta documentaci\u00f3n tambi\u00e9n ser\u00e1 remitida por correo electr\u00f3nico.<\/p>\n<p><strong>Excepto la documentaci\u00f3n con la que se pretenda acreditar la exenci\u00f3n por experiencia laboral que, en todo caso, se entregar\u00e1 por correo electr\u00f3nico en el plazo de presentaci\u00f3n de solicitudes.<\/strong><\/p>\n<p>Si la <strong>documentaci\u00f3n<\/strong> no se entrega en dicho plazo, no se tendr\u00e1 en cuenta los m\u00e9ritos o motivos de exenci\u00f3n indicados.<\/p>\n<p>La documentaci\u00f3n que se ha de aportar si solicita exenci\u00f3n por <strong>experiencia laboral<\/strong> ser\u00e1 la siguiente:<\/p>\n<ul>\n<li>Certificados de las empresas donde se haya trabajado en los que se haga constar espec\u00edficamente la actividad a la que se dedica la empresa, la duraci\u00f3n del contrato, la actividad laboral desarrollada por el interesado y el n\u00famero de horas dedicadas a la misma. En caso de trabajadores aut\u00f3nomos, certificado de alta en el impuesto de actividades econ\u00f3micas.<\/li>\n<li>Certificaci\u00f3n de la Tesorer\u00eda de la Seguridad Social o de la Mutualidad Laboral a la que estuviera afiliado, donde conste la empresa y el periodo de contrataci\u00f3n o, en su caso, el per\u00edodo de cotizaci\u00f3n en el R\u00e9gimen Especial de Trabajadores Aut\u00f3nomos.<\/li>\n<\/ul>\n<p><strong>Publicaci\u00f3n de las listas de admitidos y excluidos:<\/strong><\/p>\n<p>Seg\u00fan los plazos indicados en el calendario, el centro publicar\u00e1 la <strong>relaci\u00f3n provisional<\/strong> de los aspirantes admitidos a las pruebas, indicando las partes o apartados de los que han solicitado la exenci\u00f3n y si la documentaci\u00f3n justificativa est\u00e1 presentada. Asimismo, se publicar\u00e1 la relaci\u00f3n de los aspirantes excluidos, indicando el motivo de la exclusi\u00f3n. Una vez analizadas las reclamaciones que pudiera haber, se publicar\u00e1n tambi\u00e9n <strong>las listas definitivas, en el plazo indicado en el calendario<\/strong>.<\/p>\n","protected":false},"excerpt":{"rendered":"<p>PRUEBA DE ACCESO. INSCRIPCI\u00d3N La documentaci\u00f3n para solicitar la Prueba de Acceso se enviar\u00e1\u00a0al correo electr\u00f3nico del centro (46019660.secretaria@edu.gva.es) del 20 al 31 de marzo de 2023 IMPORTANTE: TODA LA DOCUMENTACI\u00d3N deber\u00e1 ser enviada mediante un \u00fanico correo electr\u00f3nico al centro, debidamente firmada (a mano o electr\u00f3nicamente) en formato electr\u00f3nico, y habr\u00e1 que indicar en&hellip;<\/p>\n","protected":false},"author":1,"featured_media":7941,"parent":325,"menu_order":0,"comment_status":"closed","ping_status":"closed","template":"","meta":{"ngg_post_thumbnail":0},"_links":{"self":[{"href":"https:\/\/www.fpmislata.com\/wordpress\/wp-json\/wp\/v2\/pages\/561"}],"collection":[{"href":"https:\/\/www.fpmislata.com\/wordpress\/wp-json\/wp\/v2\/pages"}],"about":[{"href":"https:\/\/www.fpmislata.com\/wordpress\/wp-json\/wp\/v2\/types\/page"}],"author":[{"embeddable":true,"href":"https:\/\/www.fpmislata.com\/wordpress\/wp-json\/wp\/v2\/users\/1"}],"replies":[{"embeddable":true,"href":"https:\/\/www.fpmislata.com\/wordpress\/wp-json\/wp\/v2\/comments?post=561"}],"version-history":[{"count":7,"href":"https:\/\/www.fpmislata.com\/wordpress\/wp-json\/wp\/v2\/pages\/561\/revisions"}],"predecessor-version":[{"id":11159,"href":"https:\/\/www.fpmislata.com\/wordpress\/wp-json\/wp\/v2\/pages\/561\/revisions\/11159"}],"up":[{"embeddable":true,"href":"https:\/\/www.fpmislata.com\/wordpress\/wp-json\/wp\/v2\/pages\/325"}],"wp:featuredmedia":[{"embeddable":true,"href":"https:\/\/www.fpmislata.com\/wordpress\/wp-json\/wp\/v2\/media\/7941"}],"wp:attachment":[{"href":"https:\/\/www.fpmislata.com\/wordpress\/wp-json\/wp\/v2\/media?parent=561"}],"curies":[{"name":"wp","href":"https:\/\/api.w.org\/{rel}","templated":true}]}}