{"id":594,"date":"2018-03-30T16:47:07","date_gmt":"2018-03-30T20:47:07","guid":{"rendered":"http:\/\/www.fpmislata.com\/wordpress\/?page_id=594"},"modified":"2019-04-07T15:33:00","modified_gmt":"2019-04-07T19:33:00","slug":"pruebas-de-acceso-exenciones","status":"publish","type":"page","link":"https:\/\/www.fpmislata.com\/wordpress\/secretaria\/pruebas-de-acceso-a-ciclos\/pruebas-de-acceso-exenciones\/","title":{"rendered":"Pruebas de acceso. Exenciones"},"content":{"rendered":"<p><strong>PRUEBAS DE ACCESO. EXENCIONES.<\/strong><\/p>\n<p><span style=\"color: #ff0000;\">EXENCIONES PRUEBA DE ACCESO.<\/span><\/p>\n<ul>\n<li><a href=\"https:\/\/www.fpmislata.com\/wordpress\/wp-content\/uploads\/Exenciones-prueba-acceso-cfgm-1819.pdf\" target=\"_blank\" rel=\"noopener\">Exenci\u00f3n Prueba ciclos formativos de grado medio<\/a><\/li>\n<li><a href=\"http:\/\/www.fpmislata.com\/wordpress\/wp-content\/uploads\/cipfp-mislata-valencia-Exenciones-prueba-acceso-cfgs-1617.pdf\" target=\"_blank\" rel=\"noopener\">Exenci\u00f3n Prueba ciclos formativos de grado superior<\/a><\/li>\n<li><a href=\"http:\/\/www.fpmislata.com\/wordpress\/wp-content\/uploads\/cipfp-mislata-valencia-Apartados-superados-con-anterioridad-a-2016.pdf\">R\u00e9gimen aplicable a apartados superados o exentos con anterioridad<\/a><\/li>\n<\/ul>\n<p><a href=\"http:\/\/www.fpmislata.com\/wordpress\/wp-content\/uploads\/cipfp-mislata-valencia-anexo_vb_modificado.pdf\">Anexo V-b<\/a> Adscripci\u00f3n ciclos ramas del conocimientos (Permite comprobar, en el caso de acceso a ciclos de grado superior por prueba de acceso a la universidad, mayores de 25 a\u00f1os, la calificaci\u00f3n que se utilizar\u00e1 en el proceso de admisi\u00f3n).<\/p>\n","protected":false},"excerpt":{"rendered":"<p>PRUEBAS DE ACCESO. EXENCIONES. EXENCIONES PRUEBA DE ACCESO. Exenci\u00f3n Prueba ciclos formativos de grado medio Exenci\u00f3n Prueba ciclos formativos de grado superior R\u00e9gimen aplicable a apartados superados o exentos con anterioridad Anexo V-b Adscripci\u00f3n ciclos ramas del conocimientos (Permite comprobar, en el caso de acceso a ciclos de grado superior por prueba de acceso a&hellip;<\/p>\n","protected":false},"author":1,"featured_media":0,"parent":325,"menu_order":0,"comment_status":"closed","ping_status":"closed","template":"","meta":{"ngg_post_thumbnail":0},"_links":{"self":[{"href":"https:\/\/www.fpmislata.com\/wordpress\/wp-json\/wp\/v2\/pages\/594"}],"collection":[{"href":"https:\/\/www.fpmislata.com\/wordpress\/wp-json\/wp\/v2\/pages"}],"about":[{"href":"https:\/\/www.fpmislata.com\/wordpress\/wp-json\/wp\/v2\/types\/page"}],"author":[{"embeddable":true,"href":"https:\/\/www.fpmislata.com\/wordpress\/wp-json\/wp\/v2\/users\/1"}],"replies":[{"embeddable":true,"href":"https:\/\/www.fpmislata.com\/wordpress\/wp-json\/wp\/v2\/comments?post=594"}],"version-history":[{"count":1,"href":"https:\/\/www.fpmislata.com\/wordpress\/wp-json\/wp\/v2\/pages\/594\/revisions"}],"predecessor-version":[{"id":9464,"href":"https:\/\/www.fpmislata.com\/wordpress\/wp-json\/wp\/v2\/pages\/594\/revisions\/9464"}],"up":[{"embeddable":true,"href":"https:\/\/www.fpmislata.com\/wordpress\/wp-json\/wp\/v2\/pages\/325"}],"wp:attachment":[{"href":"https:\/\/www.fpmislata.com\/wordpress\/wp-json\/wp\/v2\/media?parent=594"}],"curies":[{"name":"wp","href":"https:\/\/api.w.org\/{rel}","templated":true}]}}