{"id":631,"date":"2018-04-01T12:05:44","date_gmt":"2018-04-01T16:05:44","guid":{"rendered":"http:\/\/www.fpmislata.com\/wordpress\/?page_id=631"},"modified":"2021-12-21T13:36:03","modified_gmt":"2021-12-21T17:36:03","slug":"pruebas-libres-calendario","status":"publish","type":"page","link":"https:\/\/www.fpmislata.com\/wordpress\/secretaria\/pruebas-libres-calendario\/","title":{"rendered":"Pruebas libres. Calendario"},"content":{"rendered":"<p><strong>CALENDARIO PRUEBAS LIBRES.<\/strong><\/p>\n<p><span style=\"color: #ff0000;\">PLAZO DE PRESENTACI\u00d3N DE SOLICITUDES:<\/span><\/p>\n<ul>\n<li>Del 10 al 21 de enero de 2022<\/li>\n<\/ul>\n<p><strong>Relaci\u00f3n provisional de admitidos y excluidos<\/strong>: 28 de enero de 2022 (Se publicar\u00e1 en el <strong>TABL\u00d3N DE ANUNCIOS<\/strong> del centro).<\/p>\n<p><strong>Reclamaciones<\/strong>: Del 1 al 4 de febrero de 2022 (Se presentar\u00e1n por escrito en la SECRETARIA DEL CENTRO).<\/p>\n<p><strong>Relaci\u00f3n definitiva de admitidos<\/strong>: 9 de febrero de 2022 (Se publicar\u00e1 en el <strong>TABL\u00d3N DE ANUNCIOS<\/strong> del centro).<\/p>\n<p><strong>Publicaci\u00f3n del calendario de las pruebas, los criterios de evaluaci\u00f3n y los \u00fatiles con los que deber\u00e1n acudir para la realizaci\u00f3n de las mismas<\/strong>: <span style=\"color: #000000;\">hasta el 7 de marzo de 2022<\/span><\/p>\n<p>La matr\u00edcula podr\u00e1 ser anulada a petici\u00f3n del interesado. La solicitud de anulaci\u00f3n de matr\u00edcula deber\u00e1 presentarse hasta el d\u00eda 25 de marzo de 2022 en el mismo centro donde fue realizada la matr\u00edcula. (No se devuelve el importe de las tasas).<\/p>\n<p>Realizaci\u00f3n de las pruebas: <span style=\"color: #000000;\">Entre el 28 de marzo y el 8 de abril de 2022.<\/span> En horario a determinar por el Centro Examinador.<\/p>\n<p>&nbsp;<\/p>\n","protected":false},"excerpt":{"rendered":"<p>CALENDARIO PRUEBAS LIBRES. PLAZO DE PRESENTACI\u00d3N DE SOLICITUDES: Del 10 al 21 de enero de 2022 Relaci\u00f3n provisional de admitidos y excluidos: 28 de enero de 2022 (Se publicar\u00e1 en el TABL\u00d3N DE ANUNCIOS del centro). Reclamaciones: Del 1 al 4 de febrero de 2022 (Se presentar\u00e1n por escrito en la SECRETARIA DEL CENTRO). Relaci\u00f3n&hellip;<\/p>\n","protected":false},"author":1,"featured_media":0,"parent":286,"menu_order":0,"comment_status":"closed","ping_status":"closed","template":"","meta":{"ngg_post_thumbnail":0},"_links":{"self":[{"href":"https:\/\/www.fpmislata.com\/wordpress\/wp-json\/wp\/v2\/pages\/631"}],"collection":[{"href":"https:\/\/www.fpmislata.com\/wordpress\/wp-json\/wp\/v2\/pages"}],"about":[{"href":"https:\/\/www.fpmislata.com\/wordpress\/wp-json\/wp\/v2\/types\/page"}],"author":[{"embeddable":true,"href":"https:\/\/www.fpmislata.com\/wordpress\/wp-json\/wp\/v2\/users\/1"}],"replies":[{"embeddable":true,"href":"https:\/\/www.fpmislata.com\/wordpress\/wp-json\/wp\/v2\/comments?post=631"}],"version-history":[{"count":2,"href":"https:\/\/www.fpmislata.com\/wordpress\/wp-json\/wp\/v2\/pages\/631\/revisions"}],"predecessor-version":[{"id":9379,"href":"https:\/\/www.fpmislata.com\/wordpress\/wp-json\/wp\/v2\/pages\/631\/revisions\/9379"}],"up":[{"embeddable":true,"href":"https:\/\/www.fpmislata.com\/wordpress\/wp-json\/wp\/v2\/pages\/286"}],"wp:attachment":[{"href":"https:\/\/www.fpmislata.com\/wordpress\/wp-json\/wp\/v2\/media?parent=631"}],"curies":[{"name":"wp","href":"https:\/\/api.w.org\/{rel}","templated":true}]}}